{"id":3407,"date":"2026-03-18T06:07:46","date_gmt":"2026-03-18T06:07:46","guid":{"rendered":"https:\/\/soydeaqui.ddns.net\/pachuca\/index.php\/producto\/consola-de-enfermera-ip-poe-con-pantalla-sistema-android-y-app-asistencial-para-1-usuario-solo-funciona-con-software\/"},"modified":"2026-03-18T06:07:46","modified_gmt":"2026-03-18T06:07:46","slug":"consola-de-enfermera-ip-poe-con-pantalla-sistema-android-y-app-asistencial-para-1-usuario-solo-funciona-con-software","status":"publish","type":"product","link":"https:\/\/soydeaqui.ddns.net\/pachuca\/index.php\/producto\/consola-de-enfermera-ip-poe-con-pantalla-sistema-android-y-app-asistencial-para-1-usuario-solo-funciona-con-software\/","title":{"rendered":"CONSOLA DE ENFERMERA IP PoE CON PANTALLA, SISTEMA ANDROID Y APP ASISTENCIAL PARA 1 USUARIO. SOLO FUNCIONA CON SOFTWARE"},"content":{"rendered":"<div style='width: 100%; max-width: 1200px; margin: 0 auto; font-family: sans-serif; line-height: 1.6; color: inherit; background-color: transparent;'> <!-- Secci\u00f3n principal con flex --> <\/p>\n<div style='display: flex; flex-wrap: wrap; gap: 30px; margin-bottom: 30px;'>\n<div style='flex: 1 1 300px; min-width: 280px;'>\n<h3 style='font-size: 22px; border-bottom: 2px solid currentColor; padding-bottom: 5px; margin-top: 0; color: inherit; opacity: 0.8;'>Caracter\u00edsticas principales<\/h3>\n<ul style='padding-left: 20px; font-size: 15px; color: inherit;'>\n<li style='margin-bottom: 5px;'>Pantalla con tel\u00e9fono a color tipo t\u00e1ctil (se puede usar con guantes)<\/li>\n<li style='margin-bottom: 5px;'>Llamadas VoIP SIP<\/li>\n<li style='margin-bottom: 5px;'>Micr\u00f3fono de alta sensibilidad omnidireccional<\/li>\n<li style='margin-bottom: 5px;'>APP m\u00f3vil incluida<\/li>\n<\/ul><\/div>\n<div style='flex: 1 1 300px; min-width: 280px;'>\n<h3 style='font-size: 22px; border-bottom: 2px solid currentColor; padding-bottom: 5px; margin-top: 0; color: inherit; opacity: 0.8;'>Caracter\u00edsticas el\u00e9ctricas y f\u00edsicas<\/h3>\n<ul style='padding-left: 20px; font-size: 15px; color: inherit;'>\n<li style='margin-bottom: 5px;'>Alimentaci\u00f3n a 12 Vcc y PoE (IEEE 802.3af)<\/li>\n<li style='margin-bottom: 5px;'>Corriente: 550 mA a 12 Vcc (7.6 W PoE)<\/li>\n<li style='margin-bottom: 5px;'>2 puertos Ethernet (Puerto 1 Eth + PoE)<\/li>\n<li style='margin-bottom: 5px;'>Cancelaci\u00f3n de ecos digital<\/li>\n<li style='margin-bottom: 5px;'><a style='color: inherit; text-decoration: none;' title='Ficha t\u00e9cnica' href='https:\/\/ftp3.syscom.mx\/usuarios\/scorrea\/A\/IBERNEX\/NX1071\/fichaTecnica.NX1071.pdf' target='_blank' rel='noopener'>Revise la ficha completa<\/a><\/li>\n<\/ul><\/div>\n<div style='flex: 1 1 300px; min-width: 280px;'>\n<h3 style='font-size: 22px; border-bottom: 2px solid currentColor; padding-bottom: 5px; margin-top: 0; color: inherit; opacity: 0.8;'>Caracter\u00edsticas Destacadas<\/h3>\n<p style='margin-top: 0; margin-bottom: 15px; font-size: 15px; color: inherit;'>La consola se utiliza para recibir las alarmas procedentes de terminales de habitaci\u00f3n IP tanto en funcionamiento aut\u00f3nomo como con el software HELPNEX.<\/p>\n<p style='margin-top: 0; margin-bottom: 15px; font-size: 15px; color: inherit;'>En funci\u00f3n de la configuraci\u00f3n se puede establecer comunicaci\u00f3n de audio y atender alarmas de forma remota.<\/p>\n<\/p><\/div>\n<\/p><\/div>\n<p> <!-- Nota importante --> <\/p>\n<div style='margin: 30px 0; padding: 15px; border-left: 5px solid #0091ff; background-color: rgba(150&comma;150&comma;150&comma;0.1);'>\n<p style='margin: 0; font-weight: bold; color: inherit; font-size: 15px;'>Nota: Requiere certificaci\u00f3n para su instalaci\u00f3n y para solicitar soporte t\u00e9cnico.<\/p>\n<\/p><\/div>\n<p> <!-- Separador --> <\/p>\n<hr style='border: 0; border-top: 1px solid rgba(150&comma;150&comma;150&comma;0.3); margin: 30px 0;'> <!-- Topolog\u00eda de conexi\u00f3n --> <\/p>\n<div style='text-align: center; margin: 30px 0;'>\n<h1 style='font-size: 28px; margin: 0 0 10px; color: inherit;'>Topolog\u00eda de conexi\u00f3n IP<\/h1>\n<h3 style='font-size: 20px; margin: 0 0 20px; color: inherit;'>Todas las terminales de habitaci\u00f3n&comma; consolas de enfermeras o de m\u00e9dicos&comma; se conectan por red Ethernet con la base de datos.<\/h3>\n<\/p><\/div>\n<p> <!-- Imagen de topolog\u00eda --> <\/p>\n<div style='margin: 30px 0;'> <img style='width: 100%; height: auto; border: 1px solid rgba(150&comma;150&comma;150&comma;0.3); border-radius: 8px;' src='https:\/\/ftp3.syscom.mx\/usuarios\/scorrea\/A\/IBERNEX\/I\/topologia.png' alt='Topolog\u00eda de conexi\u00f3n IP'> <\/div>\n<p> <!-- Separador --> <\/p>\n<hr style='border: 0; border-top: 1px solid rgba(150&comma;150&comma;150&comma;0.3); margin: 30px 0;'> <!-- Secci\u00f3n de funcionalidades --> <\/p>\n<div style='display: flex; flex-wrap: wrap; gap: 30px; margin-bottom: 30px;'>\n<div style='flex: 1 1 400px; min-width: 300px;'>\n<div style='padding: 20px; border: 1px solid rgba(150&comma;150&comma;150&comma;0.3); border-radius: 8px; height: 100%;'>\n<h3 style='font-size: 20px; margin-top: 0; margin-bottom: 10px; color: inherit;'>Codificaci\u00f3n directa<\/h3>\n<h4 style='font-size: 16px; margin-top: 0; margin-bottom: 10px; color: inherit; opacity: 0.8;'>Optimiza tiempo<\/h4>\n<p style='font-size: 14px; margin: 0; color: inherit;'>Permite codificar las alarmas directamente en el terminal sin necesidad de acudir al software o a una consola de enfermer\u00eda&comma; optimizando tiempos de traslado y operativos.<\/p>\n<\/p><\/div>\n<\/p><\/div>\n<div style='flex: 1 1 400px; min-width: 300px;'>\n<div style='padding: 20px; border: 1px solid rgba(150&comma;150&comma;150&comma;0.3); border-radius: 8px; height: 100%;'>\n<h3 style='font-size: 20px; margin-top: 0; margin-bottom: 10px; color: inherit;'>Tareas asistenciales<\/h3>\n<h4 style='font-size: 16px; margin-top: 0; margin-bottom: 10px; color: inherit; opacity: 0.8;'>Crea y visualiza<\/h4>\n<p style='font-size: 14px; margin: 0; color: inherit;'>Se pueden visualizar tareas asistenciales o de limpieza pendientes desde el terminal simplemente presentando la tarjeta y tambi\u00e9n se pueden crear tareas directamente.<\/p>\n<\/p><\/div>\n<\/p><\/div>\n<div style='flex: 1 1 400px; min-width: 300px;'>\n<div style='padding: 20px; border: 1px solid rgba(150&comma;150&comma;150&comma;0.3); border-radius: 8px; height: 100%;'>\n<h3 style='font-size: 20px; margin-top: 0; margin-bottom: 10px; color: inherit;'>Alarmas pendientes<\/h3>\n<h4 style='font-size: 16px; margin-top: 0; margin-bottom: 10px; color: inherit; opacity: 0.8;'>Visualiza en fila las alarmas pendientes<\/h4>\n<p style='font-size: 14px; margin: 0; color: inherit;'>Se puede visualizar las alarmas pendientes por codificar de forma sencilla.<\/p>\n<\/p><\/div>\n<\/p><\/div>\n<div style='flex: 1 1 400px; min-width: 300px;'>\n<div style='padding: 20px; border: 1px solid rgba(150&comma;150&comma;150&comma;0.3); border-radius: 8px; height: 100%;'>\n<h3 style='font-size: 20px; margin-top: 0; margin-bottom: 10px; color: inherit;'>Funci\u00f3n de respaldo<\/h3>\n<h4 style='font-size: 16px; margin-top: 0; margin-bottom: 10px; color: inherit; opacity: 0.8;'>En caso de falla del servidor<\/h4>\n<p style='font-size: 14px; margin: 0; color: inherit;'>La consola cumple con la funci\u00f3n importante de respaldo de eventos en caso de que el servidor no se encuentre disponible en la red por alguna raz\u00f3n.<\/p>\n<\/p><\/div>\n<\/p><\/div>\n<div style='flex: 1 1 400px; min-width: 300px;'>\n<div style='padding: 20px; border: 1px solid rgba(150&comma;150&comma;150&comma;0.3); border-radius: 8px; height: 100%;'>\n<h3 style='font-size: 20px; margin-top: 0; margin-bottom: 10px; color: inherit;'>Presencias en otras habitaciones<\/h3>\n<h4 style='font-size: 16px; margin-top: 0; margin-bottom: 10px; color: inherit; opacity: 0.8;'>Visualizaci\u00f3n r\u00e1pida<\/h4>\n<p style='font-size: 14px; margin: 0; color: inherit;'>Cuando alguien presenta su tarjeta en cualquier terminal es posible saber en qu\u00e9 habitaci\u00f3n se encuentra en tiempo real.<\/p>\n<\/p><\/div>\n<\/p><\/div>\n<div style='flex: 1 1 400px; min-width: 300px;'>\n<div style='padding: 20px; border: 1px solid rgba(150&comma;150&comma;150&comma;0.3); border-radius: 8px; height: 100%;'>\n<h3 style='font-size: 20px; margin-top: 0; margin-bottom: 10px; color: inherit;'>Alarmas pendientes<\/h3>\n<h4 style='font-size: 16px; margin-top: 0; margin-bottom: 10px; color: inherit; opacity: 0.8;'>Visualiza en fila las alarmas pendientes<\/h4>\n<p style='font-size: 14px; margin: 0; color: inherit;'>Se puede visualizar las alarmas pendientes por codificar de forma sencilla.<\/p>\n<\/p><\/div>\n<\/p><\/div>\n<div style='flex: 1 1 400px; min-width: 300px;'>\n<div style='padding: 20px; border: 1px solid rgba(150&comma;150&comma;150&comma;0.3); border-radius: 8px; height: 100%;'>\n<h3 style='font-size: 20px; margin-top: 0; margin-bottom: 10px; color: inherit;'>Llamadas entre habitaciones<\/h3>\n<h4 style='font-size: 16px; margin-top: 0; margin-bottom: 10px; color: inherit; opacity: 0.8;'>Realice una llamada directa<\/h4>\n<p style='font-size: 14px; margin: 0; color: inherit;'>Es posible marcar a otras habitaciones o consolas de enfermera directamente o usando la agenda personalizada.<\/p>\n<\/p><\/div>\n<\/p><\/div>\n<div style='flex: 1 1 400px; min-width: 300px;'>\n<div style='padding: 20px; border: 1px solid rgba(150&comma;150&comma;150&comma;0.3); border-radius: 8px; height: 100%;'>\n<h3 style='font-size: 20px; margin-top: 0; margin-bottom: 10px; color: inherit;'>Contestar con un solo bot\u00f3n<\/h3>\n<h4 style='font-size: 16px; margin-top: 0; margin-bottom: 10px; color: inherit; opacity: 0.8;'>Se toma la llamada r\u00e1pidamente<\/h4>\n<p style='font-size: 14px; margin: 0; color: inherit;'>Al recibir el evento de alarma se puede contestar la llamada simplemente presionando el bot\u00f3n f\u00edsico y con ello preguntar la emergencia al paciente de forma r\u00e1pida y sin complicaciones.<\/p>\n<\/p><\/div>\n<\/p><\/div>\n<div style='flex: 1 1 400px; min-width: 300px;'>\n<div style='padding: 20px; border: 1px solid rgba(150&comma;150&comma;150&comma;0.3); border-radius: 8px; height: 100%;'>\n<h3 style='font-size: 20px; margin-top: 0; margin-bottom: 10px; color: inherit;'>Presencia con tarjeta<\/h3>\n<h4 style='font-size: 16px; margin-top: 0; margin-bottom: 10px; color: inherit; opacity: 0.8;'>Identificaci\u00f3n sin contacto<\/h4>\n<p style='font-size: 14px; margin: 0; color: inherit;'>La enfermera o el m\u00e9dico simplemente presenta su tarjeta en la terminal para registrar presencia y a su vez acceder a un men\u00fa personalizado.<\/p>\n<\/p><\/div>\n<\/p><\/div>\n<div style='flex: 1 1 400px; min-width: 300px;'>\n<div style='padding: 20px; border: 1px solid rgba(150&comma;150&comma;150&comma;0.3); border-radius: 8px; height: 100%;'>\n<h3 style='font-size: 20px; margin-top: 0; margin-bottom: 10px; color: inherit;'>Personal de limpieza<\/h3>\n<h4 style='font-size: 16px; margin-top: 0; margin-bottom: 10px; color: inherit; opacity: 0.8;'>Tambi\u00e9n \u00fatil<\/h4>\n<p style='font-size: 14px; margin: 0; color: inherit;'>El personal de limpieza tambi\u00e9n podr\u00e1 visualizar tareas de limpieza pendientes&comma; visualizar presencias en otras habitaciones&comma; realizar llamadas&comma; etc.<\/p>\n<\/p><\/div>\n<\/p><\/div>\n<div style='flex: 1 1 400px; min-width: 300px;'>\n<div style='padding: 20px; border: 1px solid rgba(150&comma;150&comma;150&comma;0.3); border-radius: 8px; height: 100%;'>\n<h3 style='font-size: 20px; margin-top: 0; margin-bottom: 10px; color: inherit;'>Logo personalizado<\/h3>\n<h4 style='font-size: 16px; margin-top: 0; margin-bottom: 10px; color: inherit; opacity: 0.8;'>En modo reposo o protector de pantalla<\/h4>\n<p style='font-size: 14px; margin: 0; color: inherit;'>Se puede cargar el logo o imagen de la empresa para mostrarse directamente en la terminal.<\/p>\n<\/p><\/div>\n<\/p><\/div>\n<div style='flex: 1 1 400px; min-width: 300px;'>\n<div style='padding: 20px; border: 1px solid rgba(150&comma;150&comma;150&comma;0.3); border-radius: 8px; height: 100%;'>\n<h3 style='font-size: 20px; margin-top: 0; margin-bottom: 10px; color: inherit;'>Guantes de l\u00e1tex<\/h3>\n<h4 style='font-size: 16px; margin-top: 0; margin-bottom: 10px; color: inherit; opacity: 0.8;'>Interacci\u00f3n sin contacto directo<\/h4>\n<p style='font-size: 14px; margin: 0; color: inherit;'>La pantalla t\u00e1ctil responde tambi\u00e9n al estar usando guantes.<\/p>\n<\/p><\/div>\n<\/p><\/div>\n<\/p><\/div>\n<\/p><\/div>\n","protected":false},"excerpt":{"rendered":"<p>CONSOLA DE ENFERMERA IP PoE CON PANTALLA, SISTEMA ANDROID Y APP ASISTENCIAL PARA 1 USUARIO. SOLO FUNCIONA CON SOFTWARE<\/p>\n","protected":false},"featured_media":3406,"comment_status":"open","ping_status":"closed","template":"","meta":[],"product_brand":[],"product_cat":[151],"product_tag":[152,153,126],"class_list":{"0":"post-3407","1":"product","2":"type-product","3":"status-publish","4":"has-post-thumbnail","6":"product_cat-atencion-sociosanitaria","7":"product_tag-atencion-sociosanitaria","8":"product_tag-ibernex","9":"product_tag-sistemas-de-emergencia","11":"first","12":"outofstock","13":"sale","14":"shipping-taxable","15":"purchasable","16":"product-type-simple"},"_links":{"self":[{"href":"https:\/\/soydeaqui.ddns.net\/pachuca\/index.php\/wp-json\/wp\/v2\/product\/3407","targetHints":{"allow":["GET"]}}],"collection":[{"href":"https:\/\/soydeaqui.ddns.net\/pachuca\/index.php\/wp-json\/wp\/v2\/product"}],"about":[{"href":"https:\/\/soydeaqui.ddns.net\/pachuca\/index.php\/wp-json\/wp\/v2\/types\/product"}],"replies":[{"embeddable":true,"href":"https:\/\/soydeaqui.ddns.net\/pachuca\/index.php\/wp-json\/wp\/v2\/comments?post=3407"}],"wp:featuredmedia":[{"embeddable":true,"href":"https:\/\/soydeaqui.ddns.net\/pachuca\/index.php\/wp-json\/wp\/v2\/media\/3406"}],"wp:attachment":[{"href":"https:\/\/soydeaqui.ddns.net\/pachuca\/index.php\/wp-json\/wp\/v2\/media?parent=3407"}],"wp:term":[{"taxonomy":"product_brand","embeddable":true,"href":"https:\/\/soydeaqui.ddns.net\/pachuca\/index.php\/wp-json\/wp\/v2\/product_brand?post=3407"},{"taxonomy":"product_cat","embeddable":true,"href":"https:\/\/soydeaqui.ddns.net\/pachuca\/index.php\/wp-json\/wp\/v2\/product_cat?post=3407"},{"taxonomy":"product_tag","embeddable":true,"href":"https:\/\/soydeaqui.ddns.net\/pachuca\/index.php\/wp-json\/wp\/v2\/product_tag?post=3407"}],"curies":[{"name":"wp","href":"https:\/\/api.w.org\/{rel}","templated":true}]}}