{"id":34048,"date":"2026-03-18T15:12:46","date_gmt":"2026-03-18T15:12:46","guid":{"rendered":"https:\/\/soydeaqui.ddns.net\/pachuca\/index.php\/producto\/bobina-de-152-metros-de-cable-detector-de-calor-temperatura-fija-104-c-recubrimiento-de-nylon-negro-para-aplicaciones-en-exterior-con-guia-acerada\/"},"modified":"2026-03-18T15:12:47","modified_gmt":"2026-03-18T15:12:47","slug":"bobina-de-152-metros-de-cable-detector-de-calor-temperatura-fija-104-c-recubrimiento-de-nylon-negro-para-aplicaciones-en-exterior-con-guia-acerada","status":"publish","type":"product","link":"https:\/\/soydeaqui.ddns.net\/pachuca\/index.php\/producto\/bobina-de-152-metros-de-cable-detector-de-calor-temperatura-fija-104-c-recubrimiento-de-nylon-negro-para-aplicaciones-en-exterior-con-guia-acerada\/","title":{"rendered":"Bobina de 152 Metros de Cable Detector de Calor, Temperatura Fija 104 \u00b0C, Recubrimiento de Nylon Negro para Aplicaciones en Exterior, con Gu\u00eda Acerada"},"content":{"rendered":"<div style='width: 100%; max-width: 1200px; margin: 0 auto; font-family: sans-serif; line-height: 1.6; color: inherit; background-color: transparent;'>\n<div style='margin-bottom: 30px;'>\n<h1 style='font-size: 24px; color: inherit; margin-top: 0; margin-bottom: 15px;'>SAFE Detecci\u00f3n L\u00edneal de Temperatura &#8211; Linear Heat Detection (LHD)<\/h1>\n<p style='font-size: 15px; color: inherit;'>Utiliza pol\u00edmeros avanzados y una aleaci\u00f3n recientemente desarrollada para proporcionar una detecci\u00f3n excepcional&comma; durabilidad y flexibilidad del dise\u00f1o. En el n\u00facleo de SafeCable hay un par trenzado de conductores tri-met\u00e1licos de resistencia extremadamente baja&comma; los cuales est\u00e1n forrados con nuevos y avanzados pol\u00edmeros t\u00e9rmicos. Estos pol\u00edmeros est\u00e1n qu\u00edmicamente concebidos para descomponerse a temperaturas fijas espec\u00edficas&comma; permitiendo que los conductores trenzados hagan contacto e inicien una alarma.<\/p>\n<\/p><\/div>\n<div style='display: flex; flex-wrap: wrap; gap: 30px; margin-bottom: 30px;'>\n<div style='flex: 1 1 300px; min-width: 280px;'> <img style='width: 100%; height: auto; border: 1px solid rgba(150&comma;150&comma;150&comma;0.3); border-radius: 8px;' src='https:\/\/ftp3.syscom.mx\/usuarios\/fotos\/TC365NG500\/163154-refrigerador.jpg' alt=''> <\/div>\n<div style='flex: 1 1 300px; min-width: 280px;'> <img style='width: 100%; height: auto; border: 1px solid rgba(150&comma;150&comma;150&comma;0.3); border-radius: 8px;' src='https:\/\/ftp3.syscom.mx\/usuarios\/fotos\/TC365NG500\/163154-amoniaco.jpg' alt=''> <\/div>\n<\/p><\/div>\n<div style='margin-bottom: 30px;'>\n<h1 style='font-size: 22px; color: inherit; margin-top: 0; margin-bottom: 20px; border-bottom: 2px solid currentColor; padding-bottom: 5px; opacity: 0.8;'>Lleve la detecci\u00f3n de incendio a lugares dif\u00edciles donde los detectores puntuales no son efectivos<\/h1>\n<\/p><\/div>\n<div style='display: flex; flex-wrap: wrap; gap: 20px; margin-bottom: 30px;'>\n<div style='flex: 1 1 300px; min-width: 280px;'>\n<div style='border: 1px solid rgba(150&comma; 150&comma; 150&comma; 0.4); border-radius: 8px; overflow: hidden; display: flex; flex-direction: column;'>\n<div style='padding: 15px; border-bottom: 1px solid rgba(150&comma; 150&comma; 150&comma; 0.2); font-weight: bold; font-size: 18px; color: inherit;'>Bodegas refrigeradas y congeladores comerciales<\/div>\n<div style='padding: 15px; color: inherit;'>\n<p style='font-size: 14px; margin: 0;'>Una bodega de almacenamiento de productos fr\u00edos (congelador comercial) es una localidad para almacenamiento refrigerada o para congelados de bienes perecederos tales como frutas&comma; vegetales&comma; carnes y bebidas. Mantiene una temperatura interior controlada tan baja como -25\u00b0. Dadas las condiciones de temperatura los detectores convencionales de temperatura tipo spot no funcionan debido a la condensaci\u00f3n de la humedad&comma; causando una perdida irreparable del equipo&comma; en cambio el cable detector de calor es la mejor opci\u00f3n para este prop\u00f3sito. Cada cent\u00edmetro del cable se comporta como un detector de temperatura puntual.<\/p>\n<\/p><\/div>\n<\/p><\/div>\n<\/p><\/div>\n<div style='flex: 1 1 300px; min-width: 280px;'>\n<div style='border: 1px solid rgba(150&comma; 150&comma; 150&comma; 0.4); border-radius: 8px; overflow: hidden; display: flex; flex-direction: column;'>\n<div style='padding: 15px; border-bottom: 1px solid rgba(150&comma; 150&comma; 150&comma; 0.2); font-weight: bold; font-size: 18px; color: inherit;'>Protecci\u00f3n contra incendios<\/div>\n<div style='padding: 15px; color: inherit;'>\n<p style='font-size: 14px; margin: 0;'>Los congeladores y enfriadores pueden contener materiales combustibles tales como&comma; madera&comma; cart\u00f3n&comma; papel&comma; grasas y material el\u00e9ctrico el cual es una causa potencial de un incendio por calentamiento. la soluci\u00f3n LHD se adapta a cualquier instalaci\u00f3n en cuartos fr\u00edos&comma; pudi\u00e9ndose instalar en racks&comma; techos&comma; tanques de cualquier tipo de gas y en muchos otros lugares.<\/p>\n<\/p><\/div>\n<\/p><\/div>\n<\/p><\/div>\n<div style='flex: 1 1 300px; min-width: 280px;'>\n<div style='border: 1px solid rgba(150&comma; 150&comma; 150&comma; 0.4); border-radius: 8px; overflow: hidden; display: flex; flex-direction: column;'>\n<div style='padding: 15px; border-bottom: 1px solid rgba(150&comma; 150&comma; 150&comma; 0.2); font-weight: bold; font-size: 18px; color: inherit;'>Cuarto de bombeo de amoniaco<\/div>\n<div style='padding: 15px; color: inherit;'>\n<p style='font-size: 14px; margin: 0;'>Este tipo de \u00e1reas adicionales a los cuartos fr\u00edos as\u00ed como los cuartos el\u00e9ctricos deben protegerse utilizando el cable detector de calor LHD.<\/p>\n<\/p><\/div>\n<\/p><\/div>\n<\/p><\/div>\n<\/p><\/div>\n<div style='margin-bottom: 30px;'>\n<h3 style='font-size: 20px; border-bottom: 2px solid currentColor; padding-bottom: 5px; margin-top: 0; color: inherit; opacity: 0.8;'>Caracter\u00edsticas<\/h3>\n<ul style='padding-left: 20px; font-size: 15px; color: inherit;'>\n<li style='margin-bottom: 5px;'>Temperatura de alarma fija a 104 \u00b0C<\/li>\n<li style='margin-bottom: 5px;'>Compatible con cualquier panel de Detecci\u00f3n de Incendio<\/li>\n<li style='margin-bottom: 5px;'>Hasta 4&comma;572 metros de cobertura lineal por zona<\/li>\n<li style='margin-bottom: 5px;'>Excelente durabilidad para ambientes al aire libre<\/li>\n<li style='margin-bottom: 5px;'>M\u00faltiples Temperaturas de alarma en una zona<\/li>\n<li style='margin-bottom: 5px;'>No es necesario el reemplazo de la totalidad del cable despu\u00e9s de una alarma<\/li>\n<li style='margin-bottom: 5px;'>Aprobado para hasta 10.7 metros de espaciamiento<\/li>\n<li style='margin-bottom: 5px;'>La m\u00e1s baja resistencia que cualquier otro LHD<\/li>\n<li style='margin-bottom: 5px;'>Alambre gu\u00eda&comma; para f\u00e1cil instalaci\u00f3n<\/li>\n<li style='margin-bottom: 5px;'>Resistencia: 0.164 homs\/m<\/li>\n<li style='margin-bottom: 5px;'>M\u00e1xima tensi\u00f3n nominal: 30VCA&comma; 42Vcc<\/li>\n<\/ul><\/div>\n<div style='margin-bottom: 30px;'> <img style='width: 100%; height: auto; border: 1px solid rgba(150&comma;150&comma;150&comma;0.3); border-radius: 8px;' src='https:\/\/ftp3.syscom.mx\/usuarios\/fotos\/TC220NG500\/159159-ejemplo.jpg' alt=''> <\/div>\n<div style='margin-bottom: 30px;'>\n<p style='font-size: 15px; font-weight: bold; color: inherit;'>Nota importante: Precio por bobina de 152 metros<\/p>\n<\/p><\/div>\n<\/p><\/div>\n","protected":false},"excerpt":{"rendered":"<p>Bobina de 152 Metros de Cable Detector de Calor, Temperatura Fija 104 \u00b0C, Recubrimiento de Nylon Negro para Aplicaciones en Exterior, con Gu\u00eda Acerada<\/p>\n","protected":false},"featured_media":34047,"comment_status":"open","ping_status":"closed","template":"","meta":[],"product_brand":[],"product_cat":[983],"product_tag":[978,984,980],"class_list":{"0":"post-34048","1":"product","2":"type-product","3":"status-publish","4":"has-post-thumbnail","6":"product_cat-deteccion-lineal-de-temperatura","7":"product_tag-aplicaciones-especiales","8":"product_tag-deteccion-lineal-de-temperatura","9":"product_tag-safe-fire-detection-inc","11":"first","12":"outofstock","13":"sale","14":"shipping-taxable","15":"purchasable","16":"product-type-simple"},"_links":{"self":[{"href":"https:\/\/soydeaqui.ddns.net\/pachuca\/index.php\/wp-json\/wp\/v2\/product\/34048","targetHints":{"allow":["GET"]}}],"collection":[{"href":"https:\/\/soydeaqui.ddns.net\/pachuca\/index.php\/wp-json\/wp\/v2\/product"}],"about":[{"href":"https:\/\/soydeaqui.ddns.net\/pachuca\/index.php\/wp-json\/wp\/v2\/types\/product"}],"replies":[{"embeddable":true,"href":"https:\/\/soydeaqui.ddns.net\/pachuca\/index.php\/wp-json\/wp\/v2\/comments?post=34048"}],"wp:featuredmedia":[{"embeddable":true,"href":"https:\/\/soydeaqui.ddns.net\/pachuca\/index.php\/wp-json\/wp\/v2\/media\/34047"}],"wp:attachment":[{"href":"https:\/\/soydeaqui.ddns.net\/pachuca\/index.php\/wp-json\/wp\/v2\/media?parent=34048"}],"wp:term":[{"taxonomy":"product_brand","embeddable":true,"href":"https:\/\/soydeaqui.ddns.net\/pachuca\/index.php\/wp-json\/wp\/v2\/product_brand?post=34048"},{"taxonomy":"product_cat","embeddable":true,"href":"https:\/\/soydeaqui.ddns.net\/pachuca\/index.php\/wp-json\/wp\/v2\/product_cat?post=34048"},{"taxonomy":"product_tag","embeddable":true,"href":"https:\/\/soydeaqui.ddns.net\/pachuca\/index.php\/wp-json\/wp\/v2\/product_tag?post=34048"}],"curies":[{"name":"wp","href":"https:\/\/api.w.org\/{rel}","templated":true}]}}