{"id":34034,"date":"2026-03-18T15:12:28","date_gmt":"2026-03-18T15:12:28","guid":{"rendered":"https:\/\/soydeaqui.ddns.net\/pachuca\/index.php\/producto\/interruptor-de-supervision-por-presion-de-4-a-20-psi-con-doble-relevador\/"},"modified":"2026-03-18T15:12:29","modified_gmt":"2026-03-18T15:12:29","slug":"interruptor-de-supervision-por-presion-de-4-a-20-psi-con-doble-relevador","status":"publish","type":"product","link":"https:\/\/soydeaqui.ddns.net\/pachuca\/index.php\/producto\/interruptor-de-supervision-por-presion-de-4-a-20-psi-con-doble-relevador\/","title":{"rendered":"Interruptor de Supervisi\u00f3n por Presi\u00f3n de 4 a 20 PSI con Doble Relevador"},"content":{"rendered":"<div style='width: 100%; max-width: 1200px; margin: 0 auto; font-family: sans-serif; line-height: 1.6; color: inherit; background-color: transparent;'>\n<div style='display: flex; flex-wrap: wrap; gap: 30px; margin-bottom: 30px;'>\n<div style='flex: 1 1 300px; min-width: 280px;'>\n<h3 style='font-size: 22px; border-bottom: 2px solid currentColor; padding-bottom: 5px; margin-top: 0; color: inherit; opacity: 0.8;'>Caracter\u00edsticas Principales<\/h3>\n<ul style='padding-left: 20px; font-size: 15px; color: inherit;'>\n<li style='margin-bottom: 5px;'>Rueda de ajuste de sensibilidad&comma; sin herramientas especiales<\/li>\n<li style='margin-bottom: 5px;'>El diafragma reforzado resiste los picos de presi\u00f3n<\/li>\n<li style='margin-bottom: 5px;'>Rango de presi\u00f3n ajustable de 4 a 20 PSI<\/li>\n<li style='margin-bottom: 5px;'>Doble relevador en forma C: 10.0A&comma; 1\/2 HP @ 125\/250VAC; 2.5A @ 6\/12\/24VDC<\/li>\n<li style='margin-bottom: 5px;'>Clasificaci\u00f3n UL NEMA 4<\/li>\n<li style='margin-bottom: 5px;'>Rango de temperatura de funcionamiento: -40 \u00b0C a 71 \u00b0C<\/li>\n<li style='margin-bottom: 5px;'>Conexi\u00f3n de presi\u00f3n Nylon reforzado con vidrio macho NPT de 1\/2 &#8216;<\/li>\n<\/ul>\n<\/div>\n<div style='flex: 1 1 300px; min-width: 280px;'>\n<h3 style='font-size: 22px; border-bottom: 2px solid currentColor; padding-bottom: 5px; margin-top: 0; color: inherit; opacity: 0.8;'>Especificaciones T\u00e9cnicas<\/h3>\n<ul style='padding-left: 20px; font-size: 15px; color: inherit;'>\n<li style='margin-bottom: 5px;'><strong>Presi\u00f3n M\u00e1xima de Operaci\u00f3n:<\/strong> 300 psi<\/li>\n<li style='margin-bottom: 5px;'><strong>Rango de Presi\u00f3n Ajustable:<\/strong> 4 a 20 psi<\/li>\n<li style='margin-bottom: 5px;'><strong>Diferencial:<\/strong> Aproximadamente 3 psi<\/li>\n<li style='margin-bottom: 5px;'><strong>Temperatura de Operaci\u00f3n:<\/strong> -40\u00b0C a 71\u00b0C<\/li>\n<li style='margin-bottom: 5px;'><strong>Encapsulamiento:<\/strong> UL 4x&comma; NEMA 4<\/li>\n<li style='margin-bottom: 5px;'><strong>Dimensiones:<\/strong> 130 mm x 84 mm x 108 mm<\/li>\n<li style='margin-bottom: 5px;'><strong>Peso:<\/strong> 1.2 lbs (0.54 Kg)<\/li>\n<\/ul>\n<\/div>\n<\/div>\n<div style='display: flex; flex-wrap: wrap; gap: 20px; margin-bottom: 30px;'>\n<div style='flex: 1 1 250px; border: 1px solid rgba(150&comma; 150&comma; 150&comma; 0.4); border-radius: 8px; overflow: hidden; display: flex; flex-direction: column;'>\n<div style='padding: 15px; border-bottom: 1px solid rgba(150&comma; 150&comma; 150&comma; 0.2); font-weight: bold; font-size: 18px; color: inherit;'>Contactos El\u00e9ctricos<\/div>\n<div style='padding: 15px; color: inherit;'>\n<ul style='padding-left: 20px; margin: 0; font-size: 14px; list-style-type: disc;'>\n<li style='margin-bottom: 5px;'><strong>EPS10-1:<\/strong> Un conjunto SPDT (Forma C)<\/li>\n<li style='margin-bottom: 5px;'><strong>EPS10-2:<\/strong> Dos conjuntos SPDT (Forma C)<\/li>\n<li style='margin-bottom: 5px;'><strong>Corriente:<\/strong> 10.0A&comma; 1\/2 HP @ 125\/250VAC<\/li>\n<li style='margin-bottom: 5px;'><strong>Corriente:<\/strong> 2.5A @ 6\/12\/24VDC<\/li>\n<\/ul>\n<\/div>\n<\/div>\n<div style='flex: 1 1 250px; border: 1px solid rgba(150&comma; 150&comma; 150&comma; 0.4); border-radius: 8px; overflow: hidden; display: flex; flex-direction: column;'>\n<div style='padding: 15px; border-bottom: 1px solid rgba(150&comma; 150&comma; 150&comma; 0.2); font-weight: bold; font-size: 18px; color: inherit;'>Aplicaciones<\/div>\n<div style='padding: 15px; color: inherit;'>\n<ul style='padding-left: 20px; margin: 0; font-size: 14px; list-style-type: disc;'>\n<li style='margin-bottom: 5px;'>Sistemas de rociadores h\u00famedos<\/li>\n<li style='margin-bottom: 5px;'>Sistemas de rociadores secos<\/li>\n<li style='margin-bottom: 5px;'>Sistemas pre-acci\u00f3n<\/li>\n<li style='margin-bottom: 5px;'>Sistemas de diluvio<\/li>\n<\/ul>\n<\/div>\n<\/div>\n<div style='flex: 1 1 250px; border: 1px solid rgba(150&comma; 150&comma; 150&comma; 0.4); border-radius: 8px; overflow: hidden; display: flex; flex-direction: column;'>\n<div style='padding: 15px; border-bottom: 1px solid rgba(150&comma; 150&comma; 150&comma; 0.2); font-weight: bold; font-size: 18px; color: inherit;'>Normas y Certificaciones<\/div>\n<div style='padding: 15px; color: inherit;'>\n<ul style='padding-left: 20px; margin: 0; font-size: 14px; list-style-type: disc;'>\n<li style='margin-bottom: 5px;'>UL Listed<\/li>\n<li style='margin-bottom: 5px;'>UL 4x\/NEMA 4<\/li>\n<li style='margin-bottom: 5px;'>NFPA 13<\/li>\n<li style='margin-bottom: 5px;'>NFPA 13D<\/li>\n<li style='margin-bottom: 5px;'>NFPA 13R<\/li>\n<li style='margin-bottom: 5px;'>NFPA 72<\/li>\n<\/ul>\n<\/div>\n<\/div>\n<\/div>\n<hr style='border: 0; border-top: 1px solid rgba(150&comma; 150&comma; 150&comma; 0.3); margin: 30px 0;'>\n<div style='display: flex; flex-wrap: wrap; gap: 30px;'>\n<div style='flex: 1 1 300px; min-width: 280px;'>\n<h3 style='font-size: 22px; border-bottom: 2px solid currentColor; padding-bottom: 5px; margin-top: 0; color: inherit; opacity: 0.8;'>Configuraci\u00f3n de Instalaci\u00f3n<\/h3>\n<ul style='padding-left: 20px; font-size: 15px; color: inherit;'>\n<li style='margin-bottom: 5px;'>Conexi\u00f3n a v\u00e1lvula de alarma de rociadores h\u00famedos<\/li>\n<li style='margin-bottom: 5px;'>Conexi\u00f3n a c\u00e1mara intermedia de sistema seco<\/li>\n<li style='margin-bottom: 5px;'>Conexi\u00f3n a v\u00e1lvula pre-acci\u00f3n o diluvio<\/li>\n<li style='margin-bottom: 5px;'>Activaci\u00f3n por flujo de agua equivalente a un rociador<\/li>\n<li style='margin-bottom: 5px;'>Conexi\u00f3n de tierra el\u00e9ctrica<\/li>\n<\/ul>\n<\/div>\n<div style='flex: 1 1 300px; min-width: 280px;'>\n<h3 style='font-size: 22px; border-bottom: 2px solid currentColor; padding-bottom: 5px; margin-top: 0; color: inherit; opacity: 0.8;'>Opciones y Accesorios<\/h3>\n<ul style='padding-left: 20px; font-size: 15px; color: inherit;'>\n<li style='margin-bottom: 5px;'>Tornillos antivand\u00e1licos para cubierta<\/li>\n<li style='margin-bottom: 5px;'>Llave antivand\u00e1lica para cubierta<\/li>\n<li style='margin-bottom: 5px;'>Interruptor de tapa antivand\u00e1lico (ULC modelos: instalado de f\u00e1brica)<\/li>\n<\/ul>\n<\/div>\n<\/div>\n<hr style='border: 0; border-top: 1px solid rgba(150&comma; 150&comma; 150&comma; 0.3); margin: 30px 0;'>\n<div style='display: flex; flex-wrap: wrap; gap: 30px;'>\n<div style='flex: 1 1 300px; min-width: 280px;'>\n<h3 style='font-size: 22px; border-bottom: 2px solid currentColor; padding-bottom: 5px; margin-top: 0; color: inherit; opacity: 0.8;'>Garant\u00eda<\/h3>\n<p style='color: inherit; font-size: 15px; margin: 0 0 15px;'>3 a\u00f1os<\/p>\n<\/div>\n<div style='flex: 1 1 300px; min-width: 280px;'>\n<h3 style='font-size: 22px; border-bottom: 2px solid currentColor; padding-bottom: 5px; margin-top: 0; color: inherit; opacity: 0.8;'>Identificaci\u00f3n de Modelos<\/h3>\n<ul style='padding-left: 20px; font-size: 15px; color: inherit;'>\n<li style='margin-bottom: 5px;'><strong>EPS10-1:<\/strong> Interruptor de presi\u00f3n de flujo de agua con un SPDT<\/li>\n<li style='margin-bottom: 5px;'><strong>EPS10-2:<\/strong> Interruptor de presi\u00f3n de flujo de agua con dos SPDT<\/li>\n<li style='margin-bottom: 5px;'><strong>EPS10-1U:<\/strong> Versi\u00f3n ULC\/Canad\u00e1<\/li>\n<li style='margin-bottom: 5px;'><strong>EPS10-2U:<\/strong> Versi\u00f3n ULC\/Canad\u00e1<\/li>\n<\/ul>\n<\/div>\n<\/div>\n<\/div>\n","protected":false},"excerpt":{"rendered":"<p>Interruptor de Supervisi\u00f3n por Presi\u00f3n de 4 a 20 PSI con Doble Relevador<\/p>\n","protected":false},"featured_media":34033,"comment_status":"open","ping_status":"closed","template":"","meta":[],"product_brand":[],"product_cat":[998],"product_tag":[999,522,1000],"class_list":{"0":"post-34034","1":"product","2":"type-product","3":"status-publish","4":"has-post-thumbnail","6":"product_cat-detectores-de-flujo-y-presion","7":"product_tag-detectores-de-flujo-y-presion","8":"product_tag-dispositivos-convencionales","9":"product_tag-safe-signal","11":"first","12":"outofstock","13":"sale","14":"shipping-taxable","15":"purchasable","16":"product-type-simple"},"_links":{"self":[{"href":"https:\/\/soydeaqui.ddns.net\/pachuca\/index.php\/wp-json\/wp\/v2\/product\/34034","targetHints":{"allow":["GET"]}}],"collection":[{"href":"https:\/\/soydeaqui.ddns.net\/pachuca\/index.php\/wp-json\/wp\/v2\/product"}],"about":[{"href":"https:\/\/soydeaqui.ddns.net\/pachuca\/index.php\/wp-json\/wp\/v2\/types\/product"}],"replies":[{"embeddable":true,"href":"https:\/\/soydeaqui.ddns.net\/pachuca\/index.php\/wp-json\/wp\/v2\/comments?post=34034"}],"wp:featuredmedia":[{"embeddable":true,"href":"https:\/\/soydeaqui.ddns.net\/pachuca\/index.php\/wp-json\/wp\/v2\/media\/34033"}],"wp:attachment":[{"href":"https:\/\/soydeaqui.ddns.net\/pachuca\/index.php\/wp-json\/wp\/v2\/media?parent=34034"}],"wp:term":[{"taxonomy":"product_brand","embeddable":true,"href":"https:\/\/soydeaqui.ddns.net\/pachuca\/index.php\/wp-json\/wp\/v2\/product_brand?post=34034"},{"taxonomy":"product_cat","embeddable":true,"href":"https:\/\/soydeaqui.ddns.net\/pachuca\/index.php\/wp-json\/wp\/v2\/product_cat?post=34034"},{"taxonomy":"product_tag","embeddable":true,"href":"https:\/\/soydeaqui.ddns.net\/pachuca\/index.php\/wp-json\/wp\/v2\/product_tag?post=34034"}],"curies":[{"name":"wp","href":"https:\/\/api.w.org\/{rel}","templated":true}]}}