{"id":34011,"date":"2026-03-18T15:11:57","date_gmt":"2026-03-18T15:11:57","guid":{"rendered":"https:\/\/soydeaqui.ddns.net\/pachuca\/index.php\/producto\/kit-de-prueba-de-detectores-de-humo-incluye-pertiga-telescopica-solo-100-4-6m-dispensador-solo-330-4-12-latas-de-humo-m8-y-bolsa-de-transporte-solo-604\/"},"modified":"2026-03-18T15:11:58","modified_gmt":"2026-03-18T15:11:58","slug":"kit-de-prueba-de-detectores-de-humo-incluye-pertiga-telescopica-solo-100-4-6m-dispensador-solo-330-4-12-latas-de-humo-m8-y-bolsa-de-transporte-solo-604","status":"publish","type":"product","link":"https:\/\/soydeaqui.ddns.net\/pachuca\/index.php\/producto\/kit-de-prueba-de-detectores-de-humo-incluye-pertiga-telescopica-solo-100-4-6m-dispensador-solo-330-4-12-latas-de-humo-m8-y-bolsa-de-transporte-solo-604\/","title":{"rendered":"Kit De Prueba De Detectores De Humo, Incluye P\u00e9rtiga Telesc\u00f3pica SOLO-100 4.6m, Dispensador SOLO-330 4&#8243;, 12 Latas De Humo M8 y Bolsa De Transporte SOLO-604"},"content":{"rendered":"<div style='width: 100%; max-width: 1200px; margin: 0 auto; font-family: sans-serif; line-height: 1.6; color: inherit; background-color: transparent;'>\n<div style='display: flex; flex-wrap: wrap; gap: 30px; margin-bottom: 30px;'>\n<div style='flex: 1 1 300px; min-width: 280px;'>\n<h3 style='font-size: 22px; border-bottom: 2px solid currentColor; padding-bottom: 5px; margin-top: 0; color: inherit; opacity: 0.8;'>Caracter\u00edsticas Principales<\/h3>\n<ul style='padding-left: 20px; font-size: 15px; color: inherit;'>\n<li style='margin-bottom: 5px;'>Dise\u00f1o universal para detectores hasta 100mm de di\u00e1metro<\/li>\n<li style='margin-bottom: 5px;'>Copa transparente para visibilidad del LED del detector<\/li>\n<li style='margin-bottom: 5px;'>Mecanismo de resortes para techos suspendidos<\/li>\n<li style='margin-bottom: 5px;'>Marco tipo columpio para uso en \u00e1ngulos<\/li>\n<li style='margin-bottom: 5px;'>Certificado como no conductor el\u00e9ctrico<\/li>\n<\/ul>\n<\/div>\n<div style='flex: 1 1 300px; min-width: 280px;'>\n<h3 style='font-size: 22px; border-bottom: 2px solid currentColor; padding-bottom: 5px; margin-top: 0; color: inherit; opacity: 0.8;'>Componentes del Kit<\/h3>\n<ul style='padding-left: 20px; font-size: 15px; color: inherit;'>\n<li style='margin-bottom: 5px;'>1 x SOLO-100 P\u00e9rtiga telesc\u00f3pica 4.6m<\/li>\n<li style='margin-bottom: 5px;'>1 x SOLO-330 Dispensador de humo manual de 4&#8242;<\/li>\n<li style='margin-bottom: 5px;'>12 x M8 Latas de aerosol de humo sint\u00e9tico<\/li>\n<li style='margin-bottom: 5px;'>1 x SOLO-604 Bolsa de transporte<\/li>\n<\/ul>\n<\/div>\n<\/div>\n<div style='display: flex; flex-wrap: wrap; gap: 20px; margin-bottom: 30px;'>\n<div style='flex: 1 1 250px; border: 1px solid rgba(150&comma; 150&comma; 150&comma; 0.4); border-radius: 8px; overflow: hidden; display: flex; flex-direction: column;'>\n<div style='padding: 15px; border-bottom: 1px solid rgba(150&comma; 150&comma; 150&comma; 0.2); font-weight: bold; font-size: 18px; color: inherit;'>Especificaciones T\u00e9cnicas<\/div>\n<div style='padding: 15px; color: inherit;'>\n<ul style='padding-left: 20px; margin: 0; font-size: 14px; list-style-type: disc;'>\n<li style='margin-bottom: 5px;'><strong>Altura m\u00e1xima:<\/strong> 4.6m (extensible desde 1.5m)<\/li>\n<li style='margin-bottom: 5px;'><strong>Material:<\/strong> Fibra de vidrio no conductora<\/li>\n<li style='margin-bottom: 5px;'><strong>Peso:<\/strong> 1.8kg (aproximado)<\/li>\n<li style='margin-bottom: 5px;'><strong>Compatibilidad:<\/strong> Detectores hasta 100mm de di\u00e1metro<\/li>\n<li style='margin-bottom: 5px;'><strong>Garant\u00eda:<\/strong> Limitada de por vida<\/li>\n<\/ul>\n<\/div>\n<\/div>\n<div style='flex: 1 1 250px; border: 1px solid rgba(150&comma; 150&comma; 150&comma; 0.4); border-radius: 8px; overflow: hidden; display: flex; flex-direction: column;'>\n<div style='padding: 15px; border-bottom: 1px solid rgba(150&comma; 150&comma; 150&comma; 0.2); font-weight: bold; font-size: 18px; color: inherit;'>Aplicaciones<\/div>\n<div style='padding: 15px; color: inherit;'>\n<ul style='padding-left: 20px; margin: 0; font-size: 14px; list-style-type: disc;'>\n<li style='margin-bottom: 5px;'>Pruebas de detecci\u00f3n de humo<\/li>\n<li style='margin-bottom: 5px;'>Mantenimiento de sistemas de detecci\u00f3n<\/li>\n<li style='margin-bottom: 5px;'>Inspecci\u00f3n de detectores en techos altos<\/li>\n<li style='margin-bottom: 5px;'>Pruebas en techos suspendidos<\/li>\n<li style='margin-bottom: 5px;'>Verificaci\u00f3n de funcionamiento en \u00e1ngulos dif\u00edciles<\/li>\n<\/ul>\n<\/div>\n<\/div>\n<\/div>\n<hr style='border: 0; border-top: 1px solid rgba(150&comma; 150&comma; 150&comma; 0.3); margin: 30px 0;'>\n<div style='display: flex; flex-wrap: wrap; gap: 30px; margin-bottom: 30px;'>\n<div style='flex: 1 1 300px; min-width: 280px;'>\n<h3 style='font-size: 22px; border-bottom: 2px solid currentColor; padding-bottom: 5px; margin-top: 0; color: inherit; opacity: 0.8;'>Ventajas del Sistema<\/h3>\n<ul style='padding-left: 20px; font-size: 15px; color: inherit;'>\n<li style='margin-bottom: 5px;'>Dise\u00f1o ergon\u00f3mico para uso prolongado<\/li>\n<li style='margin-bottom: 5px;'>Sistema telesc\u00f3pico con bloqueo seguro<\/li>\n<li style='margin-bottom: 5px;'>Mecanismo de dispensaci\u00f3n controlada de humo<\/li>\n<li style='margin-bottom: 5px;'>Bolsa de transporte para organizaci\u00f3n y protecci\u00f3n<\/li>\n<li style='margin-bottom: 5px;'>Kit completo listo para uso inmediato<\/li>\n<\/ul>\n<\/div>\n<div style='flex: 1 1 300px; min-width: 280px;'>\n<h3 style='font-size: 22px; border-bottom: 2px solid currentColor; padding-bottom: 5px; margin-top: 0; color: inherit; opacity: 0.8;'>Compatibilidad<\/h3>\n<ul style='padding-left: 20px; font-size: 15px; color: inherit;'>\n<li style='margin-bottom: 5px;'>Detectores de humo est\u00e1ndar<\/li>\n<li style='margin-bottom: 5px;'>Detectores de calor<\/li>\n<li style='margin-bottom: 5px;'>Detectores de CO (con cartuchos adecuados)<\/li>\n<li style='margin-bottom: 5px;'>Sistemas de detecci\u00f3n en techos suspendidos<\/li>\n<\/ul>\n<\/div>\n<\/div>\n<\/div>\n","protected":false},"excerpt":{"rendered":"<p>Kit De Prueba De Detectores De Humo, Incluye P\u00e9rtiga Telesc\u00f3pica SOLO-100 4.6m, Dispensador SOLO-330 4&#8243;, 12 Latas De Humo M8 y Bolsa De Transporte SOLO-604<\/p>\n","protected":false},"featured_media":34010,"comment_status":"open","ping_status":"closed","template":"","meta":[],"product_brand":[],"product_cat":[731],"product_tag":[26,25,403],"class_list":{"0":"post-34011","1":"product","2":"type-product","3":"status-publish","4":"has-post-thumbnail","6":"product_cat-accesorios-de-instalacion-herramientas-deteccion-de-fuego","7":"product_tag-accesorios-de-instalacion","8":"product_tag-herramientas","9":"product_tag-sdi","11":"first","12":"instock","13":"sale","14":"shipping-taxable","15":"purchasable","16":"product-type-simple"},"_links":{"self":[{"href":"https:\/\/soydeaqui.ddns.net\/pachuca\/index.php\/wp-json\/wp\/v2\/product\/34011","targetHints":{"allow":["GET"]}}],"collection":[{"href":"https:\/\/soydeaqui.ddns.net\/pachuca\/index.php\/wp-json\/wp\/v2\/product"}],"about":[{"href":"https:\/\/soydeaqui.ddns.net\/pachuca\/index.php\/wp-json\/wp\/v2\/types\/product"}],"replies":[{"embeddable":true,"href":"https:\/\/soydeaqui.ddns.net\/pachuca\/index.php\/wp-json\/wp\/v2\/comments?post=34011"}],"wp:featuredmedia":[{"embeddable":true,"href":"https:\/\/soydeaqui.ddns.net\/pachuca\/index.php\/wp-json\/wp\/v2\/media\/34010"}],"wp:attachment":[{"href":"https:\/\/soydeaqui.ddns.net\/pachuca\/index.php\/wp-json\/wp\/v2\/media?parent=34011"}],"wp:term":[{"taxonomy":"product_brand","embeddable":true,"href":"https:\/\/soydeaqui.ddns.net\/pachuca\/index.php\/wp-json\/wp\/v2\/product_brand?post=34011"},{"taxonomy":"product_cat","embeddable":true,"href":"https:\/\/soydeaqui.ddns.net\/pachuca\/index.php\/wp-json\/wp\/v2\/product_cat?post=34011"},{"taxonomy":"product_tag","embeddable":true,"href":"https:\/\/soydeaqui.ddns.net\/pachuca\/index.php\/wp-json\/wp\/v2\/product_tag?post=34011"}],"curies":[{"name":"wp","href":"https:\/\/api.w.org\/{rel}","templated":true}]}}