{"id":33998,"date":"2026-03-18T15:11:39","date_gmt":"2026-03-18T15:11:39","guid":{"rendered":"https:\/\/soydeaqui.ddns.net\/pachuca\/index.php\/producto\/radio-curvo-de-90-grados-3-4-para-uso-en-tuberia-de-deteccion-de-humo-por-aspiracion\/"},"modified":"2026-03-18T15:11:39","modified_gmt":"2026-03-18T15:11:39","slug":"radio-curvo-de-90-grados-3-4-para-uso-en-tuberia-de-deteccion-de-humo-por-aspiracion","status":"publish","type":"product","link":"https:\/\/soydeaqui.ddns.net\/pachuca\/index.php\/producto\/radio-curvo-de-90-grados-3-4-para-uso-en-tuberia-de-deteccion-de-humo-por-aspiracion\/","title":{"rendered":"Radio curvo de 90 grados 3\/4&#8243; para uso en tuber\u00eda de detecci\u00f3n de humo por aspiraci\u00f3n"},"content":{"rendered":"<div style='width: 100%; max-width: 1200px; margin: 0 auto; font-family: sans-serif; line-height: 1.6; color: inherit; background-color: transparent;'> <!-- Secci\u00f3n de caracter\u00edsticas principales --> <\/p>\n<div style='display: flex; flex-wrap: wrap; gap: 30px; margin-bottom: 30px;'>\n<div style='flex: 1 1 300px; min-width: 280px;'>\n<h3 style='font-size: 22px; border-bottom: 2px solid currentColor; padding-bottom: 5px; margin-top: 0; color: inherit; opacity: 0.8;'>Caracter\u00edsticas Principales<\/h3>\n<ul style='padding-left: 20px; font-size: 15px; color: inherit;'>\n<li style='margin-bottom: 5px;'><strong>Certificaci\u00f3n:<\/strong> UL Listed para resistencia al fuego<\/li>\n<li style='margin-bottom: 5px;'><strong>Normas:<\/strong> Cumple con NFPA<\/li>\n<li style='margin-bottom: 5px;'><strong>Di\u00e1metro:<\/strong> \u00be&#8217; (0.874&#8242; ID \/ 22.1mm)<\/li>\n<li style='margin-bottom: 5px;'><strong>Material:<\/strong> CPVC resistente al fuego<\/li>\n<li style='margin-bottom: 5px;'><strong>Origen:<\/strong> Dise\u00f1ado&comma; construido y embarcado desde EE.UU.<\/li>\n<\/ul><\/div>\n<\/p><\/div>\n<p> <!-- Secci\u00f3n de especificaciones t\u00e9cnicas --> <\/p>\n<div style='display: flex; flex-wrap: wrap; gap: 20px; margin-bottom: 30px;'>\n<div style='flex: 1 1 250px; border: 1px solid rgba(150&comma; 150&comma; 150&comma; 0.4); border-radius: 8px; overflow: hidden; display: flex; flex-direction: column;'>\n<div style='padding: 15px; border-bottom: 1px solid rgba(150&comma; 150&comma; 150&comma; 0.2); font-weight: bold; font-size: 18px; color: inherit;'>Especificaciones T\u00e9cnicas<\/div>\n<div style='padding: 15px; color: inherit;'>\n<ul style='padding-left: 20px; margin: 0; font-size: 14px; list-style-type: disc;'>\n<li style='margin-bottom: 5px;'><strong>Modelo:<\/strong> RP5215<\/li>\n<li style='margin-bottom: 5px;'><strong>Tipo:<\/strong> Codo de 90\u00b0 con radio<\/li>\n<li style='margin-bottom: 5px;'><strong>Uso:<\/strong> Espacios confinados<\/li>\n<li style='margin-bottom: 5px;'><strong>Embalaje:<\/strong> 10 unidades por paquete<\/li>\n<\/ul><\/div>\n<\/p><\/div>\n<p> <!-- Secci\u00f3n de aplicaciones --> <\/p>\n<div style='flex: 1 1 250px; border: 1px solid rgba(150&comma; 150&comma; 150&comma; 0.4); border-radius: 8px; overflow: hidden; display: flex; flex-direction: column;'>\n<div style='padding: 15px; border-bottom: 1px solid rgba(150&comma; 150&comma; 150&comma; 0.2); font-weight: bold; font-size: 18px; color: inherit;'>Aplicaciones<\/div>\n<div style='padding: 15px; color: inherit;'>\n<ul style='padding-left: 20px; margin: 0; font-size: 14px; list-style-type: disc;'>\n<li style='margin-bottom: 5px;'>Instalaci\u00f3n en sistemas de detecci\u00f3n de humo por aspiraci\u00f3n<\/li>\n<li style='margin-bottom: 5px;'>Uso en espacios confinados<\/li>\n<li style='margin-bottom: 5px;'>Componente de conexi\u00f3n en sistemas de detecci\u00f3n de humo<\/li>\n<li style='margin-bottom: 5px;'>Parte integral de sistemas de detecci\u00f3n de humo en espacios cr\u00edticos<\/li>\n<\/ul><\/div>\n<\/p><\/div>\n<p> <!-- Secci\u00f3n de beneficios --> <\/p>\n<div style='flex: 1 1 250px; border: 1px solid rgba(150&comma; 150&comma; 150&comma; 0.4); border-radius: 8px; overflow: hidden; display: flex; flex-direction: column;'>\n<div style='padding: 15px; border-bottom: 1px solid rgba(150&comma; 150&comma; 150&comma; 0.2); font-weight: bold; font-size: 18px; color: inherit;'>Beneficios<\/div>\n<div style='padding: 15px; color: inherit;'>\n<ul style='padding-left: 20px; margin: 0; font-size: 14px; list-style-type: disc;'>\n<li style='margin-bottom: 5px;'>Dise\u00f1o espec\u00edfico para la industria de detecci\u00f3n de incendios<\/li>\n<li style='margin-bottom: 5px;'>F\u00e1cil instalaci\u00f3n sin necesidad de m\u00faltiples componentes<\/li>\n<li style='margin-bottom: 5px;'>Bajo costo comparado con soluciones tradicionales<\/li>\n<li style='margin-bottom: 5px;'>Fabricado en EE.UU. con materiales especializados<\/li>\n<\/ul><\/div>\n<\/p><\/div>\n<\/p><\/div>\n<p> <!-- Separador --> <\/p>\n<hr style='border: 0; border-top: 1px solid rgba(150&comma; 150&comma; 150&comma; 0.3); margin: 30px 0;'> <!-- Secci\u00f3n de compatibilidad --> <\/p>\n<div style='display: flex; flex-wrap: wrap; gap: 30px; margin-bottom: 30px;'>\n<div style='flex: 1 1 300px; min-width: 280px;'>\n<h3 style='font-size: 22px; border-bottom: 2px solid currentColor; padding-bottom: 5px; color: inherit; opacity: 0.8;'>Compatibilidad<\/h3>\n<ul style='padding-left: 20px; font-size: 15px; color: inherit;'>\n<li style='margin-bottom: 5px;'>Sistema RedPipe de tuber\u00edas CPVC \u00be&#8217;<\/li>\n<li style='margin-bottom: 5px;'>Sistemas de detecci\u00f3n de humo por aspiraci\u00f3n<\/li>\n<li style='margin-bottom: 5px;'>Componentes est\u00e1ndar de detecci\u00f3n de incendios<\/li>\n<\/ul><\/div>\n<\/p><\/div>\n<\/p><\/div>\n","protected":false},"excerpt":{"rendered":"<p>Radio curvo de 90 grados 3\/4&#8243; para uso en tuber\u00eda de detecci\u00f3n de humo por aspiraci\u00f3n<\/p>\n","protected":false},"featured_media":33997,"comment_status":"open","ping_status":"closed","template":"","meta":[],"product_brand":[],"product_cat":[977],"product_tag":[978,979,980],"class_list":{"0":"post-33998","1":"product","2":"type-product","3":"status-publish","4":"has-post-thumbnail","6":"product_cat-detectores-por-aspiracion","7":"product_tag-aplicaciones-especiales","8":"product_tag-detectores-por-aspiracion","9":"product_tag-safe-fire-detection-inc","11":"first","12":"instock","13":"sale","14":"shipping-taxable","15":"purchasable","16":"product-type-simple"},"_links":{"self":[{"href":"https:\/\/soydeaqui.ddns.net\/pachuca\/index.php\/wp-json\/wp\/v2\/product\/33998","targetHints":{"allow":["GET"]}}],"collection":[{"href":"https:\/\/soydeaqui.ddns.net\/pachuca\/index.php\/wp-json\/wp\/v2\/product"}],"about":[{"href":"https:\/\/soydeaqui.ddns.net\/pachuca\/index.php\/wp-json\/wp\/v2\/types\/product"}],"replies":[{"embeddable":true,"href":"https:\/\/soydeaqui.ddns.net\/pachuca\/index.php\/wp-json\/wp\/v2\/comments?post=33998"}],"wp:featuredmedia":[{"embeddable":true,"href":"https:\/\/soydeaqui.ddns.net\/pachuca\/index.php\/wp-json\/wp\/v2\/media\/33997"}],"wp:attachment":[{"href":"https:\/\/soydeaqui.ddns.net\/pachuca\/index.php\/wp-json\/wp\/v2\/media?parent=33998"}],"wp:term":[{"taxonomy":"product_brand","embeddable":true,"href":"https:\/\/soydeaqui.ddns.net\/pachuca\/index.php\/wp-json\/wp\/v2\/product_brand?post=33998"},{"taxonomy":"product_cat","embeddable":true,"href":"https:\/\/soydeaqui.ddns.net\/pachuca\/index.php\/wp-json\/wp\/v2\/product_cat?post=33998"},{"taxonomy":"product_tag","embeddable":true,"href":"https:\/\/soydeaqui.ddns.net\/pachuca\/index.php\/wp-json\/wp\/v2\/product_tag?post=33998"}],"curies":[{"name":"wp","href":"https:\/\/api.w.org\/{rel}","templated":true}]}}