{"id":33996,"date":"2026-03-18T15:11:37","date_gmt":"2026-03-18T15:11:37","guid":{"rendered":"https:\/\/soydeaqui.ddns.net\/pachuca\/index.php\/producto\/bobina-de-152-metros-de-cable-detector-de-calor-temperatura-fija-88-c-recubrimiento-de-nylon-negro-para-aplicaciones-en-exterior\/"},"modified":"2026-03-18T15:11:37","modified_gmt":"2026-03-18T15:11:37","slug":"bobina-de-152-metros-de-cable-detector-de-calor-temperatura-fija-88-c-recubrimiento-de-nylon-negro-para-aplicaciones-en-exterior","status":"publish","type":"product","link":"https:\/\/soydeaqui.ddns.net\/pachuca\/index.php\/producto\/bobina-de-152-metros-de-cable-detector-de-calor-temperatura-fija-88-c-recubrimiento-de-nylon-negro-para-aplicaciones-en-exterior\/","title":{"rendered":"Bobina de 152 Metros de Cable Detector de Calor, Temperatura Fija 88 \u00b0C, Recubrimiento de Nylon Negro para Aplicaciones en Exterior"},"content":{"rendered":"<div style='width: 100%; max-width: 1200px; margin: 0 auto; font-family: sans-serif; line-height: 1.6; color: inherit; background-color: transparent;'>\n<div style='margin-bottom: 30px;'>\n<h2 style='font-size: 24px; margin-top: 0; color: inherit; opacity: 0.9;'>SafeCable Linear Heat Detection (LHD)<\/h2>\n<p style='color: inherit; font-size: 15px;'>Utiliza pol\u00edmeros avanzados y una aleaci\u00f3n recientemente desarrollada para proporcionar una detecci\u00f3n excepcional&comma; durabilidad y flexibilidad del dise\u00f1o. En el n\u00facleo de SafeCable hay un par trenzado de conductores tri-met\u00e1licos de resistencia extremadamente baja&comma; los cuales est\u00e1n forrados con nuevos y avanzados pol\u00edmeros t\u00e9rmicos. Estos pol\u00edmeros est\u00e1n qu\u00edmicamente concebidos para descomponerse a temperaturas fijas espec\u00edficas&comma; permitiendo que los conductores trenzados hagan contacto e inicien una alarma.<\/p>\n<\/p><\/div>\n<div style='display: flex; flex-wrap: wrap; gap: 30px; margin-bottom: 30px;'>\n<div style='flex: 1 1 45%; min-width: 280px;'> <img style='width: 100%; height: auto; border: 1px solid rgba(150&comma;150&comma;150&comma;0.3); border-radius: 8px;' src='https:\/\/ftp3.syscom.mx\/usuarios\/fotos\/TC190N500\/152705-charolafuego.jpg' alt=''> <\/div>\n<div style='flex: 1 1 45%; min-width: 280px;'> <img style='width: 100%; height: auto; border: 1px solid rgba(150&comma;150&comma;150&comma;0.3); border-radius: 8px;' src='https:\/\/ftp3.syscom.mx\/usuarios\/fotos\/TC190N500\/152705-incendiocharola.jpg' alt=''> <\/div>\n<\/p><\/div>\n<div style='margin-bottom: 30px;'>\n<h3 style='font-size: 22px; border-bottom: 2px solid currentColor; padding-bottom: 5px; margin-top: 0; color: inherit; opacity: 0.8;'>Detecci\u00f3n de incendios en charolas de cableado<\/h3>\n<p style='color: inherit; font-size: 15px;'>La Detecci\u00f3n Lineal de Calor (Linear Heat Detection o LHD) es una soluci\u00f3n muy efectiva y de bajo costo para proteger las bandejas de cables. El Cable flexible LHD puede instalarse dentro de la bandeja con los cables siguiendo exactamente la misma ruta mientras est\u00e1 en cercan\u00eda muy pr\u00f3xima a los cables para detecci\u00f3n r\u00e1pida. Los cables el\u00e9ctricos que yacen en la bandeja de cables pueden ser de alto voltaje y pueden romperse con el tiempo y uso. Con el tiempo los cables se pueden sobre calentar causando incendios.<\/p>\n<\/p><\/div>\n<div style='display: flex; flex-wrap: wrap; gap: 20px; margin-bottom: 30px;'>\n<div style='flex: 1 1 250px; border: 1px solid rgba(150&comma; 150&comma; 150&comma; 0.4); border-radius: 8px; overflow: hidden; display: flex; flex-direction: column;'>\n<div style='padding: 15px; border-bottom: 1px solid rgba(150&comma; 150&comma; 150&comma; 0.2); font-weight: bold; font-size: 18px; color: inherit;'>Caracter\u00edsticas<\/div>\n<div style='padding: 15px; color: inherit;'>\n<ul style='padding-left: 20px; margin: 0; font-size: 14px; list-style-type: disc;'>\n<li style='margin-bottom: 5px;'>Temperatura de alarma fija a 88\u00b0C<\/li>\n<li style='margin-bottom: 5px;'>Compatible con cualquier panel de Detecci\u00f3n de Incendio<\/li>\n<li style='margin-bottom: 5px;'>Hasta 4&comma;572 metros de cobertura lineal por zona<\/li>\n<li style='margin-bottom: 5px;'>Excelente durabilidad para ambientes al aire libre<\/li>\n<li style='margin-bottom: 5px;'>M\u00faltiples Temperaturas de alarma en una zona<\/li>\n<li style='margin-bottom: 5px;'>No es necesario el reemplazo de la totalidad del cable despu\u00e9s de una alarma<\/li>\n<li style='margin-bottom: 5px;'>Aprobado para hasta 10.7 metros de espaciamiento<\/li>\n<li style='margin-bottom: 5px;'>La m\u00e1s baja resistencia que cualquier otro LHD<\/li>\n<\/ul><\/div>\n<\/p><\/div>\n<div style='flex: 1 1 250px; border: 1px solid rgba(150&comma; 150&comma; 150&comma; 0.4); border-radius: 8px; overflow: hidden; display: flex; flex-direction: column;'>\n<div style='padding: 15px; border-bottom: 1px solid rgba(150&comma; 150&comma; 150&comma; 0.2); font-weight: bold; font-size: 18px; color: inherit;'>Especificaciones El\u00e9ctricas<\/div>\n<div style='padding: 15px; color: inherit;'>\n<ul style='padding-left: 20px; margin: 0; font-size: 14px; list-style-type: disc;'>\n<li style='margin-bottom: 5px;'>Resistencia: 0.164 ohms\/m<\/li>\n<li style='margin-bottom: 5px;'>M\u00e1xima tensi\u00f3n nominal: 30VCA&comma; 42Vcc<\/li>\n<\/ul><\/div>\n<\/p><\/div>\n<\/p><\/div>\n<div style='margin-bottom: 30px;'>\n<p style='font-weight: bold; font-size: 16px; color: inherit; margin: 0;'>Nota importante: Precio por bobina de 152 metros<\/p>\n<\/p><\/div>\n<\/p><\/div>\n","protected":false},"excerpt":{"rendered":"<p>Bobina de 152 Metros de Cable Detector de Calor, Temperatura Fija 88 \u00b0C, Recubrimiento de Nylon Negro para Aplicaciones en Exterior<\/p>\n","protected":false},"featured_media":33995,"comment_status":"open","ping_status":"closed","template":"","meta":[],"product_brand":[],"product_cat":[983],"product_tag":[978,984,980],"class_list":{"0":"post-33996","1":"product","2":"type-product","3":"status-publish","4":"has-post-thumbnail","6":"product_cat-deteccion-lineal-de-temperatura","7":"product_tag-aplicaciones-especiales","8":"product_tag-deteccion-lineal-de-temperatura","9":"product_tag-safe-fire-detection-inc","11":"first","12":"outofstock","13":"sale","14":"shipping-taxable","15":"purchasable","16":"product-type-simple"},"_links":{"self":[{"href":"https:\/\/soydeaqui.ddns.net\/pachuca\/index.php\/wp-json\/wp\/v2\/product\/33996","targetHints":{"allow":["GET"]}}],"collection":[{"href":"https:\/\/soydeaqui.ddns.net\/pachuca\/index.php\/wp-json\/wp\/v2\/product"}],"about":[{"href":"https:\/\/soydeaqui.ddns.net\/pachuca\/index.php\/wp-json\/wp\/v2\/types\/product"}],"replies":[{"embeddable":true,"href":"https:\/\/soydeaqui.ddns.net\/pachuca\/index.php\/wp-json\/wp\/v2\/comments?post=33996"}],"wp:featuredmedia":[{"embeddable":true,"href":"https:\/\/soydeaqui.ddns.net\/pachuca\/index.php\/wp-json\/wp\/v2\/media\/33995"}],"wp:attachment":[{"href":"https:\/\/soydeaqui.ddns.net\/pachuca\/index.php\/wp-json\/wp\/v2\/media?parent=33996"}],"wp:term":[{"taxonomy":"product_brand","embeddable":true,"href":"https:\/\/soydeaqui.ddns.net\/pachuca\/index.php\/wp-json\/wp\/v2\/product_brand?post=33996"},{"taxonomy":"product_cat","embeddable":true,"href":"https:\/\/soydeaqui.ddns.net\/pachuca\/index.php\/wp-json\/wp\/v2\/product_cat?post=33996"},{"taxonomy":"product_tag","embeddable":true,"href":"https:\/\/soydeaqui.ddns.net\/pachuca\/index.php\/wp-json\/wp\/v2\/product_tag?post=33996"}],"curies":[{"name":"wp","href":"https:\/\/api.w.org\/{rel}","templated":true}]}}