{"id":3398,"date":"2026-03-18T06:07:39","date_gmt":"2026-03-18T06:07:39","guid":{"rendered":"https:\/\/soydeaqui.ddns.net\/pachuca\/index.php\/producto\/modulo-wifi-slim-para-uso-en-energizadores-yonusa-aplicacion-sin-costo-boton-de-panico\/"},"modified":"2026-03-18T06:07:40","modified_gmt":"2026-03-18T06:07:40","slug":"modulo-wifi-slim-para-uso-en-energizadores-yonusa-aplicacion-sin-costo-boton-de-panico","status":"publish","type":"product","link":"https:\/\/soydeaqui.ddns.net\/pachuca\/index.php\/producto\/modulo-wifi-slim-para-uso-en-energizadores-yonusa-aplicacion-sin-costo-boton-de-panico\/","title":{"rendered":"Modulo WIFI SLIM para uso en Energizadores YONUSA \/ Aplicaci\u00f3n sin costo \/ Bot\u00f3n de P\u00e1nico"},"content":{"rendered":"<div style='width: 100%; max-width: 1200px; margin: 0 auto; font-family: sans-serif; line-height: 1.6; color: inherit; background-color: transparent;'> <!-- Imagen principal --> <\/p>\n<div style='margin-bottom: 20px; text-align: center;'> <img style='width: 100%; max-width: 940px; height: auto; border: 1px solid rgba(150&comma;150&comma;150&comma;0.3); border-radius: 8px;' src='https:\/\/ftp3.syscom.mx\/usuarios\/vvega\/yonusa\/equipos\/tarjetwifislim\/Encabezado Nombres WIFI.jpg' alt=''> <\/div>\n<p> <!-- Descripci\u00f3n introductoria --> <\/p>\n<div style='margin-bottom: 30px; font-size: 14px; color: inherit;'>\n<p>El m\u00f3dulo WIFI es un dispositivo que ofrece un sistema ON\/OFF de actuadores controlados de forma remota por medio de nuestro dispositivo m\u00f3vil lo cual nos permite darle un sinf\u00edn de usos al dispositivo.<\/p>\n<p> <em>NOTA: Puede hacer uso de nuestra herramienta <a href='https:\/\/www.syscom.mx\/soporte\/calculador_cercos_electricos' target='_blank' rel='noopener' style='color: #0091ff; text-decoration: underline;'>CALCULADOR DE CERCOS ELECTRICOS<\/a> para obtener un estimado de material que se requiere para determinado per\u00edmetro&comma; as\u00ed como el energizador id\u00f3neo para dicha instalaci\u00f3n.<\/em> <\/p>\n<\/p><\/div>\n<p> <!-- Secci\u00f3n de caracter\u00edsticas con grid --> <\/p>\n<div style='display: grid; grid-template-columns: repeat(auto-fill&comma; minmax(300px&comma; 1fr)); gap: 20px; margin-bottom: 30px;'> <!-- Funcionalidades --> <\/p>\n<div style='border: 1px solid rgba(150&comma;150&comma;150&comma;0.4); border-radius: 8px; overflow: hidden;'>\n<div style='padding: 15px; background-color: rgba(0&comma;145&comma;255&comma;0.1); border-bottom: 1px solid rgba(150&comma;150&comma;150&comma;0.2); font-weight: bold; font-size: 18px; color: inherit;'>Funcionalidad<\/div>\n<div style='padding: 15px; color: inherit;'>\n<ul style='padding-left: 20px; margin: 0; font-size: 14px; list-style-type: disc;'>\n<li style='margin-bottom: 5px;'><strong>Compatible con TODOS los energizadores YONUSA.<\/strong><\/li>\n<li style='margin-bottom: 5px;'>Controlar el Encendido \/ Apagado de un energizador.<\/li>\n<li style='margin-bottom: 5px;'>Historial de eventos.<\/li>\n<li style='margin-bottom: 5px;'>Notificaci\u00f3n inmediata en caso de corte o aterramiento de l\u00ednea de cerco.<\/li>\n<li style='margin-bottom: 5px;'>Bot\u00f3n de P\u00e1nico en la APP.<\/li>\n<li style='margin-bottom: 5px;'>Notificaci\u00f3n de bater\u00eda baja o desconexi\u00f3n de AC.<\/li>\n<li style='margin-bottom: 5px;'>Compartir APP con hasta 20 usuarios (control de permisos&comma; 1 solo Admin).<\/li>\n<\/ul><\/div>\n<\/p><\/div>\n<p> <!-- Caracter\u00edsticas F\u00edsicas y El\u00e9ctricas --> <\/p>\n<div style='border: 1px solid rgba(150&comma;150&comma;150&comma;0.4); border-radius: 8px; overflow: hidden;'>\n<div style='padding: 15px; background-color: rgba(0&comma;145&comma;255&comma;0.1); border-bottom: 1px solid rgba(150&comma;150&comma;150&comma;0.2); font-weight: bold; font-size: 18px; color: inherit;'>Caracter\u00edsticas F\u00edsicas y El\u00e9ctricas<\/div>\n<div style='padding: 15px; color: inherit;'>\n<ul style='padding-left: 20px; margin: 0; font-size: 14px; list-style-type: disc;'>\n<li style='margin-bottom: 5px;'><strong>Fuente de alimentaci\u00f3n:<\/strong> Entrada 12 Vdc 1A<\/li>\n<li style='margin-bottom: 5px;'><strong>Estandar WIFI:<\/strong> 805.11 b\/g\/n<\/li>\n<li style='margin-bottom: 5px;'><strong>Frec. de comunicaci\u00f3n:<\/strong> 2.4 GHz.<\/li>\n<li style='margin-bottom: 5px;'><strong>Velocidad de transferencia de datos:<\/strong> 130Mb\/s<\/li>\n<li style='margin-bottom: 5px;'><strong>Cifrado:<\/strong> WPA&comma; WPA-2&comma; TKIP<\/li>\n<li style='margin-bottom: 5px;'><strong>Canales de frecuencia datos:<\/strong> 1&comma; 6&comma; 11.<\/li>\n<li style='margin-bottom: 5px;'><strong>Potencia de conexi\u00f3n recomendada:<\/strong> 55 &#8211; 75 dBm<\/li>\n<li style='margin-bottom: 5px;'><strong>Intervalo de temperatura:<\/strong> -30 a 60 \u00b0C<\/li>\n<li style='margin-bottom: 5px;'><strong>Capacidad de Relevador:<\/strong> 120Vac 10A.<\/li>\n<li style='margin-bottom: 5px;'><strong>Dimensiones:<\/strong> 4.3 x 10 x 2 cm<\/li>\n<li style='margin-bottom: 5px;'><strong>Grado de protecci\u00f3n gabinete:<\/strong> IP55<\/li>\n<\/ul><\/div>\n<\/p><\/div>\n<p> <!-- Caracter\u00edsticas Destacadas --> <\/p>\n<div style='border: 1px solid rgba(150&comma;150&comma;150&comma;0.4); border-radius: 8px; overflow: hidden;'>\n<div style='padding: 15px; background-color: rgba(0&comma;145&comma;255&comma;0.1); border-bottom: 1px solid rgba(150&comma;150&comma;150&comma;0.2); font-weight: bold; font-size: 18px; color: inherit;'>Caracter\u00edsticas Destacadas<\/div>\n<div style='padding: 15px; color: inherit;'>\n<p style='margin-bottom: 15px;'>El principal uso y objetivo del m\u00f3dulo WIFI es el control y monitoreo de los energizadores YONUSA (Cercos el\u00e9ctricos).<\/p>\n<p style='margin-bottom: 15px;'>El m\u00f3dulo WIFI se conecta al energizador por medio de conexiones a trav\u00e9s de la kulka de ambos dispositivos permitiendo el encendido y apagado del mismo por medio del bot\u00f3n de control en la aplicaci\u00f3n&comma; notificando al usuario en tiempo real de la acci\u00f3n realizada desde la aplicaci\u00f3n.<\/p>\n<p style='margin-bottom: 15px;'>Adem\u00e1s&comma; la aplicaci\u00f3n cuenta con un bot\u00f3n de p\u00e1nico para controlar el encendido y apagado de la sirena al igual que proporciona una notificaci\u00f3n en el instante que se activa la sirena a causa del energizador<\/p>\n<p style='margin-bottom: 0;'><em>NOTA: se recomienda utilizar alambre de aluminio calibre 14 o 16<\/em><\/p>\n<\/p><\/div>\n<\/p><\/div>\n<\/p><\/div>\n<p> <!-- Separador --> <\/p>\n<hr style='border: 0; border-top: 1px solid rgba(150&comma;150&comma;150&comma;0.3); margin: 30px 0;'> <!-- Im\u00e1genes adicionales --> <\/p>\n<div style='display: flex; flex-direction: column; gap: 20px; margin-bottom: 30px;'>\n<div style='text-align: center;'> <img style='width: 100%; max-width: 940px; height: auto; border: 1px solid rgba(150&comma;150&comma;150&comma;0.3); border-radius: 8px;' src='https:\/\/ftp3.syscom.mx\/usuarios\/vvega\/yonusa\/equipos\/tarjetwifislim\/Linea%20Divisoria.jpg' alt=''> <\/div>\n<div style='text-align: center;'> <img style='width: 100%; max-width: 950px; height: auto; border: 1px solid rgba(150&comma;150&comma;150&comma;0.3); border-radius: 8px;' src='https:\/\/ftp3.syscom.mx\/usuarios\/vvega\/yonusa\/equipos\/tarjetwifiv2\/tarjetwifiv2%20-%20Instalacion.jpg' alt=''> <\/div>\n<\/p><\/div>\n<\/p><\/div>\n","protected":false},"excerpt":{"rendered":"<p>Modulo WIFI SLIM para uso en Energizadores YONUSA \/ Aplicaci\u00f3n sin costo \/ Bot\u00f3n de P\u00e1nico<\/p>\n","protected":false},"featured_media":3397,"comment_status":"open","ping_status":"closed","template":"","meta":[],"product_brand":[],"product_cat":[81],"product_tag":[82,83,84],"class_list":{"0":"post-3398","1":"product","2":"type-product","3":"status-publish","4":"has-post-thumbnail","6":"product_cat-energizadores","7":"product_tag-cercas-electricas","8":"product_tag-energizadores","9":"product_tag-yonusa","11":"first","12":"instock","13":"sale","14":"shipping-taxable","15":"purchasable","16":"product-type-simple"},"_links":{"self":[{"href":"https:\/\/soydeaqui.ddns.net\/pachuca\/index.php\/wp-json\/wp\/v2\/product\/3398","targetHints":{"allow":["GET"]}}],"collection":[{"href":"https:\/\/soydeaqui.ddns.net\/pachuca\/index.php\/wp-json\/wp\/v2\/product"}],"about":[{"href":"https:\/\/soydeaqui.ddns.net\/pachuca\/index.php\/wp-json\/wp\/v2\/types\/product"}],"replies":[{"embeddable":true,"href":"https:\/\/soydeaqui.ddns.net\/pachuca\/index.php\/wp-json\/wp\/v2\/comments?post=3398"}],"wp:featuredmedia":[{"embeddable":true,"href":"https:\/\/soydeaqui.ddns.net\/pachuca\/index.php\/wp-json\/wp\/v2\/media\/3397"}],"wp:attachment":[{"href":"https:\/\/soydeaqui.ddns.net\/pachuca\/index.php\/wp-json\/wp\/v2\/media?parent=3398"}],"wp:term":[{"taxonomy":"product_brand","embeddable":true,"href":"https:\/\/soydeaqui.ddns.net\/pachuca\/index.php\/wp-json\/wp\/v2\/product_brand?post=3398"},{"taxonomy":"product_cat","embeddable":true,"href":"https:\/\/soydeaqui.ddns.net\/pachuca\/index.php\/wp-json\/wp\/v2\/product_cat?post=3398"},{"taxonomy":"product_tag","embeddable":true,"href":"https:\/\/soydeaqui.ddns.net\/pachuca\/index.php\/wp-json\/wp\/v2\/product_tag?post=3398"}],"curies":[{"name":"wp","href":"https:\/\/api.w.org\/{rel}","templated":true}]}}