{"id":33975,"date":"2026-03-18T15:11:07","date_gmt":"2026-03-18T15:11:07","guid":{"rendered":"https:\/\/soydeaqui.ddns.net\/pachuca\/index.php\/producto\/caja-trasera-de-montaje-color-azul-para-estaciones-de-parada-stopper\/"},"modified":"2026-03-18T15:11:12","modified_gmt":"2026-03-18T15:11:12","slug":"caja-trasera-de-montaje-color-azul-para-estaciones-de-parada-stopper","status":"publish","type":"product","link":"https:\/\/soydeaqui.ddns.net\/pachuca\/index.php\/producto\/caja-trasera-de-montaje-color-azul-para-estaciones-de-parada-stopper\/","title":{"rendered":"Caja trasera de montaje color azul para estaciones de parada STOPPER"},"content":{"rendered":"<div style='width: 100%; max-width: 1200px; margin: 0 auto; font-family: sans-serif; line-height: 1.6; color: inherit; background-color: transparent;'> <!-- Informaci\u00f3n General --> <\/p>\n<div style='display: flex; flex-wrap: wrap; gap: 30px; margin-bottom: 30px;'>\n<div style='flex: 1 1 300px; min-width: 280px;'>\n<h3 style='font-size: 22px; border-bottom: 2px solid currentColor; padding-bottom: 5px; margin-top: 0; color: inherit; opacity: 0.8;'>Caracter\u00edsticas Principales<\/h3>\n<ul style='padding-left: 20px; font-size: 15px; color: inherit;'>\n<li style='margin-bottom: 5px;'>Montaje en superficie de 1&comma;5 pulgadas de profundidad<\/li>\n<li style='margin-bottom: 5px;'>Compatible con botones STI color azul<\/li>\n<li style='margin-bottom: 5px;'>Fabricada en policarbonato super resistente<\/li>\n<li style='margin-bottom: 5px;'>Para tipos de activaci\u00f3n 2&comma; 5&comma; 6&comma; 7&comma; 8&comma; 9<\/li>\n<li style='margin-bottom: 5px;'>Uso con estaciones bot\u00f3n\/interruptor universales<\/li>\n<\/ul><\/div>\n<div style='flex: 1 1 300px; min-width: 280px;'>\n<h3 style='font-size: 22px; border-bottom: 2px solid currentColor; padding-bottom: 5px; margin-top: 0; color: inherit; opacity: 0.8;'>Especificaciones T\u00e9cnicas<\/h3>\n<ul style='padding-left: 20px; font-size: 15px; color: inherit;'>\n<li style='margin-bottom: 5px;'><strong>Material:<\/strong> Policarbonato<\/li>\n<li style='margin-bottom: 5px;'><strong>Profundidad:<\/strong> 1.5 pulgadas (38mm)<\/li>\n<li style='margin-bottom: 5px;'><strong>Clasificaci\u00f3n:<\/strong> 5VA de inflamabilidad<\/li>\n<li style='margin-bottom: 5px;'><strong>Temperatura operaci\u00f3n:<\/strong> -40\u00b0 a 121\u00b0C (-40\u00b0 a 250\u00b0F)<\/li>\n<li style='margin-bottom: 5px;'><strong>Normas:<\/strong> UL Listed&comma; cUL&comma; UL 2017&comma; UL 294&comma; CSA C22.2 No. 205<\/li>\n<\/ul><\/div>\n<\/p><\/div>\n<p> <!-- Secci\u00f3n de cards con especificaciones --> <\/p>\n<div style='display: flex; flex-wrap: wrap; gap: 20px; margin-bottom: 30px;'>\n<div style='flex: 1 1 250px; border: 1px solid rgba(150&comma; 150&comma; 150&comma; 0.4); border-radius: 8px; overflow: hidden; display: flex; flex-direction: column;'>\n<div style='padding: 15px; border-bottom: 1px solid rgba(150&comma; 150&comma; 150&comma; 0.2); font-weight: bold; font-size: 18px; color: inherit;'>Dimensiones<\/div>\n<div style='padding: 15px; color: inherit;'>\n<ul style='padding-left: 20px; margin: 0; font-size: 14px; list-style-type: disc;'>\n<li style='margin-bottom: 5px;'><strong>Alto:<\/strong> 4.87 in. (124mm)<\/li>\n<li style='margin-bottom: 5px;'><strong>Ancho:<\/strong> 3.25 in. (82mm)<\/li>\n<li style='margin-bottom: 5px;'><strong>Profundidad:<\/strong> 1.5 pulgadas (38mm)<\/li>\n<li style='margin-bottom: 5px;'><strong>Profundidad interna:<\/strong> 1.45 in. (37mm)<\/li>\n<\/ul><\/div>\n<\/p><\/div>\n<div style='flex: 1 1 250px; border: 1px solid rgba(150&comma; 150&comma; 150&comma; 0.4); border-radius: 8px; overflow: hidden; display: flex; flex-direction: column;'>\n<div style='padding: 15px; border-bottom: 1px solid rgba(150&comma; 150&comma; 150&comma; 0.2); font-weight: bold; font-size: 18px; color: inherit;'>Compatibilidad<\/div>\n<div style='padding: 15px; color: inherit;'>\n<ul style='padding-left: 20px; margin: 0; font-size: 14px; list-style-type: disc;'>\n<li style='margin-bottom: 5px;'>Modelos compatibles: #0&comma; #1&comma; #3&comma; #4 y #7<\/li>\n<li style='margin-bottom: 5px;'>Estaciones de parada STOPPER\u00ae<\/li>\n<li style='margin-bottom: 5px;'>Botones universales STI<\/li>\n<li style='margin-bottom: 5px;'>Interruptores de activaci\u00f3n tipo 2&comma; 5&comma; 6&comma; 7&comma; 8 o 9<\/li>\n<\/ul><\/div>\n<\/p><\/div>\n<div style='flex: 1 1 250px; border: 1px solid rgba(150&comma; 150&comma; 150&comma; 0.4); border-radius: 8px; overflow: hidden; display: flex; flex-direction: column;'>\n<div style='padding: 15px; border-bottom: 1px solid rgba(150&comma; 150&comma; 150&comma; 0.2); font-weight: bold; font-size: 18px; color: inherit;'>Recomendaciones de Instalaci\u00f3n<\/div>\n<div style='padding: 15px; color: inherit;'>\n<ul style='padding-left: 20px; margin: 0; font-size: 14px; list-style-type: disc;'>\n<li style='margin-bottom: 5px;'>Usar espaciador SUB-102722-color si se requiere mayor profundidad<\/li>\n<li style='margin-bottom: 5px;'>Recomendado para cajas est\u00e1ndar de una ganga<\/li>\n<li style='margin-bottom: 5px;'>Para instalaci\u00f3n en superficies&comma; usar tornillos #6 x 1-1\/4 in. (4 prove\u00eddos)<\/li>\n<li style='margin-bottom: 5px;'>Placa posterior con inserto de acero inoxidable<\/li>\n<\/ul><\/div>\n<\/p><\/div>\n<\/p><\/div>\n<p> <!-- Secci\u00f3n de garant\u00eda y aprobaciones --> <\/p>\n<div style='display: flex; flex-wrap: wrap; gap: 30px; margin-bottom: 30px;'>\n<div style='flex: 1 1 300px; min-width: 280px;'>\n<h3 style='font-size: 22px; border-bottom: 2px solid currentColor; padding-bottom: 5px; margin-top: 0; color: inherit; opacity: 0.8;'>Aprobaciones<\/h3>\n<ul style='padding-left: 20px; font-size: 15px; color: inherit;'>\n<li style='margin-bottom: 5px;'>UL\/cUL File No. S7255<\/li>\n<li style='margin-bottom: 5px;'>UL 2017 &#8211; Uso interior y exterior (excepto bot\u00f3n #8)<\/li>\n<li style='margin-bottom: 5px;'>UL 294 &#8211; Para control de acceso<\/li>\n<li style='margin-bottom: 5px;'>CSA C22.2 No. 205<\/li>\n<li style='margin-bottom: 5px;'>ADA Compliant (excepto bot\u00f3n #3)<\/li>\n<\/ul><\/div>\n<div style='flex: 1 1 300px; min-width: 280px;'>\n<h3 style='font-size: 22px; border-bottom: 2px solid currentColor; padding-bottom: 5px; margin-top: 0; color: inherit; opacity: 0.8;'>Garant\u00eda<\/h3>\n<ul style='padding-left: 20px; font-size: 15px; color: inherit;'>\n<li style='margin-bottom: 5px;'>3 a\u00f1os contra rotura del policarbonato en uso normal<\/li>\n<li style='margin-bottom: 5px;'>1 a\u00f1o en componentes electromec\u00e1nicos y electr\u00f3nicos<\/li>\n<\/ul><\/div>\n<\/p><\/div>\n<p> <!-- Separador final --> <\/p>\n<hr style='border: 0; border-top: 1px solid rgba(150&comma; 150&comma; 150&comma; 0.3); margin: 30px 0;'> <\/div>\n","protected":false},"excerpt":{"rendered":"<p>Caja trasera de montaje color azul para estaciones de parada STOPPER<\/p>\n","protected":false},"featured_media":33974,"comment_status":"open","ping_status":"closed","template":"","meta":[],"product_brand":[],"product_cat":[524],"product_tag":[93,522,169],"class_list":{"0":"post-33975","1":"product","2":"type-product","3":"status-publish","4":"has-post-thumbnail","6":"product_cat-accesorios-dispositivos-convencionales","7":"product_tag-accesorios","8":"product_tag-dispositivos-convencionales","9":"product_tag-sti","11":"first","12":"instock","13":"sale","14":"shipping-taxable","15":"purchasable","16":"product-type-simple"},"_links":{"self":[{"href":"https:\/\/soydeaqui.ddns.net\/pachuca\/index.php\/wp-json\/wp\/v2\/product\/33975","targetHints":{"allow":["GET"]}}],"collection":[{"href":"https:\/\/soydeaqui.ddns.net\/pachuca\/index.php\/wp-json\/wp\/v2\/product"}],"about":[{"href":"https:\/\/soydeaqui.ddns.net\/pachuca\/index.php\/wp-json\/wp\/v2\/types\/product"}],"replies":[{"embeddable":true,"href":"https:\/\/soydeaqui.ddns.net\/pachuca\/index.php\/wp-json\/wp\/v2\/comments?post=33975"}],"wp:featuredmedia":[{"embeddable":true,"href":"https:\/\/soydeaqui.ddns.net\/pachuca\/index.php\/wp-json\/wp\/v2\/media\/33974"}],"wp:attachment":[{"href":"https:\/\/soydeaqui.ddns.net\/pachuca\/index.php\/wp-json\/wp\/v2\/media?parent=33975"}],"wp:term":[{"taxonomy":"product_brand","embeddable":true,"href":"https:\/\/soydeaqui.ddns.net\/pachuca\/index.php\/wp-json\/wp\/v2\/product_brand?post=33975"},{"taxonomy":"product_cat","embeddable":true,"href":"https:\/\/soydeaqui.ddns.net\/pachuca\/index.php\/wp-json\/wp\/v2\/product_cat?post=33975"},{"taxonomy":"product_tag","embeddable":true,"href":"https:\/\/soydeaqui.ddns.net\/pachuca\/index.php\/wp-json\/wp\/v2\/product_tag?post=33975"}],"curies":[{"name":"wp","href":"https:\/\/api.w.org\/{rel}","templated":true}]}}