{"id":33909,"date":"2026-03-18T15:09:40","date_gmt":"2026-03-18T15:09:40","guid":{"rendered":"https:\/\/soydeaqui.ddns.net\/pachuca\/index.php\/producto\/pertiga-telescopica-para-prueba-de-detectores-desde-1-5-hasta-4-5m-15-ft-soporta-extensiones-solo-101-para-mayor-altura\/"},"modified":"2026-03-18T15:09:40","modified_gmt":"2026-03-18T15:09:40","slug":"pertiga-telescopica-para-prueba-de-detectores-desde-1-5-hasta-4-5m-15-ft-soporta-extensiones-solo-101-para-mayor-altura","status":"publish","type":"product","link":"https:\/\/soydeaqui.ddns.net\/pachuca\/index.php\/producto\/pertiga-telescopica-para-prueba-de-detectores-desde-1-5-hasta-4-5m-15-ft-soporta-extensiones-solo-101-para-mayor-altura\/","title":{"rendered":"P\u00e9rtiga telesc\u00f3pica para prueba de detectores desde 1.5 hasta 4.5m (15 ft), soporta extensiones SOLO-101 para mayor altura"},"content":{"rendered":"<div style='width: 100%; max-width: 1200px; margin: 0 auto; font-family: sans-serif; line-height: 1.6; color: inherit; background-color: transparent;'> <!-- Secci\u00f3n de descripci\u00f3n --> <\/p>\n<div style='margin-bottom: 30px;'>\n<p style='margin-bottom: 15px; font-size: 15px; color: inherit; text-align: justify;'> En la mayor\u00eda de los casos&comma; los techos son demasiado altos (hasta 9m) para alcanzar y poder hacer la prueba que exige la norma <strong style='color: inherit;'>NFPA72<\/strong> del 100% en detectores de humo&comma; temperatura&comma; mon\u00f3xido de carbono&comma; etc.&comma; lo cual implica usar andamios&comma; escaleras o plataformas el\u00e9ctricas. Esto aumenta el riesgo de accidentes al trabajar en grandes alturas&comma; se pierde tiempo en los mantenimientos y se elevan los costos del servicio. <\/p>\n<p style='margin-bottom: 15px; font-size: 15px; color: inherit; text-align: justify;'> <em style='color: #e74c3c;'>Las p\u00e9rtigas telesc\u00f3picas seccionales de fibra de vidrio son totalmente portables&comma; sumamente ligeras&comma; permitiendo que una sola persona pueda realizar el mantenimiento de los detectores&comma; y son altamente duraderas<\/em>. Son la soluci\u00f3n ideal para integradores dedicados al servicio de sistemas de detecci\u00f3n de incendios. <\/p>\n<p style='margin-bottom: 15px; font-size: 15px; color: inherit; text-align: justify;'> Tambi\u00e9n se ofrecen en conjunto con las p\u00e9rtigas una amplia gama de dispensadores manuales y electr\u00f3nicos&comma; para probar los detectores de humo\/temperatura y mon\u00f3xido de carbono de una manera sencilla&comma; r\u00e1pida y totalmente segura sin despegar los pies del suelo. <em style='color: #e74c3c;'>Evita as\u00ed el riesgo de accidentes por ca\u00eddas del t\u00e9cnico&comma; reduciendo costos y tiempo del mantenimiento.<\/em> <\/p>\n<\/p><\/div>\n<p> <!-- Secci\u00f3n de caracter\u00edsticas --> <\/p>\n<div style='display: flex; flex-wrap: wrap; gap: 30px; margin-bottom: 30px;'>\n<div style='flex: 1 1 300px; min-width: 280px;'>\n<h3 style='font-size: 22px; border-bottom: 2px solid currentColor; padding-bottom: 5px; margin-top: 0; color: inherit; opacity: 0.8;'>Caracter\u00edsticas principales<\/h3>\n<ul style='padding-left: 20px; font-size: 15px; color: inherit;'>\n<li style='margin-bottom: 5px;'><strong style='color: inherit;'>Certificados:<\/strong> Como No Conductivos<\/li>\n<li style='margin-bottom: 5px;'><strong style='color: inherit;'>Peso:<\/strong> Super ligero<\/li>\n<li style='margin-bottom: 5px;'><strong style='color: inherit;'>Facilidad:<\/strong> F\u00e1ciles de usar y manipular<\/li>\n<li style='margin-bottom: 5px;'><strong style='color: inherit;'>Protecci\u00f3n:<\/strong> Protege al t\u00e9cnico y a los detectores de cortocircuitos<\/li>\n<li style='margin-bottom: 5px;'><strong style='color: inherit;'>Compatibilidad:<\/strong> Con todos los cabezales de la serie SOLO&comma; Testifire&comma; Trusted&comma; etc.<\/li>\n<li style='margin-bottom: 5px;'><strong style='color: inherit;'>Garant\u00eda:<\/strong> Limitada de por vida<\/li>\n<li style='margin-bottom: 5px;'><strong style='color: inherit;'>Extensiones:<\/strong> Agrega hasta tres extensiones SOLO-101 de 1.2m (4 ft) para prueba de detectores hasta casi 9m (29.5 ft)<\/li>\n<li style='margin-bottom: 5px;'><strong style='color: inherit;'>Flexi\u00f3n:<\/strong> Se dobla muy poco y tiene efecto l\u00e1tigo m\u00ednimo en altura<\/li>\n<li style='margin-bottom: 5px;'><strong style='color: inherit;'>Secciones:<\/strong> 4 secciones extensibles<\/li>\n<\/ul><\/div>\n<\/p><\/div>\n<p> <!-- Secci\u00f3n de video --> <\/p>\n<div style='margin-bottom: 30px;'>\n<div style='position: relative; padding-bottom: 56.25%; height: 0; overflow: hidden; margin-bottom: 30px;'>   <\/div>\n<\/p><\/div>\n<p> <!-- Separador --> <\/p>\n<hr style='border: 0; border-top: 1px solid rgba(150&comma; 150&comma; 150&comma; 0.3); margin: 30px 0;'> <\/div>\n","protected":false},"excerpt":{"rendered":"<p>P\u00e9rtiga telesc\u00f3pica para prueba de detectores desde 1.5 hasta 4.5m (15 ft), soporta extensiones SOLO-101 para mayor altura<\/p>\n","protected":false},"featured_media":33908,"comment_status":"open","ping_status":"closed","template":"","meta":[],"product_brand":[],"product_cat":[731],"product_tag":[26,25,403],"class_list":{"0":"post-33909","1":"product","2":"type-product","3":"status-publish","4":"has-post-thumbnail","6":"product_cat-accesorios-de-instalacion-herramientas-deteccion-de-fuego","7":"product_tag-accesorios-de-instalacion","8":"product_tag-herramientas","9":"product_tag-sdi","11":"first","12":"instock","13":"sale","14":"shipping-taxable","15":"purchasable","16":"product-type-simple"},"_links":{"self":[{"href":"https:\/\/soydeaqui.ddns.net\/pachuca\/index.php\/wp-json\/wp\/v2\/product\/33909","targetHints":{"allow":["GET"]}}],"collection":[{"href":"https:\/\/soydeaqui.ddns.net\/pachuca\/index.php\/wp-json\/wp\/v2\/product"}],"about":[{"href":"https:\/\/soydeaqui.ddns.net\/pachuca\/index.php\/wp-json\/wp\/v2\/types\/product"}],"replies":[{"embeddable":true,"href":"https:\/\/soydeaqui.ddns.net\/pachuca\/index.php\/wp-json\/wp\/v2\/comments?post=33909"}],"wp:featuredmedia":[{"embeddable":true,"href":"https:\/\/soydeaqui.ddns.net\/pachuca\/index.php\/wp-json\/wp\/v2\/media\/33908"}],"wp:attachment":[{"href":"https:\/\/soydeaqui.ddns.net\/pachuca\/index.php\/wp-json\/wp\/v2\/media?parent=33909"}],"wp:term":[{"taxonomy":"product_brand","embeddable":true,"href":"https:\/\/soydeaqui.ddns.net\/pachuca\/index.php\/wp-json\/wp\/v2\/product_brand?post=33909"},{"taxonomy":"product_cat","embeddable":true,"href":"https:\/\/soydeaqui.ddns.net\/pachuca\/index.php\/wp-json\/wp\/v2\/product_cat?post=33909"},{"taxonomy":"product_tag","embeddable":true,"href":"https:\/\/soydeaqui.ddns.net\/pachuca\/index.php\/wp-json\/wp\/v2\/product_tag?post=33909"}],"curies":[{"name":"wp","href":"https:\/\/api.w.org\/{rel}","templated":true}]}}