{"id":33904,"date":"2026-03-18T15:09:33","date_gmt":"2026-03-18T15:09:33","guid":{"rendered":"https:\/\/soydeaqui.ddns.net\/pachuca\/index.php\/producto\/analizador-emisor-optico-de-alta-potencia-a-baterias-requiere-analizador-receptor-osi-10-osi-90-y-kit-de-instalacion-osid-inst-no-incluidos\/"},"modified":"2026-03-18T15:09:38","modified_gmt":"2026-03-18T15:09:38","slug":"analizador-emisor-optico-de-alta-potencia-a-baterias-requiere-analizador-receptor-osi-10-osi-90-y-kit-de-instalacion-osid-inst-no-incluidos","status":"publish","type":"product","link":"https:\/\/soydeaqui.ddns.net\/pachuca\/index.php\/producto\/analizador-emisor-optico-de-alta-potencia-a-baterias-requiere-analizador-receptor-osi-10-osi-90-y-kit-de-instalacion-osid-inst-no-incluidos\/","title":{"rendered":"Analizador Emisor \u00d3ptico de Alta Potencia a Bater\u00edas, Requiere Analizador Receptor OSI-10, OSI-90 y Kit de Instalaci\u00f3n OSID-INST (NO INCLUIDOS)"},"content":{"rendered":"<div style='width: 100%; max-width: 1200px; margin: 0 auto; font-family: sans-serif; line-height: 1.6; color: inherit; background-color: transparent;'> <!-- Secci\u00f3n de contenido con flex\/grid --> <\/p>\n<div style='display: flex; flex-wrap: wrap; gap: 30px; margin-bottom: 30px;'>\n<div style='flex: 1 1 300px; min-width: 280px;'>\n<p style='font-size: 15px; color: inherit;'>La detecci\u00f3n \u00f3ptica de humo en \u00e1reas sin obstrucci\u00f3n de OSID es la m\u00e1s nueva tecnolog\u00eda de detecci\u00f3n lineal basada en el uso de luz en dos longitudes de onda diferentes y un receptor \u00f3ptico&comma; lo que permite una calidad de detecci\u00f3n sin precedentes en este tipo de instalaciones.<\/p>\n<p style='font-size: 15px; color: inherit;'>OSID proporciona una soluci\u00f3n de bajo costo&comma; fiable y f\u00e1cil de instalar que soluciona los t\u00edpicos problemas de los detectores fotoel\u00e9ctricos de humo por barrera&comma; como la incidencia de falsas alarmas y las dificultades de alineaci\u00f3n.<\/p>\n<\/p><\/div>\n<\/p><\/div>\n<p> <!-- Secci\u00f3n de caracter\u00edsticas --> <\/p>\n<div style='display: flex; flex-wrap: wrap; gap: 30px; margin-bottom: 30px;'>\n<div style='flex: 1 1 300px; min-width: 280px;'>\n<h3 style='font-size: 22px; border-bottom: 2px solid currentColor; padding-bottom: 5px; margin-top: 0; color: inherit; opacity: 0.8;'>Caracter\u00edsticas<\/h3>\n<ul style='padding-left: 20px; font-size: 15px; color: inherit;'>\n<li style='margin-bottom: 5px;'>M\u00e1ximo rango de detecci\u00f3n de 200 m (se recomienda no rebasar 150m)<\/li>\n<li style='margin-bottom: 5px;'>LED de estado para fuego&comma; aver\u00edas y alimentaci\u00f3n<\/li>\n<li style='margin-bottom: 5px;'>Elevada inmunidad a falsas alarmas<\/li>\n<li style='margin-bottom: 5px;'>3 niveles de sensibilidad (Baja&comma; media y alta)<\/li>\n<li style='margin-bottom: 5px;'>Elevada inmunidad a objetos s\u00f3lidos y polvo<\/li>\n<li style='margin-bottom: 5px;'>F\u00e1cil alineaci\u00f3n con amplios \u00e1ngulos de ajuste y visualizaci\u00f3n<\/li>\n<li style='margin-bottom: 5px;'>No necesita una alineaci\u00f3n precisa<\/li>\n<li style='margin-bottom: 5px;'>Tolerante a los desv\u00edos de alineaci\u00f3n<\/li>\n<li style='margin-bottom: 5px;'>Configuraci\u00f3n autom\u00e1tica en menos de 10 minutos<\/li>\n<li style='margin-bottom: 5px;'>Configuraci\u00f3n sencilla mediante conmutadores Dipswitch<\/li>\n<li style='margin-bottom: 5px;'>Detecci\u00f3n de humo basado en LED de longitud de onda dual<\/li>\n<li style='margin-bottom: 5px;'>Requisitos m\u00ednimos de mantenimiento<\/li>\n<li style='margin-bottom: 5px;'>Integraci\u00f3n sencilla con el sistema contra incendios<\/li>\n<li style='margin-bottom: 5px;'>Alimentaci\u00f3n: Bater\u00eda incluida (OSE-RBA)<\/li>\n<li style='margin-bottom: 5px;'>Temperatura de operaci\u00f3n: -10 a 55 \u00b0C<\/li>\n<li style='margin-bottom: 5px;'>Dimensiones: 198 x 130 x 96 mm<\/li>\n<\/ul><\/div>\n<\/p><\/div>\n<p> <!-- Separador --> <\/p>\n<hr style='border: 0; border-top: 1px solid rgba(150&comma; 150&comma; 150&comma; 0.3); margin: 30px 0;'> <\/div>\n","protected":false},"excerpt":{"rendered":"<p>Analizador Emisor \u00d3ptico de Alta Potencia a Bater\u00edas, Requiere Analizador Receptor OSI-10, OSI-90 y Kit de Instalaci\u00f3n OSID-INST (NO INCLUIDOS)<\/p>\n","protected":false},"featured_media":33903,"comment_status":"open","ping_status":"closed","template":"","meta":[],"product_brand":[],"product_cat":[1015],"product_tag":[1016,522,1012],"class_list":{"0":"post-33904","1":"product","2":"type-product","3":"status-publish","4":"has-post-thumbnail","6":"product_cat-detectores-de-tipo-beam","7":"product_tag-detectores-de-tipo-beam","8":"product_tag-dispositivos-convencionales","9":"product_tag-xtralis","11":"first","12":"outofstock","13":"sale","14":"shipping-taxable","15":"purchasable","16":"product-type-simple"},"_links":{"self":[{"href":"https:\/\/soydeaqui.ddns.net\/pachuca\/index.php\/wp-json\/wp\/v2\/product\/33904","targetHints":{"allow":["GET"]}}],"collection":[{"href":"https:\/\/soydeaqui.ddns.net\/pachuca\/index.php\/wp-json\/wp\/v2\/product"}],"about":[{"href":"https:\/\/soydeaqui.ddns.net\/pachuca\/index.php\/wp-json\/wp\/v2\/types\/product"}],"replies":[{"embeddable":true,"href":"https:\/\/soydeaqui.ddns.net\/pachuca\/index.php\/wp-json\/wp\/v2\/comments?post=33904"}],"wp:featuredmedia":[{"embeddable":true,"href":"https:\/\/soydeaqui.ddns.net\/pachuca\/index.php\/wp-json\/wp\/v2\/media\/33903"}],"wp:attachment":[{"href":"https:\/\/soydeaqui.ddns.net\/pachuca\/index.php\/wp-json\/wp\/v2\/media?parent=33904"}],"wp:term":[{"taxonomy":"product_brand","embeddable":true,"href":"https:\/\/soydeaqui.ddns.net\/pachuca\/index.php\/wp-json\/wp\/v2\/product_brand?post=33904"},{"taxonomy":"product_cat","embeddable":true,"href":"https:\/\/soydeaqui.ddns.net\/pachuca\/index.php\/wp-json\/wp\/v2\/product_cat?post=33904"},{"taxonomy":"product_tag","embeddable":true,"href":"https:\/\/soydeaqui.ddns.net\/pachuca\/index.php\/wp-json\/wp\/v2\/product_tag?post=33904"}],"curies":[{"name":"wp","href":"https:\/\/api.w.org\/{rel}","templated":true}]}}