{"id":33900,"date":"2026-03-18T15:09:28","date_gmt":"2026-03-18T15:09:28","guid":{"rendered":"https:\/\/soydeaqui.ddns.net\/pachuca\/index.php\/producto\/certificacion-virtual-fire-lite\/"},"modified":"2026-03-18T15:09:29","modified_gmt":"2026-03-18T15:09:29","slug":"certificacion-virtual-fire-lite","status":"publish","type":"product","link":"https:\/\/soydeaqui.ddns.net\/pachuca\/index.php\/producto\/certificacion-virtual-fire-lite\/","title":{"rendered":"Certificaci\u00f3n Virtual Fire Lite."},"content":{"rendered":"<div style='width: 100%; max-width: 1200px; margin: 0 auto; font-family: sans-serif; line-height: 1.6; color: inherit; background-color: transparent;'>\n<div style='margin-bottom: 30px;'>\n<p style='font-size: 16px; color: inherit; margin: 0;'>Entrenamiento Virtual Certificado por Honeywell Fire Lite.<\/p>\n<p style='font-size: 16px; color: inherit; margin: 10px 0 0 0;'>Academia Fire-Lite Serie Endurance<\/p>\n<\/p><\/div>\n<div style='margin-bottom: 30px;'>\n<p style='font-size: 15px; color: inherit; margin: 0;'>Al comprar este kit se podr\u00e1n certificar 2 personas. Una vez pagado el kit&comma; favor de enviar un correo a <a href='mailto:jonathan.medina@syscom.mx' style='color: #007bff; text-decoration: underline;'>jonathan.medina@syscom.mx<\/a> y <a href='mailto:manlio.velazquez@syscom.mx' style='color: #007bff; text-decoration: underline;'>manlio.velazquez@syscom.mx<\/a> ya que es cupo limitado.<\/p>\n<\/p><\/div>\n<div style='margin-bottom: 30px;'>\n<h3 style='font-size: 20px; border-bottom: 2px solid currentColor; padding-bottom: 5px; margin-top: 0; margin-bottom: 15px; color: inherit; opacity: 0.8;'>Duraci\u00f3n del curso<\/h3>\n<div style='margin-bottom: 20px;'>\n<h4 style='font-size: 16px; margin-top: 0; margin-bottom: 10px; color: inherit;'>Semana 1:<\/h4>\n<p style='font-size: 15px; color: inherit; margin: 0;'>Al pagar el kit y enviar el correo de registro&comma; el estudiante ser\u00e1 dado de alta en una plataforma de Honeywell donde podr\u00e1 ver v\u00eddeos de precertificaci\u00f3n.<\/p>\n<\/p><\/div>\n<div style='margin-bottom: 20px;'>\n<h4 style='font-size: 16px; margin-top: 0; margin-bottom: 10px; color: inherit;'>Semana 2:<\/h4>\n<p style='font-size: 15px; color: inherit; margin: 0;'>Al cumplir con los requisitos autom\u00e1ticamente se pasa a la certificaci\u00f3n virtual&comma; de 3 d\u00edas.<\/p>\n<\/p><\/div>\n<\/p><\/div>\n<div style='margin-bottom: 30px;'>\n<p style='font-size: 15px; color: inherit; margin: 0;'><strong>\u00a1Practicas en vivo con uso de la plataforma Gotomeeting!<\/strong><\/p>\n<\/p><\/div>\n<div style='margin-bottom: 30px;'>\n<div style='border: 1px solid rgba(150&comma; 150&comma; 150&comma; 0.4); border-radius: 8px; padding: 15px; background-color: rgba(255&comma; 255&comma; 255&comma; 0.03);'>\n<p style='font-size: 15px; color: inherit; margin: 0;'><strong>NOTA:<\/strong> EL KIT ESTA SUJETO A DISPONIBILIDAD DE SUS COMPONENTES&comma; POR LO TANTO EL CONTENIDO PUEDE O NO INCLUIR TODOS LOS MODELOS O PUEDE HABER UN CAMBIO&comma; EN CASO DE NO HABER EXISTENCIA DE ALGUN MODELO AUN SE PUEDE COMPRAR EL KIT&comma; NO SE COBRAN LOS COMPONENTES CON LOS QUE NO SE CUENTE CON STOCK<\/p>\n<\/p><\/div>\n<\/p><\/div>\n<div style='margin-bottom: 30px;'> <img style='width: 100%; height: auto; border: 1px solid rgba(150&comma;150&comma;150&comma;0.3); border-radius: 8px;' src='https:\/\/ftp3.syscom.mx\/usuarios\/fotos\/EXPERTAFL\/187918-requerimientos.jpg' alt=''> <\/div>\n<div style='margin-bottom: 30px;'>\n<h3 style='font-size: 20px; border-bottom: 2px solid currentColor; padding-bottom: 5px; margin-top: 0; margin-bottom: 15px; color: inherit; opacity: 0.8;'>Contenido del Kit<\/h3>\n<ul style='padding-left: 20px; font-size: 15px; color: inherit; list-style-type: disc;'>\n<li style='margin-bottom: 5px;'>1 ES-50XI (sujeto a cambio por disponibilidad)<\/li>\n<li style='margin-bottom: 5px;'>1 ANN80<\/li>\n<li style='margin-bottom: 5px;'>2 SD365<\/li>\n<li style='margin-bottom: 5px;'>2 BG-12LX<\/li>\n<li style='margin-bottom: 5px;'>2 P2RL (el modelo de sirena\/estrobo puede variar dependiendo de la disponibilidad)<\/li>\n<li style='margin-bottom: 5px;'>1 MDF-300<\/li>\n<li style='margin-bottom: 5px;'>1 CMF-300<\/li>\n<li style='margin-bottom: 5px;'>1 CRF-300<\/li>\n<li style='margin-bottom: 5px;'>2 PL712 (sujeto a disponibilidad&comma; si no hay existencia llevar sus propias bater\u00edas o cotizar PS-1270-F2 o PS-12120-F2)<\/li>\n<\/ul><\/div>\n<div style='margin-bottom: 30px;'>\n<div style='border: 1px solid rgba(150&comma; 150&comma; 150&comma; 0.4); border-radius: 8px; padding: 15px; background-color: rgba(255&comma; 255&comma; 255&comma; 0.03);'>\n<p style='font-size: 15px; color: inherit; margin: 0;'><strong>Recomendaci\u00f3n ante el COVID-19:<\/strong> SYSCOM recomienda el uso de cubre bocas en todo momento y respetar las medidas establecidas por el gobierno como el aislamiento y la sana distancia&comma; esto con el fin de prevenir el riesgo de contagio.<\/p>\n<\/p><\/div>\n<\/p><\/div>\n<div style='margin-bottom: 30px;'>\n<p style='font-size: 15px; color: inherit; margin: 0;'><strong>Nota:<\/strong> El kit puede variar dependiendo de la disponibilidad de los paneles&comma; por lo tanto el precio puede variar.<\/p>\n<\/p><\/div>\n<div>\n<p style='font-size: 15px; color: inherit; margin: 0;'>SI NO PUEDE COTIZAR EL KIT FAVOR DE ENVIAR UN CORREO A JONATHAN.MEDINA@SYSCOM.MX<\/p>\n<\/p><\/div>\n<\/p><\/div>\n","protected":false},"excerpt":{"rendered":"<p>Certificaci\u00f3n Virtual Fire Lite.<\/p>\n","protected":false},"featured_media":33899,"comment_status":"open","ping_status":"closed","template":"","meta":[],"product_brand":[],"product_cat":[443],"product_tag":[541,444,225],"class_list":{"0":"post-33900","1":"product","2":"type-product","3":"status-publish","4":"has-post-thumbnail","6":"product_cat-todo-paneles-de-incendio","7":"product_tag-fire-lite","8":"product_tag-paneles-de-incendio","9":"product_tag-todo","11":"first","12":"instock","13":"sale","14":"shipping-taxable","15":"purchasable","16":"product-type-simple"},"_links":{"self":[{"href":"https:\/\/soydeaqui.ddns.net\/pachuca\/index.php\/wp-json\/wp\/v2\/product\/33900","targetHints":{"allow":["GET"]}}],"collection":[{"href":"https:\/\/soydeaqui.ddns.net\/pachuca\/index.php\/wp-json\/wp\/v2\/product"}],"about":[{"href":"https:\/\/soydeaqui.ddns.net\/pachuca\/index.php\/wp-json\/wp\/v2\/types\/product"}],"replies":[{"embeddable":true,"href":"https:\/\/soydeaqui.ddns.net\/pachuca\/index.php\/wp-json\/wp\/v2\/comments?post=33900"}],"wp:featuredmedia":[{"embeddable":true,"href":"https:\/\/soydeaqui.ddns.net\/pachuca\/index.php\/wp-json\/wp\/v2\/media\/33899"}],"wp:attachment":[{"href":"https:\/\/soydeaqui.ddns.net\/pachuca\/index.php\/wp-json\/wp\/v2\/media?parent=33900"}],"wp:term":[{"taxonomy":"product_brand","embeddable":true,"href":"https:\/\/soydeaqui.ddns.net\/pachuca\/index.php\/wp-json\/wp\/v2\/product_brand?post=33900"},{"taxonomy":"product_cat","embeddable":true,"href":"https:\/\/soydeaqui.ddns.net\/pachuca\/index.php\/wp-json\/wp\/v2\/product_cat?post=33900"},{"taxonomy":"product_tag","embeddable":true,"href":"https:\/\/soydeaqui.ddns.net\/pachuca\/index.php\/wp-json\/wp\/v2\/product_tag?post=33900"}],"curies":[{"name":"wp","href":"https:\/\/api.w.org\/{rel}","templated":true}]}}