{"id":33842,"date":"2026-03-18T15:08:07","date_gmt":"2026-03-18T15:08:07","guid":{"rendered":"https:\/\/soydeaqui.ddns.net\/pachuca\/index.php\/producto\/broca-reforzada-phillips-del-2-de-3-paquete-con-2-piezas\/"},"modified":"2026-03-18T15:08:08","modified_gmt":"2026-03-18T15:08:08","slug":"broca-reforzada-phillips-del-2-de-3-paquete-con-2-piezas","status":"publish","type":"product","link":"https:\/\/soydeaqui.ddns.net\/pachuca\/index.php\/producto\/broca-reforzada-phillips-del-2-de-3-paquete-con-2-piezas\/","title":{"rendered":"Broca reforzada phillips del # 2 de 3&#8243;, paquete con 2 piezas."},"content":{"rendered":"<div style='width: 100%; max-width: 1200px; margin: 0 auto; font-family: sans-serif; line-height: 1.6; color: inherit; background-color: transparent;'>\n<div style='display: flex; flex-wrap: wrap; gap: 30px; margin-bottom: 30px;'>\n<div style='flex: 1 1 300px; min-width: 280px;'>\n<h3 style='font-size: 22px; border-bottom: 2px solid currentColor; padding-bottom: 5px; margin-top: 0; color: inherit; opacity: 0.8;'>Especificaciones:<\/h3>\n<ul style='padding-left: 20px; font-size: 15px; color: inherit;'>\n<li style='margin-bottom: 5px;'><span style='color: inherit;'>Puntas mecanizadas de precisi\u00f3n&comma; anillos de torsi\u00f3n de pulso&comma; zona de torsi\u00f3n optimizada y acero \u00fanico&comma; se combinan para ofrecer un rendimiento general mejorado y una vida \u00fatil de bits<\/span><\/li>\n<li style='margin-bottom: 5px;'><span style='color: inherit;'>Dura hasta 90 veces m\u00e1s que las brocas de impacto est\u00e1ndar.<\/span><\/li>\n<li style='margin-bottom: 5px;'><span style='color: inherit;'>Las puntas mecanizadas de precisi\u00f3n proporcionan un ajuste de contacto completo superior para una mayor potencia de sujeci\u00f3n y una vida \u00fatil m\u00e1s larga.<\/span><\/li>\n<li style='margin-bottom: 5px;'><span style='color: inherit;'>Los anillos de torsi\u00f3n de pulso ayudan a dispersar la energ\u00eda de impacto a trav\u00e9s de la zona de torsi\u00f3n y fuera de la punta de la broca.<\/span><\/li>\n<li style='margin-bottom: 5px;'><span style='color: inherit;'>La geometr\u00eda optimizada de la zona de torsi\u00f3n facilita una transferencia ideal de energ\u00eda de impacto para mejorar la vida \u00fatil de la broca<\/span><\/li>\n<\/ul>\n<\/div>\n<\/div>\n<\/div>\n<\/div>\n","protected":false},"excerpt":{"rendered":"<p>Broca reforzada phillips del # 2 de 3&#8243;, paquete con 2 piezas.<\/p>\n","protected":false},"featured_media":33841,"comment_status":"open","ping_status":"closed","template":"","meta":[],"product_brand":[],"product_cat":[24],"product_tag":[26,25,252],"class_list":{"0":"post-33842","1":"product","2":"type-product","3":"status-publish","4":"has-post-thumbnail","6":"product_cat-accesorios-de-instalacion","7":"product_tag-accesorios-de-instalacion","8":"product_tag-herramientas","9":"product_tag-makita","11":"first","12":"outofstock","13":"sale","14":"shipping-taxable","15":"purchasable","16":"product-type-simple"},"_links":{"self":[{"href":"https:\/\/soydeaqui.ddns.net\/pachuca\/index.php\/wp-json\/wp\/v2\/product\/33842","targetHints":{"allow":["GET"]}}],"collection":[{"href":"https:\/\/soydeaqui.ddns.net\/pachuca\/index.php\/wp-json\/wp\/v2\/product"}],"about":[{"href":"https:\/\/soydeaqui.ddns.net\/pachuca\/index.php\/wp-json\/wp\/v2\/types\/product"}],"replies":[{"embeddable":true,"href":"https:\/\/soydeaqui.ddns.net\/pachuca\/index.php\/wp-json\/wp\/v2\/comments?post=33842"}],"wp:featuredmedia":[{"embeddable":true,"href":"https:\/\/soydeaqui.ddns.net\/pachuca\/index.php\/wp-json\/wp\/v2\/media\/33841"}],"wp:attachment":[{"href":"https:\/\/soydeaqui.ddns.net\/pachuca\/index.php\/wp-json\/wp\/v2\/media?parent=33842"}],"wp:term":[{"taxonomy":"product_brand","embeddable":true,"href":"https:\/\/soydeaqui.ddns.net\/pachuca\/index.php\/wp-json\/wp\/v2\/product_brand?post=33842"},{"taxonomy":"product_cat","embeddable":true,"href":"https:\/\/soydeaqui.ddns.net\/pachuca\/index.php\/wp-json\/wp\/v2\/product_cat?post=33842"},{"taxonomy":"product_tag","embeddable":true,"href":"https:\/\/soydeaqui.ddns.net\/pachuca\/index.php\/wp-json\/wp\/v2\/product_tag?post=33842"}],"curies":[{"name":"wp","href":"https:\/\/api.w.org\/{rel}","templated":true}]}}