{"id":33836,"date":"2026-03-18T15:07:57","date_gmt":"2026-03-18T15:07:57","guid":{"rendered":"https:\/\/soydeaqui.ddns.net\/pachuca\/index.php\/producto\/certificacion-virtual-de-deteccion-por-aspiracion-y-lineal-de-temperatura-safe\/"},"modified":"2026-03-18T15:07:58","modified_gmt":"2026-03-18T15:07:58","slug":"certificacion-virtual-de-deteccion-por-aspiracion-y-lineal-de-temperatura-safe","status":"publish","type":"product","link":"https:\/\/soydeaqui.ddns.net\/pachuca\/index.php\/producto\/certificacion-virtual-de-deteccion-por-aspiracion-y-lineal-de-temperatura-safe\/","title":{"rendered":"Certificaci\u00f3n Virtual de Detecci\u00f3n por Aspiraci\u00f3n  y Lineal de Temperatura SAFE"},"content":{"rendered":"<div style='width: 100%; max-width: 1200px; margin: 0 auto; font-family: sans-serif; line-height: 1.6; color: inherit; background-color: transparent;'>\n<div style='margin-bottom: 30px;'>\n<p style='font-size: 14px; margin: 0 0 15px; color: inherit;'>Al comprar el Kit el cliente de SYSCOM tendr\u00e1 derecho a tres Certificaciones:<\/p>\n<\/p><\/div>\n<div style='margin-bottom: 30px;'>\n<div style='margin-bottom: 10px;'> <strong style='font-size: 14px; color: inherit;'>\u2022 Detecci\u00f3n de Humo por Aspiraci\u00f3n con Detector ASD720<\/strong> <\/div>\n<div style='margin-bottom: 10px;'> <strong style='font-size: 14px; color: inherit;'>\u2022 Detecci\u00f3n de Incendios por Aspiraci\u00f3n con Detectores Proseries<\/strong> <\/div>\n<div style='margin-bottom: 10px;'> <strong style='font-size: 14px; color: inherit;'>\u2022 Detecci\u00f3n Lineal de Calor<\/strong> <\/div>\n<\/p><\/div>\n<div style='margin-bottom: 30px;'> <strong style='font-size: 14px; color: inherit; border-bottom: 2px solid currentColor; padding-bottom: 5px; display: inline-block; margin-bottom: 15px;'>El kit incluye:<\/strong> <\/p>\n<ul style='padding-left: 20px; font-size: 14px; color: inherit; list-style-type: disc;'>\n<li style='margin-bottom: 8px;'>1 Detector ASD720<\/li>\n<li style='margin-bottom: 8px;'>1 FN-400ULX-R <a style='color: inherit; text-decoration: none; font-weight: bold;' href='https:\/\/www.syscom.mx\/producto\/FN-400ULX-R-HOCHIKI-68730.html'>FN-400ULX-R<\/a><\/li>\n<li style='margin-bottom: 8px;'>1 Filtro RP7125<\/li>\n<li style='margin-bottom: 8px;'>3 Adaptadores RP5207<\/li>\n<li style='margin-bottom: 8px;'>1 Tap\u00f3n RP5205<\/li>\n<li style='margin-bottom: 8px;'>2 Codo de 90 grado RP5202<\/li>\n<li style='margin-bottom: 8px;'>1 Cople recto RP5206<\/li>\n<li style='margin-bottom: 8px;'>1 Punto de prueba RP2226<\/li>\n<li style='margin-bottom: 8px;'>1 Tuerca uni\u00f3n RP5208<\/li>\n<li style='margin-bottom: 8px;'>1 Tubo de \u00be\u201d modelo RP5209S<\/li>\n<li style='margin-bottom: 8px;'>1 SA-BRE<\/li>\n<\/ul><\/div>\n<div style='margin-bottom: 30px;'> <strong style='font-size: 14px; color: inherit; border-bottom: 2px solid currentColor; padding-bottom: 5px; display: inline-block; margin-bottom: 15px;'>Herramientas por separado no incluidas en el kit:<\/strong> <\/p>\n<ul style='padding-left: 20px; font-size: 14px; color: inherit; list-style-type: disc;'>\n<li style='margin-bottom: 8px;'>Taladro con broca de 1\/4<\/li>\n<li style='margin-bottom: 8px;'>Herramienta para cortar tubo modelo RP5211 o equivalente<\/li>\n<li style='margin-bottom: 8px;'>Pinzas&comma; desarmadores<\/li>\n<\/ul><\/div>\n<div style='margin-bottom: 30px;'>\n<p style='font-size: 14px; margin: 0; color: inherit;'>*LA CERTIFICACION INCLUYE 2 PERSONAS POR KIT<\/p>\n<\/p><\/div>\n<\/p><\/div>\n","protected":false},"excerpt":{"rendered":"<p>Certificaci\u00f3n Virtual de Detecci\u00f3n por Aspiraci\u00f3n  y Lineal de Temperatura SAFE<\/p>\n","protected":false},"featured_media":33835,"comment_status":"open","ping_status":"closed","template":"","meta":[],"product_brand":[],"product_cat":[443],"product_tag":[444,980,225],"class_list":{"0":"post-33836","1":"product","2":"type-product","3":"status-publish","4":"has-post-thumbnail","6":"product_cat-todo-paneles-de-incendio","7":"product_tag-paneles-de-incendio","8":"product_tag-safe-fire-detection-inc","9":"product_tag-todo","11":"first","12":"outofstock","13":"sale","14":"shipping-taxable","15":"purchasable","16":"product-type-simple"},"_links":{"self":[{"href":"https:\/\/soydeaqui.ddns.net\/pachuca\/index.php\/wp-json\/wp\/v2\/product\/33836","targetHints":{"allow":["GET"]}}],"collection":[{"href":"https:\/\/soydeaqui.ddns.net\/pachuca\/index.php\/wp-json\/wp\/v2\/product"}],"about":[{"href":"https:\/\/soydeaqui.ddns.net\/pachuca\/index.php\/wp-json\/wp\/v2\/types\/product"}],"replies":[{"embeddable":true,"href":"https:\/\/soydeaqui.ddns.net\/pachuca\/index.php\/wp-json\/wp\/v2\/comments?post=33836"}],"wp:featuredmedia":[{"embeddable":true,"href":"https:\/\/soydeaqui.ddns.net\/pachuca\/index.php\/wp-json\/wp\/v2\/media\/33835"}],"wp:attachment":[{"href":"https:\/\/soydeaqui.ddns.net\/pachuca\/index.php\/wp-json\/wp\/v2\/media?parent=33836"}],"wp:term":[{"taxonomy":"product_brand","embeddable":true,"href":"https:\/\/soydeaqui.ddns.net\/pachuca\/index.php\/wp-json\/wp\/v2\/product_brand?post=33836"},{"taxonomy":"product_cat","embeddable":true,"href":"https:\/\/soydeaqui.ddns.net\/pachuca\/index.php\/wp-json\/wp\/v2\/product_cat?post=33836"},{"taxonomy":"product_tag","embeddable":true,"href":"https:\/\/soydeaqui.ddns.net\/pachuca\/index.php\/wp-json\/wp\/v2\/product_tag?post=33836"}],"curies":[{"name":"wp","href":"https:\/\/api.w.org\/{rel}","templated":true}]}}