{"id":33826,"date":"2026-03-18T15:07:44","date_gmt":"2026-03-18T15:07:44","guid":{"rendered":"https:\/\/soydeaqui.ddns.net\/pachuca\/index.php\/producto\/detector-personal-de-monoxido-de-carbono-co-durabilidad-2-anos-desechable\/"},"modified":"2026-03-18T15:07:48","modified_gmt":"2026-03-18T15:07:48","slug":"detector-personal-de-monoxido-de-carbono-co-durabilidad-2-anos-desechable","status":"publish","type":"product","link":"https:\/\/soydeaqui.ddns.net\/pachuca\/index.php\/producto\/detector-personal-de-monoxido-de-carbono-co-durabilidad-2-anos-desechable\/","title":{"rendered":"Detector Personal de Mon\u00f3xido de Carbono (CO) | Durabilidad 2 A\u00f1os Desechable"},"content":{"rendered":"<div style='width: 100%; max-width: 1200px; margin: 0 auto; font-family: sans-serif; line-height: 1.6; color: inherit; background-color: transparent;'>\n<div style='display: flex; flex-wrap: wrap; gap: 30px; margin-bottom: 30px;'>\n<div style='flex: 1 1 300px; min-width: 280px;'>\n<h3 style='font-size: 22px; border-bottom: 2px solid currentColor; padding-bottom: 5px; margin-top: 0; color: inherit; opacity: 0.8;'>Descripci\u00f3n General<\/h3>\n<p style='font-size: 15px; color: inherit;'>Monitor personal desechable de un solo gas m\u00e1s nuevo y avanzado para CO<\/p>\n<p style='font-size: 15px; color: inherit;'>Monitor personal de gas \u00fanico desechable de larga duraci\u00f3n. Monitoree CO&comma; H2S&comma; O2&comma; NH3 o SO2<\/p>\n<p style='font-size: 15px; color: inherit;'>El PM100 es un monitor monog\u00e1s port\u00e1til desechable y sin mantenimiento que protege a los trabajadores proporcionando detecci\u00f3n de exposici\u00f3n a gases espec\u00edficos en ambientes. Monitorea continuamente las condiciones del aire ambiental y proporciona concentraciones de gas en tiempo real en una pantalla LCD de f\u00e1cil lectura. Tres niveles sistema de alarma advierte al usuario de la presencia de niveles de gas inseguros con audibles&comma; visuales&comma; y alarmas vibratorias. El PM100 tiene opciones de sensor para mon\u00f3xido de carbono (CO)&comma; Sulfuro de Hidr\u00f3geno (H2S)&comma; Ox\u00edgeno (O2)&comma; Amon\u00edaco (NH3) y Di\u00f3xido de Azufre (SO2).<\/p>\n<\/p><\/div>\n<div style='flex: 1 1 300px; min-width: 280px;'> <img style='width: 100%; height: auto; border: 1px solid rgba(150&comma;150&comma;150&comma;0.3); border-radius: 8px;' src='https:\/\/ftp3.syscom.mx\/usuarios\/fotos\/PM100CO\/193847-detectores.jpg' alt=''><\/div>\n<\/p><\/div>\n<div style='display: flex; flex-wrap: wrap; gap: 20px; margin-bottom: 30px;'>\n<div style='flex: 1 1 250px; border: 1px solid rgba(150&comma; 150&comma; 150&comma; 0.4); border-radius: 8px; overflow: hidden; display: flex; flex-direction: column;'>\n<div style='padding: 15px; border-bottom: 1px solid rgba(150&comma; 150&comma; 150&comma; 0.2); font-weight: bold; font-size: 18px; color: inherit;'>Caracter\u00edsticas Clave<\/div>\n<div style='padding: 15px; color: inherit;'>\n<ul style='padding-left: 20px; margin: 0; font-size: 14px; list-style-type: disc;'>\n<li style='margin-bottom: 5px;'>Estado de calibraci\u00f3n visible<\/li>\n<li style='margin-bottom: 5px;'>Libre de mantenimiento<\/li>\n<li style='margin-bottom: 5px;'>Funciona de forma continua durante dos a\u00f1os<\/li>\n<li style='margin-bottom: 5px;'>Operaci\u00f3n con un solo bot\u00f3n<\/li>\n<li style='margin-bottom: 5px;'>Registro de eventos<\/li>\n<li style='margin-bottom: 5px;'>Carcasa resistente y de alta visibilidad<\/li>\n<li style='margin-bottom: 5px;'>Pantalla LCD de f\u00e1cil lectura<\/li>\n<li style='margin-bottom: 5px;'>IP67 herm\u00e9tico al polvo y resistente al agua<\/li>\n<li style='margin-bottom: 5px;'>Advertencia y notificaci\u00f3n de final de vida \u00fatil de 30 d\u00edas<\/li>\n<\/ul><\/div>\n<\/p><\/div>\n<div style='flex: 1 1 250px; border: 1px solid rgba(150&comma; 150&comma; 150&comma; 0.4); border-radius: 8px; overflow: hidden; display: flex; flex-direction: column;'>\n<div style='padding: 15px; border-bottom: 1px solid rgba(150&comma; 150&comma; 150&comma; 0.2); font-weight: bold; font-size: 18px; color: inherit;'>Aplicaciones<\/div>\n<div style='padding: 15px; color: inherit;'>\n<ul style='padding-left: 20px; margin: 0; font-size: 14px; list-style-type: disc;'>\n<li style='margin-bottom: 5px;'>Gas de petr\u00f3leo<\/li>\n<li style='margin-bottom: 5px;'>Metal pesado y acero<\/li>\n<li style='margin-bottom: 5px;'>Plantas qu\u00edmicas<\/li>\n<li style='margin-bottom: 5px;'>Papel de pulpa<\/li>\n<li style='margin-bottom: 5px;'>Municipios<\/li>\n<li style='margin-bottom: 5px;'>Bebida alimenticia<\/li>\n<li style='margin-bottom: 5px;'>Contratista \/ construcci\u00f3n<\/li>\n<li style='margin-bottom: 5px;'>Industria en general<\/li>\n<\/ul><\/div>\n<\/p><\/div>\n<\/p><\/div>\n<\/p><\/div>\n","protected":false},"excerpt":{"rendered":"<p>Detector Personal de Mon\u00f3xido de Carbono (CO) | Durabilidad 2 A\u00f1os Desechable<\/p>\n","protected":false},"featured_media":33825,"comment_status":"open","ping_status":"closed","template":"","meta":[],"product_brand":[],"product_cat":[987],"product_tag":[988,522,989],"class_list":{"0":"post-33826","1":"product","2":"type-product","3":"status-publish","4":"has-post-thumbnail","6":"product_cat-detectores-de-gases","7":"product_tag-detectores-de-gases","8":"product_tag-dispositivos-convencionales","9":"product_tag-macurco-aerionics","11":"first","12":"instock","13":"sale","14":"shipping-taxable","15":"purchasable","16":"product-type-simple"},"_links":{"self":[{"href":"https:\/\/soydeaqui.ddns.net\/pachuca\/index.php\/wp-json\/wp\/v2\/product\/33826","targetHints":{"allow":["GET"]}}],"collection":[{"href":"https:\/\/soydeaqui.ddns.net\/pachuca\/index.php\/wp-json\/wp\/v2\/product"}],"about":[{"href":"https:\/\/soydeaqui.ddns.net\/pachuca\/index.php\/wp-json\/wp\/v2\/types\/product"}],"replies":[{"embeddable":true,"href":"https:\/\/soydeaqui.ddns.net\/pachuca\/index.php\/wp-json\/wp\/v2\/comments?post=33826"}],"wp:featuredmedia":[{"embeddable":true,"href":"https:\/\/soydeaqui.ddns.net\/pachuca\/index.php\/wp-json\/wp\/v2\/media\/33825"}],"wp:attachment":[{"href":"https:\/\/soydeaqui.ddns.net\/pachuca\/index.php\/wp-json\/wp\/v2\/media?parent=33826"}],"wp:term":[{"taxonomy":"product_brand","embeddable":true,"href":"https:\/\/soydeaqui.ddns.net\/pachuca\/index.php\/wp-json\/wp\/v2\/product_brand?post=33826"},{"taxonomy":"product_cat","embeddable":true,"href":"https:\/\/soydeaqui.ddns.net\/pachuca\/index.php\/wp-json\/wp\/v2\/product_cat?post=33826"},{"taxonomy":"product_tag","embeddable":true,"href":"https:\/\/soydeaqui.ddns.net\/pachuca\/index.php\/wp-json\/wp\/v2\/product_tag?post=33826"}],"curies":[{"name":"wp","href":"https:\/\/api.w.org\/{rel}","templated":true}]}}