{"id":33805,"date":"2026-03-18T15:07:15","date_gmt":"2026-03-18T15:07:15","guid":{"rendered":"https:\/\/soydeaqui.ddns.net\/pachuca\/index.php\/producto\/termometro-doble-ir-sonda-con-medicion-oc-y-of-con-pantalla-retroiluminada\/"},"modified":"2026-03-18T15:07:15","modified_gmt":"2026-03-18T15:07:15","slug":"termometro-doble-ir-sonda-con-medicion-oc-y-of-con-pantalla-retroiluminada","status":"publish","type":"product","link":"https:\/\/soydeaqui.ddns.net\/pachuca\/index.php\/producto\/termometro-doble-ir-sonda-con-medicion-oc-y-of-con-pantalla-retroiluminada\/","title":{"rendered":"Term\u00f3metro Doble IR\/Sonda con Medici\u00f3n \u00baC y \u00baF. Con Pantalla Retroiluminada"},"content":{"rendered":"<div style='width: 100%; max-width: 1200px; margin: 0 auto; font-family: sans-serif; line-height: 1.6; color: inherit; background-color: transparent;'>\n<div style='display: flex; flex-wrap: wrap; gap: 30px; margin-bottom: 30px;'>\n<div style='flex: 1 1 300px; min-width: 280px;'>\n<h3 style='font-size: 22px; border-bottom: 2px solid currentColor; padding-bottom: 5px; margin-top: 0; color: inherit; opacity: 0.8;'>Caracter\u00edsticas<\/h3>\n<ul style='padding-left: 20px; font-size: 15px; color: inherit;'>\n<li style='margin-bottom: 5px;'>Puede medir temperaturas de -40 a 572 \u00b0F (-40 a 300 \u00b0C).<\/li>\n<li style='margin-bottom: 5px;'>Mide con precisi\u00f3n la temperatura de la superficie mediante un term\u00f3metro infrarrojo (relaci\u00f3n DS 8:1).<\/li>\n<li style='margin-bottom: 5px;'>Mide temperaturas de ventilaciones y ductos usando una sonda de temperatura con gancho para trabajar con las manos libres.<\/li>\n<li style='margin-bottom: 5px;'>Sonda de temperatura que tambi\u00e9n mide temperaturas de l\u00edquidos.<\/li>\n<li style='margin-bottom: 5px;'>No es un dispositivo m\u00e9dico; el term\u00f3metro NO se debe utilizar en personas ni animales.<\/li>\n<li style='margin-bottom: 5px;'>L\u00e1ser de enfoque del objetivo que se puede usar como puntero l\u00e1ser.<\/li>\n<li style='margin-bottom: 5px;'>Calcula r\u00e1pidamente la temperatura diferencial (T1-T2) del infrarrojo y de la sonda.<\/li>\n<li style='margin-bottom: 5px;'>Sonda de f\u00e1cil apertura con perilla para evitar la transferencia de calor mientras se abre.<\/li>\n<li style='margin-bottom: 5px;'>Pantalla retroiluminada con funciones como retenci\u00f3n de datos&comma; m\u00e1ximo\/m\u00ednimo&comma; apagado autom\u00e1tico y bater\u00eda baja.<\/li>\n<li style='margin-bottom: 5px;'>Incluye estuche&comma; manual del usuario&comma; y 2 bater\u00edas AAA.<\/li>\n<li style='margin-bottom: 5px;'>Sonda de acero inoxidable que cumple con la lista GRAS de la FDA.<\/li>\n<li style='margin-bottom: 5px;'>Certificado seg\u00fan las normas IEC EN 61326-1:2013; EN61326-2-3:2013.<\/li>\n<\/ul><\/div>\n<\/p><\/div>\n<div style='display: flex; flex-wrap: wrap; gap: 20px; margin-bottom: 30px;'>\n<div style='flex: 1 1 250px; border: 1px solid rgba(150&comma; 150&comma; 150&comma; 0.4); border-radius: 8px; overflow: hidden; display: flex; flex-direction: column;'>\n<div style='padding: 15px; border-bottom: 1px solid rgba(150&comma; 150&comma; 150&comma; 0.2); font-weight: bold; font-size: 18px; color: inherit;'>Dimensiones<\/div>\n<div style='padding: 15px; color: inherit;'>\n<ul style='padding-left: 20px; margin: 0; font-size: 14px; list-style-type: disc;'>\n<li style='margin-bottom: 5px;'><strong>Longitud total:<\/strong> 5.82&#8242; (148 mm)<\/li>\n<li style='margin-bottom: 5px;'><strong>Ancho total:<\/strong> 1.67&#8242; (42 mm)<\/li>\n<li style='margin-bottom: 5px;'><strong>Altura total:<\/strong> 0.95&#8242; (24 mm)<\/li>\n<li style='margin-bottom: 5px;'><strong>Material:<\/strong> ABS&comma; policarbonato<\/li>\n<li style='margin-bottom: 5px;'><strong>Bater\u00edas:<\/strong> 2 AAA<\/li>\n<li style='margin-bottom: 5px;'><strong>Rango:<\/strong> -40 a 572 \u00b0F (-40 a 300 \u00b0C)<\/li>\n<li style='margin-bottom: 5px;'><strong>Precisi\u00f3n:<\/strong> -40 a 0 \u00b0C \u00b1 2\u00b0; 1 a 300 \u00b0C \u00b1 2<\/li>\n<li style='margin-bottom: 5px;'><strong>Tiempo de respuesta:<\/strong> Infrarrojo < 500 ms; Sonda < 20 s<\/li>\n<li style='margin-bottom: 5px;'><strong>Formato de grados:<\/strong> Grados Celsius y Fahrenheit<\/li>\n<li style='margin-bottom: 5px;'><strong>Protecci\u00f3n ante ca\u00eddas:<\/strong> 2 m<\/li>\n<li style='margin-bottom: 5px;'><strong>Protecci\u00f3n de ingreso:<\/strong> IP 54<\/li>\n<li style='margin-bottom: 5px;'><strong>Peso:<\/strong> 106.5 g (3.6 oz)<\/li>\n<\/ul><\/div>\n<\/p><\/div>\n<\/p><\/div>\n<div style='display: flex; flex-wrap: wrap; gap: 30px; margin-bottom: 30px;'>\n<div style='flex: 1 1 100%; min-width: 300px;'>\n<div style='width: 100%; max-width: 850px; margin: 0 auto;'> <img style='width: 100%; height: auto; border: 1px solid rgba(150&comma;150&comma;150&comma;0.3); border-radius: 8px;' src='https:\/\/ftp3.syscom.mx\/usuarios\/fotos\/IR07\/193713-captura_de_pantalla_2023-05-03_a_la(s)_17.09.32.png' alt=''> <\/div>\n<\/p><\/div>\n<\/p><\/div>\n<div style='display: flex; flex-wrap: wrap; gap: 30px; margin-bottom: 30px;'>\n<div style='flex: 1 1 100%; min-width: 300px;'>\n<div style='position: relative; padding-bottom: 56.25%; height: 0; overflow: hidden; margin-bottom: 30px;'>   <\/div>\n<\/p><\/div>\n<\/p><\/div>\n<\/p><\/div>\n","protected":false},"excerpt":{"rendered":"<p>Term\u00f3metro Doble IR\/Sonda con Medici\u00f3n \u00baC y \u00baF. Con Pantalla Retroiluminada<\/p>\n","protected":false},"featured_media":33804,"comment_status":"open","ping_status":"closed","template":"","meta":[],"product_brand":[],"product_cat":[392],"product_tag":[25,131,432],"class_list":{"0":"post-33805","1":"product","2":"type-product","3":"status-publish","4":"has-post-thumbnail","6":"product_cat-herramientas-electricas-herramientas-deteccion-de-fuego","7":"product_tag-herramientas","8":"product_tag-herramientas-electricas","9":"product_tag-klein-tools","11":"first","12":"outofstock","13":"sale","14":"shipping-taxable","15":"purchasable","16":"product-type-simple"},"_links":{"self":[{"href":"https:\/\/soydeaqui.ddns.net\/pachuca\/index.php\/wp-json\/wp\/v2\/product\/33805","targetHints":{"allow":["GET"]}}],"collection":[{"href":"https:\/\/soydeaqui.ddns.net\/pachuca\/index.php\/wp-json\/wp\/v2\/product"}],"about":[{"href":"https:\/\/soydeaqui.ddns.net\/pachuca\/index.php\/wp-json\/wp\/v2\/types\/product"}],"replies":[{"embeddable":true,"href":"https:\/\/soydeaqui.ddns.net\/pachuca\/index.php\/wp-json\/wp\/v2\/comments?post=33805"}],"wp:featuredmedia":[{"embeddable":true,"href":"https:\/\/soydeaqui.ddns.net\/pachuca\/index.php\/wp-json\/wp\/v2\/media\/33804"}],"wp:attachment":[{"href":"https:\/\/soydeaqui.ddns.net\/pachuca\/index.php\/wp-json\/wp\/v2\/media?parent=33805"}],"wp:term":[{"taxonomy":"product_brand","embeddable":true,"href":"https:\/\/soydeaqui.ddns.net\/pachuca\/index.php\/wp-json\/wp\/v2\/product_brand?post=33805"},{"taxonomy":"product_cat","embeddable":true,"href":"https:\/\/soydeaqui.ddns.net\/pachuca\/index.php\/wp-json\/wp\/v2\/product_cat?post=33805"},{"taxonomy":"product_tag","embeddable":true,"href":"https:\/\/soydeaqui.ddns.net\/pachuca\/index.php\/wp-json\/wp\/v2\/product_tag?post=33805"}],"curies":[{"name":"wp","href":"https:\/\/api.w.org\/{rel}","templated":true}]}}