{"id":33803,"date":"2026-03-18T15:07:12","date_gmt":"2026-03-18T15:07:12","guid":{"rendered":"https:\/\/soydeaqui.ddns.net\/pachuca\/index.php\/producto\/desarmadores-punta-phillips-2-con-barra-redonda-4-x-8-5-16\/"},"modified":"2026-03-18T15:07:13","modified_gmt":"2026-03-18T15:07:13","slug":"desarmadores-punta-phillips-2-con-barra-redonda-4-x-8-5-16","status":"publish","type":"product","link":"https:\/\/soydeaqui.ddns.net\/pachuca\/index.php\/producto\/desarmadores-punta-phillips-2-con-barra-redonda-4-x-8-5-16\/","title":{"rendered":"Desarmadores Punta Phillips #2 con Barra Redonda (4&#8243; x 8-5\/16&#8243;)."},"content":{"rendered":"<div style='width: 100%; max-width: 1200px; margin: 0 auto; font-family: sans-serif; line-height: 1.6; color: inherit; background-color: transparent;'> <!-- Secci\u00f3n de nombre y cat\u00e1logo --> <\/p>\n<div style='margin: 0; padding: 0; border: 0;'>\n<div style='margin: 0; padding: 0; border: 0;'>\n<h1 style='font-size: 32px; margin: 0; padding: 0;'>Desarmador de punta Phillips n.\u00ba 2 con barra redonda de 10&comma;2 cm<\/h1>\n<\/p><\/div>\n<div style='margin: 0; padding: 0; font-size: 24px; color: #999; margin-top: 20px;'>\n<h2 style='font-size: 24px; margin: 0; padding: 0;'>603-4<\/h2>\n<\/p><\/div>\n<\/p><\/div>\n<p> <!-- Separador --> <\/p>\n<hr style='border: 0; border-top: 1px solid rgba(150&comma; 150&comma; 150&comma; 0.3); margin: 30px 0;'> <!-- Secci\u00f3n de caracter\u00edsticas --> <\/p>\n<div style='margin: 0; padding: 0; border: 0;'>\n<p><strong style='font-size: 14pt;'>Caracter\u00edsticas:<\/strong><\/p>\n<ul style='padding-left: 20px; margin: 15px 0; font-size: 14px; font-family: Verdana&comma; Helvetica&comma; sans-serif; color: inherit;'>\n<li style='margin-bottom: 5px;'>Punta Phillips maquinada a precisi\u00f3n que proporciona una simetr\u00eda geom\u00e9trica m\u00e1s uniforme que los desarmadores de punta Phillips convencionales para garantizar ajuste y torsi\u00f3n precisos sin deslizamientos<\/li>\n<li style='margin-bottom: 5px;'>Sistema Tip-Ident\u2122 que identifica r\u00e1pidamente el tipo de desarmador y la orientaci\u00f3n de la punta con mango Cushion-Grip\u2122 que proporcionan mayor torsi\u00f3n y comodidad<\/li>\n<li style='margin-bottom: 5px;'>Cromado de calidad superior para brindar un contacto uniforme y resistencia a la corrosi\u00f3n<\/li>\n<li style='margin-bottom: 5px;'>Bridas internas en el mango para proporcionar un anclaje firme resistente a la torsi\u00f3n de la barra<\/li>\n<li style='margin-bottom: 5px;'>Hechas en EE. UU.<\/li>\n<li style='margin-bottom: 5px;'>Barras especiales con tratamiento t\u00e9rmico<\/li>\n<li style='margin-bottom: 5px;'>Satisface o supera las especificaciones de ASME\/ANSI aplicables<\/li>\n<\/ul><\/div>\n<p> <!-- Separador --> <\/p>\n<hr style='border: 0; border-top: 1px solid rgba(150&comma; 150&comma; 150&comma; 0.3); margin: 30px 0;'> <!-- Secci\u00f3n de \u00edconos --> <\/p>\n<div style='display: flex; flex-wrap: wrap; margin-bottom: 30px;'>\n<div style='margin: 0 20px 20px 0; flex: 0 0 auto;'> <img style='width: 100%; max-width: 160px; height: auto; border: 1px solid rgba(150&comma;150&comma;150&comma;0.3); border-radius: 8px;' src='https:\/\/www.kleintools.com.mx\/sites\/all\/product_assets\/icons\/klein\/wp_made-usa-en.jpg' alt=''> <\/div>\n<\/p><\/div>\n<p> <!-- Imagen del producto --> <\/p>\n<div style='margin-bottom: 30px;'> <img style='width: 100%; height: auto; border: 1px solid rgba(150&comma;150&comma;150&comma;0.3); border-radius: 8px;' src='https:\/\/ftp3.syscom.mx\/usuarios\/fotos\/6034\/193672-captura_de_pantalla_2023-05-23_a_la(s)_12.49.57.png' alt=''> <\/div>\n<\/p><\/div>\n","protected":false},"excerpt":{"rendered":"<p>Desarmadores Punta Phillips #2 con Barra Redonda (4&#8243; x 8-5\/16&#8243;).<\/p>\n","protected":false},"featured_media":33802,"comment_status":"open","ping_status":"closed","template":"","meta":[],"product_brand":[],"product_cat":[24],"product_tag":[26,25,432],"class_list":{"0":"post-33803","1":"product","2":"type-product","3":"status-publish","4":"has-post-thumbnail","6":"product_cat-accesorios-de-instalacion","7":"product_tag-accesorios-de-instalacion","8":"product_tag-herramientas","9":"product_tag-klein-tools","11":"first","12":"instock","13":"sale","14":"shipping-taxable","15":"purchasable","16":"product-type-simple"},"_links":{"self":[{"href":"https:\/\/soydeaqui.ddns.net\/pachuca\/index.php\/wp-json\/wp\/v2\/product\/33803","targetHints":{"allow":["GET"]}}],"collection":[{"href":"https:\/\/soydeaqui.ddns.net\/pachuca\/index.php\/wp-json\/wp\/v2\/product"}],"about":[{"href":"https:\/\/soydeaqui.ddns.net\/pachuca\/index.php\/wp-json\/wp\/v2\/types\/product"}],"replies":[{"embeddable":true,"href":"https:\/\/soydeaqui.ddns.net\/pachuca\/index.php\/wp-json\/wp\/v2\/comments?post=33803"}],"wp:featuredmedia":[{"embeddable":true,"href":"https:\/\/soydeaqui.ddns.net\/pachuca\/index.php\/wp-json\/wp\/v2\/media\/33802"}],"wp:attachment":[{"href":"https:\/\/soydeaqui.ddns.net\/pachuca\/index.php\/wp-json\/wp\/v2\/media?parent=33803"}],"wp:term":[{"taxonomy":"product_brand","embeddable":true,"href":"https:\/\/soydeaqui.ddns.net\/pachuca\/index.php\/wp-json\/wp\/v2\/product_brand?post=33803"},{"taxonomy":"product_cat","embeddable":true,"href":"https:\/\/soydeaqui.ddns.net\/pachuca\/index.php\/wp-json\/wp\/v2\/product_cat?post=33803"},{"taxonomy":"product_tag","embeddable":true,"href":"https:\/\/soydeaqui.ddns.net\/pachuca\/index.php\/wp-json\/wp\/v2\/product_tag?post=33803"}],"curies":[{"name":"wp","href":"https:\/\/api.w.org\/{rel}","templated":true}]}}