{"id":33765,"date":"2026-03-18T15:06:13","date_gmt":"2026-03-18T15:06:13","guid":{"rendered":"https:\/\/soydeaqui.ddns.net\/pachuca\/index.php\/producto\/pinzas-de-corte-diagonal-de-5-pulgadas\/"},"modified":"2026-03-18T15:06:17","modified_gmt":"2026-03-18T15:06:17","slug":"pinzas-de-corte-diagonal-de-5-pulgadas","status":"publish","type":"product","link":"https:\/\/soydeaqui.ddns.net\/pachuca\/index.php\/producto\/pinzas-de-corte-diagonal-de-5-pulgadas\/","title":{"rendered":"Pinzas de Corte Diagonal de 5 pulgadas."},"content":{"rendered":"<div style='width: 100%; max-width: 1200px; margin: 0 auto; font-family: sans-serif; line-height: 1.6; color: inherit; background-color: transparent;'> <!-- Secci\u00f3n de caracter\u00edsticas --> <\/p>\n<div style='display: flex; flex-wrap: wrap; gap: 30px; margin-bottom: 30px;'>\n<div style='flex: 1 1 300px; min-width: 280px;'>\n<h3 style='font-size: 22px; border-bottom: 2px solid currentColor; padding-bottom: 5px; margin-top: 0; color: inherit; opacity: 0.8;'>Caracter\u00edsticas<\/h3>\n<ul style='padding-left: 20px; font-size: 15px; color: inherit;'>\n<li style='margin-bottom: 5px;'>Facilita el trabajo en espacios reducidos.<\/li>\n<li style='margin-bottom: 5px;'>Las mordazas cortas y los filos biselados permiten cortes limpios de alambres.<\/li>\n<li style='margin-bottom: 5px;'>Cuchillas de corte templadas por inducci\u00f3n para brindar una vida \u00fatil prolongada.<\/li>\n<li style='margin-bottom: 5px;'>Uni\u00f3n remachada en caliente que garantiza una acci\u00f3n uniforme sin bamboleo del mango.<\/li>\n<li style='margin-bottom: 5px;'>Ajuste a mano para obtener un movimiento de apertura firme y suave.<\/li>\n<li style='margin-bottom: 5px;'>Cubierta pl\u00e1stica inyectada bimaterial de \u00faltima tecnolog\u00eda; suaves en las partes que entran en contacto con las manos&comma; duro en puntas e interior para durabilidad; presentan adem\u00e1s unos topes que previenen el deslizamiento de la mano durante su uso.<\/li>\n<\/ul><\/div>\n<\/p><\/div>\n<p> <!-- Secci\u00f3n de dimensiones --> <\/p>\n<div style='display: flex; flex-wrap: wrap; gap: 30px; margin-bottom: 30px;'>\n<div style='flex: 1 1 300px; min-width: 280px;'>\n<h3 style='font-size: 22px; border-bottom: 2px solid currentColor; padding-bottom: 5px; margin-top: 0; color: inherit; opacity: 0.8;'>Dimensiones<\/h3>\n<ul style='padding-left: 20px; font-size: 15px; color: inherit;'>\n<li style='margin-bottom: 5px;'>Largo total: 5.40&#8242; (137 mm)<\/li>\n<li style='margin-bottom: 5px;'>Largo cabeza: 0.75&#8242; (19 mm)<\/li>\n<li style='margin-bottom: 5px;'>Ancho cabeza: 0.65&#8242; (17 mm)<\/li>\n<li style='margin-bottom: 5px;'>Grosor cabeza: 0.43&#8242; (11 mm)<\/li>\n<li style='margin-bottom: 5px;'>Largo cuchilla: 0.75&#8242; (19 mm)<\/li>\n<li style='margin-bottom: 5px;'>Acabado mango: Bimaterial<\/li>\n<li style='margin-bottom: 5px;'>Color mango: rojo\/negro<\/li>\n<li style='margin-bottom: 5px;'>Peso: 0.172 kg<\/li>\n<\/ul><\/div>\n<\/p><\/div>\n<p> <!-- Separador --> <\/p>\n<hr style='border: 0; border-top: 1px solid rgba(150&comma; 150&comma; 150&comma; 0.3); margin: 30px 0;'> <\/div>\n","protected":false},"excerpt":{"rendered":"<p>Pinzas de Corte Diagonal de 5 pulgadas.<\/p>\n","protected":false},"featured_media":33764,"comment_status":"open","ping_status":"closed","template":"","meta":[],"product_brand":[],"product_cat":[24],"product_tag":[26,25,432],"class_list":{"0":"post-33765","1":"product","2":"type-product","3":"status-publish","4":"has-post-thumbnail","6":"product_cat-accesorios-de-instalacion","7":"product_tag-accesorios-de-instalacion","8":"product_tag-herramientas","9":"product_tag-klein-tools","11":"first","12":"instock","13":"sale","14":"shipping-taxable","15":"purchasable","16":"product-type-simple"},"_links":{"self":[{"href":"https:\/\/soydeaqui.ddns.net\/pachuca\/index.php\/wp-json\/wp\/v2\/product\/33765","targetHints":{"allow":["GET"]}}],"collection":[{"href":"https:\/\/soydeaqui.ddns.net\/pachuca\/index.php\/wp-json\/wp\/v2\/product"}],"about":[{"href":"https:\/\/soydeaqui.ddns.net\/pachuca\/index.php\/wp-json\/wp\/v2\/types\/product"}],"replies":[{"embeddable":true,"href":"https:\/\/soydeaqui.ddns.net\/pachuca\/index.php\/wp-json\/wp\/v2\/comments?post=33765"}],"wp:featuredmedia":[{"embeddable":true,"href":"https:\/\/soydeaqui.ddns.net\/pachuca\/index.php\/wp-json\/wp\/v2\/media\/33764"}],"wp:attachment":[{"href":"https:\/\/soydeaqui.ddns.net\/pachuca\/index.php\/wp-json\/wp\/v2\/media?parent=33765"}],"wp:term":[{"taxonomy":"product_brand","embeddable":true,"href":"https:\/\/soydeaqui.ddns.net\/pachuca\/index.php\/wp-json\/wp\/v2\/product_brand?post=33765"},{"taxonomy":"product_cat","embeddable":true,"href":"https:\/\/soydeaqui.ddns.net\/pachuca\/index.php\/wp-json\/wp\/v2\/product_cat?post=33765"},{"taxonomy":"product_tag","embeddable":true,"href":"https:\/\/soydeaqui.ddns.net\/pachuca\/index.php\/wp-json\/wp\/v2\/product_tag?post=33765"}],"curies":[{"name":"wp","href":"https:\/\/api.w.org\/{rel}","templated":true}]}}