{"id":33747,"date":"2026-03-18T15:05:46","date_gmt":"2026-03-18T15:05:46","guid":{"rendered":"https:\/\/soydeaqui.ddns.net\/pachuca\/index.php\/producto\/detector-industrial-de-gases-combustibles-con-sensor-de-perla-catalitica-0-100-lel-salida-4-20-ma-certificacion-ul-c-ul-inmetro-entradas-2x3-4-npt-carcasa-de-aluminio-grado-marino-proteccion-co\/"},"modified":"2026-03-18T15:05:53","modified_gmt":"2026-03-18T15:05:53","slug":"detector-industrial-de-gases-combustibles-con-sensor-de-perla-catalitica-0-100-lel-salida-4-20-ma-certificacion-ul-c-ul-inmetro-entradas-2x3-4-npt-carcasa-de-aluminio-grado-marino-proteccion-co","status":"publish","type":"product","link":"https:\/\/soydeaqui.ddns.net\/pachuca\/index.php\/producto\/detector-industrial-de-gases-combustibles-con-sensor-de-perla-catalitica-0-100-lel-salida-4-20-ma-certificacion-ul-c-ul-inmetro-entradas-2x3-4-npt-carcasa-de-aluminio-grado-marino-proteccion-co\/","title":{"rendered":"Detector Industrial De Gases Combustibles, Con Sensor De Perla Catal\u00edtica 0-100% LEL, Salida 4-20 mA, Certificaci\u00f3n UL\/c-UL\/INMETRO, Entradas 2&#215;3\/4&#8243; NPT, Carcasa De Aluminio Grado Marino, Protecci\u00f3n Contra Intemperie De Nailon"},"content":{"rendered":"<div style='width: 100%; max-width: 1200px; margin: 0 auto; font-family: sans-serif; line-height: 1.6; color: inherit; background-color: transparent;'>\n<h1 style='text-align: center; font-size: 24px; margin: 20px 0; color: inherit;'>Detectores Industriales<\/h1>\n<h1 style='text-align: center; font-size: 24px; margin: 20px 0; color: inherit;'>De Gases Inflamables&comma; T\u00f3xicos y Ox\u00edgeno<\/h1>\n<h1 style='text-align: center; font-size: 24px; margin: 20px 0; color: inherit;'>Para Interior Y Exterior<\/h1>\n<div style='margin: 30px 0;'>\n<p style='font-size: 15px; margin-bottom: 15px; color: inherit;'>El transmisor <strong>Sensepoint XCD<\/strong> es un detector de gas que consta de un transmisor y una amplia selecci\u00f3n de <strong>sensores<\/strong> para detecci\u00f3n de <strong>gases inflamables&comma; t\u00f3xicos y ox\u00edgeno<\/strong>.<\/p>\n<p style='font-size: 15px; margin-bottom: 15px; color: inherit;'>El transmisor ofrece monitoreo completo de niveles peligrosos de gases t\u00f3xicos&comma; gases combustibles y ox\u00edgeno en atm\u00f3sferas potencialmente explosivas&comma; en interiores y exteriores.<\/p>\n<p style='font-size: 15px; margin-bottom: 15px; color: inherit;'>Sensepoint XCD ahora cuenta con capacidades de monitoreo remoto para sus sensores de gases t\u00f3xicos y ox\u00edgeno. Su capacidad remota est\u00e1 dise\u00f1ada para ofrecer una excelente flexibilidad de utilizaci\u00f3n y es una soluci\u00f3n ideal para ubicaciones de dif\u00edcil acceso o \u00e1reas en las que el transmisor debe estar separado del sensor. Con una posibilidad de montaje del sensor de gases t\u00f3xicos y ox\u00edgeno de hasta 100ft (30m) de distancia del transmisor&comma; proporciona una soluci\u00f3n de monitoreo s\u00f3lida a\u00fan en ambientes desafiantes en los cuales la detecci\u00f3n resulta dif\u00edcil&comma; incluidas aplicaciones en las que el punto de detecci\u00f3n se halla en una \u00e1rea a la que no se accede con facilidad o en la que el detector no ser\u00eda visible&comma; como sucede en sectores ocultos de alto o bajo nivel&comma; o fuera de una sala monitoreada.<\/p>\n<p style='font-size: 15px; margin-bottom: 15px; color: inherit;'>Es f\u00e1cil de utilizar. Simplemente&comma; se debe enchufar el sensor en la parte inferior del transmisor; este \u00faltimo se configura autom\u00e1ticamente en forma correspondiente. Los usuarios pueden modificar el funcionamiento del detector mediante los interruptores magn\u00e9ticos y LCD&comma; y no necesitan abrir la unidad. Esto permite que una persona maneje las unidades sin interruptores&comma; y reduce el tiempo y los costos del mantenimiento de rutina.<\/p>\n<p style='font-size: 15px; margin-bottom: 15px; color: inherit;'>La pantalla LCD tricolor con luz de fondo indica claramente el estado de la unidad&comma; incluso si se mira desde lejos. La luz <span style='color: #27ae60;'>verde<\/span> fija indica que el funcionamiento es <strong>normal<\/strong>&comma; la luz <span style='color: #f1c40f;'>amarilla<\/span> parpadeante indica una <strong>falla<\/strong>&comma; y la luz <span style='color: #e74c3c;'>roja<\/span> parpadeante indica una alarma. Todos los detectores se entregan preconfigurados e incluyen dos rel\u00e9s de alarma programables&comma; un rel\u00e9 de falla programable&comma; una salida de 4 a 20 mA est\u00e1ndar de la industria (con selecci\u00f3n de emisor o receptor) y comunicaci\u00f3n mediante MODBUS. La escala&comma; el rango&comma; el funcionamiento de los rel\u00e9s&comma; el punto de ajuste de la alarma y la cantidad de etiquetas electr\u00f3nicas del detector se pueden ajustar mediante la pantalla LCD y los interruptores magn\u00e9ticos no intrusivos del transmisor. Durante los ajustes<\/p>\n<\/p><\/div>\n<div style='margin: 30px 0;'>\n<p style='font-size: 15px; margin-bottom: 15px; color: inherit;'>Sensepoint XCD simplifica el monitoreo y la detecci\u00f3n de gases peligrosos para cumplir con los est\u00e1ndares de seguridad y cumplimiento. Los sensores fijos Sensepoint XCD ofrecen un control completo de los riesgos de gases t\u00f3xicos e inflamables&comma; as\u00ed como de la deficiencia de ox\u00edgeno en atm\u00f3sferas potencialmente explosivas&comma; tanto en interiores como en exteriores. Existen requisitos especiales para entornos de trabajo potencialmente explosivos en la producci\u00f3n de gas&comma; petr\u00f3leo y productos qu\u00edmicos&comma; as\u00ed como entornos llenos de polvo en las industrias alimentaria y de procesamiento de la madera.<\/p>\n<p style='font-size: 15px; margin-bottom: 15px; color: inherit;'>El XCD est\u00e1ndar es un detector de gas Ex d adecuado para su uso en entornos de zona 1 y est\u00e1 disponible en 3 versiones: inflamable&comma; ox\u00edgeno y t\u00f3xico. Cada uno se suministra con un cartucho de sensor de acero inoxidable preinstalado y completamente probado y calibrado listo para su instalaci\u00f3n. Hay disponibles cartuchos de sensor de repuesto. La configuraci\u00f3n y el control de la unidad se logra mediante el uso de un im\u00e1n que elimina la necesidad de abrir la unidad&comma; mientras que la pantalla tricolor retroiluminada proporciona una indicaci\u00f3n instant\u00e1nea del estado del detector de un vistazo. El sensor catal\u00edtico XCD se puede utilizar para detectar gases inflamables en el rango de 0 a 100 % de LEL&comma; mientras que las versiones del sensor infrarrojo (IR) est\u00e1n disponibles para la detecci\u00f3n de metano en el rango de 0 a 100 % de LEL&comma; propano (con sensibilidades cruzadas al etileno y al butano) y di\u00f3xido de carbono (CO2). Ambos sensores se utilizan junto con la versi\u00f3n inflamable del transmisor. Los sensores de celda electroqu\u00edmica (EC) est\u00e1n disponibles para la detecci\u00f3n de ox\u00edgeno y gases t\u00f3xicos: mon\u00f3xido de carbono (CO)&comma; sulfuro de hidr\u00f3geno (H2S)&comma; di\u00f3xido de nitr\u00f3geno (NO2) e hidr\u00f3geno (H2). Cada detector se suministra con el sensor incorporado&comma; protecci\u00f3n contra las inclemencias meteorol\u00f3gicas de nailon&comma; tap\u00f3n de cierre de acero inoxidable&comma; varilla magn\u00e9tica&comma; llaves hexagonales. Todos los transmisores tambi\u00e9n est\u00e1n disponibles con interfaz Modbus opcional.<\/p>\n<p style='font-size: 15px; margin-bottom: 15px; color: inherit;'>La gama Sensepoint XCD proporciona una supervisi\u00f3n completa de los riesgos derivados de la presencia de gases inflamables&comma; t\u00f3xicos y de ox\u00edgeno en atm\u00f3sferas potencialmente explosivas&comma; tanto en interiores como en exteriores. Los usuarios pueden modificar el funcionamiento del detector mediante la pantalla y los interruptores magn\u00e9ticos sin tener que abrir la unidad. As\u00ed&comma; una sola persona puede operar los sensores de forma no intrusiva y se reducen los costes y el tiempo del mantenimiento regular.<\/p>\n<\/p><\/div>\n<div style='margin: 30px 0;'>\n<h3 style='font-size: 22px; border-bottom: 2px solid currentColor; padding-bottom: 5px; margin-top: 0; color: inherit; opacity: 0.8;'>Indicaci\u00f3n del estado del detector<\/h3>\n<p style='font-size: 15px; margin-bottom: 15px; color: inherit;'>Una pantalla LCD retroiluminada tricolor permite ver el estado de la unidad de un vistazo&comma; incluso a distancia. La luz <span style='color: #27ae60;'>verde<\/span> fija indica que el funcionamiento es <strong>normal<\/strong>&comma; la luz <span style='color: #f1c40f;'>amarilla<\/span> parpadeante indica una <strong>falla<\/strong>&comma; y la luz <span style='color: #e74c3c;'>roja<\/span> parpadeante indica una alarma.<\/p>\n<\/p><\/div>\n<div style='margin: 30px 0;'>\n<h3 style='font-size: 22px; border-bottom: 2px solid currentColor; padding-bottom: 5px; margin-top: 0; color: inherit; opacity: 0.8;'>Caracter\u00edsticas t\u00e9cnicas<\/h3>\n<div style='display: flex; flex-wrap: wrap; gap: 20px; margin-top: 20px;'>\n<div style='flex: 1 1 250px; border: 1px solid rgba(150&comma; 150&comma; 150&comma; 0.4); border-radius: 8px; overflow: hidden; display: flex; flex-direction: column;'>\n<div style='padding: 15px; border-bottom: 1px solid rgba(150&comma; 150&comma; 150&comma; 0.2); font-weight: bold; font-size: 18px; color: inherit;'>Suministro completo<\/div>\n<div style='padding: 15px; color: inherit;'>\n<ul style='padding-left: 20px; margin: 0; font-size: 14px; list-style-type: disc;'>\n<li style='margin-bottom: 5px;'>Versiones disponibles para gases inflamables (catal\u00edticos o infrarrojos)&comma; t\u00f3xicos y ox\u00edgeno<\/li>\n<li style='margin-bottom: 5px;'>Aplicaciones nuevas y actualizaciones<\/li>\n<li style='margin-bottom: 5px;'>Adecuado para interiores o exteriores<\/li>\n<li style='margin-bottom: 5px;'>Opciones de carcasa antideflagrante en acero inoxidable o en aluminio<\/li>\n<li style='margin-bottom: 5px;'>IP66 de serie<\/li>\n<\/ul><\/div>\n<\/p><\/div>\n<div style='flex: 1 1 250px; border: 1px solid rgba(150&comma; 150&comma; 150&comma; 0.4); border-radius: 8px; overflow: hidden; display: flex; flex-direction: column;'>\n<div style='padding: 15px; border-bottom: 1px solid rgba(150&comma; 150&comma; 150&comma; 0.2); font-weight: bold; font-size: 18px; color: inherit;'>Tecnolog\u00eda de sensores probada y fiable<\/div>\n<div style='padding: 15px; color: inherit;'>\n<ul style='padding-left: 20px; margin: 0; font-size: 14px; list-style-type: disc;'>\n<li style='margin-bottom: 5px;'>Sensores electroqu\u00edmicos Surecell<\/li>\n<li style='margin-bottom: 5px;'>Sensores de gases inflamables resistentes a sustancias t\u00f3xicas<\/li>\n<li style='margin-bottom: 5px;'>Sensores de larga duraci\u00f3n<\/li>\n<\/ul><\/div>\n<\/p><\/div>\n<div style='flex: 1 1 250px; border: 1px solid rgba(150&comma; 150&comma; 150&comma; 0.4); border-radius: 8px; overflow: hidden; display: flex; flex-direction: column;'>\n<div style='padding: 15px; border-bottom: 1px solid rgba(150&comma; 150&comma; 150&comma; 0.2); font-weight: bold; font-size: 18px; color: inherit;'>Certificaciones globales<\/div>\n<div style='padding: 15px; color: inherit;'>\n<ul style='padding-left: 20px; margin: 0; font-size: 14px; list-style-type: disc;'>\n<li style='margin-bottom: 5px;'>Europeas&comma; de Am\u00e9rica del Norte y Asi\u00e1ticas<\/li>\n<li style='margin-bottom: 5px;'>Cumple las normativas ATEX&comma; IECEx&comma; UL\/c-UL&comma; KTL&comma; PA&comma; GB y CCCF<\/li>\n<\/ul><\/div>\n<\/p><\/div>\n<div style='flex: 1 1 250px; border: 1px solid rgba(150&comma; 150&comma; 150&comma; 0.4); border-radius: 8px; overflow: hidden; display: flex; flex-direction: column;'>\n<div style='padding: 15px; border-bottom: 1px solid rgba(150&comma; 150&comma; 150&comma; 0.2); font-weight: bold; font-size: 18px; color: inherit;'>F\u00e1cil de usar<\/div>\n<div style='padding: 15px; color: inherit;'>\n<ul style='padding-left: 20px; margin: 0; font-size: 14px; list-style-type: disc;'>\n<li style='margin-bottom: 5px;'>Pantalla retroiluminada tricolor intuitiva y f\u00e1cil de usar con d\u00edgitos&comma; gr\u00e1fico de barras e iconos<\/li>\n<li style='margin-bottom: 5px;'>Totalmente configurable con conmutadores magn\u00e9ticos<\/li>\n<li style='margin-bottom: 5px;'>Salida de corriente de 4-20 mA de sumidero-sink o fuente-source seleccionable<\/li>\n<li style='margin-bottom: 5px;'>Inhibici\u00f3n autom\u00e1tica durante mantenimiento<\/li>\n<li style='margin-bottom: 5px;'>Comunicaciones MODBUS opcionales para diagn\u00f3stico y configuraci\u00f3n remotos<\/li>\n<\/ul><\/div>\n<\/p><\/div>\n<div style='flex: 1 1 250px; border: 1px solid rgba(150&comma; 150&comma; 150&comma; 0.4); border-radius: 8px; overflow: hidden; display: flex; flex-direction: column;'>\n<div style='padding: 15px; border-bottom: 1px solid rgba(150&comma; 150&comma; 150&comma; 0.2); font-weight: bold; font-size: 18px; color: inherit;'>Excelente relaci\u00f3n calidad\/precio<\/div>\n<div style='padding: 15px; color: inherit;'>\n<ul style='padding-left: 20px; margin: 0; font-size: 14px; list-style-type: disc;'>\n<li style='margin-bottom: 5px;'>Plataforma com\u00fan de transmisor<\/li>\n<li style='margin-bottom: 5px;'>Formaci\u00f3n m\u00ednima necesaria<\/li>\n<li style='margin-bottom: 5px;'>Menos repuestos<\/li>\n<li style='margin-bottom: 5px;'>Funcionamiento no intrusivo con un solo operario<\/li>\n<li style='margin-bottom: 5px;'>Sensor enchufable recambiable<\/li>\n<li style='margin-bottom: 5px;'>Menos cableado gracias a la opci\u00f3n MODBUS multipunto<\/li>\n<\/ul><\/div>\n<\/p><\/div>\n<div style='flex: 1 1 250px; border: 1px solid rgba(150&comma; 150&comma; 150&comma; 0.4); border-radius: 8px; overflow: hidden; display: flex; flex-direction: column;'>\n<div style='padding: 15px; border-bottom: 1px solid rgba(150&comma; 150&comma; 150&comma; 0.2); font-weight: bold; font-size: 18px; color: inherit;'>F\u00e1cil instalaci\u00f3n<\/div>\n<div style='padding: 15px; color: inherit;'>\n<ul style='padding-left: 20px; margin: 0; font-size: 14px; list-style-type: disc;'>\n<li style='margin-bottom: 5px;'>M\u00f3dulo de pantalla enchufable extra\u00edble para acceder a la zona de terminales<\/li>\n<li style='margin-bottom: 5px;'>Soporte de montaje integral<\/li>\n<li style='margin-bottom: 5px;'>2 entradas de cable\/conducto NPT \u00be&#8217; o M20 (seg\u00fan el certificado)<\/li>\n<li style='margin-bottom: 5px;'>Bloques de terminales enchufables extra\u00edbles que facilitan el cableado<\/li>\n<li style='margin-bottom: 5px;'>Conmutador sumidero-sink\/fuente-source para acomodar la topolog\u00eda de cableado preferida<\/li>\n<\/ul><\/div>\n<\/p><\/div>\n<div style='flex: 1 1 250px; border: 1px solid rgba(150&comma; 150&comma; 150&comma; 0.4); border-radius: 8px; overflow: hidden; display: flex; flex-direction: column;'>\n<div style='padding: 15px; border-bottom: 1px solid rgba(150&comma; 150&comma; 150&comma; 0.2); font-weight: bold; font-size: 18px; color: inherit;'>Gama de accesorios opcionales<\/div>\n<div style='padding: 15px; color: inherit;'>\n<ul style='padding-left: 20px; margin: 0; font-size: 14px; list-style-type: disc;'>\n<li style='margin-bottom: 5px;'>Protecci\u00f3n contra el sol y las inundaciones<\/li>\n<li style='margin-bottom: 5px;'>Kit de montaje en conductos<\/li>\n<li style='margin-bottom: 5px;'>C\u00e9lula de flujo para gas de calibraci\u00f3n<\/li>\n<li style='margin-bottom: 5px;'>Embudo recolector<\/li>\n<\/ul><\/div>\n<\/p><\/div>\n<\/p><\/div>\n<\/p><\/div>\n<div style='margin: 30px 0;'>\n<h3 style='font-size: 22px; border-bottom: 2px solid currentColor; padding-bottom: 5px; margin-top: 0; color: inherit; opacity: 0.8;'>Caracter\u00edsticas generales<\/h3>\n<ul style='padding-left: 20px; font-size: 15px; color: inherit;'>\n<li style='margin-bottom: 5px;'><strong>Rango de temperatura:<\/strong> -25 a 55\u00baC<\/li>\n<li style='margin-bottom: 5px;'><strong>Humedad relativa:<\/strong> 0 a 90%<\/li>\n<li style='margin-bottom: 5px;'><strong>Sensores compatibles:<\/strong> Se pueden utilizar una gran variedad de sensores con el detector Sensepoint XCD<\/li>\n<li style='margin-bottom: 5px;'><strong>Transmisor:<\/strong> mV&comma; EC&comma; O2<\/li>\n<li style='margin-bottom: 5px;'><strong>Salidas:<\/strong> Incluye pantalla LCD y tres rel\u00e9s programables para controlar equipo externo como alarmas&comma; sirenas&comma; v\u00e1lvulas o conmutadores<\/li>\n<li style='margin-bottom: 5px;'><strong>Salida anal\u00f3gica:<\/strong> Tipo SINK o SOURCE est\u00e1ndar a 3 hilos de 4-20 mA que se puede conectar a un sistema de control&comma; registrador o PLC<\/li>\n<\/ul><\/div>\n<div style='margin: 30px 0;'>\n<h3 style='font-size: 22px; border-bottom: 2px solid currentColor; padding-bottom: 5px; margin-top: 0; color: inherit; opacity: 0.8;'>Aplicaciones<\/h3>\n<ul style='padding-left: 20px; font-size: 15px; color: inherit;'>\n<li style='margin-bottom: 5px;'>Instalaciones de fabricaci\u00f3n industrial<\/li>\n<li style='margin-bottom: 5px;'>Centrales el\u00e9ctricas<\/li>\n<li style='margin-bottom: 5px;'>Instalaciones para aguas residuales<\/li>\n<li style='margin-bottom: 5px;'>Servicios p\u00fablicos<\/li>\n<li style='margin-bottom: 5px;'>Producci\u00f3n de alimentos y bebidas<\/li>\n<li style='margin-bottom: 5px;'>Refiner\u00edas y plantas qu\u00edmicas<\/li>\n<li style='margin-bottom: 5px;'>Terminales de petr\u00f3leo y gas en tierra<\/li>\n<li style='margin-bottom: 5px;'>Plataformas de producci\u00f3n<\/li>\n<li style='margin-bottom: 5px;'>Exploraci\u00f3n y perforaci\u00f3n<\/li>\n<\/ul><\/div>\n<div style='margin: 30px 0;'>\n<h3 style='font-size: 22px; border-bottom: 2px solid currentColor; padding-bottom: 5px; margin-top: 0; color: inherit; opacity: 0.8;'>Documentaci\u00f3n y recursos<\/h3>\n<p style='font-size: 15px; margin-bottom: 15px; color: inherit;'>Para m\u00e1s informaci\u00f3n sobre la instalaci\u00f3n&comma; configuraci\u00f3n y mantenimiento del detector&comma; consulte los siguientes recursos:<\/p>\n<ul style='padding-left: 20px; font-size: 15px; color: inherit;'>\n<li style='margin-bottom: 10px;'> <strong>Gu\u00eda de instalaci\u00f3n y operaci\u00f3n<\/strong>\n<ul style='margin-top: 5px; margin-bottom: 5px; padding-left: 20px;'>\n<li style='margin-bottom: 5px;'>Configuraci\u00f3n de sensores<\/li>\n<li style='margin-bottom: 5px;'>Conexiones el\u00e9ctricas<\/li>\n<li style='margin-bottom: 5px;'>Procedimientos de calibraci\u00f3n<\/li>\n<\/ul>\n<\/li>\n<li style='margin-bottom: 10px;'> <strong>Especificaciones t\u00e9cnicas completas<\/strong>\n<ul style='margin-top: 5px; margin-bottom: 5px; padding-left: 20px;'>\n<li style='margin-bottom: 5px;'>Datos el\u00e9ctricos y mec\u00e1nicos<\/li>\n<li style='margin-bottom: 5px;'>Requisitos de alimentaci\u00f3n<\/li>\n<li style='margin-bottom: 5px;'>Condiciones ambientales<\/li>\n<\/ul>\n<\/li>\n<li style='margin-bottom: 10px;'> <strong>Manuales de mantenimiento<\/strong>\n<ul style='margin-top: 5px; margin-bottom: 5px; padding-left: 20px;'>\n<li style='margin-bottom: 5px;'>Procedimientos de mantenimiento preventivo<\/li>\n<li style='margin-bottom: 5px;'>Reemplazo de sensores<\/li>\n<li style='margin-bottom: 5px;'>Diagn\u00f3stico de fallos<\/li>\n<\/ul>\n<\/li>\n<\/ul><\/div>\n<div style='margin: 30px 0;'>\n<h3 style='font-size: 22px; border-bottom: 2px solid currentColor; padding-bottom: 5px; margin-top: 0; color: inherit; opacity: 0.8;'>Videos explicativos<\/h3>\n<div style='display: flex; flex-wrap: wrap; gap: 30px; margin-top: 20px;'>\n<div style='flex: 1 1 560px; min-width: 300px;'>\n<div style='position: relative; padding-bottom: 56.25%; height: 0; overflow: hidden;'>   <\/div>\n<\/p><\/div>\n<div style='flex: 1 1 560px; min-width: 300px;'>\n<div style='position: relative; padding-bottom: 56.25%; height: 0; overflow: hidden;'>   <\/div>\n<\/p><\/div>\n<div style='flex: 1 1 560px; min-width: 300px;'>\n<div style='position: relative; padding-bottom: 56.25%; height: 0; overflow: hidden;'>   <\/div>\n<\/p><\/div>\n<div style='flex: 1 1 560px; min-width: 300px;'>\n<div style='position: relative; padding-bottom: 56.25%; height: 0; overflow: hidden;'>   <\/div>\n<\/p><\/div>\n<div style='flex: 1 1 560px; min-width: 300px;'>\n<div style='position: relative; padding-bottom: 56.25%; height: 0; overflow: hidden;'>   <\/div>\n<\/p><\/div>\n<\/p><\/div>\n<\/p><\/div>\n<hr style='border: 0; border-top: 1px solid rgba(150&comma; 150&comma; 150&comma; 0.3); margin: 30px 0;'> <\/div>\n","protected":false},"excerpt":{"rendered":"<p>Detector Industrial De Gases Combustibles, Con Sensor De Perla Catal\u00edtica 0-100% LEL, Salida 4-20 mA, Certificaci\u00f3n UL\/c-UL\/INMETRO, Entradas 2&#215;3\/4&#8243; NPT, Carcasa De Aluminio Grado Marino, Protecci\u00f3n Contra Intemperie De Nailon<\/p>\n","protected":false},"featured_media":33746,"comment_status":"open","ping_status":"closed","template":"","meta":[],"product_brand":[],"product_cat":[987],"product_tag":[988,522,1014],"class_list":{"0":"post-33747","1":"product","2":"type-product","3":"status-publish","4":"has-post-thumbnail","6":"product_cat-detectores-de-gases","7":"product_tag-detectores-de-gases","8":"product_tag-dispositivos-convencionales","9":"product_tag-honeywell-analytics","11":"first","12":"instock","13":"sale","14":"shipping-taxable","15":"purchasable","16":"product-type-simple"},"_links":{"self":[{"href":"https:\/\/soydeaqui.ddns.net\/pachuca\/index.php\/wp-json\/wp\/v2\/product\/33747","targetHints":{"allow":["GET"]}}],"collection":[{"href":"https:\/\/soydeaqui.ddns.net\/pachuca\/index.php\/wp-json\/wp\/v2\/product"}],"about":[{"href":"https:\/\/soydeaqui.ddns.net\/pachuca\/index.php\/wp-json\/wp\/v2\/types\/product"}],"replies":[{"embeddable":true,"href":"https:\/\/soydeaqui.ddns.net\/pachuca\/index.php\/wp-json\/wp\/v2\/comments?post=33747"}],"wp:featuredmedia":[{"embeddable":true,"href":"https:\/\/soydeaqui.ddns.net\/pachuca\/index.php\/wp-json\/wp\/v2\/media\/33746"}],"wp:attachment":[{"href":"https:\/\/soydeaqui.ddns.net\/pachuca\/index.php\/wp-json\/wp\/v2\/media?parent=33747"}],"wp:term":[{"taxonomy":"product_brand","embeddable":true,"href":"https:\/\/soydeaqui.ddns.net\/pachuca\/index.php\/wp-json\/wp\/v2\/product_brand?post=33747"},{"taxonomy":"product_cat","embeddable":true,"href":"https:\/\/soydeaqui.ddns.net\/pachuca\/index.php\/wp-json\/wp\/v2\/product_cat?post=33747"},{"taxonomy":"product_tag","embeddable":true,"href":"https:\/\/soydeaqui.ddns.net\/pachuca\/index.php\/wp-json\/wp\/v2\/product_tag?post=33747"}],"curies":[{"name":"wp","href":"https:\/\/api.w.org\/{rel}","templated":true}]}}