{"id":33743,"date":"2026-03-18T15:05:42","date_gmt":"2026-03-18T15:05:42","guid":{"rendered":"https:\/\/soydeaqui.ddns.net\/pachuca\/index.php\/producto\/detector-de-flama-multi-espectro-dual-ir-uv-tecnologia-avanzada-aluminio-libre-de-cobre-entradas-2x3-4-npt-certificaciones-fm-cfm-clase-i-division-1-grupos-abcd-clase-ii-division-1-grupos\/"},"modified":"2026-03-18T15:05:43","modified_gmt":"2026-03-18T15:05:43","slug":"detector-de-flama-multi-espectro-dual-ir-uv-tecnologia-avanzada-aluminio-libre-de-cobre-entradas-2x3-4-npt-certificaciones-fm-cfm-clase-i-division-1-grupos-abcd-clase-ii-division-1-grupos","status":"publish","type":"product","link":"https:\/\/soydeaqui.ddns.net\/pachuca\/index.php\/producto\/detector-de-flama-multi-espectro-dual-ir-uv-tecnologia-avanzada-aluminio-libre-de-cobre-entradas-2x3-4-npt-certificaciones-fm-cfm-clase-i-division-1-grupos-abcd-clase-ii-division-1-grupos\/","title":{"rendered":"Detector De Flama Multi-Espectro Dual IR\/UV, Tecnolog\u00eda Avanzada, Aluminio Libre de Cobre,  Entradas 2&#215;3\/4&#8243; NPT, Certificaciones FM, cFM Clase I, Divisi\u00f3n 1, Grupos A,B,C,D. Clase II Divisi\u00f3n 1 Grupos E,F,G, Clase III"},"content":{"rendered":"<div style='width: 100%; max-width: 1200px; margin: 0 auto; font-family: sans-serif; line-height: 1.6; color: inherit; background-color: transparent;'> <!-- Secci\u00f3n de descripci\u00f3n principal --> <\/p>\n<div style='margin-bottom: 30px;'>\n<p style='text-align: justify; font-size: 15px; color: inherit; margin: 0 0 15px;'>Detector de flama con tecnolog\u00eda dual UV\/IR; cono de visi\u00f3n de 90\u00b0 horizontal; carcasa fabricada en aluminio (libre de cobre) con (2) entradas de \u00be\u201d tipo NPT; salida 4-20 mA&comma; relevadores y protocolo ModBus RS-485; Clasificaci\u00f3n FM para Clase I&comma; Divisi\u00f3n 1 &#038; 2&comma; Grupos B&comma; C&comma; D; Clase II&comma; Divisi\u00f3n 1 &#038; 2&comma; Grupos E&comma; F&comma; G; Clase III; rango de temperatura est\u00e1ndar de -40\u00b0 a 85\u00b0C; peso de 1&comma;6 kg (3&comma;6 lb).<\/p>\n<p style='text-align: justify; font-size: 15px; color: inherit; margin: 0 0 15px;'>El detector FS20X&comma; integrante de la l\u00ednea de detectores de llamas eletro\u00f3pticos FSX&comma; representa un enorme avance en la integraci\u00f3n de tecnolog\u00edas de detecci\u00f3n de los espectros infrarrojo y ultravioleta.<\/p>\n<p style='text-align: justify; font-size: 15px; color: inherit; margin: 0 0 15px;'>Detector de flama con tecnolog\u00eda dual UV\/IR; cono de visi\u00f3n de 90\u00b0 horizontal; carcasa fabricada en aluminio libre de cobre con (2) entradas de \u00be\u201d tipo NPT; salida 4-20 mA&comma; relevadores y protocolo ModBus RS-485; Clasificaci\u00f3n FM para Clase I&comma; Divisi\u00f3n 1 &#038; 2&comma; Grupos B&comma; C&comma; D; Clase II&comma; Divisi\u00f3n 1 &#038; 2&comma; Grupos E&comma; F&comma; G; Clase III; rango de temperatura est\u00e1ndar de -40\u00b0 a 85\u00b0C; tipo de carcasa IP66&comma; 4X y NEMA 4; con rango de sensibilidad configurable: Muy alta (60 m.)&comma; Alta (45 m.)&comma; Media (30 m.) y Baja (15 m.)&comma; seleccionable con interruptor; tiempo de respuesta de 3 a 5 segundos para un fuego causado por n-heptano de 0&comma;1 m\u00b2 (1 pie cuadrado) a 30 m. (100 pies); con sensibilidad espectral Ultravioleta: 185 &#8211; 260 nan\u00f3metros; Visible: 400 \u2013 700 nan\u00f3metros; Banda infrarroja cercana: 0&comma;7 \u2013 1&comma;1 micr\u00f3metros; Infrarrojo de banda ancha: 1&comma;1 \u2013 3&comma;5 micr\u00f3metros; salida anal\u00f3gica de 0 a 20 mA escalonada e indicaciones visuales por medio de LEDs: LED verde para Alimentaci\u00f3n&comma; LED rojo para indicaci\u00f3n de Alarma y LED amarillo para indicaci\u00f3n de Fallo; intervalo de humedad: humedad relativa del 5 al 98%&comma; sin condensaci\u00f3n; peso de 1&comma;6 kg (3&comma;6 lb).<\/p>\n<\/p><\/div>\n<p> <!-- Secci\u00f3n de caracter\u00edsticas --> <\/p>\n<div style='margin-bottom: 30px;'>\n<h3 style='font-size: 22px; border-bottom: 2px solid currentColor; padding-bottom: 5px; margin-top: 0; color: inherit; opacity: 0.8;'>Caracter\u00edsticas<\/h3>\n<ul style='padding-left: 20px; font-size: 15px; color: inherit; list-style-type: disc;'>\n<li style='margin-bottom: 5px;'>Infrarrojo WideBand IR\u2122 patentado* combinado con ultravioleta<\/li>\n<li style='margin-bottom: 5px;'>L\u00edmite de detecci\u00f3n de m\u00e1s de 200 pies a un incendio causado por heptano de 1 pie cuadrado<\/li>\n<li style='margin-bottom: 5px;'>An\u00e1lisis Electronic Frequency Analysis\u2122 patentado*<\/li>\n<li style='margin-bottom: 5px;'>Sensor del espectro visible para una \u00f3ptima eliminaci\u00f3n de falsas alarmas<\/li>\n<li style='margin-bottom: 5px;'>Sensibilidades de detecci\u00f3n seleccionables<\/li>\n<li style='margin-bottom: 5px;'>Cono de visi\u00f3n 100 % completo de 90 grados ciego a la luz solar<\/li>\n<li style='margin-bottom: 5px;'>Microprocesadores duales para un desempe\u00f1o confiable<\/li>\n<li style='margin-bottom: 5px;'>Reloj en tiempo real para obtener la hora exacta de los eventos<\/li>\n<li style='margin-bottom: 5px;'>FirePic\u2122: Almacenamiento de datos de hasta 6 eventos anteriores a un incendio<\/li>\n<li style='margin-bottom: 5px;'>Registro de eventos: Hasta 200 eventos con marca de fecha y hora<\/li>\n<li style='margin-bottom: 5px;'>Comunicaci\u00f3n mediante ModBus RS-485 incorporada<\/li>\n<li style='margin-bottom: 5px;'>Salida anal\u00f3gica de 4 a 20 mA no aislada incorporada (con selecci\u00f3n de emisor o receptor)<\/li>\n<li style='margin-bottom: 5px;'>Rel\u00e9s de verificaci\u00f3n de alarma&comma; falla e incendio<\/li>\n<li style='margin-bottom: 5px;'>Autodiagn\u00f3stico electr\u00f3nico y de recorrido \u00f3ptico autom\u00e1tico<\/li>\n<li style='margin-bottom: 5px;'>El intervalo de temperatura de funcionamiento m\u00e1s amplio<\/li>\n<li style='margin-bottom: 5px;'>M\u00f3dulo de componentes electr\u00f3nicos patentado* para la protecci\u00f3n de componentes con terminaciones enchufables para f\u00e1cil instalaci\u00f3n en el campo<\/li>\n<li style='margin-bottom: 5px;'>Dos entradas para conductos NPT de \u00be\u201d O 25 mm<\/li>\n<li style='margin-bottom: 5px;'>Bajo consumo de energ\u00eda<\/li>\n<li style='margin-bottom: 5px;'>Alta inmunidad contra la interferencia de radiofrecuencia (RFI) y electromagn\u00e9tica (EMI)<\/li>\n<li style='margin-bottom: 5px;'>Con aprobaci\u00f3n de FM<\/li>\n<\/ul><\/div>\n<p> <!-- Secci\u00f3n de beneficios --> <\/p>\n<div style='margin-bottom: 30px;'>\n<h3 style='font-size: 22px; border-bottom: 2px solid currentColor; padding-bottom: 5px; margin-top: 0; color: inherit; opacity: 0.8;'>Beneficios<\/h3>\n<ul style='padding-left: 20px; font-size: 15px; color: inherit; list-style-type: disc;'>\n<li style='margin-bottom: 5px;'>Detecta incendios iniciados por combustibles a base de hidrocarburos u otros compuestos en todas las condiciones ambientales<\/li>\n<li style='margin-bottom: 5px;'>Inmunidad a las soldaduras con arco<\/li>\n<li style='margin-bottom: 5px;'>Rechazo de falsas alarmas en todas las condiciones ambientales<\/li>\n<li style='margin-bottom: 5px;'>Mantenimiento m\u00ednimo para un funcionamiento sin problemas<\/li>\n<li style='margin-bottom: 5px;'>Software de PC y m\u00f3dulo de interfaz (FSIM) para gr\u00e1ficos de diagn\u00f3stico de fallas en tiempo real (RTG)&comma; y descarga de FirePics\u2122 y registro de eventos<\/li>\n<li style='margin-bottom: 5px;'>Adecuado para una amplia variedad de aplicaciones<\/li>\n<\/ul><\/div>\n<p> <!-- Secci\u00f3n de requisitos de instalaci\u00f3n --> <\/p>\n<div style='margin-bottom: 30px;'>\n<h3 style='font-size: 22px; border-bottom: 2px solid currentColor; padding-bottom: 5px; margin-top: 0; color: inherit; opacity: 0.8;'>Requisitos de instalaci\u00f3n<\/h3>\n<p style='font-size: 15px; color: #e74c3c; margin: 0 0 15px;'>Para su correcta puesta en marcha se necesita lo siguiente:<\/p>\n<ul style='padding-left: 20px; font-size: 15px; color: inherit; list-style-type: disc;'>\n<li style='margin-bottom: 5px;'><a href='https:\/\/www.syscom.mx\/principal\/searchcont?route=TL-2055-HONEYWELL-ANALYTICS-209904&#038;autodetect=TL-2055' style='color: inherit; text-decoration: none; font-weight: 600;'>TL-2055<\/a> &#8211; L\u00e1mpara infrarrojo prueba de explosi\u00f3n para lugares peligrosos<\/li>\n<li style='margin-bottom: 5px;'><a href='https:\/\/www.syscom.mx\/principal\/searchcont?route=SM4-HONEYWELL-ANALYTICS-189785&#038;autodetect=SM4' style='color: inherit; text-decoration: none; font-weight: 600;'>SM4<\/a> &#8211; Montaje de acero inoxidable para detectores de flama serie FSX<\/li>\n<li style='margin-bottom: 5px;'><a href='https:\/\/www.syscom.mx\/principal\/searchcont?route=SH-001-HONEYWELL-ANALYTICS-215701&#038;autodetect=sh001' style='color: inherit; text-decoration: none; font-weight: 600;'>SH-001<\/a> &#8211; Parasol de acero inoxidable para detectores de flama serie FSX<\/li>\n<\/ul><\/div>\n<\/p><\/div>\n","protected":false},"excerpt":{"rendered":"<p>Detector De Flama Multi-Espectro Dual IR\/UV, Tecnolog\u00eda Avanzada, Aluminio Libre de Cobre,  Entradas 2&#215;3\/4&#8243; NPT, Certificaciones FM, cFM Clase I, Divisi\u00f3n 1, Grupos A,B,C,D. Clase II Divisi\u00f3n 1 Grupos E,F,G, Clase III<\/p>\n","protected":false},"featured_media":33742,"comment_status":"open","ping_status":"closed","template":"","meta":[],"product_brand":[],"product_cat":[985],"product_tag":[978,986,1014],"class_list":{"0":"post-33743","1":"product","2":"type-product","3":"status-publish","4":"has-post-thumbnail","6":"product_cat-detectores-de-flama","7":"product_tag-aplicaciones-especiales","8":"product_tag-detectores-de-flama","9":"product_tag-honeywell-analytics","11":"first","12":"outofstock","13":"sale","14":"shipping-taxable","15":"purchasable","16":"product-type-simple"},"_links":{"self":[{"href":"https:\/\/soydeaqui.ddns.net\/pachuca\/index.php\/wp-json\/wp\/v2\/product\/33743","targetHints":{"allow":["GET"]}}],"collection":[{"href":"https:\/\/soydeaqui.ddns.net\/pachuca\/index.php\/wp-json\/wp\/v2\/product"}],"about":[{"href":"https:\/\/soydeaqui.ddns.net\/pachuca\/index.php\/wp-json\/wp\/v2\/types\/product"}],"replies":[{"embeddable":true,"href":"https:\/\/soydeaqui.ddns.net\/pachuca\/index.php\/wp-json\/wp\/v2\/comments?post=33743"}],"wp:featuredmedia":[{"embeddable":true,"href":"https:\/\/soydeaqui.ddns.net\/pachuca\/index.php\/wp-json\/wp\/v2\/media\/33742"}],"wp:attachment":[{"href":"https:\/\/soydeaqui.ddns.net\/pachuca\/index.php\/wp-json\/wp\/v2\/media?parent=33743"}],"wp:term":[{"taxonomy":"product_brand","embeddable":true,"href":"https:\/\/soydeaqui.ddns.net\/pachuca\/index.php\/wp-json\/wp\/v2\/product_brand?post=33743"},{"taxonomy":"product_cat","embeddable":true,"href":"https:\/\/soydeaqui.ddns.net\/pachuca\/index.php\/wp-json\/wp\/v2\/product_cat?post=33743"},{"taxonomy":"product_tag","embeddable":true,"href":"https:\/\/soydeaqui.ddns.net\/pachuca\/index.php\/wp-json\/wp\/v2\/product_tag?post=33743"}],"curies":[{"name":"wp","href":"https:\/\/api.w.org\/{rel}","templated":true}]}}