{"id":33735,"date":"2026-03-18T15:05:30","date_gmt":"2026-03-18T15:05:30","guid":{"rendered":"https:\/\/soydeaqui.ddns.net\/pachuca\/index.php\/producto\/transmisor-universal-de-gas-fijo-serie-xnx-hart-sobre-4-20ma-ul-csa-entradas-5x3-4-npt-aluminio-pintado-configurado-para-optima-plus-y-excel-no-incluye-sensor-de-gas\/"},"modified":"2026-03-18T15:05:30","modified_gmt":"2026-03-18T15:05:30","slug":"transmisor-universal-de-gas-fijo-serie-xnx-hart-sobre-4-20ma-ul-csa-entradas-5x3-4-npt-aluminio-pintado-configurado-para-optima-plus-y-excel-no-incluye-sensor-de-gas","status":"publish","type":"product","link":"https:\/\/soydeaqui.ddns.net\/pachuca\/index.php\/producto\/transmisor-universal-de-gas-fijo-serie-xnx-hart-sobre-4-20ma-ul-csa-entradas-5x3-4-npt-aluminio-pintado-configurado-para-optima-plus-y-excel-no-incluye-sensor-de-gas\/","title":{"rendered":"Transmisor Universal De Gas Fijo, Serie XNX, HART\u00ae sobre 4-20mA, UL\/CSA, Entradas 5&#215;3\/4&#8243; NPT, Aluminio Pintado, Configurado para Optima Plus y Excel, No Incluye Sensor de Gas"},"content":{"rendered":"<div style='width: 100%; max-width: 1200px; margin: 0 auto; font-family: sans-serif; line-height: 1.6; color: inherit; background-color: transparent;'>\n<div style='width: 100%; margin-bottom: 30px;'>\n<h2 style='font-size: 28px; margin-top: 0; margin-bottom: 15px; color: inherit; opacity: 0.9; border-bottom: 2px solid currentColor; padding-bottom: 8px;'>Transmisor Universal Serie XNX\u2122<\/h2>\n<\/p><\/div>\n<p> <!-- Descripci\u00f3n general --> <\/p>\n<div style='margin-bottom: 30px;'>\n<p style='font-size: 15px; color: inherit; margin-bottom: 15px;'>La ventaja del transmisor XNX recae en la plataforma universal de uso sencillo y bajo mantenimiento que funciona con otros equipos de seguridad en un sistema de bus digital&comma; en el que se incluyen Searchline Excel&comma; Optima y otros detectores de gas de Honeywell Analytics&comma; controladores l\u00f3gicos programables (PLC) est\u00e1ndares de la industria y controladores de monitoreo de terceros.<\/p>\n<p style='font-size: 15px; color: inherit; margin-bottom: 15px;'>El controlador XNX admite monitores de gas electroqu\u00edmicos&comma; infrarrojos y de perla catal\u00edtica&comma; y utiliza cableado y HART est\u00e1ndar de 4 a 20 mA. Entre las opciones se incluyen Modbus&comma; Fieldbus (pendiente) de hasta tres rel\u00e9s y un adaptador Hart local para configuraci\u00f3n y diagn\u00f3stico que utiliza dispositivos port\u00e1tiles HART existentes.<\/p>\n<p style='font-size: 15px; color: inherit; margin-bottom: 15px;'>Con m\u00e1s de 200 configuraciones exclusivas&comma; el transmisor XNX satisface los requisitos de Clase 1\/Clase 2 de seguridad intr\u00ednseca y configuraci\u00f3n a prueba de explosiones&comma; para las industrias de exploraci\u00f3n y refinaci\u00f3n de petr\u00f3leo&comma; qu\u00edmica y de aguas residuales&comma; entre otras.<\/p>\n<p style='font-size: 15px; color: inherit; margin-bottom: 15px;'>El recinto se encuentra disponible en acero inoxidable o aluminio&comma; con un revestimiento de grado marino. Cinco puertos roscados&comma; disponibles en versiones m\u00e9tricas o NPT&comma; y opciones de montaje de m\u00e1xima resistencia proporcionan la mayor flexibilidad de instalaci\u00f3n. Los instrumentos&comma; basados en varias tecnolog\u00edas de detecci\u00f3n&comma; se pueden instalar en forma local en el transmisor o en forma remota con los accesorios adecuados.<\/p>\n<\/p><\/div>\n<p> <!-- Caracter\u00edsticas principales --> <\/p>\n<div style='display: flex; flex-wrap: wrap; gap: 30px; margin-bottom: 30px;'>\n<div style='flex: 1 1 300px; min-width: 280px;'>\n<h3 style='font-size: 22px; border-bottom: 2px solid currentColor; padding-bottom: 5px; margin-top: 0; color: inherit; opacity: 0.8;'>Caracter\u00edsticas t\u00e9cnicas<\/h3>\n<ul style='padding-left: 20px; font-size: 15px; color: inherit;'>\n<li style='margin-bottom: 5px;'><strong>Entradas:<\/strong> 5&#215;3\/4&#8242; NPT<\/li>\n<li style='margin-bottom: 5px;'><strong>Material:<\/strong> Aluminio pintado<\/li>\n<li style='margin-bottom: 5px;'><strong>Interfaz:<\/strong> 4-20mA con HART\u00ae<\/li>\n<li style='margin-bottom: 5px;'><strong>Conformidad:<\/strong> UL\/CSA<\/li>\n<li style='margin-bottom: 5px;'><strong>Configuraci\u00f3n:<\/strong> Para Optima Plus y Excel<\/li>\n<li style='margin-bottom: 5px;'><strong>Temperatura operativa:<\/strong> -40\u00b0C a +65\u00b0C<\/li>\n<li style='margin-bottom: 5px;'><strong>Humedad:<\/strong> 20-90% sin condensaci\u00f3n<\/li>\n<li style='margin-bottom: 5px;'><strong>Protecci\u00f3n:<\/strong> IP66&comma; NEMA 4X<\/li>\n<li style='margin-bottom: 5px;'><strong>Consumo:<\/strong> 9.7W para sensor infrarrojo<\/li>\n<\/ul><\/div>\n<div style='flex: 1 1 300px; min-width: 280px;'>\n<h3 style='font-size: 22px; border-bottom: 2px solid currentColor; padding-bottom: 5px; margin-top: 0; color: inherit; opacity: 0.8;'>Especificaciones adicionales<\/h3>\n<ul style='padding-left: 20px; font-size: 15px; color: inherit;'>\n<li style='margin-bottom: 5px;'><strong>Rel\u00e9s:<\/strong> Hasta 3 (2 de alarma&comma; 1 de falla)<\/li>\n<li style='margin-bottom: 5px;'><strong>Interfaz:<\/strong> Puerto IS local opcional<\/li>\n<li style='margin-bottom: 5px;'><strong>Comunicaci\u00f3n:<\/strong> Modbus&comma; Fieldbus H1<\/li>\n<li style='margin-bottom: 5px;'><strong>Clasificaci\u00f3n SIL:<\/strong> SIL2<\/li>\n<li style='margin-bottom: 5px;'><strong>Certificaciones:<\/strong> UL&comma; CSA&comma; FM<\/li>\n<li style='margin-bottom: 5px;'><strong>\u00c1mbitos:<\/strong> Clase 1 Divisi\u00f3n 1 Grupos B&comma; C&comma; D \/ Clase 1 Zona 1<\/li>\n<li style='margin-bottom: 5px;'><strong>Tecnolog\u00edas soportadas:<\/strong> Electroqu\u00edmicas&comma; infrarrojas&comma; catal\u00edticas<\/li>\n<li style='margin-bottom: 5px;'><strong>Montaje:<\/strong> Local o remoto con accesorios<\/li>\n<\/ul><\/div>\n<\/p><\/div>\n<p> <!-- Secciones de caracter\u00edsticas --> <\/p>\n<div style='display: flex; flex-wrap: wrap; gap: 20px; margin-bottom: 30px;'>\n<div style='flex: 1 1 250px; border: 1px solid rgba(150&comma; 150&comma; 150&comma; 0.4); border-radius: 8px; overflow: hidden; display: flex; flex-direction: column;'>\n<div style='padding: 15px; border-bottom: 1px solid rgba(150&comma; 150&comma; 150&comma; 0.2); font-weight: bold; font-size: 18px; color: inherit;'>Alto rendimiento<\/div>\n<div style='padding: 15px; color: inherit;'>\n<ul style='padding-left: 20px; margin: 0; font-size: 14px; list-style-type: disc;'>\n<li style='margin-bottom: 5px;'>Detecci\u00f3n de gas inflamable de 0 a 100% LFL\/LEL.<\/li>\n<li style='margin-bottom: 5px;'>La punta infrarroja con lentes calefaccionadas brinda inmunidad contra el envenenamiento sin fallas ocultas.<\/li>\n<li style='margin-bottom: 5px;'>Detecci\u00f3n infrarroja de paso abierto de gas inflamable en medici\u00f3n de LEL-m.<\/li>\n<li style='margin-bottom: 5px;'>La celda electroqu\u00edmica brinda detecci\u00f3n de gas t\u00f3xico en ppm.<\/li>\n<li style='margin-bottom: 5px;'>La celda infrarroja proporciona monitoreo de CO2 y gas combustible.<\/li>\n<li style='margin-bottom: 5px;'>Dise\u00f1o resistente y funcionamiento confiable en \u00e1reas explosivas y ambientes adversos.<\/li>\n<\/ul><\/div>\n<\/p><\/div>\n<div style='flex: 1 1 250px; border: 1px solid rgba(150&comma; 150&comma; 150&comma; 0.4); border-radius: 8px; overflow: hidden; display: flex; flex-direction: column;'>\n<div style='padding: 15px; border-bottom: 1px solid rgba(150&comma; 150&comma; 150&comma; 0.2); font-weight: bold; font-size: 18px; color: inherit;'>Funcionamiento flexible<\/div>\n<div style='padding: 15px; color: inherit;'>\n<ul style='padding-left: 20px; margin: 0; font-size: 14px; list-style-type: disc;'>\n<li style='margin-bottom: 5px;'>3 versiones: detecci\u00f3n de gas mediante celdas mV (celda catal\u00edtica e infrarroja)&comma; celdas electromec\u00e1nicas y celdas infrarrojas (punta y paso abierto).<\/li>\n<li style='margin-bottom: 5px;'>Detector multifunci\u00f3n (MPD) con capacidad de servicio en campo de celdas mV&comma; catal\u00edticas e infrarrojas.<\/li>\n<li style='margin-bottom: 5px;'>De 4 a 20 mA con interfaz HART\u00ae como parte del equipo est\u00e1ndar.<\/li>\n<li style='margin-bottom: 5px;'>M\u00faltiples opciones de comunicaci\u00f3n que incluyen hasta 3 rel\u00e9s&comma; MODBUS\u00ae y Fieldbus H1 de FOUNDATION\u00ae (pendiente).<\/li>\n<li style='margin-bottom: 5px;'>Puerto IS local opcional para configurador de HART port\u00e1til.<\/li>\n<\/ul><\/div>\n<\/p><\/div>\n<div style='flex: 1 1 250px; border: 1px solid rgba(150&comma; 150&comma; 150&comma; 0.4); border-radius: 8px; overflow: hidden; display: flex; flex-direction: column;'>\n<div style='padding: 15px; border-bottom: 1px solid rgba(150&comma; 150&comma; 150&comma; 0.2); font-weight: bold; font-size: 18px; color: inherit;'>F\u00e1cil de usar<\/div>\n<div style='padding: 15px; color: inherit;'>\n<ul style='padding-left: 20px; margin: 0; font-size: 14px; list-style-type: disc;'>\n<li style='margin-bottom: 5px;'>La pantalla LCD grande y f\u00e1cil de leer ofrece indicadores multisensoriales (\u00edconos visuales&comma; botones de colores&comma; texto&comma; etc.) para mostrar los gases y las lecturas de los sensores.<\/li>\n<li style='margin-bottom: 5px;'>Interfaz de usuario con 8 idiomas seleccionables (ingl\u00e9s&comma; espa\u00f1ol&comma; alem\u00e1n&comma; italiano&comma; portugu\u00e9s&comma; franc\u00e9s&comma; ruso y chino).<\/li>\n<li style='margin-bottom: 5px;'>Funciones de autodiagn\u00f3stico y de indicaci\u00f3n de fallas.<\/li>\n<li style='margin-bottom: 5px;'>Manejo sin interrupciones realizado por una sola persona.<\/li>\n<li style='margin-bottom: 5px;'>Calibraci\u00f3n r\u00e1pida con autoinhibici\u00f3n.<\/li>\n<\/ul><\/div>\n<\/p><\/div>\n<div style='flex: 1 1 250px; border: 1px solid rgba(150&comma; 150&comma; 150&comma; 0.4); border-radius: 8px; overflow: hidden; display: flex; flex-direction: column;'>\n<div style='padding: 15px; border-bottom: 1px solid rgba(150&comma; 150&comma; 150&comma; 0.2); font-weight: bold; font-size: 18px; color: inherit;'>F\u00e1cil de instalar<\/div>\n<div style='padding: 15px; color: inherit;'>\n<ul style='padding-left: 20px; margin: 0; font-size: 14px; list-style-type: disc;'>\n<li style='margin-bottom: 5px;'>Funcionamiento con 3 o 4 cables: emisor&comma; receptor o aislado.<\/li>\n<li style='margin-bottom: 5px;'>Se puede utilizar con instalaciones en conductos o en cables.<\/li>\n<li style='margin-bottom: 5px;'>Sensores de conexi\u00f3n sencilla y celdas reemplazables.<\/li>\n<li style='margin-bottom: 5px;'>NEMA 4X IP66 para uso en ambientes interiores\/exteriores&comma; en condiciones dif\u00edciles.<\/li>\n<\/ul><\/div>\n<\/p><\/div>\n<div style='flex: 1 1 250px; border: 1px solid rgba(150&comma; 150&comma; 150&comma; 0.4); border-radius: 8px; overflow: hidden; display: flex; flex-direction: column;'>\n<div style='padding: 15px; border-bottom: 1px solid rgba(150&comma; 150&comma; 150&comma; 0.2); font-weight: bold; font-size: 18px; color: inherit;'>Rentabilidad<\/div>\n<div style='padding: 15px; color: inherit;'>\n<ul style='padding-left: 20px; margin: 0; font-size: 14px; list-style-type: disc;'>\n<li style='margin-bottom: 5px;'>Requiere una m\u00ednima capacitaci\u00f3n.<\/li>\n<li style='margin-bottom: 5px;'>Operaci\u00f3n de un solo hombre.<\/li>\n<li style='margin-bottom: 5px;'>Sensor enchufable y reemplazable.<\/li>\n<li style='margin-bottom: 5px;'>Todos los accesorios necesarios est\u00e1n incluidos.<\/li>\n<\/ul><\/div>\n<\/p><\/div>\n<div style='flex: 1 1 250px; border: 1px solid rgba(150&comma; 150&comma; 150&comma; 0.4); border-radius: 8px; overflow: hidden; display: flex; flex-direction: column;'>\n<div style='padding: 15px; border-bottom: 1px solid rgba(150&comma; 150&comma; 150&comma; 0.2); font-weight: bold; font-size: 18px; color: inherit;'>Aplicaciones<\/div>\n<div style='padding: 15px; color: inherit;'>\n<ul style='padding-left: 20px; margin: 0; font-size: 14px; list-style-type: disc;'>\n<li style='margin-bottom: 5px;'>Plataformas de producci\u00f3n mar\u00edtimas de gas y petr\u00f3leo.<\/li>\n<li style='margin-bottom: 5px;'>Terminales de petr\u00f3leo en tierra.<\/li>\n<li style='margin-bottom: 5px;'>Refiner\u00edas.<\/li>\n<li style='margin-bottom: 5px;'>Transmisi\u00f3n de gases.<\/li>\n<li style='margin-bottom: 5px;'>Distribuci\u00f3n de gases.<\/li>\n<li style='margin-bottom: 5px;'>Terminales de gas natural licuado (LNG).<\/li>\n<li style='margin-bottom: 5px;'>Terminales de almacenamiento de gas.<\/li>\n<li style='margin-bottom: 5px;'>Plantas qu\u00edmicas.<\/li>\n<li style='margin-bottom: 5px;'>Plantas petroqu\u00edmicas.<\/li>\n<li style='margin-bottom: 5px;'>Operaciones de recuperaci\u00f3n de solventes.<\/li>\n<\/ul><\/div>\n<\/p><\/div>\n<\/p><\/div>\n<p> <!-- Caracter\u00edsticas t\u00e9cnicas detalladas --> <\/p>\n<div style='margin-bottom: 30px;'>\n<h3 style='font-size: 22px; border-bottom: 2px solid currentColor; padding-bottom: 5px; margin-top: 0; color: inherit; opacity: 0.8;'>Caracter\u00edsticas t\u00e9cnicas detalladas<\/h3>\n<ul style='padding-left: 20px; font-size: 15px; color: inherit;'>\n<li style='margin-bottom: 5px;'><strong>Interfaz de usuario:<\/strong> Pantalla LCD de 2.5&#8242; de matriz de puntos con luz de fondo<\/li>\n<li style='margin-bottom: 5px;'><strong>Visualizaci\u00f3n:<\/strong> Lectura de gas&comma; nombre del gas&comma; unidades de medici\u00f3n&comma; estado de fallas y alarmas<\/li>\n<li style='margin-bottom: 5px;'><strong>Interfaz de control:<\/strong> 4 botones con acceso mediante varilla magn\u00e9tica<\/li>\n<li style='margin-bottom: 5px;'><strong>Salida de se\u00f1al:<\/strong> 0-22 mA (4-20 mA est\u00e1ndar)<\/li>\n<li style='margin-bottom: 5px;'><strong>Sensores compatibles:<\/strong> Infrarrojos&comma; electroqu\u00edmicos&comma; catal\u00edticos<\/li>\n<li style='margin-bottom: 5px;'><strong>Tiempo de respuesta:<\/strong> T50 < 3 segundos&comma; T90 < 4 segundos<\/li>\n<li style='margin-bottom: 5px;'><strong>Protecci\u00f3n:<\/strong> IP66\/67<\/li>\n<li style='margin-bottom: 5px;'><strong>Certificaciones:<\/strong> UL&comma; CSA&comma; FM<\/li>\n<\/ul><\/div>\n<p> <!-- Separador final --> <\/p>\n<hr style='border: 0; border-top: 1px solid rgba(150&comma; 150&comma; 150&comma; 0.3); margin: 30px 0;'> <\/div>\n","protected":false},"excerpt":{"rendered":"<p>Transmisor Universal De Gas Fijo, Serie XNX, HART\u00ae sobre 4-20mA, UL\/CSA, Entradas 5&#215;3\/4&#8243; NPT, Aluminio Pintado, Configurado para Optima Plus y Excel, No Incluye Sensor de Gas<\/p>\n","protected":false},"featured_media":33734,"comment_status":"open","ping_status":"closed","template":"","meta":[],"product_brand":[],"product_cat":[987],"product_tag":[988,522,1014],"class_list":{"0":"post-33735","1":"product","2":"type-product","3":"status-publish","4":"has-post-thumbnail","6":"product_cat-detectores-de-gases","7":"product_tag-detectores-de-gases","8":"product_tag-dispositivos-convencionales","9":"product_tag-honeywell-analytics","11":"first","12":"instock","13":"sale","14":"shipping-taxable","15":"purchasable","16":"product-type-simple"},"_links":{"self":[{"href":"https:\/\/soydeaqui.ddns.net\/pachuca\/index.php\/wp-json\/wp\/v2\/product\/33735","targetHints":{"allow":["GET"]}}],"collection":[{"href":"https:\/\/soydeaqui.ddns.net\/pachuca\/index.php\/wp-json\/wp\/v2\/product"}],"about":[{"href":"https:\/\/soydeaqui.ddns.net\/pachuca\/index.php\/wp-json\/wp\/v2\/types\/product"}],"replies":[{"embeddable":true,"href":"https:\/\/soydeaqui.ddns.net\/pachuca\/index.php\/wp-json\/wp\/v2\/comments?post=33735"}],"wp:featuredmedia":[{"embeddable":true,"href":"https:\/\/soydeaqui.ddns.net\/pachuca\/index.php\/wp-json\/wp\/v2\/media\/33734"}],"wp:attachment":[{"href":"https:\/\/soydeaqui.ddns.net\/pachuca\/index.php\/wp-json\/wp\/v2\/media?parent=33735"}],"wp:term":[{"taxonomy":"product_brand","embeddable":true,"href":"https:\/\/soydeaqui.ddns.net\/pachuca\/index.php\/wp-json\/wp\/v2\/product_brand?post=33735"},{"taxonomy":"product_cat","embeddable":true,"href":"https:\/\/soydeaqui.ddns.net\/pachuca\/index.php\/wp-json\/wp\/v2\/product_cat?post=33735"},{"taxonomy":"product_tag","embeddable":true,"href":"https:\/\/soydeaqui.ddns.net\/pachuca\/index.php\/wp-json\/wp\/v2\/product_tag?post=33735"}],"curies":[{"name":"wp","href":"https:\/\/api.w.org\/{rel}","templated":true}]}}