{"id":33724,"date":"2026-03-18T15:05:16","date_gmt":"2026-03-18T15:05:16","guid":{"rendered":"https:\/\/soydeaqui.ddns.net\/pachuca\/index.php\/producto\/interruptor-de-supervision-por-presion-de-4-a-20-psi-a-prueba-de-explosion\/"},"modified":"2026-03-18T15:05:23","modified_gmt":"2026-03-18T15:05:23","slug":"interruptor-de-supervision-por-presion-de-4-a-20-psi-a-prueba-de-explosion","status":"publish","type":"product","link":"https:\/\/soydeaqui.ddns.net\/pachuca\/index.php\/producto\/interruptor-de-supervision-por-presion-de-4-a-20-psi-a-prueba-de-explosion\/","title":{"rendered":"Interruptor de Supervisi\u00f3n por Presi\u00f3n de 4 a 20 PSI, a Prueba de Explosi\u00f3n"},"content":{"rendered":"<div style='width: 100%; max-width: 1200px; margin: 0 auto; font-family: sans-serif; line-height: 1.6; color: inherit; background-color: transparent;'>\n<div style='display: flex; flex-wrap: wrap; gap: 30px; margin-bottom: 30px;'>\n<div style='flex: 1 1 300px; min-width: 280px;'>\n<h3 style='font-size: 22px; border-bottom: 2px solid currentColor; padding-bottom: 5px; margin-top: 0; color: inherit; opacity: 0.8;'>Caracter\u00edsticas<\/h3>\n<ul style='padding-left: 20px; font-size: 15px; color: inherit; list-style-type: disc;'>\n<li style='margin-bottom: 5px;'>Dise\u00f1ado y aprobado para operar en lugares peligrosos.<\/li>\n<li style='margin-bottom: 5px;'>Carcasa resistente de aluminio fundido con clasificaci\u00f3n NEMA 4<\/li>\n<li style='margin-bottom: 5px;'>Sensibilidad a la presi\u00f3n ajustable en el campo<\/li>\n<li style='margin-bottom: 5px;'>Conexi\u00f3n de lat\u00f3n macho \u00bd\u201d NPT<\/li>\n<li style='margin-bottom: 5px;'>Circuito de activaci\u00f3n sincronizada<\/li>\n<li style='margin-bottom: 5px;'>Dos entradas de conducto<\/li>\n<li style='margin-bottom: 5px;'>Tornillo resistente a la manipulaci\u00f3n<\/li>\n<li style='margin-bottom: 5px;'>Interruptores sincronizados SPDT (Forma C) encerrados en un bloque de terminales duradero<\/li>\n<\/ul><\/div>\n<\/p><\/div>\n<\/p><\/div>\n","protected":false},"excerpt":{"rendered":"<p>Interruptor de Supervisi\u00f3n por Presi\u00f3n de 4 a 20 PSI, a Prueba de Explosi\u00f3n<\/p>\n","protected":false},"featured_media":33723,"comment_status":"open","ping_status":"closed","template":"","meta":[],"product_brand":[],"product_cat":[998],"product_tag":[999,522,1000],"class_list":{"0":"post-33724","1":"product","2":"type-product","3":"status-publish","4":"has-post-thumbnail","6":"product_cat-detectores-de-flujo-y-presion","7":"product_tag-detectores-de-flujo-y-presion","8":"product_tag-dispositivos-convencionales","9":"product_tag-safe-signal","11":"first","12":"instock","13":"sale","14":"shipping-taxable","15":"purchasable","16":"product-type-simple"},"_links":{"self":[{"href":"https:\/\/soydeaqui.ddns.net\/pachuca\/index.php\/wp-json\/wp\/v2\/product\/33724","targetHints":{"allow":["GET"]}}],"collection":[{"href":"https:\/\/soydeaqui.ddns.net\/pachuca\/index.php\/wp-json\/wp\/v2\/product"}],"about":[{"href":"https:\/\/soydeaqui.ddns.net\/pachuca\/index.php\/wp-json\/wp\/v2\/types\/product"}],"replies":[{"embeddable":true,"href":"https:\/\/soydeaqui.ddns.net\/pachuca\/index.php\/wp-json\/wp\/v2\/comments?post=33724"}],"wp:featuredmedia":[{"embeddable":true,"href":"https:\/\/soydeaqui.ddns.net\/pachuca\/index.php\/wp-json\/wp\/v2\/media\/33723"}],"wp:attachment":[{"href":"https:\/\/soydeaqui.ddns.net\/pachuca\/index.php\/wp-json\/wp\/v2\/media?parent=33724"}],"wp:term":[{"taxonomy":"product_brand","embeddable":true,"href":"https:\/\/soydeaqui.ddns.net\/pachuca\/index.php\/wp-json\/wp\/v2\/product_brand?post=33724"},{"taxonomy":"product_cat","embeddable":true,"href":"https:\/\/soydeaqui.ddns.net\/pachuca\/index.php\/wp-json\/wp\/v2\/product_cat?post=33724"},{"taxonomy":"product_tag","embeddable":true,"href":"https:\/\/soydeaqui.ddns.net\/pachuca\/index.php\/wp-json\/wp\/v2\/product_tag?post=33724"}],"curies":[{"name":"wp","href":"https:\/\/api.w.org\/{rel}","templated":true}]}}