{"id":33710,"date":"2026-03-18T15:04:56","date_gmt":"2026-03-18T15:04:56","guid":{"rendered":"https:\/\/soydeaqui.ddns.net\/pachuca\/index.php\/producto\/bocina-para-exterior-de-montaje-en-techo-color-blanco\/"},"modified":"2026-03-18T15:05:00","modified_gmt":"2026-03-18T15:05:00","slug":"bocina-para-exterior-de-montaje-en-techo-color-blanco","status":"publish","type":"product","link":"https:\/\/soydeaqui.ddns.net\/pachuca\/index.php\/producto\/bocina-para-exterior-de-montaje-en-techo-color-blanco\/","title":{"rendered":"Bocina para exterior de montaje en techo color blanco"},"content":{"rendered":"<div style='width: 100%; max-width: 1200px; margin: 0 auto; font-family: sans-serif; line-height: 1.6; color: inherit; background-color: transparent;'>\n<div style='display: flex; flex-wrap: wrap; gap: 30px; margin-bottom: 30px;'>\n<div style='flex: 1 1 300px; min-width: 280px;'>\n<h3 style='font-size: 22px; border-bottom: 2px solid currentColor; padding-bottom: 5px; margin-top: 0; color: inherit; opacity: 0.8;'>Descripci\u00f3n<\/h3>\n<p style='font-size: 15px; margin-bottom: 15px; color: inherit;'>SpectrAlert Advanced ofrede una gama amplia de bocinas y bocinas\/estrobo en la industria. Las carcasas pueden ser plasticas o metalicas las cuales pueden ser montadas en muros o techos. Esta l\u00ednea satisface practicamente cualquier requisito de cualquier tipo de instalaci\u00f3n. Dentro de la l\u00ednea SectrAlert se ecuentran dispositivos para ser instalados en interiores&comma; exteriores&comma; en aplicaciones humedas o secas operando en temperaturas de -40\u00b0C a 66\u00b0C.<\/p>\n<p style='font-size: 15px; margin-bottom: 15px; color: inherit;'>Estos altavoces proporcionan un amplio rango de respuesta de frecuencia&comma; baja distorsi\u00f3n arm\u00f3nica y mantener un alto nivel de presi\u00f3n sonora en todas las configuraciones para proporcionar difusi\u00f3n precisa e inteligible de mensajes de evacuaci\u00f3n.<\/p>\n<\/p><\/div>\n<\/p><\/div>\n<div style='display: flex; flex-wrap: wrap; gap: 20px; margin-bottom: 30px;'>\n<div style='flex: 1 1 250px; border: 1px solid rgba(150&comma; 150&comma; 150&comma; 0.4); border-radius: 8px; overflow: hidden; display: flex; flex-direction: column;'>\n<div style='padding: 15px; border-bottom: 1px solid rgba(150&comma; 150&comma; 150&comma; 0.2); font-weight: bold; font-size: 18px; color: inherit;'>Caracter\u00edsticas<\/div>\n<div style='padding: 15px; color: inherit;'>\n<ul style='padding-left: 20px; margin: 0; font-size: 14px; list-style-type: disc;'>\n<li style='margin-bottom: 5px;'><strong>Nema 4X IP56<\/strong><\/li>\n<li style='margin-bottom: 5px;'><strong>Clasificado para -40\u00b0C &#8211; 66\u00b0C<\/strong><\/li>\n<li style='margin-bottom: 5px;'><strong>Plug-in reduce &#8216;ground fault&#8217;<\/strong><\/li>\n<li style='margin-bottom: 5px;'><strong>Candelas seleccionables<\/strong> 15&comma; 15\/75&comma; 30&comma; 75&comma; 95&comma; 110&comma; 115&comma; 135&comma; 150&comma; 177&comma; y 185<\/li>\n<li style='margin-bottom: 5px;'><strong>Compatible con sinrconizaci\u00f3n System Sensor y legacy SpectrAlert.<\/strong><\/li>\n<\/ul><\/div>\n<\/p><\/div>\n<\/p><\/div>\n<hr style='border: 0; border-top: 1px solid rgba(150&comma; 150&comma; 150&comma; 0.3); margin: 30px 0;'> <\/div>\n","protected":false},"excerpt":{"rendered":"<p>Bocina para exterior de montaje en techo color blanco<\/p>\n","protected":false},"featured_media":33709,"comment_status":"open","ping_status":"closed","template":"","meta":[],"product_brand":[],"product_cat":[995],"product_tag":[997,996,468],"class_list":{"0":"post-33710","1":"product","2":"type-product","3":"status-publish","4":"has-post-thumbnail","6":"product_cat-estrobos-sirenas-bocinas-campanas","7":"product_tag-estrobos-sirenas-bocinas-campanas","8":"product_tag-notificacion-y-voceo","9":"product_tag-system-sensor","11":"first","12":"outofstock","13":"sale","14":"shipping-taxable","15":"purchasable","16":"product-type-simple"},"_links":{"self":[{"href":"https:\/\/soydeaqui.ddns.net\/pachuca\/index.php\/wp-json\/wp\/v2\/product\/33710","targetHints":{"allow":["GET"]}}],"collection":[{"href":"https:\/\/soydeaqui.ddns.net\/pachuca\/index.php\/wp-json\/wp\/v2\/product"}],"about":[{"href":"https:\/\/soydeaqui.ddns.net\/pachuca\/index.php\/wp-json\/wp\/v2\/types\/product"}],"replies":[{"embeddable":true,"href":"https:\/\/soydeaqui.ddns.net\/pachuca\/index.php\/wp-json\/wp\/v2\/comments?post=33710"}],"wp:featuredmedia":[{"embeddable":true,"href":"https:\/\/soydeaqui.ddns.net\/pachuca\/index.php\/wp-json\/wp\/v2\/media\/33709"}],"wp:attachment":[{"href":"https:\/\/soydeaqui.ddns.net\/pachuca\/index.php\/wp-json\/wp\/v2\/media?parent=33710"}],"wp:term":[{"taxonomy":"product_brand","embeddable":true,"href":"https:\/\/soydeaqui.ddns.net\/pachuca\/index.php\/wp-json\/wp\/v2\/product_brand?post=33710"},{"taxonomy":"product_cat","embeddable":true,"href":"https:\/\/soydeaqui.ddns.net\/pachuca\/index.php\/wp-json\/wp\/v2\/product_cat?post=33710"},{"taxonomy":"product_tag","embeddable":true,"href":"https:\/\/soydeaqui.ddns.net\/pachuca\/index.php\/wp-json\/wp\/v2\/product_tag?post=33710"}],"curies":[{"name":"wp","href":"https:\/\/api.w.org\/{rel}","templated":true}]}}