{"id":33706,"date":"2026-03-18T15:04:52","date_gmt":"2026-03-18T15:04:52","guid":{"rendered":"https:\/\/soydeaqui.ddns.net\/pachuca\/index.php\/producto\/medidor-laser-de-larga-distancia-80-metros\/"},"modified":"2026-03-18T15:04:53","modified_gmt":"2026-03-18T15:04:53","slug":"medidor-laser-de-larga-distancia-80-metros","status":"publish","type":"product","link":"https:\/\/soydeaqui.ddns.net\/pachuca\/index.php\/producto\/medidor-laser-de-larga-distancia-80-metros\/","title":{"rendered":"Medidor laser de larga distancia 80 metros"},"content":{"rendered":"<div style='width: 100%; max-width: 1200px; margin: 0 auto; font-family: sans-serif; line-height: 1.6; color: inherit; background-color: transparent;'> <!-- Descripci\u00f3n --> <\/p>\n<div style='margin-bottom: 30px;'>\n<h2 style='font-size: 20px; border-bottom: 2px solid currentColor; padding-bottom: 5px; margin-top: 0; color: inherit; opacity: 0.8;'>Descripci\u00f3n<\/h2>\n<ul style='padding-left: 20px; font-size: 15px; color: inherit;'>\n<li style='margin-bottom: 5px;'>Nuevo \u00e1ngulo del m\u00e9todo de medida<\/li>\n<li style='margin-bottom: 5px;'>Provee la mejor exactitud en su clase con precisi\u00f3n m\u00e1xima de +\/- 1\/16&#8242;<\/li>\n<li style='margin-bottom: 5px;'>Provee unidades de medici\u00f3n est\u00e1ndar y m\u00e9tricas<\/li>\n<li style='margin-bottom: 5px;'>Provee 9 funciones de medici\u00f3n para incrementar la versatilidad de aplicaciones<\/li>\n<li style='margin-bottom: 5px;'>Guarda las 20 \u00faltimas medidas para conveniencia<\/li>\n<\/ul><\/div>\n<p> <!-- Ficha T\u00e9cnica --> <\/p>\n<div style='text-align: center; margin-bottom: 30px;'>\n<h1 style='font-size: 24px; text-transform: uppercase; margin: 0; color: inherit; opacity: 0.8;'>FICHA T\u00c9CNICA<\/h1>\n<\/p><\/div>\n<p> <!-- Imagen de ficha t\u00e9cnica --> <\/p>\n<div style='margin-bottom: 30px; text-align: center;'> <img style='width: 100%; max-width: 360px; height: auto; border: 1px solid rgba(150&comma;150&comma;150&comma;0.3); border-radius: 8px;' src='file:\/\/\/C:\/Users\/E-EC1-~1\/AppData\/Local\/Temp\/msohtmlclip1\/01\/clip_image001.png' alt='F_tec_LD080P-PI'> <\/div>\n<p> <!-- Incluye --> <\/p>\n<div style='margin-bottom: 30px;'>\n<h3 style='font-size: 18px; text-transform: uppercase; border-bottom: 2px solid currentColor; padding-bottom: 5px; margin-top: 0; color: inherit; opacity: 0.8;'>INCLUYE:<\/h3>\n<ul style='padding-left: 20px; font-size: 15px; color: inherit;'>\n<li style='margin-bottom: 5px;'>Bater\u00eda alcalina (2x)<\/li>\n<li style='margin-bottom: 5px;'>Correa<\/li>\n<\/ul><\/div>\n<p> <!-- Imagen de correa --> <\/p>\n<div style='text-align: center;'> <img style='width: 100%; max-width: 100px; height: auto; border: 1px solid rgba(150&comma;150&comma;150&comma;0.3); border-radius: 8px;' src='file:\/\/\/C:\/Users\/E-EC1-~1\/AppData\/Local\/Temp\/msohtmlclip1\/01\/clip_image003.jpg' alt='Sim_hta_Estuche'> <\/div>\n<p> <!-- Separador --> <\/p>\n<hr style='border: 0; border-top: 1px solid rgba(150&comma; 150&comma; 150&comma; 0.3); margin: 30px 0;'> <\/div>\n","protected":false},"excerpt":{"rendered":"<p>Medidor laser de larga distancia 80 metros<\/p>\n","protected":false},"featured_media":33705,"comment_status":"open","ping_status":"closed","template":"","meta":[],"product_brand":[],"product_cat":[462],"product_tag":[25,131,252],"class_list":{"0":"post-33706","1":"product","2":"type-product","3":"status-publish","4":"has-post-thumbnail","6":"product_cat-herramientas-electricas-herramientas","7":"product_tag-herramientas","8":"product_tag-herramientas-electricas","9":"product_tag-makita","11":"first","12":"outofstock","13":"sale","14":"shipping-taxable","15":"purchasable","16":"product-type-simple"},"_links":{"self":[{"href":"https:\/\/soydeaqui.ddns.net\/pachuca\/index.php\/wp-json\/wp\/v2\/product\/33706","targetHints":{"allow":["GET"]}}],"collection":[{"href":"https:\/\/soydeaqui.ddns.net\/pachuca\/index.php\/wp-json\/wp\/v2\/product"}],"about":[{"href":"https:\/\/soydeaqui.ddns.net\/pachuca\/index.php\/wp-json\/wp\/v2\/types\/product"}],"replies":[{"embeddable":true,"href":"https:\/\/soydeaqui.ddns.net\/pachuca\/index.php\/wp-json\/wp\/v2\/comments?post=33706"}],"wp:featuredmedia":[{"embeddable":true,"href":"https:\/\/soydeaqui.ddns.net\/pachuca\/index.php\/wp-json\/wp\/v2\/media\/33705"}],"wp:attachment":[{"href":"https:\/\/soydeaqui.ddns.net\/pachuca\/index.php\/wp-json\/wp\/v2\/media?parent=33706"}],"wp:term":[{"taxonomy":"product_brand","embeddable":true,"href":"https:\/\/soydeaqui.ddns.net\/pachuca\/index.php\/wp-json\/wp\/v2\/product_brand?post=33706"},{"taxonomy":"product_cat","embeddable":true,"href":"https:\/\/soydeaqui.ddns.net\/pachuca\/index.php\/wp-json\/wp\/v2\/product_cat?post=33706"},{"taxonomy":"product_tag","embeddable":true,"href":"https:\/\/soydeaqui.ddns.net\/pachuca\/index.php\/wp-json\/wp\/v2\/product_tag?post=33706"}],"curies":[{"name":"wp","href":"https:\/\/api.w.org\/{rel}","templated":true}]}}