{"id":33687,"date":"2026-03-18T15:04:27","date_gmt":"2026-03-18T15:04:27","guid":{"rendered":"https:\/\/soydeaqui.ddns.net\/pachuca\/index.php\/producto\/caja-de-montaje-para-estacion-de-emergencia-bg-12lra-y-nbg-12lra\/"},"modified":"2026-03-18T15:04:32","modified_gmt":"2026-03-18T15:04:32","slug":"caja-de-montaje-para-estacion-de-emergencia-bg-12lra-y-nbg-12lra","status":"publish","type":"product","link":"https:\/\/soydeaqui.ddns.net\/pachuca\/index.php\/producto\/caja-de-montaje-para-estacion-de-emergencia-bg-12lra-y-nbg-12lra\/","title":{"rendered":"Caja de Montaje para Estaci\u00f3n de Emergencia BG-12LRA y NBG-12LRA"},"content":{"rendered":"<div style='width: 100%; max-width: 1200px; margin: 0 auto; font-family: sans-serif; line-height: 1.6; color: inherit; background-color: transparent;'>\n<div style='display: flex; flex-wrap: wrap; gap: 30px; margin-bottom: 30px;'>\n<div style='flex: 1 1 300px; min-width: 280px;'>\n<h3 style='font-size: 22px; border-bottom: 2px solid currentColor; padding-bottom: 5px; margin-top: 0; color: inherit; opacity: 0.8;'>Caracter\u00edsticas Generales<\/h3>\n<ul style='padding-left: 20px; font-size: 15px; color: inherit;'>\n<li style='margin-bottom: 5px;'>Dise\u00f1o de acci\u00f3n dual que requiere dos movimientos para activar la estaci\u00f3n<\/li>\n<li style='margin-bottom: 5px;'>Incluye interfaz direccional para paneles de control de incendios Fire\u00b7Lite<\/li>\n<li style='margin-bottom: 5px;'>Permite al panel mostrar la ubicaci\u00f3n exacta de la estaci\u00f3n activada<\/li>\n<li style='margin-bottom: 5px;'>Permite inspecci\u00f3n y ajuste de direcci\u00f3n sin generar condici\u00f3n de alarma<\/li>\n<li style='margin-bottom: 5px;'>LED bicolor visible a trav\u00e9s del mango (parpadea en normal y rojo fijo en alarma)<\/li>\n<li style='margin-bottom: 5px;'>Mango con bloqueo en posici\u00f3n baja y visualizaci\u00f3n de &#8216;ACTIVADO&#8217;<\/li>\n<li style='margin-bottom: 5px;'>Terminales de tornillo con cubierta para conexiones a bucle SLC (acepta hasta cable 12 AWG\/3.25 mm\u00b2)<\/li>\n<li style='margin-bottom: 5px;'>Dise\u00f1o ergon\u00f3mico que cumple con ADAAG (5 lb. m\u00e1ximo de fuerza de activaci\u00f3n)<\/li>\n<li style='margin-bottom: 5px;'>Texto en Braille en el mango de la estaci\u00f3n<\/li>\n<li style='margin-bottom: 5px;'>Incluye anillo opcional de recorte (BG12TR)<\/li>\n<\/ul><\/div>\n<div style='flex: 1 1 300px; min-width: 280px;'>\n<h3 style='font-size: 22px; border-bottom: 2px solid currentColor; padding-bottom: 5px; margin-top: 0; color: inherit; opacity: 0.8;'>Especificaciones T\u00e9cnicas<\/h3>\n<ul style='padding-left: 20px; font-size: 15px; color: inherit;'>\n<li style='margin-bottom: 5px;'><strong>Peso de env\u00edo:<\/strong> 9.6 oz. (272.15 g)<\/li>\n<li style='margin-bottom: 5px;'><strong>Voltaje operativo normal:<\/strong> 24 VDC<\/li>\n<li style='margin-bottom: 5px;'><strong>Voltaje m\u00e1ximo bucle SLC:<\/strong> 28.0 VDC<\/li>\n<li style='margin-bottom: 5px;'><strong>Corriente de espera SLC:<\/strong> 375 \u03bcA<\/li>\n<li style='margin-bottom: 5px;'><strong>Corriente de alarma SLC:<\/strong> 5 mA<\/li>\n<li style='margin-bottom: 5px;'><strong>Rango de temperatura:<\/strong> 32\u00b0F a 120\u00b0F (0\u00b0C a 49\u00b0C)<\/li>\n<li style='margin-bottom: 5px;'><strong>Humedad relativa:<\/strong> 10% a 93% (sin condensaci\u00f3n)<\/li>\n<li style='margin-bottom: 5px;'><strong>Instalaci\u00f3n:<\/strong> Interior en ubicaci\u00f3n seca<\/li>\n<\/ul><\/div>\n<\/p><\/div>\n<div style='display: flex; flex-wrap: wrap; gap: 20px; margin-bottom: 30px;'>\n<div style='flex: 1 1 250px; border: 1px solid rgba(150&comma; 150&comma; 150&comma; 0.4); border-radius: 8px; overflow: hidden; display: flex; flex-direction: column;'>\n<div style='padding: 15px; border-bottom: 1px solid rgba(150&comma; 150&comma; 150&comma; 0.2); font-weight: bold; font-size: 18px; color: inherit;'>Opciones de Montaje<\/div>\n<div style='padding: 15px; color: inherit;'>\n<ul style='padding-left: 20px; margin: 0; font-size: 14px; list-style-type: disc;'>\n<li style='margin-bottom: 5px;'>Montaje semi-encastrado en caja el\u00e9ctrica de una o dos virolas est\u00e1ndar o caja cuadrada de 4&#8242; (10.16 cm)<\/li>\n<li style='margin-bottom: 5px;'>Montaje superficial con caja SB-10 (metal) o SB-I\/O (pl\u00e1stico)<\/li>\n<li style='margin-bottom: 5px;'>Incluye anillo opcional de recorte (BG12TR) para montaje semi-encastrado<\/li>\n<\/ul><\/div>\n<\/p><\/div>\n<div style='flex: 1 1 250px; border: 1px solid rgba(150&comma; 150&comma; 150&comma; 0.4); border-radius: 8px; overflow: hidden; display: flex; flex-direction: column;'>\n<div style='padding: 15px; border-bottom: 1px solid rgba(150&comma; 150&comma; 150&comma; 0.2); font-weight: bold; font-size: 18px; color: inherit;'>Construcci\u00f3n<\/div>\n<div style='padding: 15px; color: inherit;'>\n<ul style='padding-left: 20px; margin: 0; font-size: 14px; list-style-type: disc;'>\n<li style='margin-bottom: 5px;'>Carcaza&comma; puerta y mango moldeados en policarbonato duradero<\/li>\n<li style='margin-bottom: 5px;'>Acabado texturado<\/li>\n<li style='margin-bottom: 5px;'>Mango rojo con instrucciones de operaci\u00f3n visibles<\/li>\n<li style='margin-bottom: 5px;'>Palabra &#8216;FIRE&#8217; en blanco en la frente de la estaci\u00f3n con letras de 1.00 pulgada (2.54 cm) o m\u00e1s<\/li>\n<\/ul><\/div>\n<\/p><\/div>\n<div style='flex: 1 1 250px; border: 1px solid rgba(150&comma; 150&comma; 150&comma; 0.4); border-radius: 8px; overflow: hidden; display: flex; flex-direction: column;'>\n<div style='padding: 15px; border-bottom: 1px solid rgba(150&comma; 150&comma; 150&comma; 0.2); font-weight: bold; font-size: 18px; color: inherit;'>Listas y Aprobaciones<\/div>\n<div style='padding: 15px; color: inherit;'>\n<ul style='padding-left: 20px; margin: 0; font-size: 14px; list-style-type: disc;'>\n<li style='margin-bottom: 5px;'>UL\/ULC Listed: S711 (aplicaciones canadienses y no canadienses)<\/li>\n<li style='margin-bottom: 5px;'>MEA: 67-02-E<\/li>\n<li style='margin-bottom: 5px;'>CSFM: 7150-0075:0184<\/li>\n<li style='margin-bottom: 5px;'>FM Approved<\/li>\n<\/ul><\/div>\n<\/p><\/div>\n<div style='flex: 1 1 250px; border: 1px solid rgba(150&comma; 150&comma; 150&comma; 0.4); border-radius: 8px; overflow: hidden; display: flex; flex-direction: column;'>\n<div style='padding: 15px; border-bottom: 1px solid rgba(150&comma; 150&comma; 150&comma; 0.2); font-weight: bold; font-size: 18px; color: inherit;'>Configuraci\u00f3n<\/div>\n<div style='padding: 15px; color: inherit;'>\n<ul style='padding-left: 20px; margin: 0; font-size: 14px; list-style-type: disc;'>\n<li style='margin-bottom: 5px;'>Direcci\u00f3n programable mediante interruptores decimales rotativos<\/li>\n<li style='margin-bottom: 5px;'>Rango de direcciones: 1-159 (con pesta\u00f1a removible para MS-9600 Series)<\/li>\n<li style='margin-bottom: 5px;'>Rango de direcciones: 1-99 (MS-9200UDLS) y 1-50 (MS-9050UD)<\/li>\n<\/ul><\/div>\n<\/p><\/div>\n<\/p><\/div>\n<div style='display: flex; flex-wrap: wrap; gap: 30px; margin-bottom: 30px;'>\n<div style='flex: 1 1 300px; min-width: 280px;'>\n<h3 style='font-size: 22px; border-bottom: 2px solid currentColor; padding-bottom: 5px; margin-top: 0; color: inherit; opacity: 0.8;'>Operaci\u00f3n<\/h3>\n<p style='font-size: 15px; color: inherit; margin-top: 0;'>La activaci\u00f3n requiere presionar hacia adentro y luego jalar hacia abajo el mango&comma; lo que lo bloquea en la posici\u00f3n baja\/activada. Al activarse&comma; aparece la palabra &#8216;ACTIVADO&#8217; (en amarillo brillante) en la parte superior del mango&comma; mientras que una porci\u00f3n del mango sobresale por la parte inferior de la estaci\u00f3n. Para reiniciar&comma; simplemente desbloquee la estaci\u00f3n con la llave y abra la puerta. Esta acci\u00f3n reinicia el mango; al cerrar la puerta se reinicia autom\u00e1ticamente el interruptor.<\/p>\n<\/p><\/div>\n<div style='flex: 1 1 300px; min-width: 280px;'>\n<h3 style='font-size: 22px; border-bottom: 2px solid currentColor; padding-bottom: 5px; margin-top: 0; color: inherit; opacity: 0.8;'>Aplicaci\u00f3n<\/h3>\n<p style='font-size: 15px; color: inherit; margin-top: 0;'>Las estaciones manuales de alarma contra incendios deben ser no codificadas&comma; con bloqueo de reinicio operado por llave para permitir su prueba&comma; y dise\u00f1adas para que despu\u00e9s de una operaci\u00f3n de emergencia&comma; no puedan restaurarse a su estado normal excepto mediante el uso de una llave. La estaci\u00f3n activada debe condicionarse autom\u00e1ticamente para ser visualmente detectada como activada.<\/p>\n<\/p><\/div>\n<\/p><\/div>\n<hr style='border: 0; border-top: 1px solid rgba(150&comma; 150&comma; 150&comma; 0.3); margin: 30px 0;'>\n<div style='display: flex; flex-wrap: wrap; gap: 20px; margin-bottom: 30px;'>\n<div style='flex: 1 1 250px; border: 1px solid rgba(150&comma; 150&comma; 150&comma; 0.4); border-radius: 8px; overflow: hidden; display: flex; flex-direction: column;'>\n<div style='padding: 15px; border-bottom: 1px solid rgba(150&comma; 150&comma; 150&comma; 0.2); font-weight: bold; font-size: 18px; color: inherit;'>Patentes<\/div>\n<div style='padding: 15px; color: inherit;'>\n<ul style='padding-left: 20px; margin: 0; font-size: 14px; list-style-type: disc;'>\n<li style='margin-bottom: 5px;'>U.S. Patent No. D428&comma;351<\/li>\n<li style='margin-bottom: 5px;'>U.S. Patent No. 6&comma;380&comma;846<\/li>\n<li style='margin-bottom: 5px;'>U.S. Patent No. 6&comma;314&comma;772<\/li>\n<li style='margin-bottom: 5px;'>U.S. Patent No. 6&comma;632&comma;108<\/li>\n<\/ul><\/div>\n<\/p><\/div>\n<div style='flex: 1 1 250px; border: 1px solid rgba(150&comma; 150&comma; 150&comma; 0.4); border-radius: 8px; overflow: hidden; display: flex; flex-direction: column;'>\n<div style='padding: 15px; border-bottom: 1px solid rgba(150&comma; 150&comma; 150&comma; 0.2); font-weight: bold; font-size: 18px; color: inherit;'>Accesorios<\/div>\n<div style='padding: 15px; color: inherit;'>\n<ul style='padding-left: 20px; margin: 0; font-size: 14px; list-style-type: disc;'>\n<li style='margin-bottom: 5px;'>BG-12LX: Estaci\u00f3n de tir\u00f3n direccional con caracter\u00edstica de bloqueo con llave<\/li>\n<li style='margin-bottom: 5px;'>SB-10: Caja de montaje superficial; metal<\/li>\n<li style='margin-bottom: 5px;'>SB-I\/O: Caja de montaje superficial; pl\u00e1stico<\/li>\n<li style='margin-bottom: 5px;'>BG12TR: Anillo de recorte opcional<\/li>\n<li style='margin-bottom: 5px;'>17003: Juego de dos llaves<\/li>\n<\/ul><\/div>\n<\/p><\/div>\n<\/p><\/div>\n<hr style='border: 0; border-top: 1px solid rgba(150&comma; 150&comma; 150&comma; 0.3); margin: 30px 0;'>\n<div style='display: flex; flex-wrap: wrap; gap: 30px; margin-bottom: 30px;'>\n<div style='flex: 1 1 300px; min-width: 280px;'>\n<h3 style='font-size: 22px; border-bottom: 2px solid currentColor; padding-bottom: 5px; margin-top: 0; color: inherit; opacity: 0.8;'>Normas y Certificaciones<\/h3>\n<p style='font-size: 15px; color: inherit; margin-top: 0;'>Cumple con UL 38&comma; Norma para Cajas de Se\u00f1alizaci\u00f3n Accionadas Manualmente. Cumple con ADAAG Secci\u00f3n 4.1.3[13] para controles y mecanismos de operaci\u00f3n. Verifica los requisitos de activaci\u00f3n de 5 lb. m\u00e1ximo.<\/p>\n<\/p><\/div>\n<div style='flex: 1 1 300px; min-width: 280px;'>\n<h3 style='font-size: 22px; border-bottom: 2px solid currentColor; padding-bottom: 5px; margin-top: 0; color: inherit; opacity: 0.8;'>Informaci\u00f3n Adicional<\/h3>\n<p style='font-size: 15px; color: inherit; margin-top: 0;'>FireLite\u00ae Alarms\u00ae es una marca registrada de Honeywell International Inc. Este documento no est\u00e1 destinado a ser utilizado para fines de instalaci\u00f3n. Todas las especificaciones est\u00e1n sujetas a cambios sin previo aviso. Fabricado en EE.UU.<\/p>\n<\/p><\/div>\n<\/p><\/div>\n<\/p><\/div>\n","protected":false},"excerpt":{"rendered":"<p>Caja de Montaje para Estaci\u00f3n de Emergencia BG-12LRA y NBG-12LRA<\/p>\n","protected":false},"featured_media":33686,"comment_status":"open","ping_status":"closed","template":"","meta":[],"product_brand":[],"product_cat":[1013],"product_tag":[449,541],"class_list":{"0":"post-33687","1":"product","2":"type-product","3":"status-publish","4":"has-post-thumbnail","6":"product_cat-fire-lite","7":"product_tag-accesorios-y-dispositivos-direccionables","8":"product_tag-fire-lite","10":"first","11":"instock","12":"sale","13":"shipping-taxable","14":"purchasable","15":"product-type-simple"},"_links":{"self":[{"href":"https:\/\/soydeaqui.ddns.net\/pachuca\/index.php\/wp-json\/wp\/v2\/product\/33687","targetHints":{"allow":["GET"]}}],"collection":[{"href":"https:\/\/soydeaqui.ddns.net\/pachuca\/index.php\/wp-json\/wp\/v2\/product"}],"about":[{"href":"https:\/\/soydeaqui.ddns.net\/pachuca\/index.php\/wp-json\/wp\/v2\/types\/product"}],"replies":[{"embeddable":true,"href":"https:\/\/soydeaqui.ddns.net\/pachuca\/index.php\/wp-json\/wp\/v2\/comments?post=33687"}],"wp:featuredmedia":[{"embeddable":true,"href":"https:\/\/soydeaqui.ddns.net\/pachuca\/index.php\/wp-json\/wp\/v2\/media\/33686"}],"wp:attachment":[{"href":"https:\/\/soydeaqui.ddns.net\/pachuca\/index.php\/wp-json\/wp\/v2\/media?parent=33687"}],"wp:term":[{"taxonomy":"product_brand","embeddable":true,"href":"https:\/\/soydeaqui.ddns.net\/pachuca\/index.php\/wp-json\/wp\/v2\/product_brand?post=33687"},{"taxonomy":"product_cat","embeddable":true,"href":"https:\/\/soydeaqui.ddns.net\/pachuca\/index.php\/wp-json\/wp\/v2\/product_cat?post=33687"},{"taxonomy":"product_tag","embeddable":true,"href":"https:\/\/soydeaqui.ddns.net\/pachuca\/index.php\/wp-json\/wp\/v2\/product_tag?post=33687"}],"curies":[{"name":"wp","href":"https:\/\/api.w.org\/{rel}","templated":true}]}}