{"id":33673,"date":"2026-03-18T15:04:07","date_gmt":"2026-03-18T15:04:07","guid":{"rendered":"https:\/\/soydeaqui.ddns.net\/pachuca\/index.php\/producto\/bateria-lxt-litioion-de-18v-5-0ah\/"},"modified":"2026-03-18T15:04:14","modified_gmt":"2026-03-18T15:04:14","slug":"bateria-lxt-litioion-de-18v-5-0ah","status":"publish","type":"product","link":"https:\/\/soydeaqui.ddns.net\/pachuca\/index.php\/producto\/bateria-lxt-litioion-de-18v-5-0ah\/","title":{"rendered":"Bater\u00eda LXT Litio???Ion de 18V 5.0Ah"},"content":{"rendered":"<div style='width: 100%; max-width: 1200px; margin: 0 auto; font-family: sans-serif; line-height: 1.6; color: inherit; background-color: transparent;'> <!-- Secci\u00f3n de caracter\u00edsticas --> <\/p>\n<div style='display: flex; flex-wrap: wrap; gap: 30px; margin-bottom: 30px;'>\n<div style='flex: 1 1 300px; min-width: 280px;'>\n<h3 style='font-size: 22px; border-bottom: 2px solid currentColor; padding-bottom: 5px; margin-top: 0; color: inherit; opacity: 0.8;'>Caracter\u00edsticas<\/h3>\n<ul style='padding-left: 20px; font-size: 15px; color: inherit;'>\n<li style='margin-bottom: 5px;'><strong>DURACI\u00d3N:<\/strong> Presenta un indicador LED de nivel de carga de la bater\u00eda que permite al usuario monitorear la carga<\/li>\n<li style='margin-bottom: 5px;'><strong>TECNOLOG\u00cdA:<\/strong> Alcanza su carga completa en 45 minutos o menos<\/li>\n<li style='margin-bottom: 5px;'><strong>DURABILIDAD:<\/strong> Proporciona hasta 65% de m\u00e1s tiempo de duraci\u00f3n por carga comparada con la bater\u00eda BL1830<\/li>\n<li style='margin-bottom: 5px;'><strong>INCLUYE:<\/strong> Bater\u00eda LXT\u00ae Litio-Ion de 18V 5.0Ah<\/li>\n<\/ul><\/div>\n<\/p><\/div>\n<p> <!-- Secci\u00f3n de especificaciones --> <\/p>\n<div style='display: flex; flex-wrap: wrap; gap: 20px; margin-bottom: 30px;'>\n<div style='flex: 1 1 250px; border: 1px solid rgba(150&comma; 150&comma; 150&comma; 0.4); border-radius: 8px; overflow: hidden; display: flex; flex-direction: column;'>\n<div style='padding: 15px; border-bottom: 1px solid rgba(150&comma; 150&comma; 150&comma; 0.2); font-weight: bold; font-size: 18px; color: inherit;'>Especificaciones<\/div>\n<div style='padding: 15px; color: inherit;'>\n<ul style='padding-left: 20px; margin: 0; font-size: 14px; list-style-type: disc;'>\n<li style='margin-bottom: 5px;'>Integrada con un indicador LED de nivel de carga de la bater\u00eda que permite al usuario monitorear la carga de la bater\u00eda<\/li>\n<li style='margin-bottom: 5px;'>Proporciona hasta 65% de m\u00e1s tiempo de duraci\u00f3n por carga comparada con la bater\u00eda BL1830<\/li>\n<li style='margin-bottom: 5px;'>Alcanza su carga completa en 45 minutos o menos<\/li>\n<li style='margin-bottom: 5px;'>Compatible s\u00f3lo con las herramientas con Protecci\u00f3n Star\u2122&comma; se\u00f1aladas con el s\u00edmbolo Star\u2122 y\/o el Receptor de Bater\u00eda Amarillo debajo de la herramienta<\/li>\n<li style='margin-bottom: 5px;'>La bater\u00eda entrega potencia y duraci\u00f3n en temperaturas extremas&comma; a\u00fan durante el invierno (-4\u00b0F\/-20\u00b0C)<\/li>\n<li style='margin-bottom: 5px;'>Equipada con controles por computadora de Protecci\u00f3n Star\u2122 para proteger contra sobrecarga&comma; sobredescarga y sobrecalentamiento<\/li>\n<li style='margin-bottom: 5px;'>El estuche externo resistente a impactos y el revestimiento interior absorbente de impactos est\u00e1n dise\u00f1ados para proteger la bater\u00eda<\/li>\n<li style='margin-bottom: 5px;'>Las diecis\u00e9is terminales de contacto mantienen una conexi\u00f3n constante con la herramienta para ayudar a prevenir una p\u00e9rdida de potencia o fluctuaci\u00f3n&comma; a\u00fan durante aplicaciones de alta vibraci\u00f3n<\/li>\n<li style='margin-bottom: 5px;'>La bater\u00eda resiste autodescargas y se mantiene lista a\u00fan despu\u00e9s de per\u00edodos largos de almacenamiento<\/li>\n<li style='margin-bottom: 5px;'>Makita Litio-Ion de 18V es la l\u00ednea m\u00e1s grande de herramientas inal\u00e1mbricas alimentadas por una bater\u00eda Litio-Ion de 18V estilo deslizable en el mundo<\/li>\n<li style='margin-bottom: 5px;'>La tecnolog\u00eda de Makita entrega tiempo de carga l\u00edder en su categor\u00eda&comma; para que la bater\u00eda pase m\u00e1s tiempo en el trabajo y menos tiempo en el cargador (no incluye cargador)<\/li>\n<\/ul><\/div>\n<\/p><\/div>\n<\/p><\/div>\n<p> <!-- Informaci\u00f3n adicional --> <\/p>\n<div style='margin-bottom: 30px;'>\n<p style='margin: 0 0 15px;'>Los cargadores de bater\u00edas Makita est\u00e1n dise\u00f1ados especialmente para ser compatibles con las bater\u00edas Makita correspondientes. Esto significa que cada cargador est\u00e1 dise\u00f1ado para proporcionar la corriente y el voltaje para cada modelo.<\/p>\n<p style='margin: 0 0 15px;'>Es importante destacar que no todos los cargadores Makita son compatibles con todas las bater\u00edas Makita. Makita ofrece una amplia variedad de bater\u00edas con diferentes capacidades y tecnolog\u00edas&comma; a continuaci\u00f3n se presenta una tabla de compatibilidad:<\/p>\n<p> <!-- Imagen de compatibilidad --> <\/p>\n<div style='margin: 20px 0;'> <img style='width: 100%; height: auto; border: 1px solid rgba(150&comma;150&comma;150&comma;0.3); border-radius: 8px;' src='https:\/\/ftp3.syscom.mx\/usuarios\/mtopete\/Imagen%20Pagina\/Makita\/COMPATIBILIDAD%20MAKITA%20BAT.JPG' alt='Tabla de compatibilidad de bater\u00edas Makita'> <\/div>\n<p style='margin: 0 0 15px; font-size: 14px;'><strong>Nota:<\/strong> La serie &#8216;G&#8217; es solo compatible con equipos que manejan bater\u00eda blanca de f\u00e1brica.<\/p>\n<\/p><\/div>\n<p> <!-- Separador --> <\/p>\n<hr style='border: 0; border-top: 1px solid rgba(150&comma; 150&comma; 150&comma; 0.3); margin: 30px 0;'> <\/div>\n","protected":false},"excerpt":{"rendered":"<p>Bater\u00eda LXT Litio???Ion de 18V 5.0Ah<\/p>\n","protected":false},"featured_media":33672,"comment_status":"open","ping_status":"closed","template":"","meta":[],"product_brand":[],"product_cat":[130],"product_tag":[25,131,252],"class_list":{"0":"post-33673","1":"product","2":"type-product","3":"status-publish","4":"has-post-thumbnail","6":"product_cat-herramientas-electricas","7":"product_tag-herramientas","8":"product_tag-herramientas-electricas","9":"product_tag-makita","11":"first","12":"outofstock","13":"sale","14":"shipping-taxable","15":"purchasable","16":"product-type-simple"},"_links":{"self":[{"href":"https:\/\/soydeaqui.ddns.net\/pachuca\/index.php\/wp-json\/wp\/v2\/product\/33673","targetHints":{"allow":["GET"]}}],"collection":[{"href":"https:\/\/soydeaqui.ddns.net\/pachuca\/index.php\/wp-json\/wp\/v2\/product"}],"about":[{"href":"https:\/\/soydeaqui.ddns.net\/pachuca\/index.php\/wp-json\/wp\/v2\/types\/product"}],"replies":[{"embeddable":true,"href":"https:\/\/soydeaqui.ddns.net\/pachuca\/index.php\/wp-json\/wp\/v2\/comments?post=33673"}],"wp:featuredmedia":[{"embeddable":true,"href":"https:\/\/soydeaqui.ddns.net\/pachuca\/index.php\/wp-json\/wp\/v2\/media\/33672"}],"wp:attachment":[{"href":"https:\/\/soydeaqui.ddns.net\/pachuca\/index.php\/wp-json\/wp\/v2\/media?parent=33673"}],"wp:term":[{"taxonomy":"product_brand","embeddable":true,"href":"https:\/\/soydeaqui.ddns.net\/pachuca\/index.php\/wp-json\/wp\/v2\/product_brand?post=33673"},{"taxonomy":"product_cat","embeddable":true,"href":"https:\/\/soydeaqui.ddns.net\/pachuca\/index.php\/wp-json\/wp\/v2\/product_cat?post=33673"},{"taxonomy":"product_tag","embeddable":true,"href":"https:\/\/soydeaqui.ddns.net\/pachuca\/index.php\/wp-json\/wp\/v2\/product_tag?post=33673"}],"curies":[{"name":"wp","href":"https:\/\/api.w.org\/{rel}","templated":true}]}}