{"id":33657,"date":"2026-03-18T15:03:46","date_gmt":"2026-03-18T15:03:46","guid":{"rendered":"https:\/\/soydeaqui.ddns.net\/pachuca\/index.php\/producto\/base-sonora-convencional-color-marfil\/"},"modified":"2026-03-18T15:03:47","modified_gmt":"2026-03-18T15:03:47","slug":"base-sonora-convencional-color-marfil","status":"publish","type":"product","link":"https:\/\/soydeaqui.ddns.net\/pachuca\/index.php\/producto\/base-sonora-convencional-color-marfil\/","title":{"rendered":"Base Sonora \/ Convencional \/ Color Marfil"},"content":{"rendered":"<div style='width: 100%; max-width: 1200px; margin: 0 auto; font-family: sans-serif; line-height: 1.6; color: inherit; background-color: transparent;'> <!-- Descripci\u00f3n general --> <\/p>\n<div style='margin-bottom: 30px; font-size: 15px;'>\n<p>Las bases y kits de montaje de System Sensor proporcionan una variedad de opciones de instalaci\u00f3n para detectores en cualquier aplicaci\u00f3n.<\/p>\n<\/p><\/div>\n<p> <!-- Caracter\u00edsticas principales --> <\/p>\n<div style='margin-bottom: 30px;'>\n<h3 style='font-size: 22px; border-bottom: 2px solid currentColor; padding-bottom: 5px; margin-top: 0; color: inherit; opacity: 0.8;'>Caracter\u00edsticas principales<\/h3>\n<ul style='padding-left: 20px; font-size: 15px; color: inherit;'>\n<li style='margin-bottom: 5px;'>Las bases permiten enchufar el detector de forma r\u00e1pida y segura<\/li>\n<li style='margin-bottom: 5px;'>Los tornillos SEMS facilitan la conexi\u00f3n del cableado<\/li>\n<li style='margin-bottom: 5px;'>El soporte para 12-24 AWG brinda flexibilidad de instalaci\u00f3n<\/li>\n<li style='margin-bottom: 5px;'>Varios formatos de base cumplen con los requisitos de la aplicaci\u00f3n<\/li>\n<li style='margin-bottom: 5px;'>Color blanco est\u00e1ndar con opciones de marfil y negro<\/li>\n<li style='margin-bottom: 5px;'>Cumple con UL 268<\/li>\n<li style='margin-bottom: 5px;'>La funci\u00f3n de bloqueo mec\u00e1nico restringe la extracci\u00f3n del cabezal del sensor adjunto<\/li>\n<\/ul><\/div>\n<p> <!-- Especificaciones t\u00e9cnicas --> <\/p>\n<div style='margin-bottom: 30px;'>\n<h3 style='font-size: 22px; border-bottom: 2px solid currentColor; padding-bottom: 5px; margin-top: 0; color: inherit; opacity: 0.8;'>Especificaciones t\u00e9cnicas<\/h3>\n<p> <!-- Secci\u00f3n de dimensiones --> <\/p>\n<div style='display: flex; flex-wrap: wrap; gap: 30px; margin-bottom: 20px;'>\n<div style='flex: 1 1 300px; min-width: 280px;'>\n<h4 style='font-size: 18px; margin-top: 0; color: inherit; opacity: 0.9;'>Dimensiones<\/h4>\n<ul style='padding-left: 20px; font-size: 15px; color: inherit;'>\n<li style='margin-bottom: 5px;'><strong>Di\u00e1metro:<\/strong> 6.85&#8242; (17.4 cm)<\/li>\n<li style='margin-bottom: 5px;'><strong>Altura:<\/strong> 1.61&#8242; (4.1 cm) sin sensor<\/li>\n<\/ul><\/div>\n<div style='flex: 1 1 300px; min-width: 280px;'>\n<h4 style='font-size: 18px; margin-top: 0; color: inherit; opacity: 0.9;'>Peso<\/h4>\n<ul style='padding-left: 20px; font-size: 15px; color: inherit;'>\n<li style='margin-bottom: 5px;'><strong>B200SRIV:<\/strong> 0.50 lb (227 gm)<\/li>\n<\/ul><\/div>\n<\/p><\/div>\n<p> <!-- Secci\u00f3n el\u00e9ctrica --> <\/p>\n<div style='display: flex; flex-wrap: wrap; gap: 30px; margin-bottom: 20px;'>\n<div style='flex: 1 1 300px; min-width: 280px;'>\n<h4 style='font-size: 18px; margin-top: 0; color: inherit; opacity: 0.9;'>Especificaciones el\u00e9ctricas<\/h4>\n<ul style='padding-left: 20px; font-size: 15px; color: inherit;'>\n<li style='margin-bottom: 5px;'><strong>Voltaje operaci\u00f3n:<\/strong> 15 a 32 VDC<\/li>\n<li style='margin-bottom: 5px;'><strong>Corriente en espera:<\/strong> 500 \u03bcA m\u00e1ximo<\/li>\n<li style='margin-bottom: 5px;'><strong>Corriente de alarma:<\/strong> 35 mA m\u00e1ximo<\/li>\n<\/ul><\/div>\n<div style='flex: 1 1 300px; min-width: 280px;'>\n<h4 style='font-size: 18px; margin-top: 0; color: inherit; opacity: 0.9;'>Rango de cables<\/h4>\n<ul style='padding-left: 20px; font-size: 15px; color: inherit;'>\n<li style='margin-bottom: 5px;'><strong>Calibre de cable:<\/strong> 14 AWG a 12 AWG<\/li>\n<\/ul><\/div>\n<\/p><\/div>\n<p> <!-- Secci\u00f3n de sonido --> <\/p>\n<div style='margin-bottom: 20px;'>\n<h4 style='font-size: 18px; margin-top: 0; color: inherit; opacity: 0.9;'>Salida de sonido<\/h4>\n<ul style='padding-left: 20px; font-size: 15px; color: inherit;'>\n<li style='margin-bottom: 5px;'><strong>Volumen:<\/strong> Mayor de 85 dBA m\u00ednimo medido en una sala reverberante UL a 10 pies&comma; 24 Volts (en tono continuo)<\/li>\n<\/ul><\/div>\n<p> <!-- Secci\u00f3n ambiental --> <\/p>\n<div style='display: flex; flex-wrap: wrap; gap: 30px;'>\n<div style='flex: 1 1 300px; min-width: 280px;'>\n<h4 style='font-size: 18px; margin-top: 0; color: inherit; opacity: 0.9;'>Condiciones ambientales<\/h4>\n<ul style='padding-left: 20px; font-size: 15px; color: inherit;'>\n<li style='margin-bottom: 5px;'><strong>Temperatura operaci\u00f3n:<\/strong> Consultar la tabla de cruce de base\/sensor en systemsensor.com<\/li>\n<li style='margin-bottom: 5px;'><strong>Humedad:<\/strong> 10% a 93% HR sin condensaci\u00f3n<\/li>\n<\/ul><\/div>\n<div style='flex: 1 1 300px; min-width: 280px;'>\n<h4 style='font-size: 18px; margin-top: 0; color: inherit; opacity: 0.9;'>Certificaciones<\/h4>\n<ul style='padding-left: 20px; font-size: 15px; color: inherit;'>\n<li style='margin-bottom: 5px;'><strong>UL 268<\/strong> &#8211; Detecci\u00f3n de humo para sistemas de alarma de incendio<\/li>\n<\/ul><\/div>\n<\/p><\/div>\n<\/p><\/div>\n<p> <!-- Aplicaciones --> <\/p>\n<div style='margin-bottom: 30px;'>\n<h3 style='font-size: 22px; border-bottom: 2px solid currentColor; padding-bottom: 5px; margin-top: 0; color: inherit; opacity: 0.8;'>Aplicaciones<\/h3>\n<ul style='padding-left: 20px; font-size: 15px; color: inherit;'>\n<li style='margin-bottom: 5px;'>Dise\u00f1ado para compatibilidad con bases B501BH series existentes<\/li>\n<li style='margin-bottom: 5px;'>Permite que el FACP utilice la direcci\u00f3n para comandar un aviso individual o grupo de avisos<\/li>\n<li style='margin-bottom: 5px;'>Capaz de generar pulsos de sincronizaci\u00f3n del sistema Sensor<\/li>\n<li style='margin-bottom: 5px;'>Dise\u00f1ado para cumplir o exceder los requisitos de UL 268 y UL 464<\/li>\n<li style='margin-bottom: 5px;'>Dise\u00f1ado para aplicaciones de unidades habitacionales nuevas y existentes<\/li>\n<\/ul><\/div>\n<p> <!-- Opciones de montaje --> <\/p>\n<div style='margin-bottom: 30px;'>\n<h3 style='font-size: 22px; border-bottom: 2px solid currentColor; padding-bottom: 5px; margin-top: 0; color: inherit; opacity: 0.8;'>Opciones de montaje<\/h3>\n<ul style='padding-left: 20px; font-size: 15px; color: inherit;'>\n<li style='margin-bottom: 5px;'>Dise\u00f1ado para uso en sistemas inteligentes<\/li>\n<li style='margin-bottom: 5px;'>Conexiones para alimentaci\u00f3n (+ y -) y anunciativos remotos<\/li>\n<li style='margin-bottom: 5px;'>Placa de montaje separada que se instala en varias cajas octogonales y cuadradas<\/li>\n<li style='margin-bottom: 5px;'>Permite pre-cableado de todas las conexiones<\/li>\n<\/ul><\/div>\n<p> <!-- Opciones de color --> <\/p>\n<div style='margin-bottom: 30px;'>\n<h3 style='font-size: 22px; border-bottom: 2px solid currentColor; padding-bottom: 5px; margin-top: 0; color: inherit; opacity: 0.8;'>Opciones de color<\/h3>\n<ul style='padding-left: 20px; font-size: 15px; color: inherit;'>\n<li style='margin-bottom: 5px;'>Modelo B200SRIV: Marfil<\/li>\n<li style='margin-bottom: 5px;'>Otras opciones: Blanco y Negro<\/li>\n<\/ul><\/div>\n<p> <!-- Compatibilidad --> <\/p>\n<div style='margin-bottom: 30px;'>\n<h3 style='font-size: 22px; border-bottom: 2px solid currentColor; padding-bottom: 5px; margin-top: 0; color: inherit; opacity: 0.8;'>Compatibilidad<\/h3>\n<ul style='padding-left: 20px; font-size: 15px; color: inherit;'>\n<li style='margin-bottom: 5px;'>Compatible con sistemas Select Series<\/li>\n<li style='margin-bottom: 5px;'>Reconoce el protocolo de sincronizaci\u00f3n de System Sensor<\/li>\n<li style='margin-bottom: 5px;'>Para uso con controladoras que soportan pulsos de sincronizaci\u00f3n de System Sensor<\/li>\n<\/ul><\/div>\n<p> <!-- Accesorios --> <\/p>\n<div style='margin-bottom: 30px;'>\n<h3 style='font-size: 22px; border-bottom: 2px solid currentColor; padding-bottom: 5px; margin-top: 0; color: inherit; opacity: 0.8;'>Accesorios recomendados<\/h3>\n<ul style='padding-left: 20px; font-size: 15px; color: inherit;'>\n<li style='margin-bottom: 5px;'><strong>CK300-BL:<\/strong> Kit de color (incluye tapa y anillo de acabado)<\/li>\n<li style='margin-bottom: 5px;'><strong>RA100Z:<\/strong> Anunciador LED remoto<\/li>\n<li style='margin-bottom: 5px;'><strong>M02-04-00:<\/strong> Im\u00e1n de prueba para detector<\/li>\n<\/ul><\/div>\n<p> <!-- Tabla de compatibilidad de cajas --> <\/p>\n<div style='margin-bottom: 30px;'>\n<h3 style='font-size: 22px; border-bottom: 2px solid currentColor; padding-bottom: 5px; margin-top: 0; color: inherit; opacity: 0.8;'>Compatibilidad con cajas de conexiones<\/h3>\n<p style='font-size: 15px; color: inherit; margin-bottom: 15px;'>La base B200SRIV es compatible con:<\/p>\n<ul style='padding-left: 20px; font-size: 15px; color: inherit;'>\n<li style='margin-bottom: 5px;'>Cajas octogonales de 4&#8242;<\/li>\n<li style='margin-bottom: 5px;'>Cajas cuadradas de 4&#8242; con anillo de barro<\/li>\n<li style='margin-bottom: 5px;'>Cajas de 50&comma; 60&comma; 70 y 75 mm<\/li>\n<\/ul><\/div>\n<p> <!-- Notas importantes --> <\/p>\n<div style='margin-bottom: 30px;'>\n<h3 style='font-size: 22px; border-bottom: 2px solid currentColor; padding-bottom: 5px; margin-top: 0; color: inherit; opacity: 0.8;'>Notas importantes<\/h3>\n<ul style='padding-left: 20px; font-size: 15px; color: inherit;'>\n<li style='margin-bottom: 5px;'>La profundidad de la caja depende del tama\u00f1o de la base y del calibre del cable<\/li>\n<li style='margin-bottom: 5px;'>Consultar el C\u00f3digo El\u00e9ctrico Nacional o c\u00f3digos locales aplicables para recomendaciones apropiadas<\/li>\n<li style='margin-bottom: 5px;'>Para informaci\u00f3n adicional&comma; visitar systemsensor.com<\/li>\n<\/ul><\/div>\n<\/p><\/div>\n","protected":false},"excerpt":{"rendered":"<p>Base Sonora \/ Convencional \/ Color Marfil<\/p>\n","protected":false},"featured_media":33656,"comment_status":"open","ping_status":"closed","template":"","meta":[],"product_brand":[],"product_cat":[1013],"product_tag":[449,541,468],"class_list":{"0":"post-33657","1":"product","2":"type-product","3":"status-publish","4":"has-post-thumbnail","6":"product_cat-fire-lite","7":"product_tag-accesorios-y-dispositivos-direccionables","8":"product_tag-fire-lite","9":"product_tag-system-sensor","11":"first","12":"instock","13":"sale","14":"shipping-taxable","15":"purchasable","16":"product-type-simple"},"_links":{"self":[{"href":"https:\/\/soydeaqui.ddns.net\/pachuca\/index.php\/wp-json\/wp\/v2\/product\/33657","targetHints":{"allow":["GET"]}}],"collection":[{"href":"https:\/\/soydeaqui.ddns.net\/pachuca\/index.php\/wp-json\/wp\/v2\/product"}],"about":[{"href":"https:\/\/soydeaqui.ddns.net\/pachuca\/index.php\/wp-json\/wp\/v2\/types\/product"}],"replies":[{"embeddable":true,"href":"https:\/\/soydeaqui.ddns.net\/pachuca\/index.php\/wp-json\/wp\/v2\/comments?post=33657"}],"wp:featuredmedia":[{"embeddable":true,"href":"https:\/\/soydeaqui.ddns.net\/pachuca\/index.php\/wp-json\/wp\/v2\/media\/33656"}],"wp:attachment":[{"href":"https:\/\/soydeaqui.ddns.net\/pachuca\/index.php\/wp-json\/wp\/v2\/media?parent=33657"}],"wp:term":[{"taxonomy":"product_brand","embeddable":true,"href":"https:\/\/soydeaqui.ddns.net\/pachuca\/index.php\/wp-json\/wp\/v2\/product_brand?post=33657"},{"taxonomy":"product_cat","embeddable":true,"href":"https:\/\/soydeaqui.ddns.net\/pachuca\/index.php\/wp-json\/wp\/v2\/product_cat?post=33657"},{"taxonomy":"product_tag","embeddable":true,"href":"https:\/\/soydeaqui.ddns.net\/pachuca\/index.php\/wp-json\/wp\/v2\/product_tag?post=33657"}],"curies":[{"name":"wp","href":"https:\/\/api.w.org\/{rel}","templated":true}]}}