{"id":33646,"date":"2026-03-18T15:03:35","date_gmt":"2026-03-18T15:03:35","guid":{"rendered":"https:\/\/soydeaqui.ddns.net\/pachuca\/index.php\/producto\/base-sonora-convencional-baja-frecuencia-color-blanco\/"},"modified":"2026-03-18T15:03:35","modified_gmt":"2026-03-18T15:03:35","slug":"base-sonora-convencional-baja-frecuencia-color-blanco","status":"publish","type":"product","link":"https:\/\/soydeaqui.ddns.net\/pachuca\/index.php\/producto\/base-sonora-convencional-baja-frecuencia-color-blanco\/","title":{"rendered":"Base sonora \/ Convencional \/ Baja frecuencia \/ Color blanco"},"content":{"rendered":"<div style='width: 100%; max-width: 1200px; margin: 0 auto; font-family: sans-serif; line-height: 1.6; color: inherit; background-color: transparent;'>\n<div style='display: flex; flex-wrap: wrap; gap: 30px; margin-bottom: 30px;'>\n<div style='flex: 1 1 300px; min-width: 280px;'>\n<h3 style='font-size: 22px; border-bottom: 2px solid currentColor; padding-bottom: 5px; margin-top: 0; color: inherit; opacity: 0.8;'>Caracter\u00edsticas principales<\/h3>\n<ul style='padding-left: 20px; font-size: 15px; color: inherit;'>\n<li style='margin-bottom: 5px;'>Bases permiten conexi\u00f3n r\u00e1pida y segura de detectores<\/li>\n<li style='margin-bottom: 5px;'>Tornillos SEMS facilitan las conexiones de cableado<\/li>\n<li style='margin-bottom: 5px;'>Soporte para cableado de 12-24 AWG<\/li>\n<li style='margin-bottom: 5px;'>Varios formatos de base para diferentes necesidades<\/li>\n<li style='margin-bottom: 5px;'>Color blanco est\u00e1ndar con opciones de marfil y negro<\/li>\n<li style='margin-bottom: 5px;'>Cumple con norma UL 268<\/li>\n<li style='margin-bottom: 5px;'>Funci\u00f3n de bloqueo mec\u00e1nico para evitar extracci\u00f3n del sensor<\/li>\n<\/ul><\/div>\n<div style='flex: 1 1 300px; min-width: 280px;'>\n<h3 style='font-size: 22px; border-bottom: 2px solid currentColor; padding-bottom: 5px; margin-top: 0; color: inherit; opacity: 0.8;'>Especificaciones f\u00edsicas<\/h3>\n<ul style='padding-left: 20px; font-size: 15px; color: inherit;'>\n<li style='margin-bottom: 5px;'><strong>Di\u00e1metro:<\/strong> 6.85&#8242; (17.4 cm)<\/li>\n<li style='margin-bottom: 5px;'><strong>Altura (sin sensor):<\/strong> 1.61&#8242; (4.1 cm)<\/li>\n<li style='margin-bottom: 5px;'><strong>Peso:<\/strong> 0.50 lb (227 gm)<\/li>\n<li style='margin-bottom: 5px;'><strong>Grosor de cable:<\/strong> 14 AWG a 12 AWG<\/li>\n<li style='margin-bottom: 5px;'><strong>Rango de temperatura:<\/strong> Ver sensor aplicable<\/li>\n<li style='margin-bottom: 5px;'><strong>Humedad:<\/strong> 10% a 93% HR sin condensaci\u00f3n<\/li>\n<\/ul><\/div>\n<\/p><\/div>\n<div style='display: flex; flex-wrap: wrap; gap: 20px; margin-bottom: 30px;'>\n<div style='flex: 1 1 250px; border: 1px solid rgba(150&comma; 150&comma; 150&comma; 0.4); border-radius: 8px; overflow: hidden; display: flex; flex-direction: column;'>\n<div style='padding: 15px; border-bottom: 1px solid rgba(150&comma; 150&comma; 150&comma; 0.2); font-weight: bold; font-size: 18px; color: inherit;'>Especificaciones el\u00e9ctricas<\/div>\n<div style='padding: 15px; color: inherit;'>\n<ul style='padding-left: 20px; margin: 0; font-size: 14px; list-style-type: disc;'>\n<li style='margin-bottom: 5px;'><strong>Voltaje operaci\u00f3n:<\/strong> 15 a 32 VDC<\/li>\n<li style='margin-bottom: 5px;'><strong>Corriente en espera:<\/strong> 500 \u03bcA m\u00e1ximo<\/li>\n<li style='margin-bottom: 5px;'><strong>Corriente de alarma:<\/strong> 35 mA m\u00e1ximo<\/li>\n<li style='margin-bottom: 5px;'><strong>SLC Voltaje:<\/strong> 15 a 32 VDC<\/li>\n<li style='margin-bottom: 5px;'><strong>SLC Corriente en espera:<\/strong> 300 \u03bcA m\u00e1ximo<\/li>\n<\/ul><\/div>\n<\/p><\/div>\n<div style='flex: 1 1 250px; border: 1px solid rgba(150&comma; 150&comma; 150&comma; 0.4); border-radius: 8px; overflow: hidden; display: flex; flex-direction: column;'>\n<div style='padding: 15px; border-bottom: 1px solid rgba(150&comma; 150&comma; 150&comma; 0.2); font-weight: bold; font-size: 18px; color: inherit;'>Salida de sonido<\/div>\n<div style='padding: 15px; color: inherit;'>\n<ul style='padding-left: 20px; margin: 0; font-size: 14px; list-style-type: disc;'>\n<li style='margin-bottom: 5px;'><strong>Volumen alto:<\/strong> >85 dBA m\u00ednimo<\/li>\n<li style='margin-bottom: 5px;'><strong>Volumen bajo:<\/strong> >75 dBA m\u00ednimo<\/li>\n<li style='margin-bottom: 5px;'><strong>Frecuencia:<\/strong> 520 Hz +\/- 10%<\/li>\n<li style='margin-bottom: 5px;'><strong>Forma de onda:<\/strong> Cuadrada<\/li>\n<\/ul><\/div>\n<\/p><\/div>\n<div style='flex: 1 1 250px; border: 1px solid rgba(150&comma; 150&comma; 150&comma; 0.4); border-radius: 8px; overflow: hidden; display: flex; flex-direction: column;'>\n<div style='padding: 15px; border-bottom: 1px solid rgba(150&comma; 150&comma; 150&comma; 0.2); font-weight: bold; font-size: 18px; color: inherit;'>Compatibilidad<\/div>\n<div style='padding: 15px; color: inherit;'>\n<ul style='padding-left: 20px; margin: 0; font-size: 14px; list-style-type: disc;'>\n<li style='margin-bottom: 5px;'>Compatible con serie B501BH<\/li>\n<li style='margin-bottom: 5px;'>Adopta direcci\u00f3n del detector<\/li>\n<li style='margin-bottom: 5px;'>Usa tipo de dispositivo \u00fanico<\/li>\n<li style='margin-bottom: 5px;'>Reconoce protocolo de sincronizaci\u00f3n<\/li>\n<\/ul><\/div>\n<\/p><\/div>\n<\/p><\/div>\n<div style='display: flex; flex-wrap: wrap; gap: 20px; margin-bottom: 30px;'>\n<div style='flex: 1 1 250px; border: 1px solid rgba(150&comma; 150&comma; 150&comma; 0.4); border-radius: 8px; overflow: hidden; display: flex; flex-direction: column;'>\n<div style='padding: 15px; border-bottom: 1px solid rgba(150&comma; 150&comma; 150&comma; 0.2); font-weight: bold; font-size: 18px; color: inherit;'>Opciones de montaje<\/div>\n<div style='padding: 15px; color: inherit;'>\n<ul style='padding-left: 20px; margin: 0; font-size: 14px; list-style-type: disc;'>\n<li style='margin-bottom: 5px;'>Dise\u00f1o de placa de montaje separada<\/li>\n<li style='margin-bottom: 5px;'>Permite pre-cableado de conexiones<\/li>\n<li style='margin-bottom: 5px;'>Compatibilidad con cajas octogonales de 4&#8242;<\/li>\n<li style='margin-bottom: 5px;'>Compatibilidad con cajas cuadradas de 4&#8242;<\/li>\n<\/ul><\/div>\n<\/p><\/div>\n<div style='flex: 1 1 250px; border: 1px solid rgba(150&comma; 150&comma; 150&comma; 0.4); border-radius: 8px; overflow: hidden; display: flex; flex-direction: column;'>\n<div style='padding: 15px; border-bottom: 1px solid rgba(150&comma; 150&comma; 150&comma; 0.2); font-weight: bold; font-size: 18px; color: inherit;'>Aplicaciones<\/div>\n<div style='padding: 15px; color: inherit;'>\n<ul style='padding-left: 20px; margin: 0; font-size: 14px; list-style-type: disc;'>\n<li style='margin-bottom: 5px;'>Dormitorios y \u00e1reas de descanso<\/li>\n<li style='margin-bottom: 5px;'>Edificios residenciales<\/li>\n<li style='margin-bottom: 5px;'>\u00c1reas con personas con p\u00e9rdida auditiva<\/li>\n<li style='margin-bottom: 5px;'>Sistemas inteligentes de detecci\u00f3n<\/li>\n<\/ul><\/div>\n<\/p><\/div>\n<\/p><\/div>\n<hr style='border: 0; border-top: 1px solid rgba(150&comma; 150&comma; 150&comma; 0.3); margin: 30px 0;'>\n<div style='display: flex; flex-wrap: wrap; gap: 30px; margin-bottom: 30px;'>\n<div style='flex: 1 1 300px; min-width: 280px;'>\n<h3 style='font-size: 22px; border-bottom: 2px solid currentColor; padding-bottom: 5px; margin-top: 0; color: inherit; opacity: 0.8;'>Funciones avanzadas<\/h3>\n<ul style='padding-left: 20px; font-size: 15px; color: inherit;'>\n<li style='margin-bottom: 5px;'>Permite selecci\u00f3n de patrones de tono personalizados<\/li>\n<li style='margin-bottom: 5px;'>Funci\u00f3n de activaci\u00f3n individual o por grupos<\/li>\n<li style='margin-bottom: 5px;'>Capacidad para m\u00faltiples salidas de tono por eventos<\/li>\n<li style='margin-bottom: 5px;'>Compatible con se\u00f1ales de sincronizaci\u00f3n System Sensor<\/li>\n<\/ul><\/div>\n<div style='flex: 1 1 300px; min-width: 280px;'>\n<h3 style='font-size: 22px; border-bottom: 2px solid currentColor; padding-bottom: 5px; margin-top: 0; color: inherit; opacity: 0.8;'>Normas y certificaciones<\/h3>\n<ul style='padding-left: 20px; font-size: 15px; color: inherit;'>\n<li style='margin-bottom: 5px;'>UL 268<\/li>\n<li style='margin-bottom: 5px;'>UL 464<\/li>\n<li style='margin-bottom: 5px;'>Cumple con NFPA 72<\/li>\n<li style='margin-bottom: 5px;'>Listado para uso residencial<\/li>\n<\/ul><\/div>\n<\/p><\/div>\n<hr style='border: 0; border-top: 1px solid rgba(150&comma; 150&comma; 150&comma; 0.3); margin: 30px 0;'>\n<div style='display: flex; flex-wrap: wrap; gap: 20px; margin-bottom: 30px;'>\n<div style='flex: 1 1 250px; border: 1px solid rgba(150&comma; 150&comma; 150&comma; 0.4); border-radius: 8px; overflow: hidden; display: flex; flex-direction: column;'>\n<div style='padding: 15px; border-bottom: 1px solid rgba(150&comma; 150&comma; 150&comma; 0.2); font-weight: bold; font-size: 18px; color: inherit;'>Accesorios compatibles<\/div>\n<div style='padding: 15px; color: inherit;'>\n<ul style='padding-left: 20px; margin: 0; font-size: 14px; list-style-type: disc;'>\n<li style='margin-bottom: 5px;'>CK300-BL Kit de color negro<\/li>\n<li style='margin-bottom: 5px;'>CK300-IV Kit de color marfil<\/li>\n<li style='margin-bottom: 5px;'>TR300 Anillo de acabado<\/li>\n<li style='margin-bottom: 5px;'>RA100Z Anunciador LED remoto<\/li>\n<li style='margin-bottom: 5px;'>SMB600 Kit de montaje superficial<\/li>\n<\/ul><\/div>\n<\/p><\/div>\n<div style='flex: 1 1 250px; border: 1px solid rgba(150&comma; 150&comma; 150&comma; 0.4); border-radius: 8px; overflow: hidden; display: flex; flex-direction: column;'>\n<div style='padding: 15px; border-bottom: 1px solid rgba(150&comma; 150&comma; 150&comma; 0.2); font-weight: bold; font-size: 18px; color: inherit;'>Modelos relacionados<\/div>\n<div style='padding: 15px; color: inherit;'>\n<ul style='padding-left: 20px; margin: 0; font-size: 14px; list-style-type: disc;'>\n<li style='margin-bottom: 5px;'>B200S-WH (sonido est\u00e1ndar)<\/li>\n<li style='margin-bottom: 5px;'>B200S-LF-WH (baja frecuencia)<\/li>\n<li style='margin-bottom: 5px;'>B200SR-IV (compatible B501BH)<\/li>\n<li style='margin-bottom: 5px;'>B200SR-LF-IV (baja frecuencia&comma; compatible B501BH)<\/li>\n<\/ul><\/div>\n<\/p><\/div>\n<\/p><\/div>\n<\/p><\/div>\n","protected":false},"excerpt":{"rendered":"<p>Base sonora \/ Convencional \/ Baja frecuencia \/ Color blanco<\/p>\n","protected":false},"featured_media":33645,"comment_status":"open","ping_status":"closed","template":"","meta":[],"product_brand":[],"product_cat":[990],"product_tag":[449,991,468],"class_list":{"0":"post-33646","1":"product","2":"type-product","3":"status-publish","4":"has-post-thumbnail","6":"product_cat-silent-knight","7":"product_tag-accesorios-y-dispositivos-direccionables","8":"product_tag-silent-knight","9":"product_tag-system-sensor","11":"first","12":"outofstock","13":"sale","14":"shipping-taxable","15":"purchasable","16":"product-type-simple"},"_links":{"self":[{"href":"https:\/\/soydeaqui.ddns.net\/pachuca\/index.php\/wp-json\/wp\/v2\/product\/33646","targetHints":{"allow":["GET"]}}],"collection":[{"href":"https:\/\/soydeaqui.ddns.net\/pachuca\/index.php\/wp-json\/wp\/v2\/product"}],"about":[{"href":"https:\/\/soydeaqui.ddns.net\/pachuca\/index.php\/wp-json\/wp\/v2\/types\/product"}],"replies":[{"embeddable":true,"href":"https:\/\/soydeaqui.ddns.net\/pachuca\/index.php\/wp-json\/wp\/v2\/comments?post=33646"}],"wp:featuredmedia":[{"embeddable":true,"href":"https:\/\/soydeaqui.ddns.net\/pachuca\/index.php\/wp-json\/wp\/v2\/media\/33645"}],"wp:attachment":[{"href":"https:\/\/soydeaqui.ddns.net\/pachuca\/index.php\/wp-json\/wp\/v2\/media?parent=33646"}],"wp:term":[{"taxonomy":"product_brand","embeddable":true,"href":"https:\/\/soydeaqui.ddns.net\/pachuca\/index.php\/wp-json\/wp\/v2\/product_brand?post=33646"},{"taxonomy":"product_cat","embeddable":true,"href":"https:\/\/soydeaqui.ddns.net\/pachuca\/index.php\/wp-json\/wp\/v2\/product_cat?post=33646"},{"taxonomy":"product_tag","embeddable":true,"href":"https:\/\/soydeaqui.ddns.net\/pachuca\/index.php\/wp-json\/wp\/v2\/product_tag?post=33646"}],"curies":[{"name":"wp","href":"https:\/\/api.w.org\/{rel}","templated":true}]}}