{"id":33639,"date":"2026-03-18T15:03:23","date_gmt":"2026-03-18T15:03:23","guid":{"rendered":"https:\/\/soydeaqui.ddns.net\/pachuca\/index.php\/producto\/taladro-combinado-de-12vcc-con-tecnologia-cxt-incluye-2-baterias-y-cargador-rapido-maletin-plastico\/"},"modified":"2026-03-18T15:03:31","modified_gmt":"2026-03-18T15:03:31","slug":"taladro-combinado-de-12vcc-con-tecnologia-cxt-incluye-2-baterias-y-cargador-rapido-maletin-plastico","status":"publish","type":"product","link":"https:\/\/soydeaqui.ddns.net\/pachuca\/index.php\/producto\/taladro-combinado-de-12vcc-con-tecnologia-cxt-incluye-2-baterias-y-cargador-rapido-maletin-plastico\/","title":{"rendered":"Taladro Combinado de 12Vcc, con tecnolog\u00eda CXT, (Incluye 2 Bater\u00edas y Cargador R\u00e1pido, Malet\u00edn pl\u00e1stico)."},"content":{"rendered":"<div style='width: 100%; max-width: 1200px; margin: 0 auto; font-family: sans-serif; line-height: 1.6; color: inherit; background-color: transparent;'>\n<div style='display: flex; flex-wrap: wrap; gap: 30px; margin-bottom: 30px;'>\n<div style='flex: 1 1 300px; min-width: 280px;'> <img style='width: 100%; height: auto; border: 1px solid rgba(150&comma;150&comma;150&comma;0.3); border-radius: 8px;' src='https:\/\/ftp3.syscom.mx\/usuarios\/nortega\/makita\/imagenes\/makita.png' alt=''> <\/div>\n<\/p><\/div>\n<div style='display: flex; flex-wrap: wrap; gap: 30px; margin-bottom: 30px;'>\n<div style='flex: 1 1 300px; min-width: 280px;'>\n<h3 style='font-size: 22px; border-bottom: 2px solid currentColor; padding-bottom: 5px; margin-top: 0; color: inherit; opacity: 0.8;'>Caracter\u00edsticas destacadas<\/h3>\n<ul style='padding-left: 20px; font-size: 15px; color: inherit;'>\n<li style='margin-bottom: 5px;'>Taladro combinado de 12V con tecnolog\u00eda CXT.<\/li>\n<li style='margin-bottom: 5px;'>18 posiciones de par de apriete + atornillador + percutor.<\/li>\n<li style='margin-bottom: 5px;'>2 velocidades mec\u00e1nicas.<\/li>\n<li style='margin-bottom: 5px;'>Portabrocas autoblocante&comma; cambio m\u00e1s r\u00e1pido de los accesorios con una sola mano.<\/li>\n<li style='margin-bottom: 5px;'>Equipada con la nueva bater\u00eda con indicador de carga para evitar que se quede sin energ\u00eda durante el trabajo.<\/li>\n<li style='margin-bottom: 5px;'>LED en la parte frontal que ilumina el punto de trabajo para mayor visi\u00f3n del usuario.<\/li>\n<li style='margin-bottom: 5px;'>Mango ergon\u00f3mico recubierto a elast\u00f3mero para un mejor agarre.<\/li>\n<li style='margin-bottom: 5px;'>Con gancho para el cintur\u00f3n.<\/li>\n<li style='margin-bottom: 5px;'>Bater\u00eda de 2&comma;0Ah de carga r\u00e1pida gracias al sistema de refrigeraci\u00f3n del cargador que evita que se caliente la bater\u00eda durante la carga.<\/li>\n<\/ul><\/div>\n<\/p><\/div>\n<div style='display: flex; flex-wrap: wrap; gap: 30px; margin-bottom: 30px;'>\n<div style='flex: 1 1 300px; min-width: 280px;'>\n<h3 style='font-size: 22px; border-bottom: 2px solid currentColor; padding-bottom: 5px; margin-top: 0; color: inherit; opacity: 0.8;'>Caracter\u00edsticas de operaci\u00f3n<\/h3>\n<ul style='padding-left: 20px; font-size: 15px; color: inherit;'>\n<li style='margin-bottom: 5px;'>Capacidad de perforaci\u00f3n: Acero: 10mm (3\/8&#8242;)&comma; Madera: 21mm (5\/16&#8242;)&comma; Mamposter\u00eda: 8 mm (5\/16&#8242;).<\/li>\n<li style='margin-bottom: 5px;'>Velocidad sin carga: Alta: 0-1700 RPM. Baja: 0-450 RPM<\/li>\n<li style='margin-bottom: 5px;'>Impactos por minuto: Alta: 0-25&comma;500. Baja: 0-6&comma;750<\/li>\n<li style='margin-bottom: 5px;'>Torque m\u00e1ximo de apriete: Fuerte\/Suave: 30\/14N.m<\/li>\n<li style='margin-bottom: 5px;'>Velocidad de carga: 30 Minutos (bater\u00eda BL1021B)<\/li>\n<li style='margin-bottom: 5px;'>Voltaje de Bater\u00eda: 12 Vcc.<\/li>\n<\/ul><\/div>\n<\/p><\/div>\n<div style='display: flex; flex-wrap: wrap; gap: 20px; margin-bottom: 30px;'>\n<div style='flex: 1 1 250px; border: 1px solid rgba(150&comma; 150&comma; 150&comma; 0.4); border-radius: 8px; overflow: hidden; display: flex; flex-direction: column;'>\n<div style='padding: 15px; border-bottom: 1px solid rgba(150&comma; 150&comma; 150&comma; 0.2); font-weight: bold; font-size: 18px; color: inherit;'>Caracter\u00edsticas F\u00edsicas<\/div>\n<div style='padding: 15px; color: inherit;'>\n<ul style='padding-left: 20px; margin: 0; font-size: 14px; list-style-type: disc;'>\n<li style='margin-bottom: 5px;'><strong>Tensi\u00f3n de la bater\u00eda:<\/strong> 12Vmax<\/li>\n<li style='margin-bottom: 5px;'><strong>Tipo de bater\u00eda:<\/strong> CXT<\/li>\n<li style='margin-bottom: 5px;'><strong>N\u00ba de Bater\u00edas:<\/strong> 2<\/li>\n<li style='margin-bottom: 5px;'><strong>Amperaje de la bater\u00eda:<\/strong> 2&comma;0 Ah<\/li>\n<li style='margin-bottom: 5px;'><strong>Tiempo de carga:<\/strong> 30 min<\/li>\n<li style='margin-bottom: 5px;'><strong>Motor:<\/strong> 2-polos<\/li>\n<li style='margin-bottom: 5px;'><strong>R.p.m alta:<\/strong> 0 &#8211; 1.700 Rpm<\/li>\n<li style='margin-bottom: 5px;'><strong>R.p.m baja:<\/strong> 0 &#8211; 450 Rpm<\/li>\n<li style='margin-bottom: 5px;'><strong>G.p.m alta:<\/strong> 0 &#8211; 22.500 gpm<\/li>\n<li style='margin-bottom: 5px;'><strong>G.p.m baja:<\/strong> 0 &#8211; 6.750 gpm<\/li>\n<li style='margin-bottom: 5px;'><strong>Par m\u00e1x. de apriete junta dura:<\/strong> 30 Nm<\/li>\n<li style='margin-bottom: 5px;'><strong>Par m\u00e1x. de apriete junta blanda:<\/strong> 14 Nm<\/li>\n<li style='margin-bottom: 5px;'><strong>Capacidad m\u00e1x. en mamposter\u00eda:<\/strong> 8 mm<\/li>\n<li style='margin-bottom: 5px;'><strong>Capacidad m\u00e1x en metal:<\/strong> 10 mm<\/li>\n<li style='margin-bottom: 5px;'><strong>Capacidad portabrocas:<\/strong> 1.5 &#8211; 13.0 mm<\/li>\n<li style='margin-bottom: 5px;'><strong>Portabrocas autom\u00e1tico:<\/strong> S\u00ed<\/li>\n<li style='margin-bottom: 5px;'><strong>Posiciones de par de apriete:<\/strong> 18<\/li>\n<li style='margin-bottom: 5px;'><strong>Velocidades mec\u00e1nicas:<\/strong> 2<\/li>\n<li style='margin-bottom: 5px;'><strong>Velocidad variable (interruptor):<\/strong> S\u00ed<\/li>\n<li style='margin-bottom: 5px;'><strong>Bloqueo del eje:<\/strong> S\u00ed<\/li>\n<li style='margin-bottom: 5px;'><strong>Empu\u00f1adura antideslizante:<\/strong> S\u00ed<\/li>\n<li style='margin-bottom: 5px;'><strong>Freno el\u00e9ctrico:<\/strong> S\u00ed<\/li>\n<li style='margin-bottom: 5px;'><strong>Emisi\u00f3n de vibraci\u00f3n:<\/strong> 2.50 m\/seg\u00b2<\/li>\n<li style='margin-bottom: 5px;'><strong>Incertidumbre (K) de vibraci\u00f3n:<\/strong> 1.50 m\/seg\u00b2<\/li>\n<\/ul><\/div>\n<\/p><\/div>\n<\/p><\/div>\n<\/p><\/div>\n","protected":false},"excerpt":{"rendered":"<p>Taladro Combinado de 12Vcc, con tecnolog\u00eda CXT, (Incluye 2 Bater\u00edas y Cargador R\u00e1pido, Malet\u00edn pl\u00e1stico).<\/p>\n","protected":false},"featured_media":33638,"comment_status":"open","ping_status":"closed","template":"","meta":[],"product_brand":[],"product_cat":[130],"product_tag":[25,131,252],"class_list":{"0":"post-33639","1":"product","2":"type-product","3":"status-publish","4":"has-post-thumbnail","6":"product_cat-herramientas-electricas","7":"product_tag-herramientas","8":"product_tag-herramientas-electricas","9":"product_tag-makita","11":"first","12":"outofstock","13":"sale","14":"shipping-taxable","15":"purchasable","16":"product-type-simple"},"_links":{"self":[{"href":"https:\/\/soydeaqui.ddns.net\/pachuca\/index.php\/wp-json\/wp\/v2\/product\/33639","targetHints":{"allow":["GET"]}}],"collection":[{"href":"https:\/\/soydeaqui.ddns.net\/pachuca\/index.php\/wp-json\/wp\/v2\/product"}],"about":[{"href":"https:\/\/soydeaqui.ddns.net\/pachuca\/index.php\/wp-json\/wp\/v2\/types\/product"}],"replies":[{"embeddable":true,"href":"https:\/\/soydeaqui.ddns.net\/pachuca\/index.php\/wp-json\/wp\/v2\/comments?post=33639"}],"wp:featuredmedia":[{"embeddable":true,"href":"https:\/\/soydeaqui.ddns.net\/pachuca\/index.php\/wp-json\/wp\/v2\/media\/33638"}],"wp:attachment":[{"href":"https:\/\/soydeaqui.ddns.net\/pachuca\/index.php\/wp-json\/wp\/v2\/media?parent=33639"}],"wp:term":[{"taxonomy":"product_brand","embeddable":true,"href":"https:\/\/soydeaqui.ddns.net\/pachuca\/index.php\/wp-json\/wp\/v2\/product_brand?post=33639"},{"taxonomy":"product_cat","embeddable":true,"href":"https:\/\/soydeaqui.ddns.net\/pachuca\/index.php\/wp-json\/wp\/v2\/product_cat?post=33639"},{"taxonomy":"product_tag","embeddable":true,"href":"https:\/\/soydeaqui.ddns.net\/pachuca\/index.php\/wp-json\/wp\/v2\/product_tag?post=33639"}],"curies":[{"name":"wp","href":"https:\/\/api.w.org\/{rel}","templated":true}]}}