{"id":33637,"date":"2026-03-18T15:03:21","date_gmt":"2026-03-18T15:03:21","guid":{"rendered":"https:\/\/soydeaqui.ddns.net\/pachuca\/index.php\/producto\/microcontrolador-select-alert-con-alarma-sirena-estrobo-para-notificar-entradas-salidas-no-autorizadas-y-emergencias-transparente\/"},"modified":"2026-03-18T15:03:21","modified_gmt":"2026-03-18T15:03:21","slug":"microcontrolador-select-alert-con-alarma-sirena-estrobo-para-notificar-entradas-salidas-no-autorizadas-y-emergencias-transparente","status":"publish","type":"product","link":"https:\/\/soydeaqui.ddns.net\/pachuca\/index.php\/producto\/microcontrolador-select-alert-con-alarma-sirena-estrobo-para-notificar-entradas-salidas-no-autorizadas-y-emergencias-transparente\/","title":{"rendered":"Microcontrolador SELECT-ALERT con Alarma Sirena\/Estrobo para notificar Entradas\/Salidas No Autorizadas y Emergencias, Transparente"},"content":{"rendered":"<div style='width: 100%; max-width: 1200px; margin: 0 auto; font-family: sans-serif; line-height: 1.6; color: inherit; background-color: transparent;'> <!-- T\u00edtulo de la secci\u00f3n --> <\/p>\n<div style='text-align: center; margin-bottom: 30px;'>\n<h3 style='font-size: 22px; border-bottom: 2px solid currentColor; padding-bottom: 5px; margin-top: 0; color: inherit; opacity: 0.8;'>Alarmas Audiovisuales de Uso No Autorizado o Situaciones Urgentes<\/h3>\n<\/p><\/div>\n<p> <!-- Secci\u00f3n principal --> <\/p>\n<div style='display: flex; flex-wrap: wrap; gap: 30px; margin-bottom: 30px;'>\n<div style='flex: 1 1 300px; min-width: 280px;'>\n<p style='font-size: 15px; color: inherit;'> Unidad de alerta altamente efectiva que notifica visual o audiblemente cualquier uso no autorizado de dispositivos electr\u00f3nicos importantes. Las alarmas y las luces estrobosc\u00f3picas ofrecen una forma muy eficaz de notificarle cualquier uso no autorizado&comma; robo o vandalismo de dispositivos importantes&comma; as\u00ed como las salidas y entradas no autorizadas. La combinaci\u00f3n de LED de alerta y parpadeantes ofrece una excelente protecci\u00f3n para una variedad de circunstancias. Select-Alert le permite elegir su funci\u00f3n y puede usarse como alerta de gabinete&comma; alerta de puerta entrada\/salida&comma; luz intermitente vinculada con un bot\u00f3n serie Estaciones Stopper\u00ae&comma; sirena de advertencia de tornado&comma; alerta de robo o alerta para muchos tipos de situaci\u00f3n de emergencia. <\/p>\n<\/p><\/div>\n<\/p><\/div>\n<p> <!-- Secci\u00f3n de caracter\u00edsticas --> <\/p>\n<div style='display: flex; flex-wrap: wrap; gap: 30px; margin-bottom: 30px;'>\n<div style='flex: 1 1 300px; min-width: 280px;'>\n<h3 style='font-size: 20px; border-bottom: 2px solid currentColor; padding-bottom: 5px; margin-top: 0; color: inherit; opacity: 0.8;'>Informaci\u00f3n General<\/h3>\n<ul style='padding-left: 20px; font-size: 15px; color: inherit;'>\n<li style='margin-bottom: 5px;'>Alertar ante cualquier uso no autorizado&comma; robo o vandalismo de importantes dispositivos&comma; as\u00ed como las salidas y entradas no autorizadas.<\/li>\n<li style='margin-bottom: 5px;'>La alarma\/sirena ofrece 32 sonidos seleccionables y control de volumen.<\/li>\n<li style='margin-bottom: 5px;'>Incluye LEDs de alta intensidad.<\/li>\n<li style='margin-bottom: 5px;'>Ofrece una opci\u00f3n de 8 patrones de parpadeo con selecci\u00f3n de velocidades.<\/li>\n<li style='margin-bottom: 5px;'>Construcci\u00f3n de policarbonato duradero.<\/li>\n<li style='margin-bottom: 5px;'>Propiedades de trabajo del policarbonato -40 a 121\u00baC.<\/li>\n<li style='margin-bottom: 5px;'>Modelos redondos con respaldo de bater\u00eda. (Bater\u00eda 9V no incluida)<\/li>\n<li style='margin-bottom: 5px;'>Estructura de policarbonato resistente.<\/li>\n<\/ul><\/div>\n<div style='flex: 1 1 300px; min-width: 280px;'>\n<h3 style='font-size: 20px; border-bottom: 2px solid currentColor; padding-bottom: 5px; margin-top: 0; color: inherit; opacity: 0.8;'>Especificaciones T\u00e9cnicas<\/h3>\n<ul style='padding-left: 20px; font-size: 15px; color: inherit;'>\n<li style='margin-bottom: 5px;'><strong>Voltaje operativo:<\/strong> 12-24 Vcd&comma; 402 mA o 9 Vcd&comma; 527 mA<\/li>\n<li style='margin-bottom: 5px;'><strong>Integraci\u00f3n:<\/strong> Se puede integrar con los botones inteligentes de la serie Estaciones Stopper\u00ae de STI<\/li>\n<li style='margin-bottom: 5px;'><strong>Corriente de operaci\u00f3n:<\/strong> 0.95A@9Vcd&comma; 0.49A@24Vcd<\/li>\n<li style='margin-bottom: 5px;'><strong>Temperatura de funcionamiento:<\/strong> -20 a 60\u00baC.<\/li>\n<li style='margin-bottom: 5px;'><strong>Volumen:<\/strong> Alto 105 dB&comma; Bajo 85 dB<\/li>\n<li style='margin-bottom: 5px;'><strong>Patrones de parpadeo:<\/strong> 8<\/li>\n<li style='margin-bottom: 5px;'><strong>Control de velocidad del estrobo:<\/strong> S\u00ed<\/li>\n<li style='margin-bottom: 5px;'><strong>Sonidos:<\/strong> 32 Sonidos<\/li>\n<li style='margin-bottom: 5px;'><strong>Advertencia de bater\u00eda baja:<\/strong> S\u00ed<\/li>\n<li style='margin-bottom: 5px;'><strong>Protecci\u00f3n:<\/strong> IP66<\/li>\n<li style='margin-bottom: 5px;'><strong>Dimensiones:<\/strong> 98.2 mm (3.87 in) Di\u00e1metro x 94.6 mm (3.73 in) Alto<\/li>\n<\/ul><\/div>\n<\/p><\/div>\n<p> <!-- Separador --> <\/p>\n<hr style='border: 0; border-top: 1px solid rgba(150&comma; 150&comma; 150&comma; 0.3); margin: 30px 0;'> <!-- Secci\u00f3n de videos --> <\/p>\n<div style='display: flex; flex-wrap: wrap; gap: 30px; justify-content: center; margin-bottom: 30px;'>\n<div style='flex: 1 1 560px; min-width: 300px;'>\n<h3 style='font-size: 20px; text-align: center; margin-bottom: 15px; color: inherit; opacity: 0.8;'>Select-Alert conexi\u00f3n y configuraci\u00f3n de controles<\/h3>\n<div style='position: relative; padding-bottom: 56.25%; height: 0; overflow: hidden;'>   <\/div>\n<\/p><\/div>\n<div style='flex: 1 1 560px; min-width: 300px;'>\n<h3 style='font-size: 20px; text-align: center; margin-bottom: 15px; color: inherit; opacity: 0.8;'>Select-Alert Instalaci\u00f3n de bater\u00edas<\/h3>\n<div style='position: relative; padding-bottom: 56.25%; height: 0; overflow: hidden;'>   <\/div>\n<\/p><\/div>\n<\/p><\/div>\n<\/p><\/div>\n","protected":false},"excerpt":{"rendered":"<p>Microcontrolador SELECT-ALERT con Alarma Sirena\/Estrobo para notificar Entradas\/Salidas No Autorizadas y Emergencias, Transparente<\/p>\n","protected":false},"featured_media":33636,"comment_status":"open","ping_status":"closed","template":"","meta":[],"product_brand":[],"product_cat":[146],"product_tag":[93,147,169],"class_list":{"0":"post-33637","1":"product","2":"type-product","3":"status-publish","4":"has-post-thumbnail","6":"product_cat-sirenas-y-estrobos","7":"product_tag-accesorios","8":"product_tag-sirenas-y-estrobos","9":"product_tag-sti","11":"first","12":"instock","13":"sale","14":"shipping-taxable","15":"purchasable","16":"product-type-simple"},"_links":{"self":[{"href":"https:\/\/soydeaqui.ddns.net\/pachuca\/index.php\/wp-json\/wp\/v2\/product\/33637","targetHints":{"allow":["GET"]}}],"collection":[{"href":"https:\/\/soydeaqui.ddns.net\/pachuca\/index.php\/wp-json\/wp\/v2\/product"}],"about":[{"href":"https:\/\/soydeaqui.ddns.net\/pachuca\/index.php\/wp-json\/wp\/v2\/types\/product"}],"replies":[{"embeddable":true,"href":"https:\/\/soydeaqui.ddns.net\/pachuca\/index.php\/wp-json\/wp\/v2\/comments?post=33637"}],"wp:featuredmedia":[{"embeddable":true,"href":"https:\/\/soydeaqui.ddns.net\/pachuca\/index.php\/wp-json\/wp\/v2\/media\/33636"}],"wp:attachment":[{"href":"https:\/\/soydeaqui.ddns.net\/pachuca\/index.php\/wp-json\/wp\/v2\/media?parent=33637"}],"wp:term":[{"taxonomy":"product_brand","embeddable":true,"href":"https:\/\/soydeaqui.ddns.net\/pachuca\/index.php\/wp-json\/wp\/v2\/product_brand?post=33637"},{"taxonomy":"product_cat","embeddable":true,"href":"https:\/\/soydeaqui.ddns.net\/pachuca\/index.php\/wp-json\/wp\/v2\/product_cat?post=33637"},{"taxonomy":"product_tag","embeddable":true,"href":"https:\/\/soydeaqui.ddns.net\/pachuca\/index.php\/wp-json\/wp\/v2\/product_tag?post=33637"}],"curies":[{"name":"wp","href":"https:\/\/api.w.org\/{rel}","templated":true}]}}