{"id":33604,"date":"2026-03-18T15:02:36","date_gmt":"2026-03-18T15:02:36","guid":{"rendered":"https:\/\/soydeaqui.ddns.net\/pachuca\/index.php\/producto\/receptora-ip-fire-lite\/"},"modified":"2026-03-18T15:02:38","modified_gmt":"2026-03-18T15:02:38","slug":"receptora-ip-fire-lite","status":"publish","type":"product","link":"https:\/\/soydeaqui.ddns.net\/pachuca\/index.php\/producto\/receptora-ip-fire-lite\/","title":{"rendered":"Receptora IP Fire-Lite"},"content":{"rendered":"<div style='width: 100%; max-width: 1200px; margin: 0 auto; font-family: sans-serif; line-height: 1.6; color: inherit; background-color: transparent;'>\n<div style='display: flex; flex-wrap: wrap; gap: 30px; margin-bottom: 30px;'>\n<div style='flex: 1 1 300px; min-width: 280px;'>\n<h3 style='font-size: 22px; border-bottom: 2px solid currentColor; padding-bottom: 5px; margin-top: 0; color: inherit; opacity: 0.8;'>Descripci\u00f3n<\/h3>\n<p style='font-size: 15px; color: inherit; margin-bottom: 15px;'>El receptor VisorALARM PLUS IP es la soluci\u00f3n de Teldat para administrar y recibir alarmas de paneles de alarma contra incendios y \/ o intrusi\u00f3n equipados con MIP de Honeywell Power o m\u00f3dulos IPDACT de Fire-Lite Alarms. Cada receptor admite hasta 3000 paneles de alarma y proporciona el conjunto de funciones m\u00e1s avanzado de la industria&comma; incluida la supervisi\u00f3n de l\u00ednea&comma; el cifrado de 512 bits y un sistema de redundancia de tres niveles para la mayor disponibilidad y niveles de confiabilidad posibles.<\/p>\n<\/p><\/div>\n<\/p><\/div>\n<div style='display: flex; flex-wrap: wrap; gap: 30px; margin-bottom: 30px;'>\n<div style='flex: 1 1 300px; min-width: 280px;'>\n<h3 style='font-size: 22px; border-bottom: 2px solid currentColor; padding-bottom: 5px; margin-top: 0; color: inherit; opacity: 0.8;'>Caracter\u00edsticas<\/h3>\n<ul style='padding-left: 20px; font-size: 15px; color: inherit;'>\n<li style='margin-bottom: 5px;'>Escalabilidad: gesti\u00f3n simult\u00e1nea para hasta 3.000 dispositivos remotos MIP e IPDACT IP.<\/li>\n<li style='margin-bottom: 5px;'>Monitoreo de l\u00ednea: monitorea el estado de conectividad con todos los dispositivos registrados.<\/li>\n<li style='margin-bottom: 5px;'>Supervisi\u00f3n de acceso a la red: controla el estado de su acceso a la red para evitar la generaci\u00f3n de falsas alarmas t\u00e9cnicas en una situaci\u00f3n de falla de comunicaciones.<\/li>\n<li style='margin-bottom: 5px;'>Soporte para direcciones IP din\u00e1micas y est\u00e1ticas en dispositivos remotos MIP e IPDACT.<\/li>\n<li style='margin-bottom: 5px;'>Cifrado: utiliza un algoritmo de cifrado AES de 512 bits para todas las comunicaciones con los m\u00f3dulos IP instalados.<\/li>\n<li style='margin-bottom: 5px;'>Comunica las alarmas al servidor de automatizaci\u00f3n a trav\u00e9s de una conexi\u00f3n en serie&comma; utilizando el formato Contact-ID y emulando los protocolos de los receptores Sur-gard&comma; Radionics o Ademco.<\/li>\n<li style='margin-bottom: 5px;'>Tarjeta inteligente: Guarda toda la informaci\u00f3n de configuraci\u00f3n en una tarjeta inteligente externa que se puede usar para el reemplazo inmediato del sistema en situaciones de recuperaci\u00f3n de fallas.<\/li>\n<li style='margin-bottom: 5px;'>Soporte del receptor secundario: Dos VisorALARMs PLUS se pueden configurar en una configuraci\u00f3n primaria \/ secundaria para opciones de alta disponibilidad y redundancia. Las unidades MIP e IPDACT de Teldat en el campo informar\u00e1n a la unidad principal y cambiar\u00e1n autom\u00e1ticamente al receptor secundario si el primario no est\u00e1 disponible.<\/li>\n<\/ul><\/div>\n<\/p><\/div>\n<div style='display: flex; flex-wrap: wrap; gap: 20px; margin-bottom: 30px;'>\n<div style='flex: 1 1 250px; border: 1px solid rgba(150&comma; 150&comma; 150&comma; 0.4); border-radius: 8px; overflow: hidden; display: flex; flex-direction: column;'>\n<div style='padding: 15px; border-bottom: 1px solid rgba(150&comma; 150&comma; 150&comma; 0.2); font-weight: bold; font-size: 18px; color: inherit;'>Especificaciones<\/div>\n<div style='padding: 15px; color: inherit;'>\n<ul style='padding-left: 20px; margin: 0; font-size: 14px; list-style-type: disc;'>\n<li style='margin-bottom: 5px;'><strong>Protocols:<\/strong> Ethernet (b802.3) \/ Ethernet blue book<\/li>\n<li style='margin-bottom: 5px;'><strong>Speed:<\/strong> 10 Mbps\/100 Mbps (100BaseT)<\/li>\n<li style='margin-bottom: 5px;'><strong>Connector:<\/strong> RJ45 female<\/li>\n<li style='margin-bottom: 5px;'><strong>Protocols:<\/strong> FRAME RELAY&comma; X.25&comma; PPP&comma; SDLC&comma; X.28<\/li>\n<li style='margin-bottom: 5px;'><strong>Interfaces:<\/strong> Insertable drivers V.24 \/ V.35 \/ X.21 DTE\/DCE<\/li>\n<li style='margin-bottom: 5px;'><strong>N\u00ba Ports:<\/strong> 2 (printer &#038; automation software)<\/li>\n<li style='margin-bottom: 5px;'><strong>Speed:<\/strong> 200 to 2048 Kbps<\/li>\n<li style='margin-bottom: 5px;'><strong>Connector:<\/strong> DB-25 female<\/li>\n<li style='margin-bottom: 5px;'><strong>Emulation:<\/strong> Surgard&comma; Radionics 6500 and Ademco 685<\/li>\n<li style='margin-bottom: 5px;'><strong>Type:<\/strong> Desktop 2U or standard 19\u201d Rackmount<\/li>\n<li style='margin-bottom: 5px;'><strong>L x W x H:<\/strong> 12.21 x 16.34 x 3.39 inches<\/li>\n<li style='margin-bottom: 5px;'><strong>Weight:<\/strong> 8.82 lbs<\/li>\n<\/ul><\/div>\n<\/p><\/div>\n<div style='flex: 1 1 250px; border: 1px solid rgba(150&comma; 150&comma; 150&comma; 0.4); border-radius: 8px; overflow: hidden; display: flex; flex-direction: column;'>\n<div style='padding: 15px; border-bottom: 1px solid rgba(150&comma; 150&comma; 150&comma; 0.2); font-weight: bold; font-size: 18px; color: inherit;'>Certificaciones<\/div>\n<div style='padding: 15px; color: inherit;'>\n<ul style='padding-left: 20px; margin: 0; font-size: 14px; list-style-type: disc;'>\n<li style='margin-bottom: 5px;'>UL1610: Central Station Burglar Alarm Units<\/li>\n<li style='margin-bottom: 5px;'>UL1076: Proprietary Burglar Alarm Units and Systems;<\/li>\n<li style='margin-bottom: 5px;'>ULC\/ORD: C1076-M1986 Proprietary Burglar Alarm Units &#038; Systems<\/li>\n<li style='margin-bottom: 5px;'>CAN\/ULC: S304-M88 Central and Monitoring Station Burglar Alarm Units<\/li>\n<li style='margin-bottom: 5px;'>UL864: Control Units and Accessories for Fire Alarm Systems<\/li>\n<\/ul><\/div>\n<\/p><\/div>\n<\/p><\/div>\n<hr style='border: 0; border-top: 1px solid rgba(150&comma; 150&comma; 150&comma; 0.3); margin: 30px 0;'> <\/div>\n","protected":false},"excerpt":{"rendered":"<p>Receptora IP Fire-Lite<\/p>\n","protected":false},"featured_media":33603,"comment_status":"open","ping_status":"closed","template":"","meta":[],"product_brand":[],"product_cat":[448],"product_tag":[449,541,225],"class_list":{"0":"post-33604","1":"product","2":"type-product","3":"status-publish","4":"has-post-thumbnail","6":"product_cat-todo-accesorios-y-dispositivos-direccionables","7":"product_tag-accesorios-y-dispositivos-direccionables","8":"product_tag-fire-lite","9":"product_tag-todo","11":"first","12":"instock","13":"sale","14":"shipping-taxable","15":"purchasable","16":"product-type-simple"},"_links":{"self":[{"href":"https:\/\/soydeaqui.ddns.net\/pachuca\/index.php\/wp-json\/wp\/v2\/product\/33604","targetHints":{"allow":["GET"]}}],"collection":[{"href":"https:\/\/soydeaqui.ddns.net\/pachuca\/index.php\/wp-json\/wp\/v2\/product"}],"about":[{"href":"https:\/\/soydeaqui.ddns.net\/pachuca\/index.php\/wp-json\/wp\/v2\/types\/product"}],"replies":[{"embeddable":true,"href":"https:\/\/soydeaqui.ddns.net\/pachuca\/index.php\/wp-json\/wp\/v2\/comments?post=33604"}],"wp:featuredmedia":[{"embeddable":true,"href":"https:\/\/soydeaqui.ddns.net\/pachuca\/index.php\/wp-json\/wp\/v2\/media\/33603"}],"wp:attachment":[{"href":"https:\/\/soydeaqui.ddns.net\/pachuca\/index.php\/wp-json\/wp\/v2\/media?parent=33604"}],"wp:term":[{"taxonomy":"product_brand","embeddable":true,"href":"https:\/\/soydeaqui.ddns.net\/pachuca\/index.php\/wp-json\/wp\/v2\/product_brand?post=33604"},{"taxonomy":"product_cat","embeddable":true,"href":"https:\/\/soydeaqui.ddns.net\/pachuca\/index.php\/wp-json\/wp\/v2\/product_cat?post=33604"},{"taxonomy":"product_tag","embeddable":true,"href":"https:\/\/soydeaqui.ddns.net\/pachuca\/index.php\/wp-json\/wp\/v2\/product_tag?post=33604"}],"curies":[{"name":"wp","href":"https:\/\/api.w.org\/{rel}","templated":true}]}}