{"id":33602,"date":"2026-03-18T15:02:34","date_gmt":"2026-03-18T15:02:34","guid":{"rendered":"https:\/\/soydeaqui.ddns.net\/pachuca\/index.php\/producto\/base-de-4-pulgadas-para-detectores-notifier-farenhyt-silent-knight-y-fire-lite-color-blanco\/"},"modified":"2026-03-18T15:02:35","modified_gmt":"2026-03-18T15:02:35","slug":"base-de-4-pulgadas-para-detectores-notifier-farenhyt-silent-knight-y-fire-lite-color-blanco","status":"publish","type":"product","link":"https:\/\/soydeaqui.ddns.net\/pachuca\/index.php\/producto\/base-de-4-pulgadas-para-detectores-notifier-farenhyt-silent-knight-y-fire-lite-color-blanco\/","title":{"rendered":"Base de 4 Pulgadas \/ Para detectores Notifier, Farenhyt, Silent Knight y Fire-Lite \/ Color Blanco"},"content":{"rendered":"<div style='width: 100%; max-width: 1200px; margin: 0 auto; font-family: sans-serif; line-height: 1.6; color: inherit; background-color: transparent;'>\n<div style='display: flex; flex-wrap: wrap; gap: 30px; margin-bottom: 30px;'>\n<div style='flex: 1 1 300px; min-width: 280px;'>\n<h3 style='font-size: 22px; border-bottom: 2px solid currentColor; padding-bottom: 5px; margin-top: 0; color: inherit; opacity: 0.8;'>Caracter\u00edsticas Generales<\/h3>\n<ul style='padding-left: 20px; font-size: 14px; color: inherit;'>\n<li style='margin-bottom: 5px;'>Di\u00e1metro de la base: 4.0&#8242; (10.2 cm)<\/li>\n<li style='margin-bottom: 5px;'>Altura de la base: 0.74&#8242; (18.8 mm)<\/li>\n<li style='margin-bottom: 5px;'>Dise\u00f1o compacto y profesional<\/li>\n<li style='margin-bottom: 5px;'>Material resistente de calidad superior<\/li>\n<li style='margin-bottom: 5px;'>Color: Blanco<\/li>\n<li style='margin-bottom: 5px;'>Compatible con detectores Notifier&comma; Farenhyt&comma; Silent Knight y Fire-Lite<\/li>\n<\/ul><\/div>\n<div style='flex: 1 1 300px; min-width: 280px;'>\n<h3 style='font-size: 22px; border-bottom: 2px solid currentColor; padding-bottom: 5px; margin-top: 0; color: inherit; opacity: 0.8;'>Especificaciones El\u00e9ctricas<\/h3>\n<ul style='padding-left: 20px; font-size: 14px; color: inherit;'>\n<li style='margin-bottom: 5px;'><strong>Voltaje de operaci\u00f3n:<\/strong> 15 a 32 VDC<\/li>\n<li style='margin-bottom: 5px;'><strong>Corriente en espera:<\/strong> 150 \u00b5A<\/li>\n<li style='margin-bottom: 5px;'><strong>Normas:<\/strong> UL268&comma; ULC S529<\/li>\n<li style='margin-bottom: 5px;'><strong>Terminales:<\/strong> + y -&comma; y conexiones para anunciativo remoto<\/li>\n<\/ul><\/div>\n<\/p><\/div>\n<div style='display: flex; flex-wrap: wrap; gap: 30px; margin-bottom: 30px;'>\n<div style='flex: 1 1 300px; min-width: 280px;'>\n<h3 style='font-size: 22px; border-bottom: 2px solid currentColor; padding-bottom: 5px; margin-top: 0; color: inherit; opacity: 0.8;'>Caracter\u00edsticas de Instalaci\u00f3n<\/h3>\n<ul style='padding-left: 20px; font-size: 14px; color: inherit;'>\n<li style='margin-bottom: 5px;'>Montaje directo en cajas de 4&#8242; cuadradas con anillo de yeso<\/li>\n<li style='margin-bottom: 5px;'>Compatibilidad con centros de 3\u00bd&#8217; octagonales&comma; 50 mm&comma; 60 mm y 70 mm<\/li>\n<li style='margin-bottom: 5px;'>Incluye espacio para registrar la zona&comma; direcci\u00f3n y tipo de detector<\/li>\n<li style='margin-bottom: 5px;'>Para sistemas inteligentes con terminales de tornillo para alimentaci\u00f3n y conexiones de anunciativo remoto<\/li>\n<\/ul><\/div>\n<div style='flex: 1 1 300px; min-width: 280px;'>\n<h3 style='font-size: 22px; border-bottom: 2px solid currentColor; padding-bottom: 5px; margin-top: 0; color: inherit; opacity: 0.8;'>Caracter\u00edsticas de Seguridad<\/h3>\n<ul style='padding-left: 20px; font-size: 14px; color: inherit;'>\n<li style='margin-bottom: 5px;'>Incluye caracter\u00edstica de resistencia a manipulaci\u00f3n<\/li>\n<li style='margin-bottom: 5px;'>Requiere herramienta para remover el detector<\/li>\n<li style='margin-bottom: 5px;'>No usar la caracter\u00edstica de resistencia a manipulaci\u00f3n si se requiere usar la herramienta de remoci\u00f3n<\/li>\n<li style='margin-bottom: 5px;'>Puede desactivarse rompiendo y removiendo la palanca pl\u00e1stica<\/li>\n<\/ul><\/div>\n<\/p><\/div>\n<div style='display: flex; flex-wrap: wrap; gap: 20px; margin-bottom: 30px;'>\n<div style='flex: 1 1 250px; border: 1px solid rgba(150&comma; 150&comma; 150&comma; 0.4); border-radius: 8px; overflow: hidden; display: flex; flex-direction: column;'>\n<div style='padding: 15px; border-bottom: 1px solid rgba(150&comma; 150&comma; 150&comma; 0.2); font-weight: bold; font-size: 18px; color: inherit;'>Aplicaciones<\/div>\n<div style='padding: 15px; color: inherit;'>\n<ul style='padding-left: 20px; margin: 0; font-size: 14px; list-style-type: disc; color: inherit;'>\n<li style='margin-bottom: 5px;'>Sistemas de detecci\u00f3n inteligentes<\/li>\n<li style='margin-bottom: 5px;'>Sistemas de alarma contra incendios<\/li>\n<li style='margin-bottom: 5px;'>Sistemas con requerimientos de supervisi\u00f3n de conexiones<\/li>\n<\/ul><\/div>\n<\/p><\/div>\n<div style='flex: 1 1 250px; border: 1px solid rgba(150&comma; 150&comma; 150&comma; 0.4); border-radius: 8px; overflow: hidden; display: flex; flex-direction: column;'>\n<div style='padding: 15px; border-bottom: 1px solid rgba(150&comma; 150&comma; 150&comma; 0.2); font-weight: bold; font-size: 18px; color: inherit;'>Requerimientos de Instalaci\u00f3n<\/div>\n<div style='padding: 15px; color: inherit;'>\n<ul style='padding-left: 20px; margin: 0; font-size: 14px; list-style-type: disc; color: inherit;'>\n<li style='margin-bottom: 5px;'>Verificar continuidad y polaridad correcta antes de instalar<\/li>\n<li style='margin-bottom: 5px;'>Usar calibre de alambre no menor a 18 AWG (0.823 mm\u00b2)<\/li>\n<li style='margin-bottom: 5px;'>Hasta 12 AWG (3.31 mm\u00b2) puede usarse con la base<\/li>\n<li style='margin-bottom: 5px;'>Cumplir con c\u00f3digos el\u00e9ctricos locales aplicables<\/li>\n<\/ul><\/div>\n<\/p><\/div>\n<div style='flex: 1 1 250px; border: 1px solid rgba(150&comma; 150&comma; 150&comma; 0.4); border-radius: 8px; overflow: hidden; display: flex; flex-direction: column;'>\n<div style='padding: 15px; border-bottom: 1px solid rgba(150&comma; 150&comma; 150&comma; 0.2); font-weight: bold; font-size: 18px; color: inherit;'>Garant\u00eda<\/div>\n<div style='padding: 15px; color: inherit;'>\n<p style='margin: 0; font-size: 14px; color: inherit;'>Garant\u00eda limitada de 3 a\u00f1os contra defectos de materiales y mano de obra bajo condiciones normales de uso y servicio.<\/p>\n<\/p><\/div>\n<\/p><\/div>\n<\/p><\/div>\n<hr style='border: 0; border-top: 1px solid rgba(150&comma; 150&comma; 150&comma; 0.3); margin: 30px 0;'>\n<div style='display: flex; flex-wrap: wrap; gap: 30px; margin-bottom: 30px;'>\n<div style='flex: 1 1 300px; min-width: 280px;'>\n<h3 style='font-size: 22px; border-bottom: 2px solid currentColor; padding-bottom: 5px; margin-top: 0; color: inherit; opacity: 0.8;'>Conexiones El\u00e9ctricas<\/h3>\n<ul style='padding-left: 20px; font-size: 14px; color: inherit;'>\n<li style='margin-bottom: 5px;'><strong>Terminal 1:<\/strong> Alimentaci\u00f3n (-)&comma; Conexi\u00f3n de anunciativo remoto (-)<\/li>\n<li style='margin-bottom: 5px;'><strong>Terminal 2:<\/strong> Alimentaci\u00f3n (+)<\/li>\n<li style='margin-bottom: 5px;'><strong>Terminal 3:<\/strong> Conexi\u00f3n de anunciativo remoto (+)<\/li>\n<\/ul><\/div>\n<div style='flex: 1 1 300px; min-width: 280px;'>\n<h3 style='font-size: 22px; border-bottom: 2px solid currentColor; padding-bottom: 5px; margin-top: 0; color: inherit; opacity: 0.8;'>Consideraciones Importantes<\/h3>\n<ul style='padding-left: 20px; font-size: 14px; color: inherit;'>\n<li style='margin-bottom: 5px;'>Usar solo con cabezales de detector homologados por ULC para correcto funcionamiento del sistema<\/li>\n<li style='margin-bottom: 5px;'>El detector debe probarse y mantenerse regularmente siguiendo las normas NFPA 72 o CAN\/ULC S536<\/li>\n<li style='margin-bottom: 5px;'>El detector debe limpiarse al menos una vez al a\u00f1o<\/li>\n<li style='margin-bottom: 5px;'>No es aceptable tener tres cables pelados bajo el mismo terminal a menos que est\u00e9n separados por una arandela<\/li>\n<\/ul><\/div>\n<\/p><\/div>\n<\/p><\/div>\n","protected":false},"excerpt":{"rendered":"<p>Base de 4 Pulgadas \/ Para detectores Notifier, Farenhyt, Silent Knight y Fire-Lite \/ Color Blanco<\/p>\n","protected":false},"featured_media":33601,"comment_status":"open","ping_status":"closed","template":"","meta":[],"product_brand":[],"product_cat":[990],"product_tag":[449,991,468],"class_list":{"0":"post-33602","1":"product","2":"type-product","3":"status-publish","4":"has-post-thumbnail","6":"product_cat-silent-knight","7":"product_tag-accesorios-y-dispositivos-direccionables","8":"product_tag-silent-knight","9":"product_tag-system-sensor","11":"first","12":"instock","13":"sale","14":"shipping-taxable","15":"purchasable","16":"product-type-simple"},"_links":{"self":[{"href":"https:\/\/soydeaqui.ddns.net\/pachuca\/index.php\/wp-json\/wp\/v2\/product\/33602","targetHints":{"allow":["GET"]}}],"collection":[{"href":"https:\/\/soydeaqui.ddns.net\/pachuca\/index.php\/wp-json\/wp\/v2\/product"}],"about":[{"href":"https:\/\/soydeaqui.ddns.net\/pachuca\/index.php\/wp-json\/wp\/v2\/types\/product"}],"replies":[{"embeddable":true,"href":"https:\/\/soydeaqui.ddns.net\/pachuca\/index.php\/wp-json\/wp\/v2\/comments?post=33602"}],"wp:featuredmedia":[{"embeddable":true,"href":"https:\/\/soydeaqui.ddns.net\/pachuca\/index.php\/wp-json\/wp\/v2\/media\/33601"}],"wp:attachment":[{"href":"https:\/\/soydeaqui.ddns.net\/pachuca\/index.php\/wp-json\/wp\/v2\/media?parent=33602"}],"wp:term":[{"taxonomy":"product_brand","embeddable":true,"href":"https:\/\/soydeaqui.ddns.net\/pachuca\/index.php\/wp-json\/wp\/v2\/product_brand?post=33602"},{"taxonomy":"product_cat","embeddable":true,"href":"https:\/\/soydeaqui.ddns.net\/pachuca\/index.php\/wp-json\/wp\/v2\/product_cat?post=33602"},{"taxonomy":"product_tag","embeddable":true,"href":"https:\/\/soydeaqui.ddns.net\/pachuca\/index.php\/wp-json\/wp\/v2\/product_tag?post=33602"}],"curies":[{"name":"wp","href":"https:\/\/api.w.org\/{rel}","templated":true}]}}