{"id":33592,"date":"2026-03-18T15:02:22","date_gmt":"2026-03-18T15:02:22","guid":{"rendered":"https:\/\/soydeaqui.ddns.net\/pachuca\/index.php\/producto\/gabinete-de-fibra-de-vidrio-ip66-para-uso-en-interior-o-exterior-y-puerta-transparente-removible\/"},"modified":"2026-03-18T15:02:23","modified_gmt":"2026-03-18T15:02:23","slug":"gabinete-de-fibra-de-vidrio-ip66-para-uso-en-interior-o-exterior-y-puerta-transparente-removible","status":"publish","type":"product","link":"https:\/\/soydeaqui.ddns.net\/pachuca\/index.php\/producto\/gabinete-de-fibra-de-vidrio-ip66-para-uso-en-interior-o-exterior-y-puerta-transparente-removible\/","title":{"rendered":"Gabinete de Fibra de Vidrio, IP66 para Uso en Interior o Exterior y Puerta Transparente Removible"},"content":{"rendered":"<div style='width: 100%; max-width: 1200px; margin: 0 auto; font-family: sans-serif; line-height: 1.6; color: inherit; background-color: transparent;'> <!-- Secci\u00f3n de caracter\u00edsticas principales --> <\/p>\n<div style='display: flex; flex-wrap: wrap; gap: 30px; margin-bottom: 30px;'>\n<div style='flex: 1 1 300px; min-width: 280px;'>\n<h3 style='font-size: 22px; border-bottom: 2px solid currentColor; padding-bottom: 5px; margin-top: 0; color: inherit; opacity: 0.8;'>Caracter\u00edsticas Generales<\/h3>\n<ul style='padding-left: 20px; font-size: 15px; color: inherit;'>\n<li style='margin-bottom: 5px;'>Construcci\u00f3n de fibra de vidrio resistente<\/li>\n<li style='margin-bottom: 5px;'>Puerta transparente removible<\/li>\n<li style='margin-bottom: 5px;'>Cierre con pestillo de extracci\u00f3n<\/li>\n<li style='margin-bottom: 5px;'>Dise\u00f1o con bordes redondeados suaves<\/li>\n<li style='margin-bottom: 5px;'>Estabilizado contra rayos UV para uso exterior<\/li>\n<li style='margin-bottom: 5px;'>Tornillos de montaje para panel interior en bronce<\/li>\n<\/ul><\/div>\n<div style='flex: 1 1 300px; min-width: 280px;'>\n<h3 style='font-size: 22px; border-bottom: 2px solid currentColor; padding-bottom: 5px; margin-top: 0; color: inherit; opacity: 0.8;'>Especificaciones T\u00e9cnicas<\/h3>\n<ul style='padding-left: 20px; font-size: 15px; color: inherit;'>\n<li style='margin-bottom: 5px;'><strong>Dimensiones:<\/strong> 554 x 461 x 263 mm<\/li>\n<li style='margin-bottom: 5px;'><strong>Protecci\u00f3n:<\/strong> IP66<\/li>\n<li style='margin-bottom: 5px;'><strong>Clasificaci\u00f3n UL50:<\/strong> Tipo 3R&comma; 4&comma; 4X&comma; 6P&comma; 12<\/li>\n<li style='margin-bottom: 5px;'><strong>Certificaciones:<\/strong> UL\/cUL listado&comma; CSA certificado<\/li>\n<li style='margin-bottom: 5px;'><strong>Garant\u00eda:<\/strong> 3 a\u00f1os contra rotura de fibra de vidrio (1 a\u00f1o para componentes electr\u00f3nicos)<\/li>\n<\/ul><\/div>\n<\/p><\/div>\n<p> <!-- Secci\u00f3n de funcionalidad --> <\/p>\n<div style='display: flex; flex-wrap: wrap; gap: 30px; margin-bottom: 30px;'>\n<div style='flex: 1 1 300px; min-width: 280px;'>\n<h3 style='font-size: 22px; border-bottom: 2x solid currentColor; padding-bottom: 5px; margin-top: 0; color: inherit; opacity: 0.8;'>Funcionalidad y Aplicaciones<\/h3>\n<ul style='padding-left: 20px; font-size: 15px; color: inherit;'>\n<li style='margin-bottom: 5px;'>Dise\u00f1ado para proteger equipos electr\u00f3nicos en entornos exigentes<\/li>\n<li style='margin-bottom: 5px;'>Ideal para uso en exteriores e interiores<\/li>\n<li style='margin-bottom: 5px;'>Permite acceso f\u00e1cil mediante puerta removible<\/li>\n<li style='margin-bottom: 5px;'>Protecci\u00f3n contra vandalismo&comma; polvo&comma; suciedad y da\u00f1os ambientales<\/li>\n<li style='margin-bottom: 5px;'>Opciones de ventilaci\u00f3n disponibles (AC&comma; calor&comma; filtros&comma; drenaje)<\/li>\n<\/ul><\/div>\n<div style='flex: 1 1 300px; min-width: 280px;'>\n<h3 style='font-size: 22px; border-bottom: 2px solid currentColor; padding-bottom: 5px; margin-top: 0; color: inherit; opacity: 0.8;'>Opciones de Instalaci\u00f3n<\/h3>\n<ul style='padding-left: 20px; font-size: 15px; color: inherit;'>\n<li style='margin-bottom: 5px;'>Disponible con placas de montaje<\/li>\n<li style='margin-bottom: 5px;'>Opciones de montaje en poste<\/li>\n<li style='margin-bottom: 5px;'>Compatibilidad con kits de postes de 4&#8242; a 10&#8242;<\/li>\n<li style='margin-bottom: 5px;'>Soporta m\u00faltiples paneles en un mismo gabinete<\/li>\n<\/ul><\/div>\n<\/p><\/div>\n<p> <!-- Secci\u00f3n de opciones y accesorios --> <\/p>\n<div style='display: flex; flex-wrap: wrap; gap: 20px; margin-bottom: 30px;'>\n<div style='flex: 1 1 250px; border: 1px solid rgba(150&comma; 150&comma; 150&comma; 0.4); border-radius: 8px; overflow: hidden; display: flex; flex-direction: column;'>\n<div style='padding: 15px; border-bottom: 1px solid rgba(150&comma; 150&comma; 150&comma; 0.2); font-weight: bold; font-size: 18px; color: inherit;'>Opciones de Ventilaci\u00f3n<\/div>\n<div style='padding: 15px; color: inherit;'>\n<ul style='padding-left: 20px; margin: 0; font-size: 14px; list-style-type: disc;'>\n<li style='margin-bottom: 5px;'>A\/C (120VAC&comma; 60Hz)<\/li>\n<li style='margin-bottom: 5px;'>Calentador<\/li>\n<li style='margin-bottom: 5px;'>A\/C con calentador<\/li>\n<li style='margin-bottom: 5px;'>V\u00e1lvulas de compensaci\u00f3n de presi\u00f3n<\/li>\n<li style='margin-bottom: 5px;'>Ventiladores con filtro<\/li>\n<li style='margin-bottom: 5px;'>V\u00e1lvula de drenaje<\/li>\n<\/ul><\/div>\n<\/p><\/div>\n<div style='flex: 1 1 250px; border: 1px solid rgba(150&comma; 150&comma; 150&comma; 0.4); border-radius: 8px; overflow: hidden; display: flex; flex-direction: column;'>\n<div style='padding: 15px; border-bottom: 1px solid rgba(150&comma; 150&comma; 150&comma; 0.2); font-weight: bold; font-size: 18px; color: inherit;'>Accesorios Opcionales<\/div>\n<div style='padding: 15px; color: inherit;'>\n<ul style='padding-left: 20px; margin: 0; font-size: 14px; list-style-type: disc;'>\n<li style='margin-bottom: 5px;'>KIT-BV4X Ventilaci\u00f3n NEMA 4X<\/li>\n<li style='margin-bottom: 5px;'>KIT-DV4X V\u00e1lvula de drenaje NEMA 4X<\/li>\n<li style='margin-bottom: 5px;'>KIT-PRTPKT Paquete de impresi\u00f3n pl\u00e1stico<\/li>\n<li style='margin-bottom: 5px;'>KIT-LPK3 Placa de ventilaci\u00f3n con persianas<\/li>\n<li style='margin-bottom: 5px;'>KIT-REV60 Ventilaci\u00f3n peque\u00f1a<\/li>\n<li style='margin-bottom: 5px;'>KIT-REV80 Ventilaci\u00f3n grande<\/li>\n<\/ul><\/div>\n<\/p><\/div>\n<div style='flex: 1 1 250px; border: 1px solid rgba(150&comma; 150&comma; 150&comma; 0.4); border-radius: 8px; overflow: hidden; display: flex; flex-direction: column;'>\n<div style='padding: 15px; border-bottom: 1px solid rgba(150&comma; 150&comma; 150&comma; 0.2); font-weight: bold; font-size: 18px; color: inherit;'>Opciones de Calentamiento<\/div>\n<div style='padding: 15px; color: inherit;'>\n<ul style='padding-left: 20px; margin: 0; font-size: 14px; list-style-type: disc;'>\n<li style='margin-bottom: 5px;'>STI-HTR020 + STI-TSTAT520F\/C<\/li>\n<li style='margin-bottom: 5px;'>STI-HTR030 + STI-TSTAT520F\/C<\/li>\n<li style='margin-bottom: 5px;'>STI-HTR045 + STI-TSTAT520F\/C<\/li>\n<li style='margin-bottom: 5px;'>STI-HTR060 + STI-TSTAT520F\/C<\/li>\n<li style='margin-bottom: 5px;'>STI-HTR075 + STI-TSTAT520F\/C<\/li>\n<li style='margin-bottom: 5px;'>STI-HTR100 + STI-TSTAT520F\/C<\/li>\n<\/ul><\/div>\n<\/p><\/div>\n<\/p><\/div>\n<p> <!-- Separador --> <\/p>\n<hr style='border: 0; border-top: 1px solid rgba(150&comma; 150&comma; 150&comma; 0.3); margin: 30px 0;'> <\/div>\n","protected":false},"excerpt":{"rendered":"<p>Gabinete de Fibra de Vidrio, IP66 para Uso en Interior o Exterior y Puerta Transparente Removible<\/p>\n","protected":false},"featured_media":33591,"comment_status":"open","ping_status":"closed","template":"","meta":[],"product_brand":[],"product_cat":[199],"product_tag":[201,200,169],"class_list":{"0":"post-33592","1":"product","2":"type-product","3":"status-publish","4":"has-post-thumbnail","6":"product_cat-carcasas","7":"product_tag-carcasas","8":"product_tag-gabinetes-y-carcasas","9":"product_tag-sti","11":"first","12":"outofstock","13":"sale","14":"shipping-taxable","15":"purchasable","16":"product-type-simple"},"_links":{"self":[{"href":"https:\/\/soydeaqui.ddns.net\/pachuca\/index.php\/wp-json\/wp\/v2\/product\/33592","targetHints":{"allow":["GET"]}}],"collection":[{"href":"https:\/\/soydeaqui.ddns.net\/pachuca\/index.php\/wp-json\/wp\/v2\/product"}],"about":[{"href":"https:\/\/soydeaqui.ddns.net\/pachuca\/index.php\/wp-json\/wp\/v2\/types\/product"}],"replies":[{"embeddable":true,"href":"https:\/\/soydeaqui.ddns.net\/pachuca\/index.php\/wp-json\/wp\/v2\/comments?post=33592"}],"wp:featuredmedia":[{"embeddable":true,"href":"https:\/\/soydeaqui.ddns.net\/pachuca\/index.php\/wp-json\/wp\/v2\/media\/33591"}],"wp:attachment":[{"href":"https:\/\/soydeaqui.ddns.net\/pachuca\/index.php\/wp-json\/wp\/v2\/media?parent=33592"}],"wp:term":[{"taxonomy":"product_brand","embeddable":true,"href":"https:\/\/soydeaqui.ddns.net\/pachuca\/index.php\/wp-json\/wp\/v2\/product_brand?post=33592"},{"taxonomy":"product_cat","embeddable":true,"href":"https:\/\/soydeaqui.ddns.net\/pachuca\/index.php\/wp-json\/wp\/v2\/product_cat?post=33592"},{"taxonomy":"product_tag","embeddable":true,"href":"https:\/\/soydeaqui.ddns.net\/pachuca\/index.php\/wp-json\/wp\/v2\/product_tag?post=33592"}],"curies":[{"name":"wp","href":"https:\/\/api.w.org\/{rel}","templated":true}]}}