{"id":3359,"date":"2026-03-18T06:07:17","date_gmt":"2026-03-18T06:07:17","guid":{"rendered":"https:\/\/soydeaqui.ddns.net\/pachuca\/index.php\/producto\/cerradura-digital-ymc420-con-teclado-tactil-lector-de-tarjetas-huellas-incluye-hub-compatible-con-yale-connect\/"},"modified":"2026-03-18T06:07:17","modified_gmt":"2026-03-18T06:07:17","slug":"cerradura-digital-ymc420-con-teclado-tactil-lector-de-tarjetas-huellas-incluye-hub-compatible-con-yale-connect","status":"publish","type":"product","link":"https:\/\/soydeaqui.ddns.net\/pachuca\/index.php\/producto\/cerradura-digital-ymc420-con-teclado-tactil-lector-de-tarjetas-huellas-incluye-hub-compatible-con-yale-connect\/","title":{"rendered":"Cerradura Digital  YMC420 \/ con Teclado T\u00e1ctil \/ lector de Tarjetas \/ Huellas \/  Incluye HUB \/ compatible con YALE CONNECT"},"content":{"rendered":"<div style='width: 100%; max-width: 1200px; margin: 0 auto; font-family: sans-serif; line-height: 1.6; color: inherit; background-color: transparent;'> <!-- Logo --> <\/p>\n<div style='display: flex; justify-content: center; margin-bottom: 30px;'> <img style='width: 100px; height: 100px; border: 1px solid rgba(150&comma;150&comma;150&comma;0.3); border-radius: 8px;' src='http:\/\/ftp3.syscom.mx\/usuarios\/ftp\/2017\/01\/03\/43ba4\/yale-logo.jpg' alt='Logo Yale'> <\/div>\n<p> <!-- T\u00edtulo --> <\/p>\n<div style='text-align: center; margin-bottom: 30px;'>\n<h2 style='font-size: 22px; margin: 0; color: inherit; opacity: 0.8; font-family: Arial&comma; 'Helvetica Neue'&comma; Helvetica&comma; sans-serif;'>CERRADURA DIGITAL YMC420 D + HUB<\/h2>\n<\/p><\/div>\n<p> <!-- Secci\u00f3n de contenido --> <\/p>\n<div style='display: flex; flex-wrap: wrap; gap: 30px; margin-bottom: 30px;'>\n<div style='flex: 1 1 300px; min-width: 280px;'>\n<h3 style='font-size: 20px; border-bottom: 2px solid currentColor; padding-bottom: 5px; margin-top: 0; color: inherit; opacity: 0.8;'>Usos<\/h3>\n<ul style='padding-left: 20px; font-size: 15px; color: inherit;'>\n<li style='margin-bottom: 5px;'>Cerradura residencial para puertas abatibles de madera&comma; aluminio o metal.<\/li>\n<\/ul><\/div>\n<div style='flex: 1 1 300px; min-width: 280px;'>\n<h3 style='font-size: 20px; border-bottom: 2px solid currentColor; padding-bottom: 5px; margin-top: 0; color: inherit; opacity: 0.8;'>Aplicaci\u00f3n<\/h3>\n<ul style='padding-left: 20px; font-size: 15px; color: inherit;'>\n<li style='margin-bottom: 5px;'>Cerradura de seguridad para tu puerta.<\/li>\n<\/ul><\/div>\n<\/p><\/div>\n<p> <!-- Secci\u00f3n de caracter\u00edsticas --> <\/p>\n<div style='display: flex; flex-wrap: wrap; gap: 20px; margin-bottom: 30px;'>\n<div style='flex: 1 1 250px; border: 1px solid rgba(150&comma; 150&comma; 150&comma; 0.4); border-radius: 8px; overflow: hidden; display: flex; flex-direction: column;'>\n<div style='padding: 15px; border-bottom: 1px solid rgba(150&comma; 150&comma; 150&comma; 0.2); font-weight: bold; font-size: 18px; color: inherit;'>Caracter\u00edsticas<\/div>\n<div style='padding: 15px; color: inherit;'>\n<ul style='padding-left: 20px; margin: 0; font-size: 14px; list-style-type: disc;'>\n<li style='margin-bottom: 5px;'>Compatible con Yale Connect (controla tu cerradura desde tu dispositivo m\u00f3vil desde cualquier parte del mundo).<\/li>\n<li style='margin-bottom: 5px;'>Sistema Zigbee (m\u00f3dulo integrado).<\/li>\n<li style='margin-bottom: 5px;'>Puede controlar y gestionar su bloqueo por aplicaci\u00f3n directamente en su tel\u00e9fono y\/o tableta.<\/li>\n<li style='margin-bottom: 5px;'>Tiene un alcance de hasta 20 m de distancia del Hub (incluido) a la cerradura YMC420 D.<\/li>\n<li style='margin-bottom: 5px;'>Compatible con todos los dispositivos de: Amazon Alexa&comma; Yale Hub Connect.<\/li>\n<li style='margin-bottom: 5px;'>Modos de apertura: huella digital&comma; tarjeta de proximidad&comma; c\u00f3digo num\u00e9rico y llave.<\/li>\n<li style='margin-bottom: 5px;'>Hasta 250 c\u00f3digos de acceso configurables (huella digital\/c\u00f3digo num\u00e9rico \/tarjeta de proximidad).<\/li>\n<li style='margin-bottom: 5px;'>Incluye 2 llaves de puntos de alta seguridad para apertura de emergencia.<\/li>\n<li style='margin-bottom: 5px;'>Para puertas de 30 a 70 mm de espesor.<\/li>\n<li style='margin-bottom: 5px;'>Backset ajustable de 60 mm y 70 mm.<\/li>\n<li style='margin-bottom: 5px;'>Requiere 4 pilas AA alcalinas (no incluidas).<\/li>\n<li style='margin-bottom: 5px;'>Puerto de emergencia USB para pila agotada.<\/li>\n<li style='margin-bottom: 5px;'>Men\u00fa asistido por voz.<\/li>\n<li style='margin-bottom: 5px;'>Sistema antivandalismo de clutch (no se abre si no se introduce clave&comma; huella&comma; tarjeta o llave).<\/li>\n<li style='margin-bottom: 5px;'>Teclado retro iluminado<\/li>\n<\/ul><\/div>\n<\/p><\/div>\n<\/p><\/div>\n<p> <!-- Nota --> <\/p>\n<div style='margin-bottom: 30px; padding: 15px; border-left: 4px solid rgba(255&comma; 0&comma; 0&comma; 0.6); background-color: rgba(255&comma; 0&comma; 0&comma; 0.05);'>\n<p style='margin: 0; font-size: 15px; color: inherit;'> <strong>NOTA:<\/strong> El uso de la aplicaci\u00f3n de YALE Connect solo est\u00e1 disponible para uso en M\u00c9XICO&comma; no aplica el uso desde otros pa\u00edses. <\/p>\n<\/p><\/div>\n<p> <!-- Video --> <\/p>\n<div style='position: relative; padding-bottom: 56.25%; height: 0; overflow: hidden; margin-bottom: 30px;'>   <\/div>\n<\/p><\/div>\n","protected":false},"excerpt":{"rendered":"<p>Cerradura Digital  YMC420 \/ con Teclado T\u00e1ctil \/ lector de Tarjetas \/ Huellas \/  Incluye HUB \/ compatible con YALE CONNECT<\/p>\n","protected":false},"featured_media":3358,"comment_status":"open","ping_status":"closed","template":"","meta":[],"product_brand":[],"product_cat":[86],"product_tag":[88,87,395],"class_list":{"0":"post-3359","1":"product","2":"type-product","3":"status-publish","4":"has-post-thumbnail","6":"product_cat-autonomas-inteligentes","7":"product_tag-autonomas-inteligentes","8":"product_tag-cerraduras","9":"product_tag-yale-assa-abloy","11":"first","12":"instock","13":"sale","14":"shipping-taxable","15":"purchasable","16":"product-type-simple"},"_links":{"self":[{"href":"https:\/\/soydeaqui.ddns.net\/pachuca\/index.php\/wp-json\/wp\/v2\/product\/3359","targetHints":{"allow":["GET"]}}],"collection":[{"href":"https:\/\/soydeaqui.ddns.net\/pachuca\/index.php\/wp-json\/wp\/v2\/product"}],"about":[{"href":"https:\/\/soydeaqui.ddns.net\/pachuca\/index.php\/wp-json\/wp\/v2\/types\/product"}],"replies":[{"embeddable":true,"href":"https:\/\/soydeaqui.ddns.net\/pachuca\/index.php\/wp-json\/wp\/v2\/comments?post=3359"}],"wp:featuredmedia":[{"embeddable":true,"href":"https:\/\/soydeaqui.ddns.net\/pachuca\/index.php\/wp-json\/wp\/v2\/media\/3358"}],"wp:attachment":[{"href":"https:\/\/soydeaqui.ddns.net\/pachuca\/index.php\/wp-json\/wp\/v2\/media?parent=3359"}],"wp:term":[{"taxonomy":"product_brand","embeddable":true,"href":"https:\/\/soydeaqui.ddns.net\/pachuca\/index.php\/wp-json\/wp\/v2\/product_brand?post=3359"},{"taxonomy":"product_cat","embeddable":true,"href":"https:\/\/soydeaqui.ddns.net\/pachuca\/index.php\/wp-json\/wp\/v2\/product_cat?post=3359"},{"taxonomy":"product_tag","embeddable":true,"href":"https:\/\/soydeaqui.ddns.net\/pachuca\/index.php\/wp-json\/wp\/v2\/product_tag?post=3359"}],"curies":[{"name":"wp","href":"https:\/\/api.w.org\/{rel}","templated":true}]}}