{"id":33588,"date":"2026-03-18T15:02:16","date_gmt":"2026-03-18T15:02:16","guid":{"rendered":"https:\/\/soydeaqui.ddns.net\/pachuca\/index.php\/producto\/dispositivo-de-proteccion-contra-sobretensiones-de-240-vca-para-paneles-de-alarma-de-incendio-paneles-electricos-residenciales-motores-sistemas-de-bombeo\/"},"modified":"2026-03-18T15:02:16","modified_gmt":"2026-03-18T15:02:16","slug":"dispositivo-de-proteccion-contra-sobretensiones-de-240-vca-para-paneles-de-alarma-de-incendio-paneles-electricos-residenciales-motores-sistemas-de-bombeo","status":"publish","type":"product","link":"https:\/\/soydeaqui.ddns.net\/pachuca\/index.php\/producto\/dispositivo-de-proteccion-contra-sobretensiones-de-240-vca-para-paneles-de-alarma-de-incendio-paneles-electricos-residenciales-motores-sistemas-de-bombeo\/","title":{"rendered":"Dispositivo de Protecci\u00f3n Contra Sobretensiones de 240 VCA, Para Paneles de Alarma de Incendio, P\u00e1neles El\u00e9ctricos residenciales, Motores, Sistemas de Bombeo"},"content":{"rendered":"<div style='width: 100%; max-width: 1200px; margin: 0 auto; font-family: sans-serif; line-height: 1.6; color: inherit; background-color: transparent;'>\n<div style='display: flex; flex-wrap: wrap; gap: 30px; margin-bottom: 30px;'>\n<div style='flex: 1 1 300px; min-width: 280px;'>\n<h3 style='font-size: 22px; border-bottom: 2px solid currentColor; padding-bottom: 5px; margin-top: 0; color: inherit; opacity: 0.8;'>Caracter\u00edsticas principales<\/h3>\n<ul style='padding-left: 20px; font-size: 15px; color: inherit;'>\n<li style='margin-bottom: 5px;'>Aprobado para uso en cortacorrientes de 20 A<\/li>\n<li style='margin-bottom: 5px;'>El LED de diagn\u00f3stico proporciona una indicaci\u00f3n positiva de la alimentaci\u00f3n del sistema y la funci\u00f3n SPD<\/li>\n<li style='margin-bottom: 5px;'>El gabinete resistente a la intemperie NEMA 4X permite su uso en entornos hostiles<\/li>\n<li style='margin-bottom: 5px;'>Dise\u00f1o compacto permite la instalaci\u00f3n en una variedad de ubicaciones<\/li>\n<li style='margin-bottom: 5px;'>Cumple con las normas ANSI\/IEEE C62.41 y C62.45 Categor\u00eda B<\/li>\n<li style='margin-bottom: 5px;'><strong>Aplicaciones:<\/strong> Paneles de Alarma de Incendio&comma; Paneles El\u00e9ctricos Residenciales&comma; Paneles de Equipos&comma; Bombas&comma; Motores&comma; Estaciones De Bombeo de Elevaci\u00f3n.<\/li>\n<\/ul><\/div>\n<div style='flex: 1 1 300px; min-width: 280px;'>\n<h3 style='font-size: 22px; border-bottom: 2px solid currentColor; padding-bottom: 5px; margin-top: 0; color: inherit; opacity: 0.8;'>Caracter\u00edsticas el\u00e9ctricas y f\u00edsicas<\/h3>\n<ul style='padding-left: 20px; font-size: 15px; color: inherit;'>\n<li style='margin-bottom: 5px;'><strong>M\u00e9todo de conexi\u00f3n:<\/strong> \u00be\u201d NPT macho&comma; cables de 12 AWG de 18 pulgadas (45.72 cm) de largo<\/li>\n<li style='margin-bottom: 5px;'><strong>Carcasa:<\/strong> Policarbonato NEMA 4X<\/li>\n<li style='margin-bottom: 5px;'><strong>Temperatura de operaci\u00f3n:<\/strong> -35\u00b0C a 80\u00b0C (-31\u00b0F a 176\u00b0F)<\/li>\n<li style='margin-bottom: 5px;'><strong>Dimensiones:<\/strong> 88.9 x 48.3 x 86.4 mm<\/li>\n<li style='margin-bottom: 5px;'><strong>Peso:<\/strong> 250 g<\/li>\n<li style='margin-bottom: 5px;'><a style='color: inherit; text-decoration: underline;' title='Ficha t\u00e9cnica' href='https:\/\/ftp3.syscom.mx\/usuarios\/scorrea\/A\/DITEK\/DTK240HW\/Especificaciones.pdf' target='_blank' rel='noopener'>Revise la ficha completa<\/a><\/li>\n<\/ul><\/div>\n<div style='flex: 1 1 300px; min-width: 280px;'>\n<h3 style='font-size: 22px; border-bottom: 2px solid currentColor; padding-bottom: 5px; margin-top: 0; color: inherit; opacity: 0.8;'>Caracter\u00edsticas Destacadas<\/h3>\n<div style='font-size: 15px; color: inherit;'>\n<p>La serie HW de DITEK de protectores contra sobretensiones est\u00e1n dise\u00f1ados y fabricados para cumplir con los exigentes est\u00e1ndares de la industria de seguridad de vida.<\/p>\n<p>Estos protectores de sobretensi\u00f3n compacto se montan en paralelo y son ampliamente utilizados para proteger los <strong>paneles de alarma de incendio<\/strong> y otras cargas de circuitos de rama dedicada.<\/p>\n<\/p><\/div>\n<\/p><\/div>\n<\/p><\/div>\n<hr style='border: 0; border-top: 1px solid rgba(150&comma; 150&comma; 150&comma; 0.3); margin: 30px 0;'>\n<div style='width: 100%; text-align: center; margin-top: 30px;'> <img style='width: 100%; height: auto; border: 1px solid rgba(150&comma;150&comma;150&comma;0.3); border-radius: 8px;' src='https:\/\/ftp3.syscom.mx\/usuarios\/scorrea\/A\/DITEK\/DTK240HW\/ejemplo1.png' alt=''> <\/div>\n<\/p><\/div>\n","protected":false},"excerpt":{"rendered":"<p>Dispositivo de Protecci\u00f3n Contra Sobretensiones de 240 VCA, Para Paneles de Alarma de Incendio, P\u00e1neles El\u00e9ctricos residenciales, Motores, Sistemas de Bombeo<\/p>\n","protected":false},"featured_media":33587,"comment_status":"open","ping_status":"closed","template":"","meta":[],"product_brand":[],"product_cat":[532],"product_tag":[534,533,62],"class_list":{"0":"post-33588","1":"product","2":"type-product","3":"status-publish","4":"has-post-thumbnail","6":"product_cat-todos-proteccion-contra-sobretensiones","7":"product_tag-ditek","8":"product_tag-proteccion-contra-sobretensiones","9":"product_tag-todos","11":"first","12":"outofstock","13":"sale","14":"shipping-taxable","15":"purchasable","16":"product-type-simple"},"_links":{"self":[{"href":"https:\/\/soydeaqui.ddns.net\/pachuca\/index.php\/wp-json\/wp\/v2\/product\/33588","targetHints":{"allow":["GET"]}}],"collection":[{"href":"https:\/\/soydeaqui.ddns.net\/pachuca\/index.php\/wp-json\/wp\/v2\/product"}],"about":[{"href":"https:\/\/soydeaqui.ddns.net\/pachuca\/index.php\/wp-json\/wp\/v2\/types\/product"}],"replies":[{"embeddable":true,"href":"https:\/\/soydeaqui.ddns.net\/pachuca\/index.php\/wp-json\/wp\/v2\/comments?post=33588"}],"wp:featuredmedia":[{"embeddable":true,"href":"https:\/\/soydeaqui.ddns.net\/pachuca\/index.php\/wp-json\/wp\/v2\/media\/33587"}],"wp:attachment":[{"href":"https:\/\/soydeaqui.ddns.net\/pachuca\/index.php\/wp-json\/wp\/v2\/media?parent=33588"}],"wp:term":[{"taxonomy":"product_brand","embeddable":true,"href":"https:\/\/soydeaqui.ddns.net\/pachuca\/index.php\/wp-json\/wp\/v2\/product_brand?post=33588"},{"taxonomy":"product_cat","embeddable":true,"href":"https:\/\/soydeaqui.ddns.net\/pachuca\/index.php\/wp-json\/wp\/v2\/product_cat?post=33588"},{"taxonomy":"product_tag","embeddable":true,"href":"https:\/\/soydeaqui.ddns.net\/pachuca\/index.php\/wp-json\/wp\/v2\/product_tag?post=33588"}],"curies":[{"name":"wp","href":"https:\/\/api.w.org\/{rel}","templated":true}]}}