{"id":33547,"date":"2026-03-18T15:01:20","date_gmt":"2026-03-18T15:01:20","guid":{"rendered":"https:\/\/soydeaqui.ddns.net\/pachuca\/index.php\/producto\/comunicador-de-alarma-contra-incendios-de-4-canales-uso-paneles-firelite\/"},"modified":"2026-03-18T15:01:20","modified_gmt":"2026-03-18T15:01:20","slug":"comunicador-de-alarma-contra-incendios-de-4-canales-uso-paneles-firelite","status":"publish","type":"product","link":"https:\/\/soydeaqui.ddns.net\/pachuca\/index.php\/producto\/comunicador-de-alarma-contra-incendios-de-4-canales-uso-paneles-firelite\/","title":{"rendered":"Comunicador De Alarma Contra Incendios De 4 Canales Uso Paneles Firelite"},"content":{"rendered":"<div style='width: 100%; max-width: 1200px; margin: 0 auto; font-family: sans-serif; line-height: 1.6; color: inherit; background-color: transparent;'>\n<div style='display: flex; flex-wrap: wrap; gap: 30px; margin-bottom: 30px;'>\n<div style='flex: 1 1 300px; min-width: 280px;'>\n<h3 style='font-size: 22px; border-bottom: 2px solid currentColor; padding-bottom: 5px; margin-top: 0; color: inherit; opacity: 0.8;'>Descripci\u00f3n<\/h3>\n<p style='font-size: 15px; color: inherit;'>El Fire-Watch 411UDAC de Fire &#8211; Lite es un compacto comunicador de alarma contra incendios multifac\u00e9tico&comma; aut\u00f3nomo o esclavo&comma; dise\u00f1ado para una variedad de aplicaciones contra incendios y sin incendio. Proporciona cuatro canales (entradas) que aceptan dispositivos de flujo de agua&comma; detectores de humo de dos y cuatro cables&comma; estaciones de extracci\u00f3n&comma; y otros dispositivos de contacto normalmente abiertos.<\/p>\n<p style='font-size: 15px; color: inherit;'>El 411UDAC es una soluci\u00f3n rentable para aplicaciones que requieren un control de alarma contra incendios o un panel de seguridad existentes (o nuevos) para transmitir el estado del sistema a una instalaci\u00f3n de monitoreo fuera del sitio para cumplir con el requisito de supervisi\u00f3n remota. Debido a sus opciones de programaci\u00f3n extremadamente flexibles&comma; el 411UDAC tambi\u00e9n es ideal para usar como una unidad independiente para monitorear: sistemas de rociadores en condiciones de flujo y supervisi\u00f3n de agua; (es decir&comma; nivel de agua&comma; detecci\u00f3n de gas&comma; p\u00e9rdida de flujo de aire); y los dispositivos de contacto normalmente abiertos.<\/p>\n<\/p><\/div>\n<\/p><\/div>\n<div style='display: flex; flex-wrap: wrap; gap: 20px; margin-bottom: 30px;'>\n<div style='flex: 1 1 250px; border: 1px solid rgba(150&comma; 150&comma; 150&comma; 0.4); border-radius: 8px; overflow: hidden; display: flex; flex-direction: column;'>\n<div style='padding: 15px; border-bottom: 1px solid rgba(150&comma; 150&comma; 150&comma; 0.2); font-weight: bold; font-size: 18px; color: inherit;'>Caracter\u00edsticas<\/div>\n<div style='padding: 15px; color: inherit;'>\n<ul style='padding-left: 20px; margin: 0; font-size: 14px; list-style-type: circle;'>\n<li style='margin-bottom: 5px;'>Cuatro canales de monitoreo supervisados (entradas): tres fijos Estilo B (Clase B) y uno Estilo A (Clase A) o Estilo B (Clase B).<\/li>\n<li style='margin-bottom: 5px;'>Las entradas pueden programarse individualmente para aplicaciones independientes&comma; o al monitorear un panel de control&comma; para:<\/li>\n<\/ul>\n<ul style='padding-left: 40px; margin: 10px 0; font-size: 14px; list-style-type: disc;'>\n<li style='margin-bottom: 5px;'>Detectores de humo de dos y cuatro cables (entradas 1 y 3)<\/li>\n<li style='margin-bottom: 5px;'>Estaci\u00f3n de jal\u00f3n<\/li>\n<li style='margin-bottom: 5px;'>Contactos N\/O<\/li>\n<li style='margin-bottom: 5px;'>Problemas de panel de control (modo esclavo)<\/li>\n<li style='margin-bottom: 5px;'>Supervisi\u00f3n<\/li>\n<li style='margin-bottom: 5px;'>Supervisi\u00f3n (auto \u201creseteable\u201d)<\/li>\n<li style='margin-bottom: 5px;'>Flujo de agua (silenciable)<\/li>\n<li style='margin-bottom: 5px;'>Flujo de agua (no silenciable)<\/li>\n<li style='margin-bottom: 5px;'>Monitoreo de procesos<\/li>\n<li style='margin-bottom: 5px;'>Monitoreo de procesos (auto \u201creseteable\u201d)<\/li>\n<\/ul><\/div>\n<\/p><\/div>\n<div style='flex: 1 1 250px; border: 1px solid rgba(150&comma; 150&comma; 150&comma; 0.4); border-radius: 8px; overflow: hidden; display: flex; flex-direction: column;'>\n<div style='padding: 15px; border-bottom: 1px solid rgba(150&comma; 150&comma; 150&comma; 0.2); font-weight: bold; font-size: 18px; color: inherit;'>Especificaciones<\/div>\n<div style='padding: 15px; color: inherit;'>\n<ul style='padding-left: 20px; margin: 0; font-size: 14px; list-style-type: circle;'>\n<li style='margin-bottom: 5px;'>Un dispositivo de notificaci\u00f3n \u201cY\u201d (Clase B) NAC (Campana)<\/li>\n<li style='margin-bottom: 5px;'>Alimentaci\u00f3n del dispositivo de notificaci\u00f3n de 1.0 Amp<\/li>\n<li style='margin-bottom: 5px;'>Dispositivo de notificaci\u00f3n codificado (temporal) (campana&comma; se\u00f1al) circuito<\/li>\n<li style='margin-bottom: 5px;'>Funcionamiento a 12 VDC<\/li>\n<li style='margin-bottom: 5px;'>Capaz de 60 horas de espera<\/li>\n<\/ul><\/div>\n<\/p><\/div>\n<\/p><\/div>\n<hr style='border: 0; border-top: 1px solid rgba(150&comma; 150&comma; 150&comma; 0.3); margin: 30px 0;'> <\/div>\n","protected":false},"excerpt":{"rendered":"<p>Comunicador De Alarma Contra Incendios De 4 Canales Uso Paneles Firelite<\/p>\n","protected":false},"featured_media":33546,"comment_status":"open","ping_status":"closed","template":"","meta":[],"product_brand":[],"product_cat":[448],"product_tag":[449,541,225],"class_list":{"0":"post-33547","1":"product","2":"type-product","3":"status-publish","4":"has-post-thumbnail","6":"product_cat-todo-accesorios-y-dispositivos-direccionables","7":"product_tag-accesorios-y-dispositivos-direccionables","8":"product_tag-fire-lite","9":"product_tag-todo","11":"first","12":"outofstock","13":"sale","14":"shipping-taxable","15":"purchasable","16":"product-type-simple"},"_links":{"self":[{"href":"https:\/\/soydeaqui.ddns.net\/pachuca\/index.php\/wp-json\/wp\/v2\/product\/33547","targetHints":{"allow":["GET"]}}],"collection":[{"href":"https:\/\/soydeaqui.ddns.net\/pachuca\/index.php\/wp-json\/wp\/v2\/product"}],"about":[{"href":"https:\/\/soydeaqui.ddns.net\/pachuca\/index.php\/wp-json\/wp\/v2\/types\/product"}],"replies":[{"embeddable":true,"href":"https:\/\/soydeaqui.ddns.net\/pachuca\/index.php\/wp-json\/wp\/v2\/comments?post=33547"}],"wp:featuredmedia":[{"embeddable":true,"href":"https:\/\/soydeaqui.ddns.net\/pachuca\/index.php\/wp-json\/wp\/v2\/media\/33546"}],"wp:attachment":[{"href":"https:\/\/soydeaqui.ddns.net\/pachuca\/index.php\/wp-json\/wp\/v2\/media?parent=33547"}],"wp:term":[{"taxonomy":"product_brand","embeddable":true,"href":"https:\/\/soydeaqui.ddns.net\/pachuca\/index.php\/wp-json\/wp\/v2\/product_brand?post=33547"},{"taxonomy":"product_cat","embeddable":true,"href":"https:\/\/soydeaqui.ddns.net\/pachuca\/index.php\/wp-json\/wp\/v2\/product_cat?post=33547"},{"taxonomy":"product_tag","embeddable":true,"href":"https:\/\/soydeaqui.ddns.net\/pachuca\/index.php\/wp-json\/wp\/v2\/product_tag?post=33547"}],"curies":[{"name":"wp","href":"https:\/\/api.w.org\/{rel}","templated":true}]}}