{"id":33541,"date":"2026-03-18T15:01:15","date_gmt":"2026-03-18T15:01:15","guid":{"rendered":"https:\/\/soydeaqui.ddns.net\/pachuca\/index.php\/producto\/transmisor-inalambrico-multi-punto-8-salidas-expansion-del-modelo-ds005hvac-atraviesa-hasta1-6-km-en-construccion-o-material\/"},"modified":"2026-03-18T15:01:15","modified_gmt":"2026-03-18T15:01:15","slug":"transmisor-inalambrico-multi-punto-8-salidas-expansion-del-modelo-ds005hvac-atraviesa-hasta1-6-km-en-construccion-o-material","status":"publish","type":"product","link":"https:\/\/soydeaqui.ddns.net\/pachuca\/index.php\/producto\/transmisor-inalambrico-multi-punto-8-salidas-expansion-del-modelo-ds005hvac-atraviesa-hasta1-6-km-en-construccion-o-material\/","title":{"rendered":"Transmisor Inal\u00e1mbrico MULTI-PUNTO \/ 8 Salidas \/ Expansi\u00f3n del modelo DS005HVAC \/ Atraviesa hasta1.6 KM En Construcci\u00f3n o Material"},"content":{"rendered":"<div style='width: 100%; max-width: 1200px; margin: 0 auto; font-family: sans-serif; line-height: 1.6; color: inherit; background-color: transparent;'> <a href='https:\/\/soporte.syscom.mx\/es\/articles\/2845759-sure-fi-aplicaciones-ejemplos-de-proyectos' target='_blank' rel='noopener'> <img style='width: 100%; height: auto; border: 1px solid rgba(150&comma;150&comma;150&comma;0.3); border-radius: 8px; cursor: pointer;' src='https:\/\/ftp3.syscom.mx\/usuarios\/xguereque\/sure-fi\/banner\/ideas_proyectos.jpg' alt='Banner de aplicaciones'> <\/a> <\/p>\n<div style='display: flex; flex-wrap: wrap; gap: 30px; margin-top: 30px;'>\n<div style='flex: 1 1 300px; min-width: 280px;'> <img style='width: 100%; height: auto; border: 1px solid rgba(150&comma;150&comma;150&comma;0.3); border-radius: 8px;' src='https:\/\/ftp3.syscom.mx\/usuarios\/fotos\/BancoFotografiasSyscom\/SURE-FI\/DS005HVACEXP\/DS005HVACEXP-p.PNG' alt='Transmisor Inal\u00e1mbrico'> <\/div>\n<div style='flex: 1 1 300px; min-width: 280px;'>\n<h3 style='font-size: 22px; border-bottom: 2px solid currentColor; padding-bottom: 5px; margin-top: 0; color: inherit; opacity: 0.8;'>Caracter\u00edsticas Principales<\/h3>\n<p style='font-size: 15px; color: inherit;'>Este dispositivo es un controlador a distancia MULTIPUNTO de 1 a 8 (8 Entradas en 1 Equipo a 8 Salidas en 8 Equipos Diferentes)&comma; puede usarse en sistemas HVAC (ventilaci\u00f3n&comma; calefacci\u00f3n y aire acondicionado); Reemplaza el cableado en un sistema nuevo.<\/p>\n<p style='font-size: 15px; color: inherit;'>Sure-Fi HVAC se instala en minutos&comma; adem\u00e1s de ser muy competitivo con el costo del cableado para todos los tipos de trabajos (tirones de cables f\u00e1ciles y dif\u00edciles).<\/p>\n<p style='font-size: 15px; color: inherit;'>Es compatible con cualquier sistema HVAC de cualquier marca.<\/p>\n<p style='font-size: 15px; color: inherit;'>Adem\u00e1s cuenta con una seguridad de cifrado AES128 (Sistema de Cifrado Avanzado de 128 bits)<\/p>\n<\/p><\/div>\n<\/p><\/div>\n<div style='display: flex; flex-wrap: wrap; gap: 30px; margin-top: 40px;'>\n<div style='flex: 1 1 300px; min-width: 280px;'>\n<h3 style='font-size: 22px; border-bottom: 2px solid currentColor; padding-bottom: 5px; margin-top: 0; color: inherit; opacity: 0.8;'>Caracter\u00edsticas<\/h3>\n<ul style='padding-left: 20px; font-size: 15px; color: inherit;'>\n<li style='margin-bottom: 5px;'>Funciona con sistemas convencionales de baja tensi\u00f3n de 24 VCA.<\/li>\n<li style='margin-bottom: 5px;'>Indicadores de intensidad de se\u00f1al&comma; transmisi\u00f3n y recepci\u00f3n en la interfaz del equipo<\/li>\n<li style='margin-bottom: 5px;'>Bot\u00f3n de prueba para una f\u00e1cil prueba de rango<\/li>\n<li style='margin-bottom: 5px;'>2 entradas de la interfaz del equipo&comma; ej. Monitor de equipo<\/li>\n<li style='margin-bottom: 5px;'>Campo configurable y actualizable con la aplicaci\u00f3n Sure-Fi<\/li>\n<\/ul><\/div>\n<div style='flex: 1 1 300px; min-width: 280px;'>\n<h3 style='font-size: 22px; border-bottom: 2px solid currentColor; padding-bottom: 5px; margin-top: 0; color: inherit; opacity: 0.8;'>Tecnolog\u00eda<\/h3>\n<ul style='padding-left: 20px; font-size: 15px; color: inherit;'>\n<li style='margin-bottom: 5px;'>Alcance de hasta 1.6 KM a trav\u00e9s de obstrucciones y m\u00e1s de 80 KM con l\u00ednea de visi\u00f3n.<\/li>\n<li style='margin-bottom: 5px;'>Tecnolog\u00eda patentada de eliminaci\u00f3n de obst\u00e1culos&comma; utilizando 900 MHz.<\/li>\n<li style='margin-bottom: 5px;'>Trabajos dentro de estructuras met\u00e1licas.<\/li>\n<li style='margin-bottom: 5px;'>Dise\u00f1o patentado de antena PBC<\/li>\n<li style='margin-bottom: 5px;'>Certificaci\u00f3n FCC (USA) e IC (Canad\u00e1)<\/li>\n<\/ul><\/div>\n<div style='flex: 1 1 300px; min-width: 280px;'>\n<h3 style='font-size: 22px; border-bottom: 2px solid currentColor; padding-bottom: 5px; margin-top: 0; color: inherit; opacity: 0.8;'>Especificaciones<\/h3>\n<ul style='padding-left: 20px; font-size: 15px; color: inherit;'>\n<li style='margin-bottom: 5px;'><strong>Voltaje de funcionamiento:<\/strong> 20 a 30 VCA<\/li>\n<li style='margin-bottom: 5px;'><strong>Corriente de funcionamiento:<\/strong> 0.02A (inactivo)&comma; 0.26A (transmitiendo)<\/li>\n<li style='margin-bottom: 5px;'><strong>Potencia de transmisi\u00f3n:<\/strong> 1 Watt (30Dbm)<\/li>\n<li style='margin-bottom: 5px;'><strong>Banda de frecuencia:<\/strong> 902 &#8211; 928MHz<\/li>\n<li style='margin-bottom: 5px;'><strong>Canales:<\/strong> 72 (salto de frecuencia)<\/li>\n<li style='margin-bottom: 5px;'><strong>Sensibilidad del receptor:<\/strong> -133Dbm<\/li>\n<li style='margin-bottom: 5px;'><strong>Presupuesto de enlace:<\/strong> 163db<\/li>\n<li style='margin-bottom: 5px;'><strong>Rango:<\/strong> Hasta 1.6 KM a trav\u00e9s de obstrucciones y m\u00e1s de 80 KM con l\u00ednea de vista<\/li>\n<li style='margin-bottom: 5px;'><strong>Encriptaci\u00f3n:<\/strong> AES128<\/li>\n<li style='margin-bottom: 5px;'><strong>Rel\u00e9s de interfaz del equipo:<\/strong> 1A 60 V Pico NO&comma; COM (X8)<\/li>\n<li style='margin-bottom: 5px;'><strong>Temperatura de funcionamiento:<\/strong> -40\u00ba C a +85\u00ba C<\/li>\n<li style='margin-bottom: 5px;'><strong>Temperatura de almacenamiento:<\/strong> -67\u00ba F a +257\u00ba F<\/li>\n<li style='margin-bottom: 5px;'><strong>Opciones de montaje del Equipo:<\/strong> Montaje en riel DIN (Din35) o montaje directo con dos tornillos.<\/li>\n<\/ul><\/div>\n<\/p><\/div>\n<div style='display: flex; flex-wrap: wrap; gap: 20px; margin-top: 40px;'>\n<div style='position: relative; padding-bottom: 56.25%; height: 0; overflow: hidden; flex: 1 1 300px; min-width: 280px;'>   <\/div>\n<div style='position: relative; padding-bottom: 56.25%; height: 0; overflow: hidden; flex: 1 1 300px; min-width: 280px;'>   <\/div>\n<div style='position: relative; padding-bottom: 56.25%; height: 0; overflow: hidden; flex: 1 1 300px; min-width: 280px;'>   <\/div>\n<\/p><\/div>\n<div style='margin-top: 40px;'> <img style='width: 100%; height: auto; border: 1px solid rgba(150&comma;150&comma;150&comma;0.3); border-radius: 8px;' src='https:\/\/ftp3.syscom.mx\/usuarios\/xguereque\/sure-fi\/hvac\/HVAC-1a8.png' alt='Diagrama HVAC'> <\/div>\n<div style='display: flex; flex-wrap: wrap; gap: 30px; margin-top: 40px;'>\n<div style='flex: 1 1 300px; min-width: 280px;'> <img style='width: 100%; height: auto; border: 1px solid rgba(150&comma;150&comma;150&comma;0.3); border-radius: 8px;' src='https:\/\/ftp3.syscom.mx\/usuarios\/xguereque\/sure-fi\/sure-fi_banner.jpg' alt='Banner de marca'> <\/div>\n<div style='flex: 1 1 300px; min-width: 280px;'> <img style='width: 100%; height: auto; border: 1px solid rgba(150&comma;150&comma;150&comma;0.3); border-radius: 8px;' src='https:\/\/ftp3.syscom.mx\/usuarios\/xguereque\/sure-fi\/sure-fi_en.jpg' alt='Banner de marca en ingl\u00e9s'> <\/div>\n<\/p><\/div>\n<\/p><\/div>\n","protected":false},"excerpt":{"rendered":"<p>Transmisor Inal\u00e1mbrico MULTI-PUNTO \/ 8 Salidas \/ Expansi\u00f3n del modelo DS005HVAC \/ Atraviesa hasta1.6 KM En Construcci\u00f3n o Material<\/p>\n","protected":false},"featured_media":33540,"comment_status":"open","ping_status":"closed","template":"","meta":[],"product_brand":[],"product_cat":[731],"product_tag":[26,25,797],"class_list":{"0":"post-33541","1":"product","2":"type-product","3":"status-publish","4":"has-post-thumbnail","6":"product_cat-accesorios-de-instalacion-herramientas-deteccion-de-fuego","7":"product_tag-accesorios-de-instalacion","8":"product_tag-herramientas","9":"product_tag-sure-fi","11":"first","12":"instock","13":"sale","14":"shipping-taxable","15":"purchasable","16":"product-type-simple"},"_links":{"self":[{"href":"https:\/\/soydeaqui.ddns.net\/pachuca\/index.php\/wp-json\/wp\/v2\/product\/33541","targetHints":{"allow":["GET"]}}],"collection":[{"href":"https:\/\/soydeaqui.ddns.net\/pachuca\/index.php\/wp-json\/wp\/v2\/product"}],"about":[{"href":"https:\/\/soydeaqui.ddns.net\/pachuca\/index.php\/wp-json\/wp\/v2\/types\/product"}],"replies":[{"embeddable":true,"href":"https:\/\/soydeaqui.ddns.net\/pachuca\/index.php\/wp-json\/wp\/v2\/comments?post=33541"}],"wp:featuredmedia":[{"embeddable":true,"href":"https:\/\/soydeaqui.ddns.net\/pachuca\/index.php\/wp-json\/wp\/v2\/media\/33540"}],"wp:attachment":[{"href":"https:\/\/soydeaqui.ddns.net\/pachuca\/index.php\/wp-json\/wp\/v2\/media?parent=33541"}],"wp:term":[{"taxonomy":"product_brand","embeddable":true,"href":"https:\/\/soydeaqui.ddns.net\/pachuca\/index.php\/wp-json\/wp\/v2\/product_brand?post=33541"},{"taxonomy":"product_cat","embeddable":true,"href":"https:\/\/soydeaqui.ddns.net\/pachuca\/index.php\/wp-json\/wp\/v2\/product_cat?post=33541"},{"taxonomy":"product_tag","embeddable":true,"href":"https:\/\/soydeaqui.ddns.net\/pachuca\/index.php\/wp-json\/wp\/v2\/product_tag?post=33541"}],"curies":[{"name":"wp","href":"https:\/\/api.w.org\/{rel}","templated":true}]}}