{"id":33536,"date":"2026-03-18T15:01:10","date_gmt":"2026-03-18T15:01:10","guid":{"rendered":"https:\/\/soydeaqui.ddns.net\/pachuca\/index.php\/producto\/detector-de-humo-por-haz-reflejado-convencional-compatible-con-todos-los-paneles-de-deteccion-de-incendio\/"},"modified":"2026-03-18T15:01:11","modified_gmt":"2026-03-18T15:01:11","slug":"detector-de-humo-por-haz-reflejado-convencional-compatible-con-todos-los-paneles-de-deteccion-de-incendio","status":"publish","type":"product","link":"https:\/\/soydeaqui.ddns.net\/pachuca\/index.php\/producto\/detector-de-humo-por-haz-reflejado-convencional-compatible-con-todos-los-paneles-de-deteccion-de-incendio\/","title":{"rendered":"Detector de Humo por Haz Reflejado \/ Convencional \/ Compatible con Todos los Paneles de Detecci\u00f3n de Incendio"},"content":{"rendered":"<div style='width: 100%; max-width: 1200px; margin: 0 auto; font-family: sans-serif; line-height: 1.6; color: inherit;'>\n<div style='display: flex; flex-wrap: wrap; gap: 30px; margin-bottom: 30px;'>\n<div style='flex: 1 1 300px; min-width: 280px;'>\n<h3 style='font-size: 22px; border-bottom: 2px solid currentColor; padding-bottom: 5px; margin-top: 0; color: inherit; opacity: 0.8;'>Descripci\u00f3n<\/h3>\n<p style='font-size: 15px; color: inherit;'>OSI-R-SS es un detector de humo de haz \u00f3ptico lineal de reflector convencional de 6 cables para uso en sistemas de alarma contra incendios. El haz opera principalmente sobre el principio de oscurecimiento de la luz utilizando un haz infrarrojo. Los detectores de humo de haz \u00f3ptico son especialmente adecuados para proteger edificios con grandes \u00e1reas abiertas con techos altos&comma; como un almac\u00e9n o un atrio. El detector OSI-R-SS es una unidad combinada de transmisor \/ receptor que se puede conectar directamente a un circuito detector convencional.<\/p>\n<\/p><\/div>\n<\/p><\/div>\n<div style='display: flex; flex-wrap: wrap; gap: 20px; margin-bottom: 30px;'>\n<div style='flex: 1 1 250px; border: 1px solid rgba(150&comma; 150&comma; 150&comma; 0.4); border-radius: 8px; overflow: hidden; display: flex; flex-direction: column;'>\n<div style='padding: 15px; border-bottom: 1px solid rgba(150&comma; 150&comma; 150&comma; 0.2); font-weight: bold; font-size: 18px; color: inherit;'>Caracter\u00edsticas Principales<\/div>\n<div style='padding: 15px; color: inherit;'>\n<ul style='padding-left: 20px; margin: 0; font-size: 14px; list-style-type: disc;'>\n<li style='margin-bottom: 5px;'>Unidad combinada transmisor \/ receptor<\/li>\n<li style='margin-bottom: 5px;'>Amplio campo de visi\u00f3n de 12\u00b0<\/li>\n<li style='margin-bottom: 5px;'>Alineaci\u00f3n de haz r\u00e1pida&comma; f\u00e1cil e intuitiva indicada por flechas direccionales de LED<\/li>\n<li style='margin-bottom: 5px;'>Cobertura de largo alcance (100 metros de largo por 18 metros de ancho) es est\u00e1ndar<\/li>\n<li style='margin-bottom: 5px;'>Altamente resistente al movimiento de edificios; tolera \u00b11\u00b0 movimiento<\/li>\n<li style='margin-bottom: 5px;'>Resistente a fuentes de luz fuertes; No alarma cuando est\u00e1 saturado por la luz solar<\/li>\n<li style='margin-bottom: 5px;'>Resistente a la intrusi\u00f3n de objetos s\u00f3lidos<\/li>\n<\/ul><\/div>\n<\/p><\/div>\n<div style='flex: 1 1 250px; border: 1px solid rgba(150&comma; 150&comma; 150&comma; 0.4); border-radius: 8px; overflow: hidden; display: flex; flex-direction: column;'>\n<div style='padding: 15px; border-bottom: 1px solid rgba(150&comma; 150&comma; 150&comma; 0.2); font-weight: bold; font-size: 18px; color: inherit;'>Caracter\u00edsticas Adicionales<\/div>\n<div style='padding: 15px; color: inherit;'>\n<ul style='padding-left: 20px; margin: 0; font-size: 14px; list-style-type: disc;'>\n<li style='margin-bottom: 5px;'>Ajuste autom\u00e1tico del nivel de umbral de sensibilidad<\/li>\n<li style='margin-bottom: 5px;'>Ajuste de haz horizontal de 50\u00b0 y vertical de 20\u00b0<\/li>\n<li style='margin-bottom: 5px;'>Estaci\u00f3n de prueba remota capaz de realizar pruebas de humo simuladas electr\u00f3nicamente desde el suelo<\/li>\n<li style='margin-bottom: 5px;'>Indicadores LED de espera&comma; falla y alarma visibles desde la parte frontal e inferior<\/li>\n<li style='margin-bottom: 5px;'>Carcasa \/ tapa para pintar<\/li>\n<li style='margin-bottom: 5px;'>Bloques de terminales extra\u00edbles enchufables<\/li>\n<li style='margin-bottom: 5px;'>Kit de calentador opcional disponible para el reflector<\/li>\n<\/ul><\/div>\n<\/p><\/div>\n<div style='flex: 1 1 250px; border: 1px solid rgba(150&comma; 150&comma; 150&comma; 0.4); border-radius: 8px; overflow: hidden; display: flex; flex-direction: column;'>\n<div style='padding: 15px; border-bottom: 1px solid rgba(150&comma; 150&comma; 150&comma; 0.2); font-weight: bold; font-size: 18px; color: inherit;'>Especificaciones T\u00e9cnicas<\/div>\n<div style='padding: 15px; color: inherit;'>\n<ul style='padding-left: 20px; margin: 0; font-size: 14px; list-style-type: disc;'>\n<li style='margin-bottom: 5px;'>Dimensiones Detector: Altura 152.4 mm &#8211; Ancho 254 mm &#8211; Profundidad 114.3 mm<\/li>\n<li style='margin-bottom: 5px;'>Dimensiones Reflector: Altura 230mm &#8211; Ancho 200 mm<\/li>\n<li style='margin-bottom: 5px;'>Voltaje de operaci\u00f3n: 12\/24 Vcc<\/li>\n<\/ul><\/div>\n<\/p><\/div>\n<\/p><\/div>\n<hr style='border: 0; border-top: 1px solid rgba(150&comma; 150&comma; 150&comma; 0.3); margin: 30px 0;'> <\/div>\n","protected":false},"excerpt":{"rendered":"<p>Detector de Humo por Haz Reflejado \/ Convencional \/ Compatible con Todos los Paneles de Detecci\u00f3n de Incendio<\/p>\n","protected":false},"featured_media":33535,"comment_status":"open","ping_status":"closed","template":"","meta":[],"product_brand":[],"product_cat":[448],"product_tag":[449,468,225],"class_list":{"0":"post-33536","1":"product","2":"type-product","3":"status-publish","4":"has-post-thumbnail","6":"product_cat-todo-accesorios-y-dispositivos-direccionables","7":"product_tag-accesorios-y-dispositivos-direccionables","8":"product_tag-system-sensor","9":"product_tag-todo","11":"first","12":"instock","13":"sale","14":"shipping-taxable","15":"purchasable","16":"product-type-simple"},"_links":{"self":[{"href":"https:\/\/soydeaqui.ddns.net\/pachuca\/index.php\/wp-json\/wp\/v2\/product\/33536","targetHints":{"allow":["GET"]}}],"collection":[{"href":"https:\/\/soydeaqui.ddns.net\/pachuca\/index.php\/wp-json\/wp\/v2\/product"}],"about":[{"href":"https:\/\/soydeaqui.ddns.net\/pachuca\/index.php\/wp-json\/wp\/v2\/types\/product"}],"replies":[{"embeddable":true,"href":"https:\/\/soydeaqui.ddns.net\/pachuca\/index.php\/wp-json\/wp\/v2\/comments?post=33536"}],"wp:featuredmedia":[{"embeddable":true,"href":"https:\/\/soydeaqui.ddns.net\/pachuca\/index.php\/wp-json\/wp\/v2\/media\/33535"}],"wp:attachment":[{"href":"https:\/\/soydeaqui.ddns.net\/pachuca\/index.php\/wp-json\/wp\/v2\/media?parent=33536"}],"wp:term":[{"taxonomy":"product_brand","embeddable":true,"href":"https:\/\/soydeaqui.ddns.net\/pachuca\/index.php\/wp-json\/wp\/v2\/product_brand?post=33536"},{"taxonomy":"product_cat","embeddable":true,"href":"https:\/\/soydeaqui.ddns.net\/pachuca\/index.php\/wp-json\/wp\/v2\/product_cat?post=33536"},{"taxonomy":"product_tag","embeddable":true,"href":"https:\/\/soydeaqui.ddns.net\/pachuca\/index.php\/wp-json\/wp\/v2\/product_tag?post=33536"}],"curies":[{"name":"wp","href":"https:\/\/api.w.org\/{rel}","templated":true}]}}