{"id":33523,"date":"2026-03-18T15:00:52","date_gmt":"2026-03-18T15:00:52","guid":{"rendered":"https:\/\/soydeaqui.ddns.net\/pachuca\/index.php\/producto\/sirena-estrobo-para-exterior-de-dos-hilos-color-rojo-montaje-pared\/"},"modified":"2026-03-18T15:00:58","modified_gmt":"2026-03-18T15:00:58","slug":"sirena-estrobo-para-exterior-de-dos-hilos-color-rojo-montaje-pared","status":"publish","type":"product","link":"https:\/\/soydeaqui.ddns.net\/pachuca\/index.php\/producto\/sirena-estrobo-para-exterior-de-dos-hilos-color-rojo-montaje-pared\/","title":{"rendered":"Sirena Estrobo Para Exterior De Dos Hilos Color Rojo Montaje Pared"},"content":{"rendered":"<div style='width: 100%; max-width: 1200px; margin: 0 auto; font-family: sans-serif; line-height: 1.6; color: inherit; background-color: transparent;'>\n<div style='display: flex; flex-wrap: wrap; gap: 30px; margin-bottom: 30px;'>\n<div style='flex: 1 1 300px; min-width: 280px;'>\n<h3 style='font-size: 22px; border-bottom: 2px solid currentColor; padding-bottom: 5px; margin-top: 0; color: inherit; opacity: 0.8;'>Descripci\u00f3n<\/h3>\n<p style='font-size: 15px; color: inherit; margin: 0 0 15px;'>SpectrAlert Advance ofrece la l\u00ednea m\u00e1s amplia de bocinas para exteriores&comma; luces estrobosc\u00f3picas&comma; y luces estrobosc\u00f3picas con sirena en la industria. Con carcasa de pl\u00e1stico blanco o rojo&comma; opciones de montaje en pared o techo. Dispositivos con o sin impresi\u00f3n FIRE&comma; SpectrAlert Advance puede satisfacer virtualmente cualquier aplicaci\u00f3n&comma; incluidas las aplicaciones interiores&comma; exteriores&comma; h\u00famedas y secas en temperaturas desde -40 \u00b0F hasta 151 \u00b0F.<\/p>\n<\/p><\/div>\n<\/p><\/div>\n<div style='display: flex; flex-wrap: wrap; gap: 30px; margin-bottom: 30px;'>\n<div style='flex: 1 1 300px; min-width: 280px;'>\n<h3 style='font-size: 22px; border-bottom: 2px solid currentColor; padding-bottom: 5px; margin-top: 0; color: inherit; opacity: 0.8;'>Caracter\u00edsticas<\/h3>\n<ul style='padding-left: 20px; font-size: 15px; color: inherit; list-style-type: disc;'>\n<li style='margin-bottom: 5px;'>Resistente a la intemperie seg\u00fan NEMA 4X&comma; IP56<\/li>\n<li style='margin-bottom: 5px;'>Listado seg\u00fan UL 1638 (luz estrobosc\u00f3pica) y UL 464 (bocina)<\/li>\n<li style='margin-bottom: 5px;'>Compatible con el protocolo de sincronizaci\u00f3n del sensor del sistema y productos heredados de SpectrAlert<\/li>\n<li style='margin-bottom: 5px;'>Configuraciones de candela seleccionables en campo: 15&comma; 15\/75&comma; 30&comma; 75&comma; 95&comma; 110&comma; 115&comma; 135&comma; 150&comma; 177 y 185<\/li>\n<li style='margin-bottom: 5px;'>Selecci\u00f3n autom\u00e1tica de funcionamiento de 12 o 24 voltios a 15 y 15\/75 candela<\/li>\n<li style='margin-bottom: 5px;'>Interruptor giratorio para tono de bocina y tres selecciones de volumen<\/li>\n<li style='margin-bottom: 5px;'>Bocina con clasificaci\u00f3n de 88+ dBA a 16 voltios<\/li>\n<li style='margin-bottom: 5px;'>Clasificaci\u00f3n de \u201340 \u00b0F a 151 \u00b0F<\/li>\n<li style='margin-bottom: 5px;'>Placa de montaje universal con un resorte de cortocircuito a bordo que prueba la continuidad del cableado antes de instalar los dispositivos<\/li>\n<li style='margin-bottom: 5px;'>Dise\u00f1o de plug-in con m\u00ednima intrusi\u00f3n en la caja posterior<\/li>\n<li style='margin-bottom: 5px;'>Construcci\u00f3n resistente a la manipulaci\u00f3n<\/li>\n<li style='margin-bottom: 5px;'>Listado para montaje en techo o pared<\/li>\n<\/ul><\/div>\n<\/p><\/div>\n<div style='display: flex; flex-wrap: wrap; gap: 20px; margin-bottom: 30px;'>\n<div style='flex: 1 1 250px; border: 1px solid rgba(150&comma; 150&comma; 150&comma; 0.4); border-radius: 8px; overflow: hidden; display: flex; flex-direction: column;'>\n<div style='padding: 15px; border-bottom: 1px solid rgba(150&comma; 150&comma; 150&comma; 0.2); font-weight: bold; font-size: 18px; color: inherit;'>Especificaciones<\/div>\n<div style='padding: 15px; color: inherit;'>\n<ul style='padding-left: 20px; margin: 0; font-size: 14px; list-style-type: disc;'>\n<li style='margin-bottom: 5px;'><strong>Temperatura de operaci\u00f3n:<\/strong> \u201340\u00b0F a 151\u00b0F (\u201340\u00b0C a 66\u00b0C)<\/li>\n<li style='margin-bottom: 5px;'><strong>Strobe Flash Rate:<\/strong> 1 flash por segundo<\/li>\n<li style='margin-bottom: 5px;'><strong>Voltage Nominal:<\/strong> Regulado 12 V CC\/FWR o regulado 24 V CC\/FWR<\/li>\n<li style='margin-bottom: 5px;'><strong>Rango de voltage de operaci\u00f3n:<\/strong> 8 a 17.5 V (12 V nominal) o 16 a 33 V (24 V nominal)<\/li>\n<li style='margin-bottom: 5px;'><strong>Calibre en terminal cableada:<\/strong> 12 a 18 AWG<\/li>\n<li style='margin-bottom: 5px;'><strong>Dimensiones de montaje en pared (incluyendo lente):<\/strong> 5.6&#8242; L \u00d7 4.7&#8242; W \u00d7 2.5&#8242; D (142 mm L \u00d7 119 mm W \u00d7 64 mm D)<\/li>\n<li style='margin-bottom: 5px;'><strong>Dimensiones del dispositivo:<\/strong> 5.6&#8242; L \u00d7 4.7&#8242; W \u00d7 1.3&#8242; D (142 mm L \u00d7 119 mm W \u00d7 33 mm D)<\/li>\n<li style='margin-bottom: 5px;'><strong>Dimensiones con montaje interperie en pared (SA-WBB):<\/strong> 5.7&#8242; L \u00d7 5.1&#8242; W \u00d7 2.0&#8242; D (145 mm L \u00d7 130 mm W \u00d7 51 mm D)<\/li>\n<\/ul><\/div>\n<\/p><\/div>\n<\/p><\/div>\n<hr style='border: 0; border-top: 1px solid rgba(150&comma; 150&comma; 150&comma; 0.3); margin: 30px 0;'> <\/div>\n","protected":false},"excerpt":{"rendered":"<p>Sirena Estrobo Para Exterior De Dos Hilos Color Rojo Montaje Pared<\/p>\n","protected":false},"featured_media":33522,"comment_status":"open","ping_status":"closed","template":"","meta":[],"product_brand":[],"product_cat":[995],"product_tag":[997,996,468],"class_list":{"0":"post-33523","1":"product","2":"type-product","3":"status-publish","4":"has-post-thumbnail","6":"product_cat-estrobos-sirenas-bocinas-campanas","7":"product_tag-estrobos-sirenas-bocinas-campanas","8":"product_tag-notificacion-y-voceo","9":"product_tag-system-sensor","11":"first","12":"outofstock","13":"sale","14":"shipping-taxable","15":"purchasable","16":"product-type-simple"},"_links":{"self":[{"href":"https:\/\/soydeaqui.ddns.net\/pachuca\/index.php\/wp-json\/wp\/v2\/product\/33523","targetHints":{"allow":["GET"]}}],"collection":[{"href":"https:\/\/soydeaqui.ddns.net\/pachuca\/index.php\/wp-json\/wp\/v2\/product"}],"about":[{"href":"https:\/\/soydeaqui.ddns.net\/pachuca\/index.php\/wp-json\/wp\/v2\/types\/product"}],"replies":[{"embeddable":true,"href":"https:\/\/soydeaqui.ddns.net\/pachuca\/index.php\/wp-json\/wp\/v2\/comments?post=33523"}],"wp:featuredmedia":[{"embeddable":true,"href":"https:\/\/soydeaqui.ddns.net\/pachuca\/index.php\/wp-json\/wp\/v2\/media\/33522"}],"wp:attachment":[{"href":"https:\/\/soydeaqui.ddns.net\/pachuca\/index.php\/wp-json\/wp\/v2\/media?parent=33523"}],"wp:term":[{"taxonomy":"product_brand","embeddable":true,"href":"https:\/\/soydeaqui.ddns.net\/pachuca\/index.php\/wp-json\/wp\/v2\/product_brand?post=33523"},{"taxonomy":"product_cat","embeddable":true,"href":"https:\/\/soydeaqui.ddns.net\/pachuca\/index.php\/wp-json\/wp\/v2\/product_cat?post=33523"},{"taxonomy":"product_tag","embeddable":true,"href":"https:\/\/soydeaqui.ddns.net\/pachuca\/index.php\/wp-json\/wp\/v2\/product_tag?post=33523"}],"curies":[{"name":"wp","href":"https:\/\/api.w.org\/{rel}","templated":true}]}}