{"id":33521,"date":"2026-03-18T15:00:50","date_gmt":"2026-03-18T15:00:50","guid":{"rendered":"https:\/\/soydeaqui.ddns.net\/pachuca\/index.php\/producto\/interruptor-de-supervision-por-presion-de-10-a-100-psi-a-prueba-de-explosion\/"},"modified":"2026-03-18T15:00:50","modified_gmt":"2026-03-18T15:00:50","slug":"interruptor-de-supervision-por-presion-de-10-a-100-psi-a-prueba-de-explosion","status":"publish","type":"product","link":"https:\/\/soydeaqui.ddns.net\/pachuca\/index.php\/producto\/interruptor-de-supervision-por-presion-de-10-a-100-psi-a-prueba-de-explosion\/","title":{"rendered":"Interruptor de Supervisi\u00f3n por Presi\u00f3n de 10 a 100 PSI, a Prueba de Explosi\u00f3n"},"content":{"rendered":"<div style='width: 100%; max-width: 1200px; margin: 0 auto; font-family: sans-serif; line-height: 1.6; color: inherit; background-color: transparent;'>\n<div style='display: flex; flex-wrap: wrap; gap: 30px; margin-bottom: 30px;'>\n<div style='flex: 1 1 300px; min-width: 280px;'>\n<h3 style='font-size: 22px; border-bottom: 2px solid currentColor; padding-bottom: 5px; margin-top: 0; color: inherit; opacity: 0.8;'>Caracter\u00edsticas Principales<\/h3>\n<ul style='padding-left: 20px; font-size: 15px; color: inherit;'>\n<li style='margin-bottom: 5px;'>Dise\u00f1ado y aprobado para operar en lugares peligrosos<\/li>\n<li style='margin-bottom: 5px;'>Carcasa resistente de aluminio fundido con clasificaci\u00f3n NEMA 4<\/li>\n<li style='margin-bottom: 5px;'>Sensibilidad a la presi\u00f3n ajustable en el campo<\/li>\n<li style='margin-bottom: 5px;'>Conexi\u00f3n de lat\u00f3n macho \u00bd\u201d NPT<\/li>\n<li style='margin-bottom: 5px;'>Circuito de activaci\u00f3n sincronizada<\/li>\n<li style='margin-bottom: 5px;'>Dos entradas de conducto<\/li>\n<li style='margin-bottom: 5px;'>Tornillo resistente a la manipulaci\u00f3n<\/li>\n<li style='margin-bottom: 5px;'>Interruptores sincronizados SPDT (Forma C) encerrados en un bloque de terminales duradero<\/li>\n<\/ul><\/div>\n<div style='flex: 1 1 300px; min-width: 280px;'>\n<h3 style='font-size: 22px; border-bottom: 2px solid currentColor; padding-bottom: 5px; margin-top: 0; color: inherit; opacity: 0.8;'>Especificaciones T\u00e9cnicas<\/h3>\n<ul style='padding-left: 20px; font-size: 15px; color: inherit;'>\n<li style='margin-bottom: 5px;'><strong>Rango de Presi\u00f3n:<\/strong> 10 a 100 psi<\/li>\n<li style='margin-bottom: 5px;'><strong>Presi\u00f3n de Activaci\u00f3n:<\/strong> 50 psi (aumento) y 30 psi (disminuci\u00f3n)<\/li>\n<li style='margin-bottom: 5px;'><strong>Diferencial:<\/strong> Aprox. 3 psi @ 10 psi&comma; 6 psi @ 100 psi<\/li>\n<li style='margin-bottom: 5px;'><strong>Presi\u00f3n M\u00e1xima del Sistema:<\/strong> 250 psi<\/li>\n<li style='margin-bottom: 5px;'><strong>Conexi\u00f3n de Presi\u00f3n:<\/strong> Lat\u00f3n macho \u00bd\u201d NPT<\/li>\n<li style='margin-bottom: 5px;'><strong>Clasificaci\u00f3n de Contactos:<\/strong> Dos juegos SPDT (Forma C)<\/li>\n<li style='margin-bottom: 5px;'><strong>Calificaci\u00f3n de Contactos:<\/strong> 10.0 A&comma; 1\/2 hp @ 125\/250 VAC; 2.5 A @ 6\/12\/24 VDC<\/li>\n<li style='margin-bottom: 5px;'><strong>Temperatura de Operaci\u00f3n:<\/strong> -40\u00b0F a 160\u00b0F (-40\u00b0C a 71\u00b0C)<\/li>\n<li style='margin-bottom: 5px;'><strong>Peso:<\/strong> 6.2 lbs<\/li>\n<\/ul><\/div>\n<\/p><\/div>\n<div style='display: flex; flex-wrap: wrap; gap: 20px; margin-bottom: 30px;'>\n<div style='flex: 1 1 250px; border: 1px solid rgba(150&comma; 150&comma; 150&comma; 0.4); border-radius: 8px; overflow: hidden; display: flex; flex-direction: column;'>\n<div style='padding: 15px; border-bottom: 1px solid rgba(150&comma; 150&comma; 150&comma; 0.2); font-weight: bold; font-size: 18px; color: inherit;'>Clasificaciones<\/div>\n<div style='padding: 15px; color: inherit;'>\n<ul style='padding-left: 20px; margin: 0; font-size: 14px; list-style-type: disc;'>\n<li style='margin-bottom: 5px;'>Clase I&comma; Divisi\u00f3n 1&comma; Grupos B&comma; C&comma; D<\/li>\n<li style='margin-bottom: 5px;'>Clase II&comma; Divisi\u00f3n 1&comma; Grupos E&comma; F&comma; G<\/li>\n<li style='margin-bottom: 5px;'>Clase III&comma; Divisi\u00f3n 1<\/li>\n<\/ul><\/div>\n<\/p><\/div>\n<div style='flex: 1 1 250px; border: 1px solid rgba(150&comma; 150&comma; 150&comma; 0.4); border-radius: 8px; overflow: hidden; display: flex; flex-direction: column;'>\n<div style='padding: 15px; border-bottom: 1px solid rgba(150&comma; 150&comma; 150&comma; 0.2); font-weight: bold; font-size: 18px; color: inherit;'>Construcci\u00f3n<\/div>\n<div style='padding: 15px; color: inherit;'>\n<ul style='padding-left: 20px; margin: 0; font-size: 14px; list-style-type: disc;'>\n<li style='margin-bottom: 5px;'>Carcasa de aluminio fundido NEMA 4<\/li>\n<li style='margin-bottom: 5px;'>Dise\u00f1ado para uso interior y exterior<\/li>\n<li style='margin-bottom: 5px;'>Tornillo resistente a la manipulaci\u00f3n<\/li>\n<\/ul><\/div>\n<\/p><\/div>\n<div style='flex: 1 1 250px; border: 1px solid rgba(150&comma; 150&comma; 150&comma; 0.4); border-radius: 8px; overflow: hidden; display: flex; flex-direction: column;'>\n<div style='padding: 15px; border-bottom: 1px solid rgba(150&comma; 150&comma; 150&comma; 0.2); font-weight: bold; font-size: 18px; color: inherit;'>Dimensiones<\/div>\n<div style='padding: 15px; color: inherit;'>\n<ul style='padding-left: 20px; margin: 0; font-size: 14px; list-style-type: disc;'>\n<li style='margin-bottom: 5px;'>Ancho: 4.9 pulgadas<\/li>\n<li style='margin-bottom: 5px;'>Altura: 9.5 pulgadas<\/li>\n<\/ul><\/div>\n<\/p><\/div>\n<\/p><\/div>\n<div style='display: flex; flex-wrap: wrap; gap: 20px; margin-bottom: 30px;'>\n<div style='flex: 1 1 250px; border: 1px solid rgba(150&comma; 150&comma; 150&comma; 0.4); border-radius: 8px; overflow: hidden; display: flex; flex-direction: column;'>\n<div style='padding: 15px; border-bottom: 1px solid rgba(150&comma; 150&comma; 150&comma; 0.2); font-weight: bold; font-size: 18px; color: inherit;'>Aplicaciones<\/div>\n<div style='padding: 15px; color: inherit;'>\n<ul style='padding-left: 20px; margin: 0; font-size: 14px; list-style-type: disc;'>\n<li style='margin-bottom: 5px;'>Sistemas de rociadores autom\u00e1ticos (NFPA-13)<\/li>\n<li style='margin-bottom: 5px;'>C\u00f3digo Nacional de Alarmas de Incendio (NFPA-72)<\/li>\n<\/ul><\/div>\n<\/p><\/div>\n<div style='flex: 1 1 250px; border: 1px solid rgba(150&comma; 150&comma; 150&comma; 0.4); border-radius: 8px; overflow: hidden; display: flex; flex-direction: column;'>\n<div style='padding: 15px; border-bottom: 1px solid rgba(150&comma; 150&comma; 150&comma; 0.2); font-weight: bold; font-size: 18px; color: inherit;'>Listas de Agencias<\/div>\n<div style='padding: 15px; color: inherit;'>\n<ul style='padding-left: 20px; margin: 0; font-size: 14px; list-style-type: disc;'>\n<li style='margin-bottom: 5px;'>Listado por Underwriters Laboratories<\/li>\n<\/ul><\/div>\n<\/p><\/div>\n<div style='flex: 1 1 250px; border: 1px solid rgba(150&comma; 150&comma; 150&comma; 0.4); border-radius: 8px; overflow: hidden; display: flex; flex-direction: column;'>\n<div style='padding: 15px; border-bottom: 1px solid rgba(150&comma; 150&comma; 150&comma; 0.2); font-weight: bold; font-size: 18px; color: inherit;'>Garant\u00eda<\/div>\n<div style='padding: 15px; color: inherit;'>\n<ul style='padding-left: 20px; margin: 0; font-size: 14px; list-style-type: disc;'>\n<li style='margin-bottom: 5px;'>3 a\u00f1os<\/li>\n<\/ul><\/div>\n<\/p><\/div>\n<\/p><\/div>\n<hr style='border: 0; border-top: 1px solid rgba(150&comma; 150&comma; 150&comma; 0.3); margin: 30px 0;'>\n<div style='display: flex; flex-wrap: wrap; gap: 30px; margin-bottom: 30px;'>\n<div style='flex: 1 1 300px; min-width: 280px;'>\n<h3 style='font-size: 22px; border-bottom: 2px solid currentColor; padding-bottom: 5px; margin-top: 0; color: inherit; opacity: 0.8;'>Accesorios<\/h3>\n<ul style='padding-left: 20px; font-size: 15px; color: inherit;'>\n<li style='margin-bottom: 5px;'><strong>EPSRK:<\/strong> Kit de Hardware de Repuesto (contiene tornillos resistentes a la manipulaci\u00f3n&comma; llaves y tap\u00f3n de conducto)<\/li>\n<li style='margin-bottom: 5px;'><strong>G07-0151-000:<\/strong> O-ring para cubierta<\/li>\n<\/ul><\/div>\n<\/p><\/div>\n<\/p><\/div>\n","protected":false},"excerpt":{"rendered":"<p>Interruptor de Supervisi\u00f3n por Presi\u00f3n de 10 a 100 PSI, a Prueba de Explosi\u00f3n<\/p>\n","protected":false},"featured_media":33520,"comment_status":"open","ping_status":"closed","template":"","meta":[],"product_brand":[],"product_cat":[998],"product_tag":[999,522,1000],"class_list":{"0":"post-33521","1":"product","2":"type-product","3":"status-publish","4":"has-post-thumbnail","6":"product_cat-detectores-de-flujo-y-presion","7":"product_tag-detectores-de-flujo-y-presion","8":"product_tag-dispositivos-convencionales","9":"product_tag-safe-signal","11":"first","12":"outofstock","13":"sale","14":"shipping-taxable","15":"purchasable","16":"product-type-simple"},"_links":{"self":[{"href":"https:\/\/soydeaqui.ddns.net\/pachuca\/index.php\/wp-json\/wp\/v2\/product\/33521","targetHints":{"allow":["GET"]}}],"collection":[{"href":"https:\/\/soydeaqui.ddns.net\/pachuca\/index.php\/wp-json\/wp\/v2\/product"}],"about":[{"href":"https:\/\/soydeaqui.ddns.net\/pachuca\/index.php\/wp-json\/wp\/v2\/types\/product"}],"replies":[{"embeddable":true,"href":"https:\/\/soydeaqui.ddns.net\/pachuca\/index.php\/wp-json\/wp\/v2\/comments?post=33521"}],"wp:featuredmedia":[{"embeddable":true,"href":"https:\/\/soydeaqui.ddns.net\/pachuca\/index.php\/wp-json\/wp\/v2\/media\/33520"}],"wp:attachment":[{"href":"https:\/\/soydeaqui.ddns.net\/pachuca\/index.php\/wp-json\/wp\/v2\/media?parent=33521"}],"wp:term":[{"taxonomy":"product_brand","embeddable":true,"href":"https:\/\/soydeaqui.ddns.net\/pachuca\/index.php\/wp-json\/wp\/v2\/product_brand?post=33521"},{"taxonomy":"product_cat","embeddable":true,"href":"https:\/\/soydeaqui.ddns.net\/pachuca\/index.php\/wp-json\/wp\/v2\/product_cat?post=33521"},{"taxonomy":"product_tag","embeddable":true,"href":"https:\/\/soydeaqui.ddns.net\/pachuca\/index.php\/wp-json\/wp\/v2\/product_tag?post=33521"}],"curies":[{"name":"wp","href":"https:\/\/api.w.org\/{rel}","templated":true}]}}