{"id":33505,"date":"2026-03-18T15:00:31","date_gmt":"2026-03-18T15:00:31","guid":{"rendered":"https:\/\/soydeaqui.ddns.net\/pachuca\/index.php\/producto\/detector-termovelocimetrico-y-temperatura-fija-90c\/"},"modified":"2026-03-18T15:00:31","modified_gmt":"2026-03-18T15:00:31","slug":"detector-termovelocimetrico-y-temperatura-fija-90c","status":"publish","type":"product","link":"https:\/\/soydeaqui.ddns.net\/pachuca\/index.php\/producto\/detector-termovelocimetrico-y-temperatura-fija-90c\/","title":{"rendered":"Detector Termovelocim\u00e9trico y Temperatura Fija (90\u00b0C)"},"content":{"rendered":"<div style='width: 100%; max-width: 1200px; margin: 0 auto; font-family: sans-serif; line-height: 1.6; color: inherit; background-color: transparent;'> <!-- Secci\u00f3n de caracter\u00edsticas principales --> <\/p>\n<div style='display: flex; flex-wrap: wrap; gap: 30px; margin-bottom: 30px;'>\n<div style='flex: 1 1 300px; min-width: 280px;'>\n<h3 style='font-size: 22px; border-bottom: 2px solid currentColor; padding-bottom: 5px; margin-top: 0; color: inherit; opacity: 0.8;'>Caracter\u00edsticas Principales<\/h3>\n<ul style='padding-left: 20px; font-size: 15px; color: inherit;'>\n<li style='margin-bottom: 5px;'>Modelos de circuito simple o dual disponibles<\/li>\n<li style='margin-bottom: 5px;'>Clasificaciones de temperatura fija de 57\u00b0C o 90\u00b0C<\/li>\n<li style='margin-bottom: 5px;'>Tornillos terminales f\u00e1ciles de usar<\/li>\n<li style='margin-bottom: 5px;'>Montaje en bastidor octogonal de 8&comma;89 cm<\/li>\n<li style='margin-bottom: 5px;'>Soporte de montaje reversible incluido<\/li>\n<\/ul><\/div>\n<\/p><\/div>\n<p> <!-- Secci\u00f3n de especificaciones t\u00e9cnicas --> <\/p>\n<div style='display: flex; flex-wrap: wrap; gap: 20px; margin-bottom: 30px;'>\n<div style='flex: 1 1 250px; border: 1px solid rgba(150&comma; 150&comma; 150&comma; 0.4); border-radius: 8px; overflow: hidden; display: flex; flex-direction: column;'>\n<div style='padding: 15px; border-bottom: 1px solid rgba(150&comma; 150&comma; 150&comma; 0.2); font-weight: bold; font-size: 18px; color: inherit;'>Especificaciones El\u00e9ctricas<\/div>\n<div style='padding: 15px; color: inherit;'>\n<ul style='padding-left: 20px; margin: 0; font-size: 14px; list-style-type: disc;'>\n<li style='margin-bottom: 5px;'><strong>Voltaje operativo:<\/strong> 6-125 VCA \/ 3A<\/li>\n<li style='margin-bottom: 5px;'><strong>Voltaje operativo:<\/strong> 6-28 VCC \/ 1A<\/li>\n<li style='margin-bottom: 5px;'><strong>Voltaje operativo:<\/strong> 125 VCC \/ 0&comma;3A<\/li>\n<li style='margin-bottom: 5px;'><strong>Voltaje operativo:<\/strong> 250 VCC \/ 0&comma;1A<\/li>\n<li style='margin-bottom: 5px;'><strong>Terminales:<\/strong> 14-22 AWG<\/li>\n<\/ul><\/div>\n<\/p><\/div>\n<div style='flex: 1 1 250px; border: 1px solid rgba(150&comma; 150&comma; 150&comma; 0.4); border-radius: 8px; overflow: hidden; display: flex; flex-direction: column;'>\n<div style='padding: 15px; border-bottom: 1px solid rgba(150&comma; 150&comma; 150&comma; 0.2); font-weight: bold; font-size: 18px; color: inherit;'>Especificaciones T\u00e9rmicas<\/div>\n<div style='padding: 15px; color: inherit;'>\n<ul style='padding-left: 20px; margin: 0; font-size: 14px; list-style-type: disc;'>\n<li style='margin-bottom: 5px;'><strong>Temperatura m\u00e1xima de instalaci\u00f3n:<\/strong> 150\u00b0F (65&comma;6\u00b0C)<\/li>\n<li style='margin-bottom: 5px;'><strong>Temperatura en alarma:<\/strong> 194\u00b0F (90\u00b0C)<\/li>\n<li style='margin-bottom: 5px;'><strong>Umbral de tasa de aumento:<\/strong> 15\u00b0F (8&comma;3\u00b0C)\/min<\/li>\n<li style='margin-bottom: 5px;'><strong>Rango de humedad operativa:<\/strong> 5-95% RH sin condensaci\u00f3n<\/li>\n<\/ul><\/div>\n<\/p><\/div>\n<div style='flex: 1 1 250px; border: 1px solid rgba(150&comma; 150&comma; 150&comma; 0.4); border-radius: 8px; overflow: hidden; display: flex; flex-direction: column;'>\n<div style='padding: 15px; border-bottom: 1px solid rgba(150&comma; 150&comma; 150&comma; 0.2); font-weight: bold; font-size: 18px; color: inherit;'>Caracter\u00edsticas F\u00edsicas<\/div>\n<div style='padding: 15px; color: inherit;'>\n<ul style='padding-left: 20px; margin: 0; font-size: 14px; list-style-type: disc;'>\n<li style='margin-bottom: 5px;'><strong>Montaje:<\/strong> Octagonal de 3\u00bd&#8217;&comma; Octagonal 4&#8217;&comma; Salida \u00fanica<\/li>\n<li style='margin-bottom: 5px;'><strong>Dimensiones:<\/strong> Di\u00e1metro 4&comma;57&#8242; (11&comma;6cm)&comma; Altura 1&comma;69&#8242; (4&comma;3cm)<\/li>\n<li style='margin-bottom: 5px;'><strong>Peso:<\/strong> 6 onzas (170g)<\/li>\n<li style='margin-bottom: 5px;'><strong>Clasificaci\u00f3n de temperatura:<\/strong> 194\u00b0F (90\u00b0C)<\/li>\n<\/ul><\/div>\n<\/p><\/div>\n<\/p><\/div>\n<p> <!-- Secci\u00f3n de informaci\u00f3n operativa --> <\/p>\n<div style='display: flex; flex-wrap: wrap; gap: 20px; margin-bottom: 30px;'>\n<div style='flex: 1 1 250px; border: 1px solid rgba(150&comma; 150&comma; 150&comma; 0.4); border-radius: 8px; overflow: hidden; display: flex; flex-direction: column;'>\n<div style='padding: 15px; border-bottom: 1px solid rgba(150&comma; 150&comma; 150&comma; 0.2); font-weight: bold; font-size: 18px; color: inherit;'>Operaci\u00f3n<\/div>\n<div style='padding: 15px; color: inherit;'>\n<p style='margin-bottom: 10px;'>Sensor de temperatura fija combinado con sensor de tasa de aumento<\/p>\n<ul style='padding-left: 20px; margin: 0; font-size: 14px; list-style-type: disc;'>\n<li style='margin-bottom: 5px;'>Sensor de temperatura fija: Acciona por temperatura espec\u00edfica (194\u00b0F\/90\u00b0C)<\/li>\n<li style='margin-bottom: 5px;'>Sensor de tasa de aumento: Responde a incremento r\u00e1pido de temperatura (15\u00b0F\/8&comma;3\u00b0C por minuto)<\/li>\n<li style='margin-bottom: 5px;'>Sensor ROR (Rate of Rise) se puede restablecer autom\u00e1ticamente<\/li>\n<li style='margin-bottom: 5px;'>Sensor de temperatura fija no se puede restablecer ni probar<\/li>\n<\/ul><\/div>\n<\/p><\/div>\n<div style='flex: 1 1 250px; border: 1px solid rgba(150&comma; 150&comma; 150&comma; 0.4); border-radius: 8px; overflow: hidden; display: flex; flex-direction: column;'>\n<div style='padding: 15px; border-bottom: 1px solid rgba(150&comma; 150&comma; 150&comma; 0.2); font-weight: bold; font-size: 18px; color: inherit;'>Montaje<\/div>\n<div style='padding: 15px; color: inherit;'>\n<ul style='padding-left: 20px; margin: 0; font-size: 14px; list-style-type: disc;'>\n<li style='margin-bottom: 5px;'>Soporte de montaje reversible para instalaci\u00f3n empotrada o en superficie<\/li>\n<li style='margin-bottom: 5px;'>Compatibilidad con cajas octogonales de 3\u00bd&#8217; y 4&#8242;<\/li>\n<li style='margin-bottom: 5px;'>Compatibilidad con caja cuadrada de 4&#8242; con anillo adaptador<\/li>\n<\/ul><\/div>\n<\/p><\/div>\n<div style='flex: 1 1 250px; border: 1px solid rgba(150&comma; 150&comma; 150&comma; 0.4); border-radius: 8px; overflow: hidden; display: flex; flex-direction: column;'>\n<div style='padding: 15px; border-bottom: 1px solid rgba(150&comma; 150&comma; 150&comma; 0.2); font-weight: bold; font-size: 18px; color: inherit;'>Aplicaciones<\/div>\n<div style='padding: 15px; color: inherit;'>\n<ul style='padding-left: 20px; margin: 0; font-size: 14px; list-style-type: disc;'>\n<li style='margin-bottom: 5px;'>Detecci\u00f3n de calor en aplicaciones de protecci\u00f3n de propiedad<\/li>\n<li style='margin-bottom: 5px;'>Instalaciones de seguridad donde la detecci\u00f3n de humo es poco pr\u00e1ctica<\/li>\n<li style='margin-bottom: 5px;'>No recomendado para protecci\u00f3n de vida<\/li>\n<\/ul><\/div>\n<\/p><\/div>\n<\/p><\/div>\n<p> <!-- Secci\u00f3n de tabla de compatibilidad --> <\/p>\n<div style='display: flex; flex-wrap: wrap; gap: 30px; margin-bottom: 30px;'>\n<div style='flex: 1 1 300px; min-width: 280px;'>\n<h3 style='font-size: 22px; border-bottom: 1px solid currentColor; padding-bottom: 5px; margin-top: 0; color: inherit; opacity: 0.8;'>Compatibilidad<\/h3>\n<ul style='padding-left: 20px; font-size: 15px; color: inherit;'>\n<li style='margin-bottom: 5px;'><strong>Modelo:<\/strong> SS5602<\/li>\n<li style='margin-bottom: 5px;'><strong>Tipo:<\/strong> Circuito \u00fanico<\/li>\n<li style='margin-bottom: 5px;'><strong>Combinaci\u00f3n:<\/strong> Temperatura fija y tasa de aumento<\/li>\n<li style='margin-bottom: 5px;'><strong>Clasificaci\u00f3n:<\/strong> 194\u00b0F (90\u00b0C)<\/li>\n<li style='margin-bottom: 5px;'><strong>Distancia m\u00e1xima de separaci\u00f3n:<\/strong> 50 pies x 50 pies (15&comma;2m x 15&comma;2m)<\/li>\n<\/ul><\/div>\n<\/p><\/div>\n<p> <!-- Secci\u00f3n de precauciones --> <\/p>\n<div style='display: flex; flex-wrap: wrap; gap: 30px; margin-bottom: 30px;'>\n<div style='flex: 1 1 300px; min-width: 280px;'>\n<h3 style='font-size: 22px; border-bottom: 1px solid currentColor; padding-bottom: 5px; margin-top: 0; color: inherit; opacity: 0.8;'>Precauciones<\/h3>\n<ul style='padding-left: 20px; font-size: 15px; color: inherit;'>\n<li style='margin-bottom: 5px;'>No exponer a temperaturas de almacenamiento superiores a 122\u00b0F (50\u00b0C)<\/li>\n<li style='margin-bottom: 5px;'>No probar el elemento ROR con fuentes de calor que excedan la temperatura de activaci\u00f3n<\/li>\n<li style='margin-bottom: 5px;'>Desactivar la zona durante mantenimiento<\/li>\n<li style='margin-bottom: 5px;'>No mezclar 2WTA-B con otros detectores en el mismo circuito<\/li>\n<\/ul><\/div>\n<\/p><\/div>\n<p> <!-- Separador --> <\/p>\n<hr style='border: 0; border-top: 1px solid rgba(150&comma; 150&comma; 150&comma; 0.3); margin: 30px 0;'> <!-- Secci\u00f3n de garant\u00eda --> <\/p>\n<div style='display: flex; flex-wrap: wrap; gap: 30px; margin-bottom: 30px;'>\n<div style='flex: 1 1 300px; min-width: 280px;'>\n<h3 style='font-size: 22px; border-bottom: 1px solid currentColor; padding-bottom: 5px; margin-top: 0; color: inherit; opacity: 0.8;'>Garant\u00eda<\/h3>\n<p style='font-size: 15px; color: inherit; margin-bottom: 10px;'>System Sensor ofrece una garant\u00eda limitada de tres a\u00f1os contra defectos de fabricaci\u00f3n o materiales bajo condiciones normales de uso y mantenimiento.<\/p>\n<p style='font-size: 15px; color: inherit; margin-bottom: 10px;'>No cubre da\u00f1os por uso indebido&comma; modificaciones&comma; o da\u00f1os por interferencia electromagn\u00e9tica.<\/p>\n<\/p><\/div>\n<\/p><\/div>\n<p> <!-- Secci\u00f3n de normativas --> <\/p>\n<div style='display: flex; flex-wrap: wrap; gap: 30px; margin-bottom: 30px;'>\n<div style='flex: 1 1 300px; min-width: 280px;'>\n<h3 style='font-size: 22px; border-bottom: 1px solid currentColor; padding-bottom: 5px; margin-top: 0; color: inherit; opacity: 0.8;'>Normativas<\/h3>\n<ul style='padding-left: 20px; font-size: 15px; color: inherit;'>\n<li style='margin-bottom: 5px;'>Cumple con NFPA 72<\/li>\n<li style='margin-bottom: 5px;'>Cumple con UL 539<\/li>\n<li style='margin-bottom: 5px;'>Cumple con FM 3210<\/li>\n<li style='margin-bottom: 5px;'>Cumple con FCC Parte 15<\/li>\n<\/ul><\/div>\n<\/p><\/div>\n<\/p><\/div>\n","protected":false},"excerpt":{"rendered":"<p>Detector Termovelocim\u00e9trico y Temperatura Fija (90\u00b0C)<\/p>\n","protected":false},"featured_media":33504,"comment_status":"open","ping_status":"closed","template":"","meta":[],"product_brand":[],"product_cat":[448],"product_tag":[449,468,225],"class_list":{"0":"post-33505","1":"product","2":"type-product","3":"status-publish","4":"has-post-thumbnail","6":"product_cat-todo-accesorios-y-dispositivos-direccionables","7":"product_tag-accesorios-y-dispositivos-direccionables","8":"product_tag-system-sensor","9":"product_tag-todo","11":"first","12":"instock","13":"sale","14":"shipping-taxable","15":"purchasable","16":"product-type-simple"},"_links":{"self":[{"href":"https:\/\/soydeaqui.ddns.net\/pachuca\/index.php\/wp-json\/wp\/v2\/product\/33505","targetHints":{"allow":["GET"]}}],"collection":[{"href":"https:\/\/soydeaqui.ddns.net\/pachuca\/index.php\/wp-json\/wp\/v2\/product"}],"about":[{"href":"https:\/\/soydeaqui.ddns.net\/pachuca\/index.php\/wp-json\/wp\/v2\/types\/product"}],"replies":[{"embeddable":true,"href":"https:\/\/soydeaqui.ddns.net\/pachuca\/index.php\/wp-json\/wp\/v2\/comments?post=33505"}],"wp:featuredmedia":[{"embeddable":true,"href":"https:\/\/soydeaqui.ddns.net\/pachuca\/index.php\/wp-json\/wp\/v2\/media\/33504"}],"wp:attachment":[{"href":"https:\/\/soydeaqui.ddns.net\/pachuca\/index.php\/wp-json\/wp\/v2\/media?parent=33505"}],"wp:term":[{"taxonomy":"product_brand","embeddable":true,"href":"https:\/\/soydeaqui.ddns.net\/pachuca\/index.php\/wp-json\/wp\/v2\/product_brand?post=33505"},{"taxonomy":"product_cat","embeddable":true,"href":"https:\/\/soydeaqui.ddns.net\/pachuca\/index.php\/wp-json\/wp\/v2\/product_cat?post=33505"},{"taxonomy":"product_tag","embeddable":true,"href":"https:\/\/soydeaqui.ddns.net\/pachuca\/index.php\/wp-json\/wp\/v2\/product_tag?post=33505"}],"curies":[{"name":"wp","href":"https:\/\/api.w.org\/{rel}","templated":true}]}}