{"id":33476,"date":"2026-03-18T14:59:56","date_gmt":"2026-03-18T14:59:56","guid":{"rendered":"https:\/\/soydeaqui.ddns.net\/pachuca\/index.php\/producto\/probador-cableado-de-detectores-de-calor-de-temperatura-fija-tasa-de-crecimiento-y-hasta-90oc-para-110-120-vca\/"},"modified":"2026-03-18T14:59:59","modified_gmt":"2026-03-18T14:59:59","slug":"probador-cableado-de-detectores-de-calor-de-temperatura-fija-tasa-de-crecimiento-y-hasta-90oc-para-110-120-vca","status":"publish","type":"product","link":"https:\/\/soydeaqui.ddns.net\/pachuca\/index.php\/producto\/probador-cableado-de-detectores-de-calor-de-temperatura-fija-tasa-de-crecimiento-y-hasta-90oc-para-110-120-vca\/","title":{"rendered":"Probador cableado de detectores de calor de temperatura fija, tasa de crecimiento y hasta 90\u00baC, para 110\/120 Vca"},"content":{"rendered":"<div style='width: 100%; max-width: 1200px; margin: 0 auto; font-family: sans-serif; line-height: 1.6; color: inherit; background-color: transparent;'> <!-- Secci\u00f3n de caracter\u00edsticas principales --> <\/p>\n<div style='display: flex; flex-wrap: wrap; gap: 30px; margin-bottom: 30px;'>\n<div style='flex: 1 1 300px; min-width: 280px;'>\n<h3 style='font-size: 22px; border-bottom: 2px solid currentColor; padding-bottom: 5px; margin-top: 0; color: inherit; opacity: 0.8;'>Caracter\u00edsticas principales<\/h3>\n<ul style='padding-left: 20px; font-size: 15px; color: inherit;'>\n<li style='margin-bottom: 5px;'>Ideal para detectores de temperatura fija&comma; termovelosim\u00e9tricos y combinados<\/li>\n<li style='margin-bottom: 5px;'>Temperatura m\u00e1xima de prueba: 90 \u00b0C<\/li>\n<li style='margin-bottom: 5px;'>Dise\u00f1o universal para amplio rango de detectores<\/li>\n<li style='margin-bottom: 5px;'>Ligero y f\u00e1cil de usar<\/li>\n<li style='margin-bottom: 5px;'>Cable de prueba de 5 metros<\/li>\n<li style='margin-bottom: 5px;'>Voltaje de operaci\u00f3n: 110 Vca<\/li>\n<li style='margin-bottom: 5px;'>Activaci\u00f3n r\u00e1pida<\/li>\n<\/ul><\/div>\n<\/p><\/div>\n<p> <!-- Secci\u00f3n de especificaciones --> <\/p>\n<div style='display: flex; flex-wrap: wrap; gap: 20px; margin-bottom: 30px;'>\n<div style='flex: 1 1 250px; border: 1px solid rgba(150&comma; 150&comma; 150&comma; 0.4); border-radius: 8px; overflow: hidden; display: flex; flex-direction: column;'>\n<div style='padding: 15px; border-bottom: 1px solid rgba(150&comma; 150&comma; 150&comma; 0.2); font-weight: bold; font-size: 18px; color: inherit;'>Especificaciones t\u00e9cnicas<\/div>\n<div style='padding: 15px; color: inherit;'>\n<ul style='padding-left: 20px; margin: 0; font-size: 14px; list-style-type: disc;'>\n<li style='margin-bottom: 5px;'><strong>Voltaje:<\/strong> 110 Vca<\/li>\n<li style='margin-bottom: 5px;'><strong>Longitud del cable:<\/strong> 5 metros<\/li>\n<li style='margin-bottom: 5px;'><strong>Temperatura m\u00e1xima de prueba:<\/strong> 90 \u00b0C<\/li>\n<li style='margin-bottom: 5px;'><strong>Aplicaci\u00f3n:<\/strong> Detectores de temperatura fija&comma; termovelosim\u00e9tricos y combinados<\/li>\n<li style='margin-bottom: 5px;'><strong>Tipo de conexi\u00f3n:<\/strong> Cableado<\/li>\n<\/ul><\/div>\n<\/p><\/div>\n<p> <!-- Secci\u00f3n de aplicaciones --> <\/p>\n<div style='flex: 1 1 250px; border: 1px solid rgba(150&comma;150&comma;150&comma;0.4); border-radius: 8px; overflow: hidden; display: flex; flex-direction: column;'>\n<div style='padding: 15px; border-bottom: 1px solid rgba(150&comma;150&comma;150&comma;0.2); font-weight: bold; font-size: 18px; color: inherit;'>Aplicaciones<\/div>\n<div style='padding: 15px; color: inherit;'>\n<ul style='padding-left: 20px; margin: 0; font-size: 14px; list-style-type: disc;'>\n<li style='margin-bottom: 5px;'>Pruebas de funcionamiento de detectores de calor<\/li>\n<li style='margin-bottom: 5px;'>Mantenimiento preventivo en sistemas de detecci\u00f3n de incendios<\/li>\n<li style='margin-bottom: 5px;'>Verificaci\u00f3n de sensores t\u00e9rmicos<\/li>\n<li style='margin-bottom: 5px;'>Comprobaci\u00f3n de dispositivos de alarma t\u00e9rmica<\/li>\n<\/ul><\/div>\n<\/p><\/div>\n<p> <!-- Secci\u00f3n de dise\u00f1o --> <\/p>\n<div style='flex: 1 1 250px; border: 1px solid rgba(150&comma;150&comma;150&comma;0.4); border-radius: 8px; overflow: hidden; display: flex; flex-direction: column;'>\n<div style='padding: 15px; border-bottom: 1px solid rgba(150&comma;150&comma;150&comma;0.2); font-weight: bold; font-size: 18px; color: inherit;'>Dise\u00f1o<\/div>\n<div style='padding: 15px; color: inherit;'>\n<ul style='padding-left: 20px; margin: 0; font-size: 14px; list-style-type: disc;'>\n<li style='margin-bottom: 5px;'>Dise\u00f1o universal para m\u00faltiples tipos de detectores<\/li>\n<li style='margin-bottom: 5px;'>Sistema de activaci\u00f3n r\u00e1pida<\/li>\n<li style='margin-bottom: 5px;'>Construcci\u00f3n ergon\u00f3mica para manejo c\u00f3modo<\/li>\n<li style='margin-bottom: 5px;'>F\u00e1cil de almacenar y transportar<\/li>\n<\/ul><\/div>\n<\/p><\/div>\n<\/p><\/div>\n<p> <!-- Separador --> <\/p>\n<hr style='border: 0; border-top: 1px solid rgba(150&comma; 150&comma; 150&comma; 0.3); margin: 30px 0;'> <\/div>\n","protected":false},"excerpt":{"rendered":"<p>Probador cableado de detectores de calor de temperatura fija, tasa de crecimiento y hasta 90\u00baC, para 110\/120 Vca<\/p>\n","protected":false},"featured_media":33475,"comment_status":"open","ping_status":"closed","template":"","meta":[],"product_brand":[],"product_cat":[731],"product_tag":[26,25,403],"class_list":{"0":"post-33476","1":"product","2":"type-product","3":"status-publish","4":"has-post-thumbnail","6":"product_cat-accesorios-de-instalacion-herramientas-deteccion-de-fuego","7":"product_tag-accesorios-de-instalacion","8":"product_tag-herramientas","9":"product_tag-sdi","11":"first","12":"outofstock","13":"sale","14":"shipping-taxable","15":"purchasable","16":"product-type-simple"},"_links":{"self":[{"href":"https:\/\/soydeaqui.ddns.net\/pachuca\/index.php\/wp-json\/wp\/v2\/product\/33476","targetHints":{"allow":["GET"]}}],"collection":[{"href":"https:\/\/soydeaqui.ddns.net\/pachuca\/index.php\/wp-json\/wp\/v2\/product"}],"about":[{"href":"https:\/\/soydeaqui.ddns.net\/pachuca\/index.php\/wp-json\/wp\/v2\/types\/product"}],"replies":[{"embeddable":true,"href":"https:\/\/soydeaqui.ddns.net\/pachuca\/index.php\/wp-json\/wp\/v2\/comments?post=33476"}],"wp:featuredmedia":[{"embeddable":true,"href":"https:\/\/soydeaqui.ddns.net\/pachuca\/index.php\/wp-json\/wp\/v2\/media\/33475"}],"wp:attachment":[{"href":"https:\/\/soydeaqui.ddns.net\/pachuca\/index.php\/wp-json\/wp\/v2\/media?parent=33476"}],"wp:term":[{"taxonomy":"product_brand","embeddable":true,"href":"https:\/\/soydeaqui.ddns.net\/pachuca\/index.php\/wp-json\/wp\/v2\/product_brand?post=33476"},{"taxonomy":"product_cat","embeddable":true,"href":"https:\/\/soydeaqui.ddns.net\/pachuca\/index.php\/wp-json\/wp\/v2\/product_cat?post=33476"},{"taxonomy":"product_tag","embeddable":true,"href":"https:\/\/soydeaqui.ddns.net\/pachuca\/index.php\/wp-json\/wp\/v2\/product_tag?post=33476"}],"curies":[{"name":"wp","href":"https:\/\/api.w.org\/{rel}","templated":true}]}}