{"id":33460,"date":"2026-03-18T14:59:33","date_gmt":"2026-03-18T14:59:33","guid":{"rendered":"https:\/\/soydeaqui.ddns.net\/pachuca\/index.php\/producto\/estacion-de-jalon-convencional-metalica-accion-simple-prueba-de-explosiones-resistente-a-la-intemperie-0600-01250\/"},"modified":"2026-03-18T14:59:33","modified_gmt":"2026-03-18T14:59:33","slug":"estacion-de-jalon-convencional-metalica-accion-simple-prueba-de-explosiones-resistente-a-la-intemperie-0600-01250","status":"publish","type":"product","link":"https:\/\/soydeaqui.ddns.net\/pachuca\/index.php\/producto\/estacion-de-jalon-convencional-metalica-accion-simple-prueba-de-explosiones-resistente-a-la-intemperie-0600-01250\/","title":{"rendered":"Estaci\u00f3n de Jal\u00f3n Convencional Met\u00e1lica, Acci\u00f3n Simple, Prueba de Explosiones, Resistente a la Intemperie (0600-01250)"},"content":{"rendered":"<div style='width: 100%; max-width: 1200px; margin: 0 auto; font-family: sans-serif; line-height: 1.6; color: inherit; background-color: transparent;'>\n<div style='display: flex; flex-wrap: wrap; gap: 30px; margin-bottom: 30px;'>\n<div style='flex: 1 1 300px; min-width: 280px;'>\n<h3 style='font-size: 22px; border-bottom: 2px solid currentColor; padding-bottom: 5px; margin-top: 0; color: inherit; opacity: 0.8;'>Caracter\u00edsticas<\/h3>\n<ul style='padding-left: 20px; font-size: 15px; color: inherit;'>\n<li style='margin-bottom: 5px; font-size: 14px; font-family: Arial&comma; sans-serif;'>Construcci\u00f3n de <strong>metal<\/strong><\/li>\n<li style='margin-bottom: 5px; font-size: 14px; font-family: Arial&comma; sans-serif;'>Interruptor cerrado con varilla de vidrio (<strong>incluido<\/strong>)<\/li>\n<li style='margin-bottom: 5px; font-size: 14px; font-family: Arial&comma; sans-serif;'>10 A a 120 Vca.<\/li>\n<li style='margin-bottom: 5px; font-size: 14px; font-family: Arial&comma; sans-serif;'><strong>UL&comma; CSFM Listado<\/strong><\/li>\n<li style='margin-bottom: 5px; font-size: 14px; font-family: Arial&comma; sans-serif;'><strong>Hecho en EE.UU<\/strong><\/li>\n<\/ul><\/div>\n<\/p><\/div>\n<div style='display: flex; flex-wrap: wrap; gap: 30px; margin-bottom: 30px;'>\n<div style='flex: 1 1 300px; min-width: 280px;'>\n<h3 style='font-size: 22px; border-bottom: 2px solid currentColor; padding-bottom: 5px; margin-top: 0; color: inherit; opacity: 0.8;'>Descripci\u00f3n<\/h3>\n<p style='font-size: 14px; font-family: Arial&comma; sans-serif; color: inherit;'>Las estaciones de extracci\u00f3n de la serie HPS Hochiki America&#8217;s Models est\u00e1n disponibles en seis modelos. Cada modelo est\u00e1 construido con una carcasa de fundici\u00f3n s\u00f3lida y viene en rojo brillante. La placa del interruptor posterior es de acero chapado. El interruptor el\u00e9ctrico est\u00e1 clasificado para una clasificaci\u00f3n de contacto normalmente abierto de 10 Amps a 120 VDC. Todos los modelos est\u00e1n conectados a trav\u00e9s de conexiones de bloque de terminales.<\/p>\n<\/p><\/div>\n<\/p><\/div>\n<\/p><\/div>\n","protected":false},"excerpt":{"rendered":"<p>Estaci\u00f3n de Jal\u00f3n Convencional Met\u00e1lica, Acci\u00f3n Simple, Prueba de Explosiones, Resistente a la Intemperie (0600-01250)<\/p>\n","protected":false},"featured_media":33459,"comment_status":"open","ping_status":"closed","template":"","meta":[],"product_brand":[],"product_cat":[521],"product_tag":[522,519,406],"class_list":{"0":"post-33460","1":"product","2":"type-product","3":"status-publish","4":"has-post-thumbnail","6":"product_cat-estaciones-manuales-de-emergencia-dispositivos-convencionales","7":"product_tag-dispositivos-convencionales","8":"product_tag-estaciones-manuales-de-emergencia","9":"product_tag-hochiki","11":"first","12":"instock","13":"sale","14":"shipping-taxable","15":"purchasable","16":"product-type-simple"},"_links":{"self":[{"href":"https:\/\/soydeaqui.ddns.net\/pachuca\/index.php\/wp-json\/wp\/v2\/product\/33460","targetHints":{"allow":["GET"]}}],"collection":[{"href":"https:\/\/soydeaqui.ddns.net\/pachuca\/index.php\/wp-json\/wp\/v2\/product"}],"about":[{"href":"https:\/\/soydeaqui.ddns.net\/pachuca\/index.php\/wp-json\/wp\/v2\/types\/product"}],"replies":[{"embeddable":true,"href":"https:\/\/soydeaqui.ddns.net\/pachuca\/index.php\/wp-json\/wp\/v2\/comments?post=33460"}],"wp:featuredmedia":[{"embeddable":true,"href":"https:\/\/soydeaqui.ddns.net\/pachuca\/index.php\/wp-json\/wp\/v2\/media\/33459"}],"wp:attachment":[{"href":"https:\/\/soydeaqui.ddns.net\/pachuca\/index.php\/wp-json\/wp\/v2\/media?parent=33460"}],"wp:term":[{"taxonomy":"product_brand","embeddable":true,"href":"https:\/\/soydeaqui.ddns.net\/pachuca\/index.php\/wp-json\/wp\/v2\/product_brand?post=33460"},{"taxonomy":"product_cat","embeddable":true,"href":"https:\/\/soydeaqui.ddns.net\/pachuca\/index.php\/wp-json\/wp\/v2\/product_cat?post=33460"},{"taxonomy":"product_tag","embeddable":true,"href":"https:\/\/soydeaqui.ddns.net\/pachuca\/index.php\/wp-json\/wp\/v2\/product_tag?post=33460"}],"curies":[{"name":"wp","href":"https:\/\/api.w.org\/{rel}","templated":true}]}}