{"id":33454,"date":"2026-03-18T14:59:26","date_gmt":"2026-03-18T14:59:26","guid":{"rendered":"https:\/\/soydeaqui.ddns.net\/pachuca\/index.php\/producto\/carrete-de-alambre-de-305-metros-1000-pies-2-x-16-awg-riser-tipo-zip-fplr-cl3r-para-aplicaciones-en-sistemas-de-deteccin-de-incendio-y-sistemas-de-voceo\/"},"modified":"2026-03-18T14:59:26","modified_gmt":"2026-03-18T14:59:26","slug":"carrete-de-alambre-de-305-metros-1000-pies-2-x-16-awg-riser-tipo-zip-fplr-cl3r-para-aplicaciones-en-sistemas-de-deteccin-de-incendio-y-sistemas-de-voceo","status":"publish","type":"product","link":"https:\/\/soydeaqui.ddns.net\/pachuca\/index.php\/producto\/carrete-de-alambre-de-305-metros-1000-pies-2-x-16-awg-riser-tipo-zip-fplr-cl3r-para-aplicaciones-en-sistemas-de-deteccin-de-incendio-y-sistemas-de-voceo\/","title":{"rendered":"Carrete de Alambre de 305 Metros (1000 Pies) \/ 2 x 16 AWG \/ Riser \/ Tipo ZIP FPLR-CL3R \/ Para Aplicaciones en Sistemas de Detecci?n de Incendio y Sistemas de Voceo"},"content":{"rendered":"<div style='width: 100%; max-width: 1200px; margin: 0 auto; font-family: sans-serif; line-height: 1.6; color: inherit; background-color: transparent;'>\n<div style='display: flex; flex-wrap: wrap; gap: 15px; margin-bottom: 30px;'>\n<div style='flex: 1 1 100px;'> <img style='width: auto; height: 42px; border: 1px solid rgba(150&comma;150&comma;150&comma;0.3); border-radius: 8px;' src='http:\/\/ftp3.syscom.mx\/usuarios\/maguilar\/Icons\/RoHS%20Icon.png' alt=''> <\/div>\n<div style='flex: 1 1 100px;'> <img style='width: auto; height: 65px; border: 1px solid rgba(150&comma;150&comma;150&comma;0.3); border-radius: 8px;' src='http:\/\/ftp3.syscom.mx\/usuarios\/maguilar\/Icons\/Riser%20Icon.png' alt=''> <\/div>\n<\/p><\/div>\n<div style='margin-bottom: 30px;'>\n<p style='font-size: 15px; color: inherit;'>ALAMBRE DE 2 CONDUCTORES CALIBRE 16 CON FORRO ROJO APLICACIONES EN ALARMAS DE DETECCION DE INCENDIO&comma; Y SISTEMAS DE VOCEO.<\/p>\n<p style='font-size: 15px; color: inherit;'>Conductores de cobre suave s\u00f3lido aislamiento de PVC&comma; identificado por c\u00f3digo de colores&comma; y forro total de PVC.<\/p>\n<p style='font-size: 15px; color: inherit;'>Uso en aplicaciones de alarmas con tecnolog\u00edas convencionales y analogo direccionables cableado de sensores&comma; cableado de sirenas&comma; cableado de detectores con tecnolog\u00eda an\u00e1logo direccionable&comma; sistemas de evacuaci\u00f3n por audio.<\/p>\n<\/p><\/div>\n<div style='display: flex; flex-wrap: wrap; gap: 30px; margin-bottom: 30px;'>\n<div style='flex: 1 1 300px; min-width: 280px;'>\n<h3 style='font-size: 22px; border-bottom: 2px solid currentColor; padding-bottom: 5px; margin-top: 0; color: inherit; opacity: 0.8;'>Caracteristicas<\/h3>\n<ul style='padding-left: 20px; font-size: 15px; color: inherit;'>\n<li style='margin-bottom: 5px;'>Paneles con tecnolog\u00eda analogo direccionable<\/li>\n<li style='margin-bottom: 5px;'>Paneles de evacuaci\u00f3n<\/li>\n<li style='margin-bottom: 5px;'>Paneles con tecnolog\u00eda convencional<\/li>\n<li style='margin-bottom: 5px;'>Alarmas de detecci\u00f3n de incendio<\/li>\n<li style='margin-bottom: 5px;'><strong>F\u00e1cil separaci\u00f3n:<\/strong> Los conductores pueden separarse f\u00e1cilmente sin necesidad de herramientas especiales.<\/li>\n<li style='margin-bottom: 5px;'><strong>Flexible y liviano:<\/strong> Ideal para aplicaciones que requieren maniobrabilidad y facilidad de instalaci\u00f3n.<\/li>\n<\/ul><\/div>\n<div style='flex: 1 1 300px; min-width: 280px;'>\n<h3 style='font-size: 22px; border-bottom: 2px solid currentColor; padding-bottom: 5px; margin-top: 0; color: inherit; opacity: 0.8;'>Caracteristicas fisicas y electricas<\/h3>\n<ul style='padding-left: 20px; font-size: 15px; color: inherit;'>\n<li style='margin-bottom: 5px;'><strong>Tipo:<\/strong> Alambre (1 par)<\/li>\n<li style='margin-bottom: 5px;'><strong>Cable tipo ZIP<\/strong><\/li>\n<li style='margin-bottom: 5px;'><strong>Impedancia:<\/strong> 69 (\u03a9)<\/li>\n<li style='margin-bottom: 5px;'><strong>Calibre:<\/strong> 16<\/li>\n<li style='margin-bottom: 5px;'><strong>Color externo:<\/strong> Rojo<\/li>\n<li style='margin-bottom: 5px;'><strong>Di\u00e1metro exterior:<\/strong> 5.08mm.<\/li>\n<li style='margin-bottom: 5px;'><strong>Temperatura de operaci\u00f3n:<\/strong> -20\u00b0C a 75\u00b0C<\/li>\n<li style='margin-bottom: 5px;'><strong>Tipo:<\/strong><\/li>\n<ul style='padding-left: 30px; margin: 5px 0;'>\n<li style='margin-bottom: 5px;'>FPLR= Cables potencia limitada para alarmas contra incendio RISER<\/li>\n<li style='margin-bottom: 5px;'>CL3R =Clase 3&comma; Cables de alimentaci\u00f3n limitada&comma; riser control remota y se\u00f1alizaci\u00f3n.<\/li>\n<\/ul>\n<\/ul><\/div>\n<div style='flex: 1 1 300px; min-width: 280px;'>\n<h3 style='font-size: 22px; border-bottom: 2px solid currentColor; padding-bottom: 5px; margin-top: 0; color: inherit; opacity: 0.8;'>Est\u00e1ndares<\/h3>\n<ul style='padding-left: 20px; font-size: 15px; color: inherit;'>\n<li style='margin-bottom: 5px;'>UL 1666 (Riser)<\/li>\n<li style='margin-bottom: 5px;'>CSA C22.2 No. 2556 (FT4)<\/li>\n<li style='margin-bottom: 5px;'>RoHS Compliant<\/li>\n<\/ul><\/div>\n<\/p><\/div>\n<div style='margin-top: 30px;'>\n<p style='font-size: 15px; color: inherit;'><strong>* Precio por bobina de 305 metros.<\/strong><\/p>\n<\/p><\/div>\n<\/p><\/div>\n","protected":false},"excerpt":{"rendered":"<p>Carrete de Alambre de 305 Metros (1000 Pies) \/ 2 x 16 AWG \/ Riser \/ Tipo ZIP FPLR-CL3R \/ Para Aplicaciones en Sistemas de Detecci?n de Incendio y Sistemas de Voceo<\/p>\n","protected":false},"featured_media":33453,"comment_status":"open","ping_status":"closed","template":"","meta":[],"product_brand":[],"product_cat":[982],"product_tag":[138,139,225],"class_list":{"0":"post-33454","1":"product","2":"type-product","3":"status-publish","4":"has-post-thumbnail","6":"product_cat-todo-cables-deteccion-de-fuego","7":"product_tag-cables","8":"product_tag-genesis","9":"product_tag-todo","11":"first","12":"instock","13":"sale","14":"shipping-taxable","15":"purchasable","16":"product-type-simple"},"_links":{"self":[{"href":"https:\/\/soydeaqui.ddns.net\/pachuca\/index.php\/wp-json\/wp\/v2\/product\/33454","targetHints":{"allow":["GET"]}}],"collection":[{"href":"https:\/\/soydeaqui.ddns.net\/pachuca\/index.php\/wp-json\/wp\/v2\/product"}],"about":[{"href":"https:\/\/soydeaqui.ddns.net\/pachuca\/index.php\/wp-json\/wp\/v2\/types\/product"}],"replies":[{"embeddable":true,"href":"https:\/\/soydeaqui.ddns.net\/pachuca\/index.php\/wp-json\/wp\/v2\/comments?post=33454"}],"wp:featuredmedia":[{"embeddable":true,"href":"https:\/\/soydeaqui.ddns.net\/pachuca\/index.php\/wp-json\/wp\/v2\/media\/33453"}],"wp:attachment":[{"href":"https:\/\/soydeaqui.ddns.net\/pachuca\/index.php\/wp-json\/wp\/v2\/media?parent=33454"}],"wp:term":[{"taxonomy":"product_brand","embeddable":true,"href":"https:\/\/soydeaqui.ddns.net\/pachuca\/index.php\/wp-json\/wp\/v2\/product_brand?post=33454"},{"taxonomy":"product_cat","embeddable":true,"href":"https:\/\/soydeaqui.ddns.net\/pachuca\/index.php\/wp-json\/wp\/v2\/product_cat?post=33454"},{"taxonomy":"product_tag","embeddable":true,"href":"https:\/\/soydeaqui.ddns.net\/pachuca\/index.php\/wp-json\/wp\/v2\/product_tag?post=33454"}],"curies":[{"name":"wp","href":"https:\/\/api.w.org\/{rel}","templated":true}]}}