{"id":33452,"date":"2026-03-18T14:59:24","date_gmt":"2026-03-18T14:59:24","guid":{"rendered":"https:\/\/soydeaqui.ddns.net\/pachuca\/index.php\/producto\/proteccion-contra-sobretenciones-modular-voz-datos-senal\/"},"modified":"2026-03-18T14:59:25","modified_gmt":"2026-03-18T14:59:25","slug":"proteccion-contra-sobretenciones-modular-voz-datos-senal","status":"publish","type":"product","link":"https:\/\/soydeaqui.ddns.net\/pachuca\/index.php\/producto\/proteccion-contra-sobretenciones-modular-voz-datos-senal\/","title":{"rendered":"Protecci\u00f3n contra sobretenciones modular: voz\/datos\/se\u00f1al"},"content":{"rendered":"<div style='width: 100%; max-width: 1200px; margin: 0 auto; font-family: sans-serif; line-height: 1.6; color: inherit; background-color: transparent;'> <!-- Secci\u00f3n de caracter\u00edsticas --> <\/p>\n<div style='display: flex; flex-wrap: wrap; gap: 30px; margin-bottom: 30px;'>\n<div style='flex: 1 1 300px; min-width: 280px;'>\n<h3 style='font-size: 22px; border-bottom: 2px solid currentColor; padding-bottom: 5px; margin-top: 0; color: inherit; opacity: 0.8;'>Caracter\u00edsticas principales<\/h3>\n<ul style='padding-left: 20px; font-size: 15px; color: inherit;'>\n<li style='margin-bottom: 5px;'>Multi-etapa&comma; tecnolog\u00eda SAD&comma; dise\u00f1o h\u00edbrido proporciona la mejor protecci\u00f3n posible<\/li>\n<li style='margin-bottom: 5px;'>Base de montaje para alambre<\/li>\n<li style='margin-bottom: 5px;'>Unidad campo-reemplazable&comma; \u2018\u2019hot-swap\u2019\u2019&comma; dise\u00f1o de conexi\u00f3n de la tarjeta de circuito<\/li>\n<li style='margin-bottom: 5px;'>Siete niveles de voltaje para proteger a todos los tipos de aplicaciones de voz y datos<\/li>\n<li style='margin-bottom: 5px;'>Dos pares protegidos por m\u00f3dulo; Cuando se utiliza con montaje de m\u00f3dulos de base (DTK-MB) puede ser acoplados para proteger hasta diez pares con un tornillo en com\u00fan de tierra<\/li>\n<\/ul><\/div>\n<\/p><\/div>\n<p> <!-- Secci\u00f3n de especificaciones --> <\/p>\n<div style='display: flex; flex-wrap: wrap; gap: 20px; margin-bottom: 30px;'>\n<div style='flex: 1 1 250px; border: 1px solid rgba(150&comma; 150&comma; 150&comma; 0.4); border-radius: 8px; overflow: hidden; display: flex; flex-direction: column;'>\n<div style='padding: 15px; border-bottom: 1px solid rgba(150&comma; 150&comma; 150&comma; 0.2); font-weight: bold; font-size: 18px; color: inherit;'>Especificaciones<\/div>\n<div style='padding: 15px; color: inherit;'>\n<ul style='padding-left: 20px; margin: 0; font-size: 14px; list-style-type: disc;'>\n<li style='margin-bottom: 5px;'><strong>M\u00e9todo de Conexi\u00f3n \u2013 M\u00f3dulo:<\/strong> Tarjeta de borde DTK-MB con base de montaje<\/li>\n<li style='margin-bottom: 5px;'><strong>Base:<\/strong> 10AWG max terminal de tornillos<\/li>\n<li style='margin-bottom: 5px;'><strong>Max Corriente Continua:<\/strong> 5 Amperios<\/li>\n<li style='margin-bottom: 5px;'><strong>Sobretensi\u00f3n Max:<\/strong> 20kA<\/li>\n<li style='margin-bottom: 5px;'><strong>Velocidad de Datos:<\/strong> 200kbps (5v) a 2Mbps (130V)<\/li>\n<li style='margin-bottom: 5px;'><strong>Modos de Protecci\u00f3n:<\/strong> Linea-Tierra (Todos)<\/li>\n<li style='margin-bottom: 5px;'><strong>Temp. de Operaci\u00f3n:<\/strong> -40\u00b0F-158\u00b0F (-40\u00b0C-70\u00b0C)<\/li>\n<li style='margin-bottom: 5px;'><strong>Humedad M\u00e1xima:<\/strong> 95% sin condensaci\u00f3n<\/li>\n<\/ul><\/div>\n<\/p><\/div>\n<p> <!-- Secci\u00f3n de dimensiones --> <\/p>\n<div style='flex: 1 1 250px; border: 1px solid rgba(150&comma; 150&comma; 150&comma; 0.4); border-radius: 8px; overflow: hidden; display: flex; flex-direction: column;'>\n<div style='padding: 15px; border-bottom: 1px solid rgba(150&comma; 150&comma; 150&comma; 0.2); font-weight: bold; font-size: 18px; color: inherit;'>Dimensiones<\/div>\n<div style='padding: 15px; color: inherit;'>\n<ul style='padding-left: 20px; margin: 0; font-size: 14px; list-style-type: disc;'>\n<li style='margin-bottom: 5px;'><strong>M\u00f3dulo:<\/strong> 1.9\u201dH x 2.1\u201dW x 1.4\u201dD (48mm x 53mm x 36mm)<\/li>\n<li style='margin-bottom: 5px;'><strong>M\u00f3dulo con Base:<\/strong> 2.6\u201dH x 3.25\u201dW x 1.5\u201dD (66mm x 83mm x 38mm)<\/li>\n<li style='margin-bottom: 5px;'><strong>Carcasa:<\/strong> ABS (termopl\u00e1stico)<\/li>\n<\/ul><\/div>\n<\/p><\/div>\n<\/p><\/div>\n<p> <!-- Imagen --> <\/p>\n<div style='width: 100%; max-width: 800px; margin: 0 auto 30px;'> <img style='width: 100%; height: auto; border: 1px solid rgba(150&comma;150&comma;150&comma;0.3); border-radius: 8px;' src='http:\/\/ftp3.syscom.mx\/usuarios\/jcano\/Ditek\/Tabla%202MHLP.jpg' alt='imagen01'> <\/div>\n<p> <!-- Separador --> <\/p>\n<hr style='border: 0; border-top: 1px solid rgba(150&comma; 150&comma; 150&comma; 0.3); margin: 30px 0;'> <\/div>\n","protected":false},"excerpt":{"rendered":"<p>Protecci\u00f3n contra sobretenciones modular: voz\/datos\/se\u00f1al<\/p>\n","protected":false},"featured_media":33451,"comment_status":"open","ping_status":"closed","template":"","meta":[],"product_brand":[],"product_cat":[532],"product_tag":[534,533,62],"class_list":{"0":"post-33452","1":"product","2":"type-product","3":"status-publish","4":"has-post-thumbnail","6":"product_cat-todos-proteccion-contra-sobretensiones","7":"product_tag-ditek","8":"product_tag-proteccion-contra-sobretensiones","9":"product_tag-todos","11":"first","12":"instock","13":"sale","14":"shipping-taxable","15":"purchasable","16":"product-type-simple"},"_links":{"self":[{"href":"https:\/\/soydeaqui.ddns.net\/pachuca\/index.php\/wp-json\/wp\/v2\/product\/33452","targetHints":{"allow":["GET"]}}],"collection":[{"href":"https:\/\/soydeaqui.ddns.net\/pachuca\/index.php\/wp-json\/wp\/v2\/product"}],"about":[{"href":"https:\/\/soydeaqui.ddns.net\/pachuca\/index.php\/wp-json\/wp\/v2\/types\/product"}],"replies":[{"embeddable":true,"href":"https:\/\/soydeaqui.ddns.net\/pachuca\/index.php\/wp-json\/wp\/v2\/comments?post=33452"}],"wp:featuredmedia":[{"embeddable":true,"href":"https:\/\/soydeaqui.ddns.net\/pachuca\/index.php\/wp-json\/wp\/v2\/media\/33451"}],"wp:attachment":[{"href":"https:\/\/soydeaqui.ddns.net\/pachuca\/index.php\/wp-json\/wp\/v2\/media?parent=33452"}],"wp:term":[{"taxonomy":"product_brand","embeddable":true,"href":"https:\/\/soydeaqui.ddns.net\/pachuca\/index.php\/wp-json\/wp\/v2\/product_brand?post=33452"},{"taxonomy":"product_cat","embeddable":true,"href":"https:\/\/soydeaqui.ddns.net\/pachuca\/index.php\/wp-json\/wp\/v2\/product_cat?post=33452"},{"taxonomy":"product_tag","embeddable":true,"href":"https:\/\/soydeaqui.ddns.net\/pachuca\/index.php\/wp-json\/wp\/v2\/product_tag?post=33452"}],"curies":[{"name":"wp","href":"https:\/\/api.w.org\/{rel}","templated":true}]}}