{"id":33446,"date":"2026-03-18T14:59:18","date_gmt":"2026-03-18T14:59:18","guid":{"rendered":"https:\/\/soydeaqui.ddns.net\/pachuca\/index.php\/producto\/circuito-modular-de-proteccion-contra-sobretensiones-de-voz-datos-y-senalizacion\/"},"modified":"2026-03-18T14:59:18","modified_gmt":"2026-03-18T14:59:18","slug":"circuito-modular-de-proteccion-contra-sobretensiones-de-voz-datos-y-senalizacion","status":"publish","type":"product","link":"https:\/\/soydeaqui.ddns.net\/pachuca\/index.php\/producto\/circuito-modular-de-proteccion-contra-sobretensiones-de-voz-datos-y-senalizacion\/","title":{"rendered":"Circuito Modular de proteccion contra Sobretensiones de VOZ, DATOS y SE\u00d1ALIZACION"},"content":{"rendered":"<div style='width: 100%; max-width: 1200px; margin: 0 auto; font-family: sans-serif; line-height: 1.6; color: inherit; background-color: transparent;'>\n<div style='display: flex; flex-wrap: wrap; gap: 30px; margin-bottom: 30px;'>\n<div style='flex: 1 1 300px; min-width: 280px;'>\n<h3 style='font-size: 22px; border-bottom: 2px solid currentColor; padding-bottom: 5px; margin-top: 0; color: inherit; opacity: 0.8;'>Caracter\u00edsticas principales<\/h3>\n<ul style='padding-left: 20px; font-size: 15px; color: inherit;'>\n<li style='margin-bottom: 5px;'>Protege 2 pares de circuitos de bajo voltaje por m\u00f3dulo<\/li>\n<li style='margin-bottom: 5px;'>Dise\u00f1o modular reemplazable en campo con conexi\u00f3n a tierra de un solo punto para una instalaci\u00f3n r\u00e1pida y sencilla<\/li>\n<li style='margin-bottom: 5px;'>Adecuado para usar en circuitos de bajo voltaje de CA y CC<\/li>\n<li style='margin-bottom: 5px;'><strong>Cortos a tierra cuando est\u00e1n comprometidos<\/strong><\/li>\n<li style='margin-bottom: 5px;'><strong>Aplicaciones:<\/strong> Panel de alarma contra incendios Circuitos NAC&comma; SLC&comma; PIV e IDC&comma; Altavoces y equipos de audio de 70 V&comma; Circuitos de control de iluminaci\u00f3n y alumbrado de paisajismo de bajo voltaje&comma; bucles de corriente de 4-20 mA<\/li>\n<\/ul><\/div>\n<div style='flex: 1 1 300px; min-width: 280px;'>\n<h3 style='font-size: 22px; border-bottom: 2px solid currentColor; padding-bottom: 5px; margin-top: 0; color: inherit; opacity: 0.8;'>Caracter\u00edsticas el\u00e9ctricas y f\u00edsicas<\/h3>\n<ul style='padding-left: 20px; font-size: 15px; color: inherit;'>\n<li style='margin-bottom: 5px;'><strong>Configuraci\u00f3n de voltaje:<\/strong> 75 V<\/li>\n<li style='margin-bottom: 5px;'><strong>M\u00e1xima corriente continua:<\/strong> 5 A<\/li>\n<li style='margin-bottom: 5px;'><strong>Carcasa:<\/strong> ABS<\/li>\n<li style='margin-bottom: 5px;'><strong>Temperatura de operaci\u00f3n:<\/strong> -40\u00b0C a 70\u00b0C (-70\u00b0F a 158\u00b0F)<\/li>\n<li style='margin-bottom: 5px;'><strong>Dimensiones:<\/strong> 83 x 38 x 66 mm<\/li>\n<li style='margin-bottom: 5px;'><strong>Peso:<\/strong> 79 g<\/li>\n<li style='margin-bottom: 5px;'><a href='https:\/\/ftp3.syscom.mx\/usuarios\/scorrea\/A\/DITEK\/DTK2MHLP24BWB\/Especificaciones.pdf' target='_blank' rel='noopener' style='color: inherit; text-decoration: underline;'>Revise la ficha t\u00e9cnica completa<\/a><\/li>\n<\/ul><\/div>\n<div style='flex: 1 1 300px; min-width: 280px;'>\n<h3 style='font-size: 22px; border-bottom: 2px solid currentColor; padding-bottom: 5px; margin-top: 0; color: inherit; opacity: 0.8;'>Caracter\u00edsticas Destacadas<\/h3>\n<p style='font-size: 15px; color: inherit; margin-top: 0;'>La serie DTK-2MHLPB de protectores contra sobretensiones de bajo voltaje proporciona una protecci\u00f3n robusta en un paquete compacto.<\/p>\n<p style='font-size: 15px; color: inherit; margin-top: 0;'>Esta serie fue dise\u00f1ada para facilitar la instalaci\u00f3n&comma; con m\u00f3dulos convenientes reemplazables en campo y un sistema base Snap-Track&comma; lo que permite al instalador proteger m\u00faltiples circuitos mientras utiliza un punto de tierra com\u00fan.<\/p>\n<\/p><\/div>\n<\/p><\/div>\n<hr style='border: 0; border-top: 1px solid rgba(150&comma; 150&comma; 150&comma; 0.3); margin: 30px 0;'>\n<div style='display: flex; flex-wrap: wrap; gap: 20px; justify-content: center; margin-top: 30px;'>\n<div style='width: 100%; max-width: 600px;'> <img style='width: 100%; height: auto; border: 1px solid rgba(150&comma;150&comma;150&comma;0.3); border-radius: 8px;' src='https:\/\/ftp3.syscom.mx\/usuarios\/scorrea\/A\/DITEK\/DTK120SRD\/aplicacion.JPG' alt=''> <\/div>\n<div style='width: 100%; max-width: 600px;'> <img style='width: 100%; height: auto; border: 1px solid rgba(150&comma;150&comma;150&comma;0.3); border-radius: 8px;' src='https:\/\/ftp3.syscom.mx\/usuarios\/scorrea\/A\/DITEK\/DTK2MHLP24BWB\/ejemplo1.png' alt=''> <\/div>\n<\/p><\/div>\n<\/p><\/div>\n","protected":false},"excerpt":{"rendered":"<p>Circuito Modular de proteccion contra Sobretensiones de VOZ, DATOS y SE\u00d1ALIZACION<\/p>\n","protected":false},"featured_media":33445,"comment_status":"open","ping_status":"closed","template":"","meta":[],"product_brand":[],"product_cat":[532],"product_tag":[534,533,62],"class_list":{"0":"post-33446","1":"product","2":"type-product","3":"status-publish","4":"has-post-thumbnail","6":"product_cat-todos-proteccion-contra-sobretensiones","7":"product_tag-ditek","8":"product_tag-proteccion-contra-sobretensiones","9":"product_tag-todos","11":"first","12":"instock","13":"sale","14":"shipping-taxable","15":"purchasable","16":"product-type-simple"},"_links":{"self":[{"href":"https:\/\/soydeaqui.ddns.net\/pachuca\/index.php\/wp-json\/wp\/v2\/product\/33446","targetHints":{"allow":["GET"]}}],"collection":[{"href":"https:\/\/soydeaqui.ddns.net\/pachuca\/index.php\/wp-json\/wp\/v2\/product"}],"about":[{"href":"https:\/\/soydeaqui.ddns.net\/pachuca\/index.php\/wp-json\/wp\/v2\/types\/product"}],"replies":[{"embeddable":true,"href":"https:\/\/soydeaqui.ddns.net\/pachuca\/index.php\/wp-json\/wp\/v2\/comments?post=33446"}],"wp:featuredmedia":[{"embeddable":true,"href":"https:\/\/soydeaqui.ddns.net\/pachuca\/index.php\/wp-json\/wp\/v2\/media\/33445"}],"wp:attachment":[{"href":"https:\/\/soydeaqui.ddns.net\/pachuca\/index.php\/wp-json\/wp\/v2\/media?parent=33446"}],"wp:term":[{"taxonomy":"product_brand","embeddable":true,"href":"https:\/\/soydeaqui.ddns.net\/pachuca\/index.php\/wp-json\/wp\/v2\/product_brand?post=33446"},{"taxonomy":"product_cat","embeddable":true,"href":"https:\/\/soydeaqui.ddns.net\/pachuca\/index.php\/wp-json\/wp\/v2\/product_cat?post=33446"},{"taxonomy":"product_tag","embeddable":true,"href":"https:\/\/soydeaqui.ddns.net\/pachuca\/index.php\/wp-json\/wp\/v2\/product_tag?post=33446"}],"curies":[{"name":"wp","href":"https:\/\/api.w.org\/{rel}","templated":true}]}}