{"id":33433,"date":"2026-03-18T14:59:03","date_gmt":"2026-03-18T14:59:03","guid":{"rendered":"https:\/\/soydeaqui.ddns.net\/pachuca\/index.php\/producto\/detector-multicriterio-humo-temperatura-incluye-base\/"},"modified":"2026-03-18T14:59:04","modified_gmt":"2026-03-18T14:59:04","slug":"detector-multicriterio-humo-temperatura-incluye-base","status":"publish","type":"product","link":"https:\/\/soydeaqui.ddns.net\/pachuca\/index.php\/producto\/detector-multicriterio-humo-temperatura-incluye-base\/","title":{"rendered":"Detector Multicriterio Humo\/Temperatura \/ Incluye base"},"content":{"rendered":"<div style='width: 100%; max-width: 1200px; margin: 0 auto; font-family: sans-serif; line-height: 1.6; color: inherit; background-color: transparent;'>\n<div style='display: flex; flex-direction: column; gap: 20px;'>\n<div style='display: flex; flex-direction: column; align-items: center; gap: 15px;'> <img style='width: 100%; max-width: 225px; height: auto; border: 1px solid rgba(150&comma;150&comma;150&comma;0.3); border-radius: 8px;' src='http:\/\/ftp3.syscom.mx\/usuarios\/yhermosillo\/SILENT%20KNIGHT\/IntelliKnight.png' alt=''> <\/p>\n<div style='text-align: center;'> <em style='font-size: 16px; display: block; color: inherit; opacity: 0.85;'>Series Avanzadas SK de Detectores y M\u00f3dulos<\/em> <em style='font-size: 16px; display: block; color: inherit; opacity: 0.85;'>para paneles Silent Knight<\/em> <\/div>\n<\/p><\/div>\n<p style='font-size: 14px; color: inherit;'> Los Detectores y M\u00f3dulos de las series SK&comma; son dispositivos inteligentes direccionables para uso con los paneles An\u00e1logos-Direccionables de Silent Knight. Se comunican con el Panel de Incendio a trav\u00e9s del Circuito de L\u00ednea de Se\u00f1alizaci\u00f3n (SLC) utilizando una conexi\u00f3n a dos hilos&comma; no se requiere cable blindado o trenzado&comma; hasta 99 detectores y 99 m\u00f3dulos pueden ser conectados por cada lazo. Cualquier combinaci\u00f3n de dispositivos direccionables SK pueden ser utilizado en un solo lazo SLC. <\/p>\n<div style='display: flex; flex-direction: column; gap: 10px;'>\n<h3 style='font-size: 18px; border-bottom: 2px solid currentColor; padding-bottom: 5px; margin-top: 0; color: inherit; opacity: 0.8;'>Caracter\u00edsticas Principales<\/h3>\n<ul style='padding-left: 20px; font-size: 14px; color: inherit; list-style-type: disc;'>\n<li style='margin-bottom: 8px;'><strong style='color: inherit;'>Detector Fotoelectrico de Humo con termistor a 57 \u00b0C<\/strong><\/li>\n<li style='margin-bottom: 8px;'><span style='color: inherit;'>Alta inmunidad a falsas alarmas<\/span><\/li>\n<li style='margin-bottom: 8px;'><strong style='color: inherit;'>Compensaci\u00f3n autom\u00e1tica por suciedad<\/strong><\/li>\n<li style='margin-bottom: 8px;'><span style='color: inherit;'>Utiliza s\u00f3lo una direcci\u00f3n en el SLC<\/span><\/li>\n<li style='margin-bottom: 8px;'><strong style='color: inherit;'>Listado UL<\/strong><\/li>\n<li style='margin-bottom: 8px;'><span style='color: inherit;'>Indicadores LED para visibilidad de 360\u00ba<\/span><\/li>\n<\/ul><\/div>\n<div style='padding: 15px; border: 1px solid rgba(150&comma;150&comma;150&comma;0.3); border-radius: 6px; background-color: rgba(255&comma;255&comma;255&comma;0.03);'> <strong style='color: inherit;'>Nota Importante:<\/strong> La serie SK solo es compatible con los paneles 5700&comma; 5808s y 5820XL <\/div>\n<\/p><\/div>\n<\/p><\/div>\n","protected":false},"excerpt":{"rendered":"<p>Detector Multicriterio Humo\/Temperatura \/ Incluye base<\/p>\n","protected":false},"featured_media":33432,"comment_status":"open","ping_status":"closed","template":"","meta":[],"product_brand":[],"product_cat":[448],"product_tag":[449,523,225],"class_list":{"0":"post-33433","1":"product","2":"type-product","3":"status-publish","4":"has-post-thumbnail","6":"product_cat-todo-accesorios-y-dispositivos-direccionables","7":"product_tag-accesorios-y-dispositivos-direccionables","8":"product_tag-silent-knight-by-honeywell","9":"product_tag-todo","11":"first","12":"outofstock","13":"sale","14":"shipping-taxable","15":"purchasable","16":"product-type-simple"},"_links":{"self":[{"href":"https:\/\/soydeaqui.ddns.net\/pachuca\/index.php\/wp-json\/wp\/v2\/product\/33433","targetHints":{"allow":["GET"]}}],"collection":[{"href":"https:\/\/soydeaqui.ddns.net\/pachuca\/index.php\/wp-json\/wp\/v2\/product"}],"about":[{"href":"https:\/\/soydeaqui.ddns.net\/pachuca\/index.php\/wp-json\/wp\/v2\/types\/product"}],"replies":[{"embeddable":true,"href":"https:\/\/soydeaqui.ddns.net\/pachuca\/index.php\/wp-json\/wp\/v2\/comments?post=33433"}],"wp:featuredmedia":[{"embeddable":true,"href":"https:\/\/soydeaqui.ddns.net\/pachuca\/index.php\/wp-json\/wp\/v2\/media\/33432"}],"wp:attachment":[{"href":"https:\/\/soydeaqui.ddns.net\/pachuca\/index.php\/wp-json\/wp\/v2\/media?parent=33433"}],"wp:term":[{"taxonomy":"product_brand","embeddable":true,"href":"https:\/\/soydeaqui.ddns.net\/pachuca\/index.php\/wp-json\/wp\/v2\/product_brand?post=33433"},{"taxonomy":"product_cat","embeddable":true,"href":"https:\/\/soydeaqui.ddns.net\/pachuca\/index.php\/wp-json\/wp\/v2\/product_cat?post=33433"},{"taxonomy":"product_tag","embeddable":true,"href":"https:\/\/soydeaqui.ddns.net\/pachuca\/index.php\/wp-json\/wp\/v2\/product_tag?post=33433"}],"curies":[{"name":"wp","href":"https:\/\/api.w.org\/{rel}","templated":true}]}}