{"id":33431,"date":"2026-03-18T14:59:01","date_gmt":"2026-03-18T14:59:01","guid":{"rendered":"https:\/\/soydeaqui.ddns.net\/pachuca\/index.php\/producto\/base-de-4-pulgadas-para-detectores-notifier-farenhyt-silent-knight-y-fire-lite-color-marfil\/"},"modified":"2026-03-18T14:59:02","modified_gmt":"2026-03-18T14:59:02","slug":"base-de-4-pulgadas-para-detectores-notifier-farenhyt-silent-knight-y-fire-lite-color-marfil","status":"publish","type":"product","link":"https:\/\/soydeaqui.ddns.net\/pachuca\/index.php\/producto\/base-de-4-pulgadas-para-detectores-notifier-farenhyt-silent-knight-y-fire-lite-color-marfil\/","title":{"rendered":"Base de 4 Pulgadas \/ Para detectores Notifier, Farenhyt, Silent Knight y Fire-Lite \/ Color Marfil"},"content":{"rendered":"<div style='width: 100%; max-width: 1200px; margin: 0 auto; font-family: sans-serif; line-height: 1.6; color: inherit; background-color: transparent;'>\n<div style='display: flex; flex-wrap: wrap; gap: 30px; margin-bottom: 30px;'>\n<div style='flex: 1 1 300px; min-width: 280px;'>\n<h3 style='font-size: 22px; border-bottom: 2px solid currentColor; padding-bottom: 5px; margin-top: 0; color: inherit; opacity: 0.8;'>Caracter\u00edsticas Principales<\/h3>\n<ul style='padding-left: 20px; font-size: 15px; color: inherit;'>\n<li style='margin-bottom: 5px;'>Dise\u00f1o de montaje tipo plug-in para f\u00e1cil instalaci\u00f3n<\/li>\n<li style='margin-bottom: 5px;'>Listado UL<\/li>\n<li style='margin-bottom: 5px;'>Di\u00e1metro de 4.1&#8242; (104 mm)<\/li>\n<li style='margin-bottom: 5px;'>Conexiones terminales para alimentaci\u00f3n (+) y (-)<\/li>\n<li style='margin-bottom: 5px;'>Comunicaci\u00f3n a trav\u00e9s de l\u00edneas de alimentaci\u00f3n<\/li>\n<\/ul><\/div>\n<div style='flex: 1 1 300px; min-width: 280px;'>\n<h3 style='font-size: 22px; border-bottom: 2 options: initial; background-position: initial; background-repeat: initial;'><span style='line-height: 20.7999992370605px;'>\u2022 <\/span><strong style='line-height: 20.7999992370605px;'>Listado UL<\/strong><br style='line-height: 20.7999992370605px;' \/><span style='line-height: 20.7999992370605px;'>\u2022 <\/span><span style='font-size: 10pt; line-height: 115%; font-family: Arial&comma; sans-serif; background-image: initial; background-attachment: initial; background-size: initial; background-origin: initial; background-clip: initial; background-position: initial; background-repeat: initial;'>F\u00e1cil y r\u00e1pida instalaci\u00f3n<\/span><span style='line-height: 20.7999992370605px;'> <\/span><br style='line-height: 20.7999992370605px;' \/><span style='line-height: 20.7999992370605px;'>\u2022 4 pulgadas de di\u00e1metro<\/span><\/div>\n<\/p><\/div>\n<div style='display: flex; flex-wrap: wrap; gap: 20px; margin-bottom: 30px;'>\n<div style='flex: 1 1 250px; border: 1px solid rgba(150&comma; 150&comma; 150&comma; 0.4); border-radius: 8px; overflow: hidden; display: flex; flex-direction: column;'>\n<div style='padding: 15px; border-bottom: 1px solid rgba(150&comma; 150&comma; 150&comma; 0.2); font-weight: bold; font-size: 18px; color: inherit;'>Compatibilidad<\/div>\n<div style='padding: 15px; color: inherit;'>\n<ul style='padding-left: 20px; margin: 0; font-size: 14px; list-style-type: disc;'>\n<li style='margin-bottom: 5px;'>IDP-Photo (Detectores de humo fotoel\u00e9ctricos)<\/li>\n<li style='margin-bottom: 5px;'>IDP-Photo-T (Detectores de humo fotoel\u00e9ctricos con t\u00e9rmico)<\/li>\n<li style='margin-bottom: 5px;'>IDP-Acclimate (Detectores fotoel\u00e9ctricos multicriterio)<\/li>\n<li style='margin-bottom: 5px;'>IDP-Ion (Detectores de humo por ionizaci\u00f3n)<\/li>\n<li style='margin-bottom: 5px;'>IDP-Heat (Detectores t\u00e9rmicos de temperatura fija)<\/li>\n<li style='margin-bottom: 5px;'>IDP-Heat-ROR (Detectores de temperatura ascendente)<\/li>\n<li style='margin-bottom: 5px;'>IDP-Heat-HT (Detectores de alta temperatura t\u00e9rmica)<\/li>\n<\/ul><\/div>\n<\/p><\/div>\n<div style='flex: 1 1 250px; border: 1px solid rgba(150&comma; 150&comma; 150&comma; 0.4); border-radius: 8px; overflow: hidden; display: flex; flex-direction: column;'>\n<div style='padding: 15px; border-bottom: 1px solid rgba(150&comma; 150&comma; 150&comma; 0.2); font-weight: bold; font-size: 18px; color: inherit;'>Compatibilidad con FACPs<\/div>\n<div style='padding: 15px; color: inherit;'>\n<ul style='padding-left: 20px; margin: 0; font-size: 14px; list-style-type: disc;'>\n<li style='margin-bottom: 5px;'>IFP-2000 \/ RPS-2000<\/li>\n<li style='margin-bottom: 5px;'>IFP-2000ECS<\/li>\n<li style='margin-bottom: 5px;'>IFP-1000 \/ ECS<\/li>\n<li style='margin-bottom: 5px;'>IFP-100 \/ ECS<\/li>\n<\/ul><\/div>\n<\/p><\/div>\n<div style='flex: 1 1 250px; border: 1px solid rgba(150&comma; 150&comma; 150&comma; 0.4); border-radius: 8px; overflow: hidden; display: flex; flex-direction: column;'>\n<div style='padding: 15px; border-bottom: 1px solid rgba(150&comma; 150&comma; 150&comma; 0.2); font-weight: bold; font-size: 18px; color: inherit;'>Especificaciones F\u00edsicas<\/div>\n<div style='padding: 15px; color: inherit;'>\n<ul style='padding-left: 20px; margin: 0; font-size: 14px; list-style-type: disc;'>\n<li style='margin-bottom: 5px;'><strong>Di\u00e1metro:<\/strong> 4.1&#8242; (104 mm)<\/li>\n<li style='margin-bottom: 5px;'><strong>Gama de cable:<\/strong> 18-12 AWG<\/li>\n<\/ul><\/div>\n<\/p><\/div>\n<div style='flex: 1 1 250px; border: 1px solid rgba(150&comma; 150&comma; 150&comma; 0.4); border-radius: 8px; overflow: hidden; display: flex; flex-direction: column;'>\n<div style='padding: 15px; border-bottom: 1px solid rgba(150&comma; 150&comma; 150&comma; 0.2); font-weight: bold; font-size: 18px; color: inherit;'>Especificaciones El\u00e9ctricas<\/div>\n<div style='padding: 15px; color: inherit;'>\n<ul style='padding-left: 20px; margin: 0; font-size: 14px; list-style-type: disc;'>\n<li style='margin-bottom: 5px;'><strong>Corriente en espera y alarma:<\/strong> 170 \u00b5A<\/li>\n<li style='margin-bottom: 5px;'><strong>Terminales:<\/strong><\/li>\n<ul style='padding-left: 25px; margin: 0; font-size: 12px; list-style-type: circle;'>\n<li style='margin-bottom: 3px;'>Terminal 1: Alimentaci\u00f3n (-) y RA100Z opcional<\/li>\n<li style='margin-bottom: 3px;'>Terminal 2: Alimentaci\u00f3n (+)<\/li>\n<li style='margin-bottom: 3px;'>Terminal 3: Anunciador remoto RA100Z<\/li>\n<\/ul>\n<\/ul><\/div>\n<\/p><\/div>\n<div style='flex: 1 1 250px; border: 1px solid rgba(150&comma; 150&comma; 150&comma; 0.4); border-radius: 8px; overflow: hidden; display: flex; flex-direction: column;'>\n<div style='padding: 15px; border-bottom: 1px solid rgba(150&comma; 150&comma; 150&comma; 0.2); font-weight: bold; font-size: 18px; color: inherit;'>Condiciones Ambientales<\/div>\n<div style='padding: 15px; color: inherit;'>\n<ul style='padding-left: 20px; margin: 0; font-size: 14px; list-style-type: disc;'>\n<li style='margin-bottom: 5px;'><strong>Temperatura de operaci\u00f3n:<\/strong> 32\u00baF \u2013 150\u00baF (0\u00baC \u2013 66\u00baC)<\/li>\n<li style='margin-bottom: 5px;'><strong>Humedad:<\/strong> 10% \u2013 93% sin condensaci\u00f3n<\/li>\n<\/ul><\/div>\n<\/p><\/div>\n<div style='flex: 1 1 250px; border: 1px solid rgba(150&comma; 150&comma; 150&comma; 0.4); border-radius: 8px; overflow: hidden; display: flex; flex-direction: column;'>\n<div style='padding: 15px; border-bottom: 1px solid rgba(150&comma; 150&comma; 150&comma; 0.2); font-weight: bold; font-size: 18px; color: inherit;'>Opciones de Montaje<\/div>\n<div style='padding: 15px; color: inherit;'>\n<ul style='padding-left: 20px; margin: 0; font-size: 14px; list-style-type: disc;'>\n<li style='margin-bottom: 5px;'>Soportes de una plaza<\/li>\n<li style='margin-bottom: 5px;'>Cajas octogonales de 3.5&#8242;<\/li>\n<li style='margin-bottom: 5px;'>Cajas cuadradas de 4&#8242;<\/li>\n<li style='margin-bottom: 5px;'>Cajas octogonales de 4&#8242;<\/li>\n<\/ul><\/div>\n<\/p><\/div>\n<\/p><\/div>\n<hr style='border: 0; border-top: 1px solid rgba(150&comma; 150&comma; 150&comma; 0.3); margin: 30px 0;'>\n<div style='display: flex; flex-wrap: wrap; gap: 20px; margin-bottom: 30px;'>\n<div style='flex: 1 1 250px; border: 1px solid rgba(150&comma; 150&comma; 150&comma; 0.4); border-radius: 8px; overflow: hidden; display: flex; flex-direction: column;'>\n<div style='padding: 15px; border-bottom: 1px solid rgba(150&comma; 150&comma; 150&comma; 0.2); font-weight: bold; font-size: 18px; color: inherit;'>Accesorios<\/div>\n<div style='padding: 15px; color: inherit;'>\n<ul style='padding-left: 20px; margin: 0; font-size: 14px; list-style-type: disc;'>\n<li style='margin-bottom: 5px;'>RA100Z Anunciador LED remoto<\/li>\n<li style='margin-bottom: 5px;'>XR2B Herramienta de retiro<\/li>\n<li style='margin-bottom: 5px;'>M02-04-01 Imanes de prueba<\/li>\n<li style='margin-bottom: 5px;'>M02-09-00 Imanes de prueba con mango telesc\u00f3pico<\/li>\n<li style='margin-bottom: 5px;'>XP-4 Extensi\u00f3n para XR2B<\/li>\n<li style='margin-bottom: 5px;'>T55-127-000 Cabeza de retiro<\/li>\n<li style='margin-bottom: 5px;'>BCK-200B Kit negro para detectores<\/li>\n<li style='margin-bottom: 5px;'>F210 Anillo de brida accesorio<\/li>\n<\/ul><\/div>\n<\/p><\/div>\n<div style='flex: 1 1 250px; border: 1px solid rgba(150&comma; 150&comma; 150&comma; 0.4); border-radius: 8px; overflow: hidden; display: flex; flex-direction: column;'>\n<div style='padding: 15px; border-bottom: 1px solid rgba(150&comma; 150&comma; 150&comma; 0.2); font-weight: bold; font-size: 18px; color: inherit;'>Opciones de Empaque<\/div>\n<div style='padding: 15px; color: inherit;'>\n<ul style='padding-left: 20px; margin: 0; font-size: 14px; list-style-type: disc;'>\n<li style='margin-bottom: 5px;'>B210LP Base de montaje de 6&#8242;<\/li>\n<li style='margin-bottom: 5px;'>B501 Base de montaje de 4&#8242;<\/li>\n<li style='margin-bottom: 5px;'>B210LPBP Base de montaje de 6&#8242; paquete de 10 unidades<\/li>\n<\/ul><\/div>\n<\/p><\/div>\n<\/p><\/div>\n<hr style='border: 0; border-top: 1px solid rgba(150&comma; 150&comma; 150&comma; 0.3); margin: 30px 0;'>\n<div style='text-align: center; font-size: 13px; color: inherit; opacity: 0.7; margin-bottom: 30px;'> Este documento no est\u00e1 destinado a ser utilizado para fines de instalaci\u00f3n. Nos esforzamos por mantener nuestra informaci\u00f3n de producto actualizada y precisa. No podemos cubrir todas las aplicaciones espec\u00edficas o anticipar todos los requisitos. Todas las especificaciones est\u00e1n sujetas a cambios sin previo aviso. <\/div>\n<\/p><\/div>\n","protected":false},"excerpt":{"rendered":"<p>Base de 4 Pulgadas \/ Para detectores Notifier, Farenhyt, Silent Knight y Fire-Lite \/ Color Marfil<\/p>\n","protected":false},"featured_media":33430,"comment_status":"open","ping_status":"closed","template":"","meta":[],"product_brand":[],"product_cat":[448],"product_tag":[449,468,225],"class_list":{"0":"post-33431","1":"product","2":"type-product","3":"status-publish","4":"has-post-thumbnail","6":"product_cat-todo-accesorios-y-dispositivos-direccionables","7":"product_tag-accesorios-y-dispositivos-direccionables","8":"product_tag-system-sensor","9":"product_tag-todo","11":"first","12":"outofstock","13":"sale","14":"shipping-taxable","15":"purchasable","16":"product-type-simple"},"_links":{"self":[{"href":"https:\/\/soydeaqui.ddns.net\/pachuca\/index.php\/wp-json\/wp\/v2\/product\/33431","targetHints":{"allow":["GET"]}}],"collection":[{"href":"https:\/\/soydeaqui.ddns.net\/pachuca\/index.php\/wp-json\/wp\/v2\/product"}],"about":[{"href":"https:\/\/soydeaqui.ddns.net\/pachuca\/index.php\/wp-json\/wp\/v2\/types\/product"}],"replies":[{"embeddable":true,"href":"https:\/\/soydeaqui.ddns.net\/pachuca\/index.php\/wp-json\/wp\/v2\/comments?post=33431"}],"wp:featuredmedia":[{"embeddable":true,"href":"https:\/\/soydeaqui.ddns.net\/pachuca\/index.php\/wp-json\/wp\/v2\/media\/33430"}],"wp:attachment":[{"href":"https:\/\/soydeaqui.ddns.net\/pachuca\/index.php\/wp-json\/wp\/v2\/media?parent=33431"}],"wp:term":[{"taxonomy":"product_brand","embeddable":true,"href":"https:\/\/soydeaqui.ddns.net\/pachuca\/index.php\/wp-json\/wp\/v2\/product_brand?post=33431"},{"taxonomy":"product_cat","embeddable":true,"href":"https:\/\/soydeaqui.ddns.net\/pachuca\/index.php\/wp-json\/wp\/v2\/product_cat?post=33431"},{"taxonomy":"product_tag","embeddable":true,"href":"https:\/\/soydeaqui.ddns.net\/pachuca\/index.php\/wp-json\/wp\/v2\/product_tag?post=33431"}],"curies":[{"name":"wp","href":"https:\/\/api.w.org\/{rel}","templated":true}]}}