{"id":33425,"date":"2026-03-18T14:58:56","date_gmt":"2026-03-18T14:58:56","guid":{"rendered":"https:\/\/soydeaqui.ddns.net\/pachuca\/index.php\/producto\/detector-de-temperatura-variable\/"},"modified":"2026-03-18T14:58:56","modified_gmt":"2026-03-18T14:58:56","slug":"detector-de-temperatura-variable","status":"publish","type":"product","link":"https:\/\/soydeaqui.ddns.net\/pachuca\/index.php\/producto\/detector-de-temperatura-variable\/","title":{"rendered":"Detector de temperatura variable"},"content":{"rendered":"<div style='width: 100%; max-width: 1200px; margin: 0 auto; font-family: sans-serif; line-height: 1.6; color: inherit;'>\n<div style='display: flex; flex-wrap: wrap; gap: 30px; margin-bottom: 30px;'>\n<div style='flex: 1 1 300px; min-width: 280px;'>\n<h3 style='font-size: 22px; border-bottom: 2px solid currentColor; padding-bottom: 5px; margin-top: 0; color: inherit; opacity: 0.8;'>Caracter\u00edsticas Principales<\/h3>\n<ul style='padding-left: 20px; font-size: 15px; color: inherit;'>\n<li style='margin-bottom: 5px;'>Detector de Temperatura Variable de 57\u00baC a 88\u00baC<\/li>\n<li style='margin-bottom: 5px;'>Alta inmunidad a falsas alarmas<\/li>\n<li style='margin-bottom: 5px;'>Compensaci\u00f3n autom\u00e1tica por suciedad<\/li>\n<li style='margin-bottom: 5px;'>Utiliza s\u00f3lo una direcci\u00f3n en el SLC<\/li>\n<li style='margin-bottom: 5px;'>Listado UL<\/li>\n<li style='margin-bottom: 5px;'>Indicadores LED para visibilidad de 360\u00ba<\/li>\n<li style='margin-bottom: 5px;'>No incluye base<\/li>\n<\/ul><\/div>\n<div style='flex: 1 1 300px; min-width: 280px;'>\n<h3 style='font-size: 22px; border-bottom: 2px solid currentColor; padding-bottom: 5px; margin-top: 0; color: inherit; opacity: 0.8;'>Especificaciones T\u00e9cnicas<\/h3>\n<ul style='padding-left: 20px; font-size: 15px; color: inherit;'>\n<li style='margin-bottom: 5px;'>Dispositivos inteligentes direccionables para paneles An\u00e1logos-Direccionables de Silent Knight<\/li>\n<li style='margin-bottom: 5px;'>Comunicaci\u00f3n mediante Circuito de L\u00ednea de Se\u00f1alizaci\u00f3n (SLC) de dos hilos<\/li>\n<li style='margin-bottom: 5px;'>No requiere cable blindado o trenzado<\/li>\n<li style='margin-bottom: 5px;'>Hasta 99 detectores y 99 m\u00f3dulos por lazo (159 detectores y 159 m\u00f3dulos por lazo en panel IFP2000)<\/li>\n<li style='margin-bottom: 5px;'>Compatibilidad: Paneles IFP1000 e IFP2000<\/li>\n<\/ul><\/div>\n<\/p><\/div>\n<div style='text-align: center; margin: 30px 0;'> <img style='width: 100%; max-width: 400px; height: auto; border: 1px solid rgba(150&comma;150&comma;150&comma;0.3); border-radius: 8px;' src='http:\/\/ftp3.syscom.mx\/usuarios\/yhermosillo\/SILENT%20KNIGHT\/Frenhyt.png' alt='' \/> <\/div>\n<div style='margin-top: 30px;'>\n<div style='padding: 15px; border: 1px solid rgba(150&comma;150&comma;150&comma;0.4); border-radius: 8px; background-color: rgba(255&comma;255&comma;255&comma;0.05); color: inherit;'> <strong style='color: inherit;'>Nota Importante:<\/strong> La serie IDP solo es compatible con los paneles IFP1000 \u00f3 IFP2000 <\/div>\n<\/p><\/div>\n<\/p><\/div>\n","protected":false},"excerpt":{"rendered":"<p>Detector de temperatura variable<\/p>\n","protected":false},"featured_media":33424,"comment_status":"open","ping_status":"closed","template":"","meta":[],"product_brand":[],"product_cat":[1005],"product_tag":[449,1006,1007],"class_list":{"0":"post-33425","1":"product","2":"type-product","3":"status-publish","4":"has-post-thumbnail","6":"product_cat-farenhyt","7":"product_tag-accesorios-y-dispositivos-direccionables","8":"product_tag-farenhyt","9":"product_tag-honeywell-farenhyt-series","11":"first","12":"instock","13":"sale","14":"shipping-taxable","15":"purchasable","16":"product-type-simple"},"_links":{"self":[{"href":"https:\/\/soydeaqui.ddns.net\/pachuca\/index.php\/wp-json\/wp\/v2\/product\/33425","targetHints":{"allow":["GET"]}}],"collection":[{"href":"https:\/\/soydeaqui.ddns.net\/pachuca\/index.php\/wp-json\/wp\/v2\/product"}],"about":[{"href":"https:\/\/soydeaqui.ddns.net\/pachuca\/index.php\/wp-json\/wp\/v2\/types\/product"}],"replies":[{"embeddable":true,"href":"https:\/\/soydeaqui.ddns.net\/pachuca\/index.php\/wp-json\/wp\/v2\/comments?post=33425"}],"wp:featuredmedia":[{"embeddable":true,"href":"https:\/\/soydeaqui.ddns.net\/pachuca\/index.php\/wp-json\/wp\/v2\/media\/33424"}],"wp:attachment":[{"href":"https:\/\/soydeaqui.ddns.net\/pachuca\/index.php\/wp-json\/wp\/v2\/media?parent=33425"}],"wp:term":[{"taxonomy":"product_brand","embeddable":true,"href":"https:\/\/soydeaqui.ddns.net\/pachuca\/index.php\/wp-json\/wp\/v2\/product_brand?post=33425"},{"taxonomy":"product_cat","embeddable":true,"href":"https:\/\/soydeaqui.ddns.net\/pachuca\/index.php\/wp-json\/wp\/v2\/product_cat?post=33425"},{"taxonomy":"product_tag","embeddable":true,"href":"https:\/\/soydeaqui.ddns.net\/pachuca\/index.php\/wp-json\/wp\/v2\/product_tag?post=33425"}],"curies":[{"name":"wp","href":"https:\/\/api.w.org\/{rel}","templated":true}]}}