{"id":33415,"date":"2026-03-18T14:58:40","date_gmt":"2026-03-18T14:58:40","guid":{"rendered":"https:\/\/soydeaqui.ddns.net\/pachuca\/index.php\/producto\/relevador-de-fin-de-linea-spst-encapsulado-en-epoxi\/"},"modified":"2026-03-18T14:58:43","modified_gmt":"2026-03-18T14:58:43","slug":"relevador-de-fin-de-linea-spst-encapsulado-en-epoxi","status":"publish","type":"product","link":"https:\/\/soydeaqui.ddns.net\/pachuca\/index.php\/producto\/relevador-de-fin-de-linea-spst-encapsulado-en-epoxi\/","title":{"rendered":"Relevador de Fin de L\u00ednea SPST Encapsulado en Epoxi"},"content":{"rendered":"<div style='width: 100%; max-width: 1200px; margin: 0 auto; font-family: sans-serif; line-height: 1.6; color: inherit; background-color: transparent;'>\n<div style='display: flex; flex-wrap: wrap; gap: 30px; margin-bottom: 30px;'>\n<div style='flex: 1 1 300px; min-width: 280px;'>\n<h3 style='font-size: 22px; border-bottom: 2px solid currentColor; padding-bottom: 5px; margin-top: 0; color: inherit; opacity: 0.8;'>Detectores Serie i3 de System Sensor<\/h3>\n<p style='font-size: 15px; color: inherit; margin-bottom: 15px;'>Los detectores de humo Serie i3\u2122 con sirena y\/o relevador&comma; representan un avance tecnol\u00f3gico significativo en la detecci\u00f3n convencional&comma; cuentan con caracter\u00edsticas enriquecidas para una instalaci\u00f3n simple&comma; inspecci\u00f3n instant\u00e1nea e inteligencia para rechazar falsas alarmas.<\/p>\n<p style='font-size: 15px; color: inherit; margin-bottom: 15px;'>Todos los detectores de la serie i3 vienen equipados con algoritmos de compensaci\u00f3n autom\u00e1tica de sensibilidad por ensuciamiento y ajuste matem\u00e1tico de curvas. Estos algoritmos minimizan la incidencia de falsas alarmas originadas por efectos de corta duraci\u00f3n&comma; como inducci\u00f3n electromagn\u00e9tica y\/o interferencia de radio frecuencia y por efectos de larga duraci\u00f3n como acumulaci\u00f3n de polvo.<\/p>\n<p style='font-size: 15px; color: inherit; margin-bottom: 15px;'>Cuando se conectan detectores i3 de 2 hilos al m\u00f3dulo de mantenimiento y prueba de lazo 2WMOD2 \u00f3 a un panel compatible con protocolo i3 (i3 Ready\u2122) estos generar\u00e1n una se\u00f1al remota de mantenimiento&comma; cuando alg\u00fan detector entre en condici\u00f3n de limpieza y\/o de falla por congelamiento cuando la temperatura ambiente que rodea al detector se encuentre por debajo de 5 \u00b0C.<\/p>\n<p style='font-size: 15px; color: inherit; margin-bottom: 15px;'>Para medir el nivel de sensibilidad de cualquier detector i3 se utiliza el m\u00f3dulo de inspecci\u00f3n SENSRDR con el cual se puede visualizar en unos cuantos segundos el valor num\u00e9rico de sensibilidad expresado en porcentaje de obscurecimiento por pie.<\/p>\n<\/p><\/div>\n<\/p><\/div>\n<div style='display: flex; flex-wrap: wrap; gap: 20px; margin-bottom: 30px;'>\n<div style='flex: 1 1 250px; border: 1px solid rgba(150&comma; 150&comma; 150&comma; 0.4); border-radius: 8px; overflow: hidden; display: flex; flex-direction: column;'>\n<div style='padding: 15px; border-bottom: 1px solid rgba(150&comma; 150&comma; 150&comma; 0.2); font-weight: bold; font-size: 18px; color: inherit;'>Caracter\u00edsticas T\u00e9cnicas<\/div>\n<div style='padding: 15px; color: inherit;'>\n<ul style='padding-left: 20px; margin: 0; font-size: 14px; list-style-type: disc;'>\n<li style='margin-bottom: 5px;'><strong>Relevador SPDT:<\/strong> 10 A<\/li>\n<li style='margin-bottom: 5px;'><strong>Ideal para:<\/strong> Supervisi\u00f3n de dispositivos convencionales<\/li>\n<li style='margin-bottom: 5px;'><strong>Rango de operaci\u00f3n:<\/strong> 9 a 40 Vcc&comma; 15 mA<\/li>\n<\/ul><\/div>\n<\/p><\/div>\n<\/p><\/div>\n<hr style='border: 0; border-top: 1px solid rgba(150&comma; 150&comma; 150&comma; 0.3); margin: 30px 0;'> <\/div>\n","protected":false},"excerpt":{"rendered":"<p>Relevador de Fin de L\u00ednea SPST Encapsulado en Epoxi<\/p>\n","protected":false},"featured_media":33414,"comment_status":"open","ping_status":"closed","template":"","meta":[],"product_brand":[],"product_cat":[524],"product_tag":[93,522,468],"class_list":{"0":"post-33415","1":"product","2":"type-product","3":"status-publish","4":"has-post-thumbnail","6":"product_cat-accesorios-dispositivos-convencionales","7":"product_tag-accesorios","8":"product_tag-dispositivos-convencionales","9":"product_tag-system-sensor","11":"first","12":"instock","13":"sale","14":"shipping-taxable","15":"purchasable","16":"product-type-simple"},"_links":{"self":[{"href":"https:\/\/soydeaqui.ddns.net\/pachuca\/index.php\/wp-json\/wp\/v2\/product\/33415","targetHints":{"allow":["GET"]}}],"collection":[{"href":"https:\/\/soydeaqui.ddns.net\/pachuca\/index.php\/wp-json\/wp\/v2\/product"}],"about":[{"href":"https:\/\/soydeaqui.ddns.net\/pachuca\/index.php\/wp-json\/wp\/v2\/types\/product"}],"replies":[{"embeddable":true,"href":"https:\/\/soydeaqui.ddns.net\/pachuca\/index.php\/wp-json\/wp\/v2\/comments?post=33415"}],"wp:featuredmedia":[{"embeddable":true,"href":"https:\/\/soydeaqui.ddns.net\/pachuca\/index.php\/wp-json\/wp\/v2\/media\/33414"}],"wp:attachment":[{"href":"https:\/\/soydeaqui.ddns.net\/pachuca\/index.php\/wp-json\/wp\/v2\/media?parent=33415"}],"wp:term":[{"taxonomy":"product_brand","embeddable":true,"href":"https:\/\/soydeaqui.ddns.net\/pachuca\/index.php\/wp-json\/wp\/v2\/product_brand?post=33415"},{"taxonomy":"product_cat","embeddable":true,"href":"https:\/\/soydeaqui.ddns.net\/pachuca\/index.php\/wp-json\/wp\/v2\/product_cat?post=33415"},{"taxonomy":"product_tag","embeddable":true,"href":"https:\/\/soydeaqui.ddns.net\/pachuca\/index.php\/wp-json\/wp\/v2\/product_tag?post=33415"}],"curies":[{"name":"wp","href":"https:\/\/api.w.org\/{rel}","templated":true}]}}