{"id":33407,"date":"2026-03-18T14:58:24","date_gmt":"2026-03-18T14:58:24","guid":{"rendered":"https:\/\/soydeaqui.ddns.net\/pachuca\/index.php\/producto\/modulo-para-deshabilitacion\/"},"modified":"2026-03-18T14:58:28","modified_gmt":"2026-03-18T14:58:28","slug":"modulo-para-deshabilitacion","status":"publish","type":"product","link":"https:\/\/soydeaqui.ddns.net\/pachuca\/index.php\/producto\/modulo-para-deshabilitacion\/","title":{"rendered":"M\u00f3dulo para Deshabilitaci\u00f3n"},"content":{"rendered":"<div style='width: 100%; max-width: 1200px; margin: 0 auto; font-family: sans-serif; line-height: 1.6; color: inherit; background-color: transparent;'> <!-- Secci\u00f3n de descripci\u00f3n principal --> <\/p>\n<div style='margin-bottom: 30px;'>\n<p style='margin: 0 0 15px 0; color: inherit;'> FireNET Xtinguish es el nuevo sistema de Extinci\u00f3n de Incendio por inundaci\u00f3n total&comma; para aplicaciones en las que la integridad de los equipos dentro del \u00e1rea protegida es prioritaria. Utiliza un compuesto s\u00f3lido que forma el aerosol para extinguir incendios mediante la inhibici\u00f3n de la reacci\u00f3n qu\u00edmica del fuego&comma; rompiendo la reacci\u00f3n qu\u00edmica suprime el fuego de manera limpia&comma; eficiente pero sobretodo no toxica. <\/p>\n<p style='margin: 15px 0; color: inherit;'> Una instalaci\u00f3n sencilla y un mantenimiento m\u00ednimo convierten a FireNET Xtinguish en la soluci\u00f3n perfecta para Supresi\u00f3n de Incendio en oficinas&comma; centros de datos&comma; almacenes&comma; archivos&comma; bancos&comma; cuartos el\u00e9ctricos y m\u00e1s. <\/p>\n<\/p><\/div>\n<p> <!-- Secci\u00f3n de caracter\u00edsticas con iconos --> <\/p>\n<div style='margin-bottom: 30px;'>\n<ul style='padding-left: 20px; margin: 0; font-size: 15px; color: inherit;'>\n<li style='margin-bottom: 8px; color: inherit;'><strong style='color: inherit;'>Certificado UL y FM<\/strong><\/li>\n<li style='margin-bottom: 8px; color: inherit;'>Se utiliza para deshabilitar el circuito de supresi\u00f3n&comma; para prueba y servicio<\/li>\n<li style='margin-bottom: 8px; color: inherit;'>Construcci\u00f3n met\u00e1lica<\/li>\n<\/ul><\/div>\n<p> <!-- Secci\u00f3n de imagen --> <\/p>\n<div style='margin-bottom: 30px;'> <img style='width: 100%; height: auto; border: 1px solid rgba(150&comma;150&comma;150&comma;0.3); border-radius: 8px;' src='http:\/\/ftp3.syscom.mx\/usuarios\/fotos\/SOMRDS\/SOMRDS-A.png' alt=''> <\/div>\n<\/p><\/div>\n","protected":false},"excerpt":{"rendered":"<p>M\u00f3dulo para Deshabilitaci\u00f3n<\/p>\n","protected":false},"featured_media":33406,"comment_status":"open","ping_status":"closed","template":"","meta":[],"product_brand":[],"product_cat":[1002],"product_tag":[1003,406,1004],"class_list":{"0":"post-33407","1":"product","2":"type-product","3":"status-publish","4":"has-post-thumbnail","6":"product_cat-todos-los-productos","7":"product_tag-extincion-de-incendio","8":"product_tag-hochiki","9":"product_tag-todos-los-productos","11":"first","12":"instock","13":"sale","14":"shipping-taxable","15":"purchasable","16":"product-type-simple"},"_links":{"self":[{"href":"https:\/\/soydeaqui.ddns.net\/pachuca\/index.php\/wp-json\/wp\/v2\/product\/33407","targetHints":{"allow":["GET"]}}],"collection":[{"href":"https:\/\/soydeaqui.ddns.net\/pachuca\/index.php\/wp-json\/wp\/v2\/product"}],"about":[{"href":"https:\/\/soydeaqui.ddns.net\/pachuca\/index.php\/wp-json\/wp\/v2\/types\/product"}],"replies":[{"embeddable":true,"href":"https:\/\/soydeaqui.ddns.net\/pachuca\/index.php\/wp-json\/wp\/v2\/comments?post=33407"}],"wp:featuredmedia":[{"embeddable":true,"href":"https:\/\/soydeaqui.ddns.net\/pachuca\/index.php\/wp-json\/wp\/v2\/media\/33406"}],"wp:attachment":[{"href":"https:\/\/soydeaqui.ddns.net\/pachuca\/index.php\/wp-json\/wp\/v2\/media?parent=33407"}],"wp:term":[{"taxonomy":"product_brand","embeddable":true,"href":"https:\/\/soydeaqui.ddns.net\/pachuca\/index.php\/wp-json\/wp\/v2\/product_brand?post=33407"},{"taxonomy":"product_cat","embeddable":true,"href":"https:\/\/soydeaqui.ddns.net\/pachuca\/index.php\/wp-json\/wp\/v2\/product_cat?post=33407"},{"taxonomy":"product_tag","embeddable":true,"href":"https:\/\/soydeaqui.ddns.net\/pachuca\/index.php\/wp-json\/wp\/v2\/product_tag?post=33407"}],"curies":[{"name":"wp","href":"https:\/\/api.w.org\/{rel}","templated":true}]}}